{"id":27,"date":"2026-02-15T15:16:02","date_gmt":"2026-02-15T15:16:02","guid":{"rendered":"https:\/\/mncstage.wpenginepowered.com\/?page_id=27"},"modified":"2026-03-18T14:06:31","modified_gmt":"2026-03-18T14:06:31","slug":"advertising-partner-resources","status":"publish","type":"page","link":"https:\/\/www.mountainnews.com\/pl\/advertising-partner-resources\/","title":{"rendered":"Advertising Partner Resources"},"content":{"rendered":"\n<h2 class=\"wp-block-heading has-text-align-center\">Witamy, drogi Partnerze! Cieszymy si\u0119 na wsp\u00f3\u0142prac\u0119.<\/h2>\n\n\n\n<p class=\"has-text-align-center has-text-color has-link-color wp-elements-0120f5b0b10bff21286e48340f4b28f1\" style=\"color:#65758b\">Tutaj znajdziesz zestawy materia\u0142\u00f3w (toolkity), kt\u00f3re pomog\u0105 i zainspiruj\u0105 Tw\u00f3j zesp\u00f3\u0142 w procesie przygotowania kreacji. Zebrali\u015bmy szczeg\u00f3\u0142owe specyfikacje dla ka\u017cdego formatu reklamowego Mountain News, a tak\u017ce najlepsze praktyki i przyk\u0142ady kreacji od naszych dotychczasowych partner\u00f3w. Je\u015bli potrzebujesz dodatkowych informacji, mo\u017cesz skontaktowa\u0107 si\u0119 bezpo\u015brednio z zespo\u0142em reklamy Mountain News.<\/p>\n\n\n\n<div class=\"wp-block-group\"><div class=\"wp-block-group__inner-container is-layout-constrained wp-block-group-is-layout-constrained\">\n<div class=\"wp-block-columns wp-block-group-inner is-layout-flex wp-container-core-columns-is-layout-9d6595d7 wp-block-columns-is-layout-flex\">\n<div class=\"wp-block-column is-vertically-aligned-center is-layout-flow wp-block-column-is-layout-flow\">\n<h3 class=\"wp-block-heading\">Display + Video<\/h3>\n\n\n\n<ul class=\"wp-block-list\">\n<li><a href=\"\/pl\/advertising-partner-resources\/high-impact-display-bundle\/\" id=\"35\">High Impact Display Bundle<\/a><\/li>\n\n\n\n<li><a href=\"\/pl\/advertising-partner-resources\/premium-display-bundle\/\" id=\"43\">Premium Display Bundle<\/a><\/li>\n\n\n\n<li><a href=\"\/pl\/advertising-partner-resources\/video-advertising\/\" id=\"27\">Video Advertising<\/a><\/li>\n<\/ul>\n<\/div>\n\n\n\n<div class=\"wp-block-column is-layout-flow wp-block-column-is-layout-flow\"><div class=\"wp-block-image\">\n<figure class=\"alignright size-full\"><img decoding=\"async\" src=\"https:\/\/www.mountainnews.com\/pl\/wp-content\/uploads\/2026\/02\/display-video.png\" alt=\"\" class=\"wp-image-29\"\/><\/figure>\n<\/div><\/div>\n<\/div>\n\n\n\n<div class=\"wp-block-columns wp-block-group-inner is-layout-flex wp-container-core-columns-is-layout-9d6595d7 wp-block-columns-is-layout-flex\">\n<div class=\"wp-block-column is-vertically-aligned-center is-layout-flow wp-block-column-is-layout-flow\">\n<h3 class=\"wp-block-heading\">Push Marketing<\/h3>\n\n\n\n<ul class=\"wp-block-list\">\n<li><a href=\"\/pl\/advertising-partner-resources\/custom-email\/\" id=\"46\">Custom Email<\/a><\/li>\n\n\n\n<li><a href=\"\/pl\/advertising-partner-resources\/sponsored-newsletter\/\" id=\"47\">Sponsored Newsletter<\/a><\/li>\n\n\n\n<li><a href=\"\/pl\/advertising-partner-resources\/mobile-inbox\/\" id=\"48\">Mobile Inbox<\/a><\/li>\n<\/ul>\n<\/div>\n\n\n\n<div class=\"wp-block-column is-layout-flow wp-block-column-is-layout-flow\"><div class=\"wp-block-image\">\n<figure class=\"alignright size-full\"><img decoding=\"async\" src=\"https:\/\/www.mountainnews.com\/pl\/wp-content\/uploads\/2026\/02\/push-marketing.png\" alt=\"\" class=\"wp-image-28\"\/><\/figure>\n<\/div><\/div>\n<\/div>\n\n\n\n<div class=\"wp-block-columns wp-block-group-inner is-layout-flex wp-container-core-columns-is-layout-9d6595d7 wp-block-columns-is-layout-flex\">\n<div class=\"wp-block-column is-vertically-aligned-center is-layout-flow wp-block-column-is-layout-flow\">\n<h3 class=\"wp-block-heading\">Content Marketing<\/h3>\n\n\n\n<ul class=\"wp-block-list\">\n<li><a href=\"\/pl\/advertising-partner-resources\/spotlight-amplify-packages\/\" id=\"49\">Spotlight &amp; Amplify Packages<\/a><\/li>\n\n\n\n<li><a href=\"\/pl\/advertising-partner-resources\/big-snow-alerts\/\" id=\"50\">Big Snow Alerts<\/a><\/li>\n\n\n\n<li><a href=\"\/pl\/advertising-partner-resources\/snow-before-you-go\/\" id=\"54\">Snow Before You Go<\/a><\/li>\n\n\n\n<li><a href=\"\/pl\/advertising-partner-resources\/holiday-gift-guide\/\" id=\"55\">Holiday Gift Guide<\/a><\/li>\n\n\n\n<li><a href=\"\/pl\/advertising-partner-resources\/editorial-sponsorships\/\" id=\"56\">Editorial Sponsorships<\/a><\/li>\n\n\n\n<li><a href=\"\/pl\/advertising-partner-resources\/onthesnowplus\/\" id=\"52\">OnTheSnow+ (For Ski Areas)<\/a><\/li>\n\n\n\n<li><a href=\"\/pl\/advertising-partner-resources\/summerplus\/\" id=\"89\">Summer+ (For Destinations)<\/a><\/li>\n<\/ul>\n<\/div>\n\n\n\n<div class=\"wp-block-column is-layout-flow wp-block-column-is-layout-flow\"><div class=\"wp-block-image\">\n<figure class=\"alignright size-full\"><img decoding=\"async\" src=\"https:\/\/www.mountainnews.com\/pl\/wp-content\/uploads\/2026\/02\/custom-content.png\" alt=\"\" class=\"wp-image-33\"\/><\/figure>\n<\/div><\/div>\n<\/div>\n\n\n\n<div class=\"wp-block-columns wp-block-group-inner is-layout-flex wp-container-core-columns-is-layout-9d6595d7 wp-block-columns-is-layout-flex\">\n<div class=\"wp-block-column is-vertically-aligned-center is-layout-flow wp-block-column-is-layout-flow\">\n<h3 class=\"wp-block-heading\">OnTheSnow Mobile App<\/h3>\n\n\n\n<ul class=\"wp-block-list\">\n<li><a href=\"\/pl\/advertising-partner-resources\/mobile-app-sponsorship\/\" id=\"32\">Mobile App Sponsorship<\/a><\/li>\n<\/ul>\n<\/div>\n\n\n\n<div class=\"wp-block-column is-layout-flow wp-block-column-is-layout-flow\"><div class=\"wp-block-image\">\n<figure class=\"aligncenter size-full\"><img decoding=\"async\" src=\"https:\/\/www.mountainnews.com\/pl\/wp-content\/uploads\/2026\/02\/mobile-app-sponsorships.png\" alt=\"\" class=\"wp-image-32\"\/><\/figure>\n<\/div><\/div>\n<\/div>\n\n\n\n<p><\/p>\n<\/div><\/div>\n","protected":false},"excerpt":{"rendered":"<p>Witamy, drogi Partnerze! Cieszymy si\u0119 na wsp\u00f3\u0142prac\u0119. Tutaj znajdziesz zestawy materia\u0142\u00f3w (toolkity), kt\u00f3re pomog\u0105 i zainspiruj\u0105 Tw\u00f3j zesp\u00f3\u0142 w procesie przygotowania kreacji. Zebrali\u015bmy szczeg\u00f3\u0142owe specyfikacje dla ka\u017cdego formatu reklamowego Mountain News, a tak\u017ce najlepsze praktyki i przyk\u0142ady kreacji od naszych dotychczasowych partner\u00f3w. Je\u015bli potrzebujesz dodatkowych informacji, mo\u017cesz skontaktowa\u0107 si\u0119 bezpo\u015brednio z zespo\u0142em reklamy Mountain News.<\/p>\n","protected":false},"author":2,"featured_media":0,"parent":0,"menu_order":0,"comment_status":"closed","ping_status":"closed","template":"","meta":{"footnotes":""},"class_list":["post-27","page","type-page","status-publish","hentry"],"yoast_head":"<!-- This site is optimized with the Yoast SEO plugin v27.4 - https:\/\/yoast.com\/product\/yoast-seo-wordpress\/ -->\n<title>Advertising Partner Resources - Mountain News PL<\/title>\n<meta name=\"robots\" content=\"noindex, follow, max-snippet:-1, max-image-preview:large, max-video-preview:-1\" \/>\n<meta property=\"og:locale\" content=\"en_US\" \/>\n<meta property=\"og:type\" content=\"article\" \/>\n<meta property=\"og:title\" content=\"Advertising Partner Resources - Mountain News PL\" \/>\n<meta property=\"og:description\" content=\"Witamy, drogi Partnerze! Cieszymy si\u0119 na wsp\u00f3\u0142prac\u0119. Tutaj znajdziesz zestawy materia\u0142\u00f3w (toolkity), kt\u00f3re pomog\u0105 i zainspiruj\u0105 Tw\u00f3j zesp\u00f3\u0142 w procesie przygotowania kreacji. Zebrali\u015bmy szczeg\u00f3\u0142owe specyfikacje dla ka\u017cdego formatu reklamowego Mountain News, a tak\u017ce najlepsze praktyki i przyk\u0142ady kreacji od naszych dotychczasowych partner\u00f3w. Je\u015bli potrzebujesz dodatkowych informacji, mo\u017cesz skontaktowa\u0107 si\u0119 bezpo\u015brednio z zespo\u0142em reklamy Mountain News.\" \/>\n<meta property=\"og:site_name\" content=\"Mountain News PL\" \/>\n<meta property=\"article:modified_time\" content=\"2026-03-18T14:06:31+00:00\" \/>\n<meta name=\"twitter:card\" content=\"summary_large_image\" \/>\n<meta name=\"twitter:label1\" content=\"Est. reading time\" \/>\n\t<meta name=\"twitter:data1\" content=\"2 minutes\" \/>\n<script type=\"application\/ld+json\" class=\"yoast-schema-graph\">{\"@context\":\"https:\\\/\\\/schema.org\",\"@graph\":[{\"@type\":\"WebPage\",\"@id\":\"https:\\\/\\\/www.mountainnews.com\\\/pl\\\/advertising-partner-resources\\\/\",\"url\":\"https:\\\/\\\/www.mountainnews.com\\\/pl\\\/advertising-partner-resources\\\/\",\"name\":\"Advertising Partner Resources - Mountain News PL\",\"isPartOf\":{\"@id\":\"https:\\\/\\\/www.mountainnews.com\\\/pl\\\/#website\"},\"primaryImageOfPage\":{\"@id\":\"https:\\\/\\\/www.mountainnews.com\\\/pl\\\/advertising-partner-resources\\\/#primaryimage\"},\"image\":{\"@id\":\"https:\\\/\\\/www.mountainnews.com\\\/pl\\\/advertising-partner-resources\\\/#primaryimage\"},\"thumbnailUrl\":\"https:\\\/\\\/www.mountainnews.com\\\/pl\\\/wp-content\\\/uploads\\\/2026\\\/02\\\/display-video.png\",\"datePublished\":\"2026-02-15T15:16:02+00:00\",\"dateModified\":\"2026-03-18T14:06:31+00:00\",\"breadcrumb\":{\"@id\":\"https:\\\/\\\/www.mountainnews.com\\\/pl\\\/advertising-partner-resources\\\/#breadcrumb\"},\"inLanguage\":\"en-US\",\"potentialAction\":[{\"@type\":\"ReadAction\",\"target\":[\"https:\\\/\\\/www.mountainnews.com\\\/pl\\\/advertising-partner-resources\\\/\"]}]},{\"@type\":\"ImageObject\",\"inLanguage\":\"en-US\",\"@id\":\"https:\\\/\\\/www.mountainnews.com\\\/pl\\\/advertising-partner-resources\\\/#primaryimage\",\"url\":\"\",\"contentUrl\":\"\"},{\"@type\":\"BreadcrumbList\",\"@id\":\"https:\\\/\\\/www.mountainnews.com\\\/pl\\\/advertising-partner-resources\\\/#breadcrumb\",\"itemListElement\":[{\"@type\":\"ListItem\",\"position\":1,\"name\":\"Home\",\"item\":\"https:\\\/\\\/www.mountainnews.com\\\/pl\\\/\"},{\"@type\":\"ListItem\",\"position\":2,\"name\":\"Advertising Partner Resources\"}]},{\"@type\":\"WebSite\",\"@id\":\"https:\\\/\\\/www.mountainnews.com\\\/pl\\\/#website\",\"url\":\"https:\\\/\\\/www.mountainnews.com\\\/pl\\\/\",\"name\":\"Mountain News PL\",\"description\":\"\",\"potentialAction\":[{\"@type\":\"SearchAction\",\"target\":{\"@type\":\"EntryPoint\",\"urlTemplate\":\"https:\\\/\\\/www.mountainnews.com\\\/pl\\\/?s={search_term_string}\"},\"query-input\":{\"@type\":\"PropertyValueSpecification\",\"valueRequired\":true,\"valueName\":\"search_term_string\"}}],\"inLanguage\":\"en-US\"}]}<\/script>\n<!-- \/ Yoast SEO plugin. -->","yoast_head_json":{"title":"Advertising Partner Resources - Mountain News PL","robots":{"index":"noindex","follow":"follow","max-snippet":"max-snippet:-1","max-image-preview":"max-image-preview:large","max-video-preview":"max-video-preview:-1"},"og_locale":"en_US","og_type":"article","og_title":"Advertising Partner Resources - Mountain News PL","og_description":"Witamy, drogi Partnerze! Cieszymy si\u0119 na wsp\u00f3\u0142prac\u0119. Tutaj znajdziesz zestawy materia\u0142\u00f3w (toolkity), kt\u00f3re pomog\u0105 i zainspiruj\u0105 Tw\u00f3j zesp\u00f3\u0142 w procesie przygotowania kreacji. Zebrali\u015bmy szczeg\u00f3\u0142owe specyfikacje dla ka\u017cdego formatu reklamowego Mountain News, a tak\u017ce najlepsze praktyki i przyk\u0142ady kreacji od naszych dotychczasowych partner\u00f3w. Je\u015bli potrzebujesz dodatkowych informacji, mo\u017cesz skontaktowa\u0107 si\u0119 bezpo\u015brednio z zespo\u0142em reklamy Mountain News.","og_site_name":"Mountain News PL","article_modified_time":"2026-03-18T14:06:31+00:00","twitter_card":"summary_large_image","twitter_misc":{"Est. reading time":"2 minutes"},"schema":{"@context":"https:\/\/schema.org","@graph":[{"@type":"WebPage","@id":"https:\/\/www.mountainnews.com\/pl\/advertising-partner-resources\/","url":"https:\/\/www.mountainnews.com\/pl\/advertising-partner-resources\/","name":"Advertising Partner Resources - Mountain News PL","isPartOf":{"@id":"https:\/\/www.mountainnews.com\/pl\/#website"},"primaryImageOfPage":{"@id":"https:\/\/www.mountainnews.com\/pl\/advertising-partner-resources\/#primaryimage"},"image":{"@id":"https:\/\/www.mountainnews.com\/pl\/advertising-partner-resources\/#primaryimage"},"thumbnailUrl":"https:\/\/www.mountainnews.com\/pl\/wp-content\/uploads\/2026\/02\/display-video.png","datePublished":"2026-02-15T15:16:02+00:00","dateModified":"2026-03-18T14:06:31+00:00","breadcrumb":{"@id":"https:\/\/www.mountainnews.com\/pl\/advertising-partner-resources\/#breadcrumb"},"inLanguage":"en-US","potentialAction":[{"@type":"ReadAction","target":["https:\/\/www.mountainnews.com\/pl\/advertising-partner-resources\/"]}]},{"@type":"ImageObject","inLanguage":"en-US","@id":"https:\/\/www.mountainnews.com\/pl\/advertising-partner-resources\/#primaryimage","url":"","contentUrl":""},{"@type":"BreadcrumbList","@id":"https:\/\/www.mountainnews.com\/pl\/advertising-partner-resources\/#breadcrumb","itemListElement":[{"@type":"ListItem","position":1,"name":"Home","item":"https:\/\/www.mountainnews.com\/pl\/"},{"@type":"ListItem","position":2,"name":"Advertising Partner Resources"}]},{"@type":"WebSite","@id":"https:\/\/www.mountainnews.com\/pl\/#website","url":"https:\/\/www.mountainnews.com\/pl\/","name":"Mountain News PL","description":"","potentialAction":[{"@type":"SearchAction","target":{"@type":"EntryPoint","urlTemplate":"https:\/\/www.mountainnews.com\/pl\/?s={search_term_string}"},"query-input":{"@type":"PropertyValueSpecification","valueRequired":true,"valueName":"search_term_string"}}],"inLanguage":"en-US"}]}},"_links":{"self":[{"href":"https:\/\/www.mountainnews.com\/pl\/wp-json\/wp\/v2\/pages\/27","targetHints":{"allow":["GET"]}}],"collection":[{"href":"https:\/\/www.mountainnews.com\/pl\/wp-json\/wp\/v2\/pages"}],"about":[{"href":"https:\/\/www.mountainnews.com\/pl\/wp-json\/wp\/v2\/types\/page"}],"author":[{"embeddable":true,"href":"https:\/\/www.mountainnews.com\/pl\/wp-json\/wp\/v2\/users\/2"}],"replies":[{"embeddable":true,"href":"https:\/\/www.mountainnews.com\/pl\/wp-json\/wp\/v2\/comments?post=27"}],"version-history":[{"count":0,"href":"https:\/\/www.mountainnews.com\/pl\/wp-json\/wp\/v2\/pages\/27\/revisions"}],"wp:attachment":[{"href":"https:\/\/www.mountainnews.com\/pl\/wp-json\/wp\/v2\/media?parent=27"}],"curies":[{"name":"wp","href":"https:\/\/api.w.org\/{rel}","templated":true}]}}