{"id":95,"date":"2026-03-04T19:39:42","date_gmt":"2026-03-04T19:39:42","guid":{"rendered":"https:\/\/mncstage.wpenginepowered.com\/?page_id=95"},"modified":"2026-03-30T18:17:35","modified_gmt":"2026-03-30T18:17:35","slug":"onthesnowplus","status":"publish","type":"page","link":"https:\/\/www.mountainnews.com\/it\/advertising-partner-resources\/onthesnowplus\/","title":{"rendered":"Skiinfo+"},"content":{"rendered":"\n<h2 class=\"wp-block-heading\">Presentazione del prodotto<\/h2>\n\n\n\n<p>Gli abbonati Skiinfo+ delle localit\u00e0 sciistiche amplificano e promuovono in modo efficiente ed efficace la loro destinazione su Skiinfo.it, generando ricavi incrementali e aumentando la conversione.<\/p>\n\n\n\n<p>I profili delle localit\u00e0 SI+ includono integrazioni premium esclusive per gli abbonati, tra cui:<\/p>\n\n\n\n<p><strong>\u2022 Display ad alto impatto mirato<\/strong> \u2013 Annunci display altamente mirati, orientati al mid e low funnel, che intercettano la domanda attiva di sci nella vostra regione. <br><strong>\u2022 Driver avanzati di acquisto<\/strong> \u2013 Link integrati ai vostri skipass e ad altri prodotti ancillari a valore aggiunto, come noleggio attrezzatura e lezioni. <br><strong>\u2022 Integrazione Premium Partner<\/strong> \u2013 Gli abbonati SI+ vengono presentati come partner premium su Skiinfo, con contenuti ampliati come video, social media e link integrati alla vostra localit\u00e0.<\/p>\n\n\n\n<h3 class=\"wp-block-heading\">Esempi passati di creativit\u00e0 di grande impatto<\/h3>\n\n\n\n<div class=\"wp-block-gslider-blocks-image-slider gslider-image-slider-wrapper gslider-image-slider-0d9fa908 inside center has-pagination\" data-swiper-settings=\"{&quot;effect&quot;:&quot;slide&quot;,&quot;breakpoints&quot;:{&quot;0&quot;:{&quot;slidesPerView&quot;:1,&quot;spaceBetween&quot;:0,&quot;speed&quot;:800,&quot;autoplay&quot;:false,&quot;navigation&quot;:{&quot;enabled&quot;:true},&quot;pagination&quot;:{&quot;enabled&quot;:true}},&quot;768&quot;:{&quot;slidesPerView&quot;:1,&quot;spaceBetween&quot;:20,&quot;speed&quot;:800,&quot;autoplay&quot;:false,&quot;navigation&quot;:{&quot;enabled&quot;:true},&quot;pagination&quot;:{&quot;enabled&quot;:true}},&quot;1025&quot;:{&quot;slidesPerView&quot;:1,&quot;spaceBetween&quot;:20,&quot;speed&quot;:800,&quot;autoplay&quot;:false,&quot;navigation&quot;:{&quot;enabled&quot;:true},&quot;pagination&quot;:{&quot;enabled&quot;:true}}},&quot;loop&quot;:true,&quot;autoplay&quot;:false,&quot;allowTouchMove&quot;:true,&quot;mousewheel&quot;:false,&quot;keyboard&quot;:false,&quot;navigation&quot;:{&quot;enabled&quot;:true,&quot;nextEl&quot;:&quot;.swiper-button-next&quot;,&quot;prevEl&quot;:&quot;.swiper-button-prev&quot;},&quot;pagination&quot;:{&quot;enabled&quot;:true,&quot;el&quot;:&quot;.gslider-image-slider-0d9fa908 .swiper-pagination-image-slider&quot;,&quot;type&quot;:&quot;bullets&quot;,&quot;dynamicBullets&quot;:false,&quot;clickable&quot;:true}}\"><div class=\"swiper\" role=\"region\" aria-label=\"Image Slider\"><div class=\"swiper-wrapper\"><div class=\"swiper-slide\"><div class=\"gslider-image-slider-content-wrapper \"><div class=\"gslider-image-item\" data-hover-effect=\"none\"><img decoding=\"async\" src=\"https:\/\/www.mountainnews.com\/it\/wp-content\/uploads\/sites\/5\/2026\/03\/SanMartinodiCastrozza-1.png\" alt=\"Skiinfo+ | Big Screen\"\/><\/div><div class=\"gslider-image-slider-caption\" aria-live=\"polite\">Skiinfo+ | Big Screen<\/div><\/div><\/div><div class=\"swiper-slide\"><div class=\"gslider-image-slider-content-wrapper \"><div class=\"gslider-image-item\" data-hover-effect=\"none\"><img decoding=\"async\" src=\"https:\/\/www.mountainnews.com\/it\/wp-content\/uploads\/sites\/5\/2026\/03\/Alpe-Cimbra-1.png\" alt=\"Skiinfo+ | Big Screen\"\/><\/div><div class=\"gslider-image-slider-caption\" aria-live=\"polite\">Skiinfo+ | Big Screen<\/div><\/div><\/div><div class=\"swiper-slide\"><div class=\"gslider-image-slider-content-wrapper \"><div class=\"gslider-image-item\" data-hover-effect=\"none\"><img decoding=\"async\" src=\"https:\/\/www.mountainnews.com\/it\/wp-content\/uploads\/sites\/5\/2026\/03\/CarezzaDolomites-2.png\" alt=\"Skiinfo+ | Premium Partner\"\/><\/div><div class=\"gslider-image-slider-caption\" aria-live=\"polite\">Skiinfo+ | Premium Partner<\/div><\/div><\/div><div class=\"swiper-slide\"><div class=\"gslider-image-slider-content-wrapper \"><div class=\"gslider-image-item\" data-hover-effect=\"none\"><img decoding=\"async\" src=\"https:\/\/www.mountainnews.com\/it\/wp-content\/uploads\/sites\/5\/2026\/03\/2026-03-30_12h31_12.png\" alt=\"Skiinfo+ | Homepage Extra visibility\"\/><\/div><div class=\"gslider-image-slider-caption\" aria-live=\"polite\">Skiinfo+ | Homepage Extra visibility<\/div><\/div><\/div><div class=\"swiper-slide\"><div class=\"gslider-image-slider-content-wrapper \"><div class=\"gslider-image-item\" data-hover-effect=\"none\"><img decoding=\"async\" src=\"https:\/\/www.mountainnews.com\/it\/wp-content\/uploads\/sites\/5\/2026\/03\/2026-03-30_12h33_59.png\" alt=\"Skiinfo+ | Direct links to Lift tickets and Lessons\"\/><\/div><div class=\"gslider-image-slider-caption\" aria-live=\"polite\">Skiinfo+ | Link diretti ai biglietti per gli impianti di risalita<\/div><\/div><\/div><\/div><div class=\"gslider-navigation-default-icon-wrapper inside center\"><div class=\"swiper-button-prev\" role=\"button\" tabindex=\"0\" aria-label=\"Previous slide\"><\/div><div class=\"swiper-button-next\" role=\"button\" tabindex=\"0\" aria-label=\"Next slide\"><\/div><\/div><\/div><div class=\"swiper-pagination swiper-pagination-image-slider swiper-pagination-gslider-image-slider-0d9fa908\" aria-label=\"Carousel pagination\"><\/div><\/div>\n\n\n\n<h3 class=\"wp-block-heading\">Specifiche creative\u200b&nbsp;\u2013 Resort Page<\/h3>\n\n\n\n<p><strong>Hero Video<\/strong> <br>\u2022 Link YouTube <br>\u2022 Il link non deve essere un link \u201cshort\u201d <br>\u2022 Solo orientamento orizzontale |<br>\u2022 Non associato al video Big Screen<\/p>\n\n\n\n<p><strong>Informazioni di Contatto<\/strong> <br>\u2022 Numero di telefono di riferimento della localit\u00e0<\/p>\n\n\n\n<p><strong>Link di Acquisto Anticipato<\/strong> <em>(i click tracker sono opzionali per tutti i link)<\/em> \u2022 URL del sito web della localit\u00e0 \u2022 URL per l\u2019acquisto degli skipass \u2022 URL per le lezioni \u2022 URL per il noleggio sci<\/p>\n\n\n\n<p><strong>Handle Instagram<\/strong> <br>\u2022 URL dell\u2019account Instagram<\/p>\n\n\n\n<p><strong>Foto<\/strong> Una selezione di foto della localit\u00e0 (sci, altre attivit\u00e0, esperienza in resort, apr\u00e8s\u2011ski) per la photogallery del resort. L\u2019obiettivo \u00e8 garantire che la localit\u00e0 sia rappresentata con immagini di alta qualit\u00e0 e aggiornate su tutta la nostra piattaforma, per sciatori e snowboarder che stanno attivamente pianificando e prenotando le loro vacanze sulla neve.<\/p>\n\n\n\n<p>\u2022 <strong>Dimensione immagini<\/strong> \u2013 almeno 1920 x 1280 <br>\u2022 <strong>Formato<\/strong> \u2013 JPG (solo orizzontale)<\/p>\n\n\n\n<h3 class=\"wp-block-heading\">Specifiche creative\u200b \u2013 Targeted High Impact Display&nbsp;<\/h3>\n\n\n\n<h4 class=\"wp-block-heading\"><strong>Big Screen<\/strong><\/h4>\n\n\n\n<p><strong>Dimensioni immagini<\/strong> \u2013 1600&#215;578 e 650&#215;550 <em>(sono necessarie entrambe le dimensioni per schermi grandi e piccoli)<\/em> <em>(assicurarsi che l\u2019angolo in alto a destra del 1600&#215;578 non contenga elementi importanti se si invia anche un link video opzionale)<\/em><\/p>\n\n\n\n<p><strong>Formato immagini<\/strong> \u2013 JPG, GIF, PNG <em>(No HTML o tag pubblicitari di terze parti)<\/em><\/p>\n\n\n\n<h4 class=\"wp-block-heading\"><strong>Animazione<\/strong><\/h4>\n\n\n\n<ul class=\"wp-block-list\">\n<li>Massimo 3 loop. Nessun loop illimitato<\/li>\n\n\n\n<li>NO testo o immagini lampeggianti<\/li>\n\n\n\n<li>Deve esserci una schermata finale dopo il terzo loop, contenente la CTA<\/li>\n\n\n\n<li>Dimensione massima \u2013 300 KB per immagine<\/li>\n<\/ul>\n\n\n\n<p><strong>Click URL<\/strong> <em>Tracking pixel di terze parti e Click URL accettati<\/em><\/p>\n\n\n\n<h4 class=\"wp-block-heading\"><strong>Video per Big Screen (Opzionale)<\/strong><\/h4>\n\n\n\n<p><strong>YouTube link<\/strong><\/p>\n\n\n\n<ul class=\"wp-block-list\">\n<li>Il link non deve essere un link \u201cshort\u201d<\/li>\n\n\n\n<li>Solo orientamento orizzontale<\/li>\n\n\n\n<li>Dimensioni consigliate \u2013 formato 16:9<\/li>\n\n\n\n<li>NON incorporare il video nel file immagine del Big Screen<\/li>\n\n\n\n<li>Unit\u00e0 diversa dal video della pagina resort OTS+<\/li>\n<\/ul>\n\n\n\n<p><strong>\u2014 OPPURE \u2014<\/strong><\/p>\n\n\n\n<p><strong>File video originale<\/strong><\/p>\n\n\n\n<ul class=\"wp-block-list\">\n<li>Formati preferiti \u2013 mp4, .mov, .mpeg<\/li>\n\n\n\n<li>Il video deve essere solo in orientamento orizzontale<\/li>\n\n\n\n<li>Formato 16:9<\/li>\n<\/ul>\n\n\n\n<h4 class=\"wp-block-heading\"><strong>MOBILE SCROLLER &amp; IN\u2011APP BANNER<\/strong><\/h4>\n\n\n\n<p><strong>Mobile Scroller<\/strong> \u2013 370&#215;740 e 400&#215;666 <em>(tutte le dimensioni necessarie per schermi grandi e piccoli; lasciare 100px in alto \/ 50px in basso liberi da loghi o contenuti importanti)<\/em><\/p>\n\n\n\n<p><strong>In\u2011App Banner<\/strong> \u2013 280&#215;466<\/p>\n\n\n\n<p><strong>Formato<\/strong> \u2013 JPG, GIF, PNG <em>(no animazione, no HTML, no tag pubblicitari di terze parti)<\/em><\/p>\n\n\n\n<p><strong>Dimensione totale<\/strong> \u2013 max 300 KB<\/p>\n\n\n\n<p><strong>Click URL<\/strong> <em>Tracking pixel di terze parti e Click URL accettati<\/em><\/p>\n\n\n\n<p><em>Nota: solo 1 impression &amp; click tag per set creativo.<\/em> <em>(Un \u201cset\u201d contiene entrambe le dimensioni dell\u2019immagine per ciascuna unit\u00e0 pubblicitaria)<\/em><\/p>\n\n\n\n<h4 class=\"wp-block-heading\"><strong><strong><strong>Raccomandazioni\u200b<\/strong><\/strong><\/strong><\/h4>\n\n\n\n<ul class=\"wp-block-list\">\n<li>Le visualizzazioni delle Display Ad su OnTheSnow hanno dimostrato di generare ROAS diretto e di aumentare il rendimento di altre campagne media attive sul mercato; quando possibile, crea un filo conduttore coerente tra tutti i canali digitali.<\/li>\n\n\n\n<li>Sfrutta la palette ampia per aumentare la brand awareness e per evidenziare eventuali offerte che desideri includere.<\/li>\n\n\n\n<li>Valuta con attenzione i layout che funzionano bene su ogni formato e dispositivo.<\/li>\n\n\n\n<li>Utilizza colori in linea con le linee guida del tuo brand.<\/li>\n\n\n\n<li>Scrivi un titolo conciso e d\u2019impatto, capace di catturare l\u2019attenzione.<\/li>\n\n\n\n<li>Integra fotografie originali e distintive.<\/li>\n\n\n\n<li>L\u2019aggiunta di un asset video \u00e8 opzionale, ma altamente consigliata.<\/li>\n\n\n\n<li>Includi un pulsante ben visibile con una call\u2011to\u2011action forte: le CTA devono essere brevi, significative e orientate all\u2019azione.<\/li>\n\n\n\n<li>Aggiungi il logo del tuo brand.<\/li>\n<\/ul>\n","protected":false},"excerpt":{"rendered":"<p>Presentazione del prodotto Gli abbonati Skiinfo+ delle localit\u00e0 sciistiche amplificano e promuovono in modo efficiente ed efficace la loro destinazione su Skiinfo.it, generando ricavi incrementali e aumentando la conversione. I profili delle localit\u00e0 SI+ includono integrazioni premium esclusive per gli abbonati, tra cui: \u2022 Display ad alto impatto mirato \u2013 Annunci display altamente mirati, orientati<\/p>\n","protected":false},"author":2,"featured_media":0,"parent":27,"menu_order":0,"comment_status":"closed","ping_status":"closed","template":"","meta":{"footnotes":""},"class_list":["post-95","page","type-page","status-publish","hentry"],"yoast_head":"<!-- This site is optimized with the Yoast SEO plugin v27.1.1 - https:\/\/yoast.com\/product\/yoast-seo-wordpress\/ -->\n<title>Skiinfo+ - Mountain News IT<\/title>\n<meta name=\"robots\" content=\"noindex, follow, max-snippet:-1, max-image-preview:large, max-video-preview:-1\" \/>\n<meta property=\"og:locale\" content=\"en_US\" \/>\n<meta property=\"og:type\" content=\"article\" \/>\n<meta property=\"og:title\" content=\"Skiinfo+ - Mountain News IT\" \/>\n<meta property=\"og:description\" content=\"Presentazione del prodotto Gli abbonati Skiinfo+ delle localit\u00e0 sciistiche amplificano e promuovono in modo efficiente ed efficace la loro destinazione su Skiinfo.it, generando ricavi incrementali e aumentando la conversione. I profili delle localit\u00e0 SI+ includono integrazioni premium esclusive per gli abbonati, tra cui: \u2022 Display ad alto impatto mirato \u2013 Annunci display altamente mirati, orientati\" \/>\n<meta property=\"og:site_name\" content=\"Mountain News IT\" \/>\n<meta property=\"article:modified_time\" content=\"2026-03-30T18:17:35+00:00\" \/>\n<meta property=\"og:image\" content=\"https:\/\/www.mountainnews.com\/it\/wp-content\/uploads\/sites\/5\/2026\/03\/SanMartinodiCastrozza-1.png\" \/>\n<meta name=\"twitter:card\" content=\"summary_large_image\" \/>\n<meta name=\"twitter:label1\" content=\"Est. reading time\" \/>\n\t<meta name=\"twitter:data1\" content=\"4 minutes\" \/>\n<script type=\"application\/ld+json\" class=\"yoast-schema-graph\">{\"@context\":\"https:\/\/schema.org\",\"@graph\":[{\"@type\":\"WebPage\",\"@id\":\"https:\/\/www.mountainnews.com\/it\/advertising-partner-resources\/onthesnowplus\/\",\"url\":\"https:\/\/www.mountainnews.com\/it\/advertising-partner-resources\/onthesnowplus\/\",\"name\":\"Skiinfo+ - Mountain News IT\",\"isPartOf\":{\"@id\":\"https:\/\/www.mountainnews.com\/it\/#website\"},\"primaryImageOfPage\":{\"@id\":\"https:\/\/www.mountainnews.com\/it\/advertising-partner-resources\/onthesnowplus\/#primaryimage\"},\"image\":{\"@id\":\"https:\/\/www.mountainnews.com\/it\/advertising-partner-resources\/onthesnowplus\/#primaryimage\"},\"thumbnailUrl\":\"https:\/\/www.mountainnews.com\/it\/wp-content\/uploads\/sites\/5\/2026\/03\/SanMartinodiCastrozza-1.png\",\"datePublished\":\"2026-03-04T19:39:42+00:00\",\"dateModified\":\"2026-03-30T18:17:35+00:00\",\"breadcrumb\":{\"@id\":\"https:\/\/www.mountainnews.com\/it\/advertising-partner-resources\/onthesnowplus\/#breadcrumb\"},\"inLanguage\":\"en-US\",\"potentialAction\":[{\"@type\":\"ReadAction\",\"target\":[\"https:\/\/www.mountainnews.com\/it\/advertising-partner-resources\/onthesnowplus\/\"]}]},{\"@type\":\"ImageObject\",\"inLanguage\":\"en-US\",\"@id\":\"https:\/\/www.mountainnews.com\/it\/advertising-partner-resources\/onthesnowplus\/#primaryimage\",\"url\":\"https:\/\/www.mountainnews.com\/it\/wp-content\/uploads\/sites\/5\/2026\/03\/SanMartinodiCastrozza-1.png\",\"contentUrl\":\"https:\/\/www.mountainnews.com\/it\/wp-content\/uploads\/sites\/5\/2026\/03\/SanMartinodiCastrozza-1.png\",\"width\":578,\"height\":507,\"caption\":\"Skiinfo+ | Big Screen\"},{\"@type\":\"BreadcrumbList\",\"@id\":\"https:\/\/www.mountainnews.com\/it\/advertising-partner-resources\/onthesnowplus\/#breadcrumb\",\"itemListElement\":[{\"@type\":\"ListItem\",\"position\":1,\"name\":\"Home\",\"item\":\"https:\/\/www.mountainnews.com\/it\/\"},{\"@type\":\"ListItem\",\"position\":2,\"name\":\"Materiale pubblicitario per il cliente\",\"item\":\"https:\/\/www.mountainnews.com\/it\/advertising-partner-resources\/\"},{\"@type\":\"ListItem\",\"position\":3,\"name\":\"Skiinfo+\"}]},{\"@type\":\"WebSite\",\"@id\":\"https:\/\/www.mountainnews.com\/it\/#website\",\"url\":\"https:\/\/www.mountainnews.com\/it\/\",\"name\":\"Mountain News IT\",\"description\":\"\",\"potentialAction\":[{\"@type\":\"SearchAction\",\"target\":{\"@type\":\"EntryPoint\",\"urlTemplate\":\"https:\/\/www.mountainnews.com\/it\/?s={search_term_string}\"},\"query-input\":{\"@type\":\"PropertyValueSpecification\",\"valueRequired\":true,\"valueName\":\"search_term_string\"}}],\"inLanguage\":\"en-US\"}]}<\/script>\n<!-- \/ Yoast SEO plugin. -->","yoast_head_json":{"title":"Skiinfo+ - Mountain News IT","robots":{"index":"noindex","follow":"follow","max-snippet":"max-snippet:-1","max-image-preview":"max-image-preview:large","max-video-preview":"max-video-preview:-1"},"og_locale":"en_US","og_type":"article","og_title":"Skiinfo+ - Mountain News IT","og_description":"Presentazione del prodotto Gli abbonati Skiinfo+ delle localit\u00e0 sciistiche amplificano e promuovono in modo efficiente ed efficace la loro destinazione su Skiinfo.it, generando ricavi incrementali e aumentando la conversione. I profili delle localit\u00e0 SI+ includono integrazioni premium esclusive per gli abbonati, tra cui: \u2022 Display ad alto impatto mirato \u2013 Annunci display altamente mirati, orientati","og_site_name":"Mountain News IT","article_modified_time":"2026-03-30T18:17:35+00:00","og_image":[{"url":"https:\/\/www.mountainnews.com\/it\/wp-content\/uploads\/sites\/5\/2026\/03\/SanMartinodiCastrozza-1.png","type":"","width":"","height":""}],"twitter_card":"summary_large_image","twitter_misc":{"Est. reading time":"4 minutes"},"schema":{"@context":"https:\/\/schema.org","@graph":[{"@type":"WebPage","@id":"https:\/\/www.mountainnews.com\/it\/advertising-partner-resources\/onthesnowplus\/","url":"https:\/\/www.mountainnews.com\/it\/advertising-partner-resources\/onthesnowplus\/","name":"Skiinfo+ - Mountain News IT","isPartOf":{"@id":"https:\/\/www.mountainnews.com\/it\/#website"},"primaryImageOfPage":{"@id":"https:\/\/www.mountainnews.com\/it\/advertising-partner-resources\/onthesnowplus\/#primaryimage"},"image":{"@id":"https:\/\/www.mountainnews.com\/it\/advertising-partner-resources\/onthesnowplus\/#primaryimage"},"thumbnailUrl":"https:\/\/www.mountainnews.com\/it\/wp-content\/uploads\/sites\/5\/2026\/03\/SanMartinodiCastrozza-1.png","datePublished":"2026-03-04T19:39:42+00:00","dateModified":"2026-03-30T18:17:35+00:00","breadcrumb":{"@id":"https:\/\/www.mountainnews.com\/it\/advertising-partner-resources\/onthesnowplus\/#breadcrumb"},"inLanguage":"en-US","potentialAction":[{"@type":"ReadAction","target":["https:\/\/www.mountainnews.com\/it\/advertising-partner-resources\/onthesnowplus\/"]}]},{"@type":"ImageObject","inLanguage":"en-US","@id":"https:\/\/www.mountainnews.com\/it\/advertising-partner-resources\/onthesnowplus\/#primaryimage","url":"https:\/\/www.mountainnews.com\/it\/wp-content\/uploads\/sites\/5\/2026\/03\/SanMartinodiCastrozza-1.png","contentUrl":"https:\/\/www.mountainnews.com\/it\/wp-content\/uploads\/sites\/5\/2026\/03\/SanMartinodiCastrozza-1.png","width":578,"height":507,"caption":"Skiinfo+ | Big Screen"},{"@type":"BreadcrumbList","@id":"https:\/\/www.mountainnews.com\/it\/advertising-partner-resources\/onthesnowplus\/#breadcrumb","itemListElement":[{"@type":"ListItem","position":1,"name":"Home","item":"https:\/\/www.mountainnews.com\/it\/"},{"@type":"ListItem","position":2,"name":"Materiale pubblicitario per il cliente","item":"https:\/\/www.mountainnews.com\/it\/advertising-partner-resources\/"},{"@type":"ListItem","position":3,"name":"Skiinfo+"}]},{"@type":"WebSite","@id":"https:\/\/www.mountainnews.com\/it\/#website","url":"https:\/\/www.mountainnews.com\/it\/","name":"Mountain News IT","description":"","potentialAction":[{"@type":"SearchAction","target":{"@type":"EntryPoint","urlTemplate":"https:\/\/www.mountainnews.com\/it\/?s={search_term_string}"},"query-input":{"@type":"PropertyValueSpecification","valueRequired":true,"valueName":"search_term_string"}}],"inLanguage":"en-US"}]}},"_links":{"self":[{"href":"https:\/\/www.mountainnews.com\/it\/wp-json\/wp\/v2\/pages\/95","targetHints":{"allow":["GET"]}}],"collection":[{"href":"https:\/\/www.mountainnews.com\/it\/wp-json\/wp\/v2\/pages"}],"about":[{"href":"https:\/\/www.mountainnews.com\/it\/wp-json\/wp\/v2\/types\/page"}],"author":[{"embeddable":true,"href":"https:\/\/www.mountainnews.com\/it\/wp-json\/wp\/v2\/users\/2"}],"replies":[{"embeddable":true,"href":"https:\/\/www.mountainnews.com\/it\/wp-json\/wp\/v2\/comments?post=95"}],"version-history":[{"count":0,"href":"https:\/\/www.mountainnews.com\/it\/wp-json\/wp\/v2\/pages\/95\/revisions"}],"up":[{"embeddable":true,"href":"https:\/\/www.mountainnews.com\/it\/wp-json\/wp\/v2\/pages\/27"}],"wp:attachment":[{"href":"https:\/\/www.mountainnews.com\/it\/wp-json\/wp\/v2\/media?parent=95"}],"curies":[{"name":"wp","href":"https:\/\/api.w.org\/{rel}","templated":true}]}}