{"id":139,"date":"2026-03-24T10:42:57","date_gmt":"2026-03-24T10:42:57","guid":{"rendered":"https:\/\/www.mountainnews.com\/it\/?page_id=139"},"modified":"2026-03-29T17:27:29","modified_gmt":"2026-03-29T17:27:29","slug":"skitest-brand-sponsorship","status":"publish","type":"page","link":"https:\/\/www.mountainnews.com\/it\/advertising-partner-resources\/skitest-brand-sponsorship\/","title":{"rendered":"Ski Test Sponsorizzazione del marchio"},"content":{"rendered":"\n<h2 class=\"wp-block-heading\">Presentazione del prodotto<\/h2>\n\n\n\n<p>Il <strong>pacchetto di Ski Test Sponsorizzazione del marchio<\/strong> promuove la pagina del vostro brand e l\u2019intera gamma di sci all\u2019interno dello Ski Test di Skiinfo con visibilit\u00e0 garantita \u2014 aumentando cos\u00ec la notoriet\u00e0 dei prodotti e l\u2019attrattiva del marchio presso un pubblico altamente coinvolto e appassionato di attrezzatura, che ricerca attivamente sci su tutta la piattaforma Skiinfo e sui canali social.<\/p>\n\n\n\n<h3 class=\"wp-block-heading\">Esempi passati di creativit\u00e0 di grande impatto<\/h3>\n\n\n\n<div class=\"wp-block-gslider-blocks-image-slider gslider-image-slider-wrapper gslider-image-slider-dd1303e4 inside center has-pagination\" data-swiper-settings=\"{&quot;effect&quot;:&quot;slide&quot;,&quot;breakpoints&quot;:{&quot;0&quot;:{&quot;slidesPerView&quot;:1,&quot;spaceBetween&quot;:0,&quot;speed&quot;:800,&quot;autoplay&quot;:false,&quot;navigation&quot;:{&quot;enabled&quot;:true},&quot;pagination&quot;:{&quot;enabled&quot;:true}},&quot;768&quot;:{&quot;slidesPerView&quot;:1,&quot;spaceBetween&quot;:20,&quot;speed&quot;:800,&quot;autoplay&quot;:false,&quot;navigation&quot;:{&quot;enabled&quot;:true},&quot;pagination&quot;:{&quot;enabled&quot;:true}},&quot;1025&quot;:{&quot;slidesPerView&quot;:1,&quot;spaceBetween&quot;:20,&quot;speed&quot;:800,&quot;autoplay&quot;:false,&quot;navigation&quot;:{&quot;enabled&quot;:true},&quot;pagination&quot;:{&quot;enabled&quot;:true}}},&quot;loop&quot;:true,&quot;autoplay&quot;:false,&quot;allowTouchMove&quot;:true,&quot;mousewheel&quot;:false,&quot;keyboard&quot;:false,&quot;navigation&quot;:{&quot;enabled&quot;:true,&quot;nextEl&quot;:&quot;.swiper-button-next&quot;,&quot;prevEl&quot;:&quot;.swiper-button-prev&quot;},&quot;pagination&quot;:{&quot;enabled&quot;:true,&quot;el&quot;:&quot;.gslider-image-slider-dd1303e4 .swiper-pagination-image-slider&quot;,&quot;type&quot;:&quot;bullets&quot;,&quot;dynamicBullets&quot;:false,&quot;clickable&quot;:true}}\"><div class=\"swiper\" role=\"region\" aria-label=\"Image Slider\"><div class=\"swiper-wrapper\"><div class=\"swiper-slide\"><div class=\"gslider-image-slider-content-wrapper \"><div class=\"gslider-image-item\" data-hover-effect=\"none\"><img decoding=\"async\" src=\"https:\/\/www.mountainnews.com\/it\/wp-content\/uploads\/sites\/5\/2026\/03\/2026-03-27_13h59_12.png\" alt=\"Skitest Brand Sponsorship\"\/><\/div><div class=\"gslider-image-slider-caption\" aria-live=\"polite\">Skitest Brand Sponsorship<\/div><\/div><\/div><div class=\"swiper-slide\"><div class=\"gslider-image-slider-content-wrapper \"><div class=\"gslider-image-item\" data-hover-effect=\"none\"><img decoding=\"async\" src=\"https:\/\/www.mountainnews.com\/it\/wp-content\/uploads\/sites\/5\/2026\/03\/2026-03-27_14h04_25.png\" alt=\"Skitest Brand Sponsorship\"\/><\/div><div class=\"gslider-image-slider-caption\" aria-live=\"polite\">Skitest Brand Sponsorship<\/div><\/div><\/div><\/div><div class=\"gslider-navigation-default-icon-wrapper inside center\"><div class=\"swiper-button-prev\" role=\"button\" tabindex=\"0\" aria-label=\"Previous slide\"><\/div><div class=\"swiper-button-next\" role=\"button\" tabindex=\"0\" aria-label=\"Next slide\"><\/div><\/div><\/div><div class=\"swiper-pagination swiper-pagination-image-slider swiper-pagination-gslider-image-slider-dd1303e4\" aria-label=\"Carousel pagination\"><\/div><\/div>\n\n\n\n<h3 class=\"wp-block-heading\"><strong>La campagna Brand Sponsorship comprende:<\/strong><\/h3>\n\n\n\n<p>\u2022 <strong>Articolo Brand Page sponsorizzato<\/strong> <br>\u2022 <strong>Video YouTube<\/strong> a supporto della Brand Page <br>\u2022 <strong>Branded Display Ads<\/strong> (fornite dal partner) <br>\u2022 <strong>Promozioni<\/strong> (create internamente da Mountain News)<\/p>\n\n\n\n<h4 class=\"wp-block-heading\"><strong>Specifiche dell\u2019Articolo<\/strong><\/h4>\n\n\n\n<p>\u2022 <strong>Testo<\/strong> \u2013 Articolo news da <strong>500\u20131.000 parole<\/strong> <br>\u2022 <strong>Testo con hyperlink e URL<\/strong> (max 5 link), ad es. alloggi, voli, prezzi skipass, eventi, ecc. <br>\u2022 <strong>Video<\/strong> \u2013 Link YouTube (72 dpi)<\/p>\n\n\n\n<h4 class=\"wp-block-heading\"><strong>Specifiche del Video<\/strong><\/h4>\n\n\n\n<p>\u2022 <strong>Link YouTube<\/strong> <br>\u2022 Non deve essere un link \u201cshort\u201d <br>\u2022 Orientamento <strong>orizzontale<\/strong><\/p>\n\n\n\n<h4 class=\"wp-block-heading\"><strong>Specifiche del Logo<\/strong><\/h4>\n\n\n\n<p>\u2022 Layout verticale: minimo <strong>160 \u00d7 160 px<\/strong> <br>\u2022 Layout orizzontale: minimo <strong>400 \u00d7 100 px<\/strong> <br>\u2022 Formati immagine \u2013 <strong>JPG, GIF, PNG<\/strong> <br>\u2022 Loghi a colori e in bianco <br>\u2022 <strong>Opzionale:<\/strong> sfondo trasparente <br>\u2022 Dimensione file: non deve superare <strong>50 KB<\/strong><\/p>\n\n\n\n<h4 class=\"wp-block-heading\"><strong>Branded Display Ads<\/strong> (fornite dal partner)<\/h4>\n\n\n\n<p>\u2022 Formati immagine \u2013 <strong>728\u00d790, 300\u00d7250, 300\u00d7600, 160\u00d7600<\/strong> <br>\u2022 Formati supportati \u2013 <strong>JPG, GIF, PNG, HTML5<\/strong> <br>\u2022 Dimensione totale \u2013 meno di <strong>200 KB<\/strong> (HTML5 fino a <strong>1.000 KB<\/strong>) <br>\u2022 Animazione \u2013 massimo <strong>3 loop<\/strong>, nessun testo lampeggiante <br>\u2022 Link \u2013 URL di redirezione (a meno che non vengano usati click tags) <br>\u2022 Possibilit\u00e0 di utilizzare <strong>tag di terze parti<\/strong> (i tag devono essere sicuri)<\/p>\n\n\n\n<h4 class=\"wp-block-heading\"><strong>Promozioni<\/strong> (create internamente da Mountain News)<\/h4>\n\n\n\n<p>\u2022 Includono posizionamento in homepage, <strong>Mobile Inbox<\/strong>, post social e <strong>ROS Display Banner<\/strong>\u00a0<\/p>\n\n\n\n<h3 class=\"wp-block-heading\"><strong>Procedura per la realizzazione dello Skitest Brand Sponsorship<\/strong><\/h3>\n\n\n\n<p>\u2022 Il partner compila un <strong>content briefing<\/strong> e lo invia a MN <br>\u2022 MN e il partner effettuano una <strong>call di kick\u2011off<\/strong> per discutere insieme il processo <br>\u2022 MN fornisce un <strong>cronoprogramma<\/strong> e una <strong>struttura dell\u2019articolo<\/strong> <br>\u2022 Il team MN collabora con il partner per finalizzare l\u2019articolo in linea con il <strong>messaggio del brand<\/strong> e il <strong>tono del cliente<\/strong> <br>\u2022 Sono incluse <strong>fino a 2 revisioni<\/strong> <br>\u2022 La versione finale viene pubblicata alla data concordata, dopo l\u2019approvazione del partner<\/p>\n\n\n\n<h3 class=\"wp-block-heading\">Raccomandazioni\u200b<\/h3>\n\n\n\n<h4 class=\"wp-block-heading\"><strong>Contenuto<\/strong><\/h4>\n\n\n\n<p>\u2022 Evidenziare la <strong>unique value proposition<\/strong> del brand, eventi speciali, iniziative importanti, ecc.<\/p>\n\n\n\n<h4 class=\"wp-block-heading\"><strong>Branded Display Ads<\/strong><\/h4>\n\n\n\n<p>\u2022 Concentrarsi sull\u2019aumento della <strong>brand awareness<\/strong> <br>\u2022 Valutare attentamente quali layout funzionano meglio per ciascun formato e dispositivo <br>\u2022 Utilizzare colori coerenti con le <strong>brand guidelines<\/strong> <br>\u2022 Scrivere un <strong>headline breve e d\u2019impatto<\/strong> <br>\u2022 Integrare <strong>fotografie originali<\/strong> <br>\u2022 Inserire un pulsante <strong>CTA ben visibile<\/strong>, breve, significativo e orientato all\u2019azione <br>\u2022 Aggiungere il <strong>logo del brand<\/strong><\/p>\n","protected":false},"excerpt":{"rendered":"<p>Presentazione del prodotto Il pacchetto di Ski Test Sponsorizzazione del marchio promuove la pagina del vostro brand e l\u2019intera gamma di sci all\u2019interno dello Ski Test di Skiinfo con visibilit\u00e0 garantita \u2014 aumentando cos\u00ec la notoriet\u00e0 dei prodotti e l\u2019attrattiva del marchio presso un pubblico altamente coinvolto e appassionato di attrezzatura, che ricerca attivamente sci<\/p>\n","protected":false},"author":2,"featured_media":0,"parent":27,"menu_order":0,"comment_status":"closed","ping_status":"closed","template":"","meta":{"footnotes":""},"class_list":["post-139","page","type-page","status-publish","hentry"],"yoast_head":"<!-- This site is optimized with the Yoast SEO plugin v27.4 - https:\/\/yoast.com\/product\/yoast-seo-wordpress\/ -->\n<title>Ski Test Sponsorizzazione del marchio - Mountain News IT<\/title>\n<meta name=\"robots\" content=\"noindex, follow, max-snippet:-1, max-image-preview:large, max-video-preview:-1\" \/>\n<meta property=\"og:locale\" content=\"en_US\" \/>\n<meta property=\"og:type\" content=\"article\" \/>\n<meta property=\"og:title\" content=\"Ski Test Sponsorizzazione del marchio - Mountain News IT\" \/>\n<meta property=\"og:description\" content=\"Presentazione del prodotto Il pacchetto di Ski Test Sponsorizzazione del marchio promuove la pagina del vostro brand e l\u2019intera gamma di sci all\u2019interno dello Ski Test di Skiinfo con visibilit\u00e0 garantita \u2014 aumentando cos\u00ec la notoriet\u00e0 dei prodotti e l\u2019attrattiva del marchio presso un pubblico altamente coinvolto e appassionato di attrezzatura, che ricerca attivamente sci\" \/>\n<meta property=\"og:site_name\" content=\"Mountain News IT\" \/>\n<meta property=\"article:modified_time\" content=\"2026-03-29T17:27:29+00:00\" \/>\n<meta property=\"og:image\" content=\"https:\/\/www.mountainnews.com\/it\/wp-content\/uploads\/sites\/5\/2026\/03\/2026-03-27_13h59_12.png\" \/>\n<meta name=\"twitter:card\" content=\"summary_large_image\" \/>\n<meta name=\"twitter:label1\" content=\"Est. reading time\" \/>\n\t<meta name=\"twitter:data1\" content=\"3 minutes\" \/>\n<script type=\"application\/ld+json\" class=\"yoast-schema-graph\">{\"@context\":\"https:\\\/\\\/schema.org\",\"@graph\":[{\"@type\":\"WebPage\",\"@id\":\"https:\\\/\\\/www.mountainnews.com\\\/it\\\/advertising-partner-resources\\\/skitest-brand-sponsorship\\\/\",\"url\":\"https:\\\/\\\/www.mountainnews.com\\\/it\\\/advertising-partner-resources\\\/skitest-brand-sponsorship\\\/\",\"name\":\"Ski Test Sponsorizzazione del marchio - Mountain News IT\",\"isPartOf\":{\"@id\":\"https:\\\/\\\/www.mountainnews.com\\\/it\\\/#website\"},\"primaryImageOfPage\":{\"@id\":\"https:\\\/\\\/www.mountainnews.com\\\/it\\\/advertising-partner-resources\\\/skitest-brand-sponsorship\\\/#primaryimage\"},\"image\":{\"@id\":\"https:\\\/\\\/www.mountainnews.com\\\/it\\\/advertising-partner-resources\\\/skitest-brand-sponsorship\\\/#primaryimage\"},\"thumbnailUrl\":\"https:\\\/\\\/www.mountainnews.com\\\/it\\\/wp-content\\\/uploads\\\/sites\\\/5\\\/2026\\\/03\\\/2026-03-27_13h59_12.png\",\"datePublished\":\"2026-03-24T10:42:57+00:00\",\"dateModified\":\"2026-03-29T17:27:29+00:00\",\"breadcrumb\":{\"@id\":\"https:\\\/\\\/www.mountainnews.com\\\/it\\\/advertising-partner-resources\\\/skitest-brand-sponsorship\\\/#breadcrumb\"},\"inLanguage\":\"en-US\",\"potentialAction\":[{\"@type\":\"ReadAction\",\"target\":[\"https:\\\/\\\/www.mountainnews.com\\\/it\\\/advertising-partner-resources\\\/skitest-brand-sponsorship\\\/\"]}]},{\"@type\":\"ImageObject\",\"inLanguage\":\"en-US\",\"@id\":\"https:\\\/\\\/www.mountainnews.com\\\/it\\\/advertising-partner-resources\\\/skitest-brand-sponsorship\\\/#primaryimage\",\"url\":\"https:\\\/\\\/www.mountainnews.com\\\/it\\\/wp-content\\\/uploads\\\/sites\\\/5\\\/2026\\\/03\\\/2026-03-27_13h59_12.png\",\"contentUrl\":\"https:\\\/\\\/www.mountainnews.com\\\/it\\\/wp-content\\\/uploads\\\/sites\\\/5\\\/2026\\\/03\\\/2026-03-27_13h59_12.png\",\"width\":898,\"height\":507,\"caption\":\"Skitest Brand Sponsorship\"},{\"@type\":\"BreadcrumbList\",\"@id\":\"https:\\\/\\\/www.mountainnews.com\\\/it\\\/advertising-partner-resources\\\/skitest-brand-sponsorship\\\/#breadcrumb\",\"itemListElement\":[{\"@type\":\"ListItem\",\"position\":1,\"name\":\"Home\",\"item\":\"https:\\\/\\\/www.mountainnews.com\\\/it\\\/\"},{\"@type\":\"ListItem\",\"position\":2,\"name\":\"Materiale pubblicitario per il cliente\",\"item\":\"https:\\\/\\\/www.mountainnews.com\\\/it\\\/advertising-partner-resources\\\/\"},{\"@type\":\"ListItem\",\"position\":3,\"name\":\"Ski Test Sponsorizzazione del marchio\"}]},{\"@type\":\"WebSite\",\"@id\":\"https:\\\/\\\/www.mountainnews.com\\\/it\\\/#website\",\"url\":\"https:\\\/\\\/www.mountainnews.com\\\/it\\\/\",\"name\":\"Mountain News IT\",\"description\":\"\",\"potentialAction\":[{\"@type\":\"SearchAction\",\"target\":{\"@type\":\"EntryPoint\",\"urlTemplate\":\"https:\\\/\\\/www.mountainnews.com\\\/it\\\/?s={search_term_string}\"},\"query-input\":{\"@type\":\"PropertyValueSpecification\",\"valueRequired\":true,\"valueName\":\"search_term_string\"}}],\"inLanguage\":\"en-US\"}]}<\/script>\n<!-- \/ Yoast SEO plugin. -->","yoast_head_json":{"title":"Ski Test Sponsorizzazione del marchio - Mountain News IT","robots":{"index":"noindex","follow":"follow","max-snippet":"max-snippet:-1","max-image-preview":"max-image-preview:large","max-video-preview":"max-video-preview:-1"},"og_locale":"en_US","og_type":"article","og_title":"Ski Test Sponsorizzazione del marchio - Mountain News IT","og_description":"Presentazione del prodotto Il pacchetto di Ski Test Sponsorizzazione del marchio promuove la pagina del vostro brand e l\u2019intera gamma di sci all\u2019interno dello Ski Test di Skiinfo con visibilit\u00e0 garantita \u2014 aumentando cos\u00ec la notoriet\u00e0 dei prodotti e l\u2019attrattiva del marchio presso un pubblico altamente coinvolto e appassionato di attrezzatura, che ricerca attivamente sci","og_site_name":"Mountain News IT","article_modified_time":"2026-03-29T17:27:29+00:00","og_image":[{"url":"https:\/\/www.mountainnews.com\/it\/wp-content\/uploads\/sites\/5\/2026\/03\/2026-03-27_13h59_12.png","type":"","width":"","height":""}],"twitter_card":"summary_large_image","twitter_misc":{"Est. reading time":"3 minutes"},"schema":{"@context":"https:\/\/schema.org","@graph":[{"@type":"WebPage","@id":"https:\/\/www.mountainnews.com\/it\/advertising-partner-resources\/skitest-brand-sponsorship\/","url":"https:\/\/www.mountainnews.com\/it\/advertising-partner-resources\/skitest-brand-sponsorship\/","name":"Ski Test Sponsorizzazione del marchio - Mountain News IT","isPartOf":{"@id":"https:\/\/www.mountainnews.com\/it\/#website"},"primaryImageOfPage":{"@id":"https:\/\/www.mountainnews.com\/it\/advertising-partner-resources\/skitest-brand-sponsorship\/#primaryimage"},"image":{"@id":"https:\/\/www.mountainnews.com\/it\/advertising-partner-resources\/skitest-brand-sponsorship\/#primaryimage"},"thumbnailUrl":"https:\/\/www.mountainnews.com\/it\/wp-content\/uploads\/sites\/5\/2026\/03\/2026-03-27_13h59_12.png","datePublished":"2026-03-24T10:42:57+00:00","dateModified":"2026-03-29T17:27:29+00:00","breadcrumb":{"@id":"https:\/\/www.mountainnews.com\/it\/advertising-partner-resources\/skitest-brand-sponsorship\/#breadcrumb"},"inLanguage":"en-US","potentialAction":[{"@type":"ReadAction","target":["https:\/\/www.mountainnews.com\/it\/advertising-partner-resources\/skitest-brand-sponsorship\/"]}]},{"@type":"ImageObject","inLanguage":"en-US","@id":"https:\/\/www.mountainnews.com\/it\/advertising-partner-resources\/skitest-brand-sponsorship\/#primaryimage","url":"https:\/\/www.mountainnews.com\/it\/wp-content\/uploads\/sites\/5\/2026\/03\/2026-03-27_13h59_12.png","contentUrl":"https:\/\/www.mountainnews.com\/it\/wp-content\/uploads\/sites\/5\/2026\/03\/2026-03-27_13h59_12.png","width":898,"height":507,"caption":"Skitest Brand Sponsorship"},{"@type":"BreadcrumbList","@id":"https:\/\/www.mountainnews.com\/it\/advertising-partner-resources\/skitest-brand-sponsorship\/#breadcrumb","itemListElement":[{"@type":"ListItem","position":1,"name":"Home","item":"https:\/\/www.mountainnews.com\/it\/"},{"@type":"ListItem","position":2,"name":"Materiale pubblicitario per il cliente","item":"https:\/\/www.mountainnews.com\/it\/advertising-partner-resources\/"},{"@type":"ListItem","position":3,"name":"Ski Test Sponsorizzazione del marchio"}]},{"@type":"WebSite","@id":"https:\/\/www.mountainnews.com\/it\/#website","url":"https:\/\/www.mountainnews.com\/it\/","name":"Mountain News IT","description":"","potentialAction":[{"@type":"SearchAction","target":{"@type":"EntryPoint","urlTemplate":"https:\/\/www.mountainnews.com\/it\/?s={search_term_string}"},"query-input":{"@type":"PropertyValueSpecification","valueRequired":true,"valueName":"search_term_string"}}],"inLanguage":"en-US"}]}},"_links":{"self":[{"href":"https:\/\/www.mountainnews.com\/it\/wp-json\/wp\/v2\/pages\/139","targetHints":{"allow":["GET"]}}],"collection":[{"href":"https:\/\/www.mountainnews.com\/it\/wp-json\/wp\/v2\/pages"}],"about":[{"href":"https:\/\/www.mountainnews.com\/it\/wp-json\/wp\/v2\/types\/page"}],"author":[{"embeddable":true,"href":"https:\/\/www.mountainnews.com\/it\/wp-json\/wp\/v2\/users\/2"}],"replies":[{"embeddable":true,"href":"https:\/\/www.mountainnews.com\/it\/wp-json\/wp\/v2\/comments?post=139"}],"version-history":[{"count":0,"href":"https:\/\/www.mountainnews.com\/it\/wp-json\/wp\/v2\/pages\/139\/revisions"}],"up":[{"embeddable":true,"href":"https:\/\/www.mountainnews.com\/it\/wp-json\/wp\/v2\/pages\/27"}],"wp:attachment":[{"href":"https:\/\/www.mountainnews.com\/it\/wp-json\/wp\/v2\/media?parent=139"}],"curies":[{"name":"wp","href":"https:\/\/api.w.org\/{rel}","templated":true}]}}