{"id":104,"date":"2026-03-06T17:02:24","date_gmt":"2026-03-06T17:02:24","guid":{"rendered":"https:\/\/mncstage.wpenginepowered.com\/?page_id=104"},"modified":"2026-03-28T08:42:18","modified_gmt":"2026-03-28T08:42:18","slug":"mobile-app-sponsorship","status":"publish","type":"page","link":"https:\/\/www.mountainnews.com\/it\/advertising-partner-resources\/mobile-app-sponsorship\/","title":{"rendered":"Sponsorizzazione Mobile App"},"content":{"rendered":"\n<h2 class=\"wp-block-heading\">Presentazione del prodotto<\/h2>\n\n\n\n<p>Skiinfo offre l&#8217;applicazione per sci e snowboard pi\u00f9 scaricata al mondo. Gli utenti si affidano attivamente all&#8217;app per confrontare i bollettini neve, contribuire e visualizzare in prima persona bollettini e foto per controllare webcam e previsioni.<\/p>\n\n\n\n<p>Gli sponsor ricevono il 100% del valore SOV dell&#8217;unit\u00e0 mobile scroller e della schermata di caricamento personalizzata.<\/p>\n\n\n\n<h3 class=\"wp-block-heading\">Esempi passati di creativit\u00e0 di grande impatto<\/h3>\n\n\n\n<div class=\"wp-block-gslider-blocks-image-slider gslider-image-slider-wrapper gslider-image-slider-5abf1e9e inside center has-pagination\" data-swiper-settings=\"{&quot;effect&quot;:&quot;slide&quot;,&quot;breakpoints&quot;:{&quot;0&quot;:{&quot;slidesPerView&quot;:1,&quot;spaceBetween&quot;:0,&quot;speed&quot;:800,&quot;autoplay&quot;:false,&quot;navigation&quot;:{&quot;enabled&quot;:true},&quot;pagination&quot;:{&quot;enabled&quot;:true}},&quot;768&quot;:{&quot;slidesPerView&quot;:1,&quot;spaceBetween&quot;:20,&quot;speed&quot;:800,&quot;autoplay&quot;:false,&quot;navigation&quot;:{&quot;enabled&quot;:true},&quot;pagination&quot;:{&quot;enabled&quot;:true}},&quot;1025&quot;:{&quot;slidesPerView&quot;:1,&quot;spaceBetween&quot;:20,&quot;speed&quot;:800,&quot;autoplay&quot;:false,&quot;navigation&quot;:{&quot;enabled&quot;:true},&quot;pagination&quot;:{&quot;enabled&quot;:true}}},&quot;loop&quot;:true,&quot;autoplay&quot;:false,&quot;allowTouchMove&quot;:true,&quot;mousewheel&quot;:false,&quot;keyboard&quot;:false,&quot;navigation&quot;:{&quot;enabled&quot;:true,&quot;nextEl&quot;:&quot;.swiper-button-next&quot;,&quot;prevEl&quot;:&quot;.swiper-button-prev&quot;},&quot;pagination&quot;:{&quot;enabled&quot;:true,&quot;el&quot;:&quot;.gslider-image-slider-5abf1e9e .swiper-pagination-image-slider&quot;,&quot;type&quot;:&quot;bullets&quot;,&quot;dynamicBullets&quot;:false,&quot;clickable&quot;:true}}\"><div class=\"swiper\" role=\"region\" aria-label=\"Image Slider\"><div class=\"swiper-wrapper\"><div class=\"swiper-slide\"><div class=\"gslider-image-slider-content-wrapper \"><div class=\"gslider-image-item\" data-hover-effect=\"none\"><img decoding=\"async\" src=\"https:\/\/www.mountainnews.com\/it\/wp-content\/uploads\/sites\/5\/2026\/03\/IT-App-Sponsorship.png\" alt=\"Sponsorizzazione Mobile App\"\/><\/div><div class=\"gslider-image-slider-caption\" aria-live=\"polite\">Sponsorizzazione Mobile App<\/div><\/div><\/div><\/div><div class=\"gslider-navigation-default-icon-wrapper inside center\"><div class=\"swiper-button-prev\" role=\"button\" tabindex=\"0\" aria-label=\"Previous slide\"><\/div><div class=\"swiper-button-next\" role=\"button\" tabindex=\"0\" aria-label=\"Next slide\"><\/div><\/div><\/div><div class=\"swiper-pagination swiper-pagination-image-slider swiper-pagination-gslider-image-slider-5abf1e9e\" aria-label=\"Carousel pagination\"><\/div><\/div>\n\n\n\n<h3 class=\"wp-block-heading\">Specifiche creative\u200b<\/h3>\n\n\n\n<p><strong>Custom Load Screen<\/strong><br>\u2022 Immagine \u2013 1290&#215;2786 (PNG), max size 800 kb<br>\u00a0\u00a0\u00a0\u00a0 &#8211; Si prega di comprimere il pi\u00f9 possibile senza perdite.<br>\u00a0\u00a0\u00a0\u00a0Tenere presente che l&#8217;immagine verr\u00e0 visualizzata solo<br>\u00a0\u00a0\u00a0\u00a0dopo essere stata scaricata correttamente.<br>\u00a0\u00a0\u00a0\u00a0 &#8211; No CTA<br>\u00a0\u00a0\u00a0\u00a0 &#8211; Nessuna immagine critica posizionata verso la parte<br>\u00a0\u00a0\u00a0\u00a0superiore centrale per evitare la collisione con il logo Skiinfo<br>\u00a0\u00a0\u00a0\u00a0 &#8211; Il logo di Skiinfo \u00e8 posizionato sopra 162px dall&#8217;alto e<br>\u00a0\u00a0\u00a0\u00a0centrato orizzontalmente (450w x600h) Nota la<br>\u00a0\u00a0\u00a0\u00a0posizione e la dimesione possono variare da<br>\u00a0\u00a0\u00a0\u00a0dispistivo a dispositivo<br>\u00a0\u00a0\u00a0\u00a0 &#8211; OTS implementar\u00e0 il logo Skiinfo<br>\u2022 L&#8217;immagine verr\u00e0 visualizzata con la modalit\u00e0 Aspect Fit, il che significa che viene ridimensionata per adattarsi al bordo pi\u00f9 lungo e ridimensiona l&#8217;altro bordo di conseguenza<br>\u2022 Assicurarsi che la creativit\u00e0 si armonizzi con lo sfondo nero, che apparir\u00e0 su dispositivi con un rapporto diverso.<\/p>\n\n\n\n<p><strong>Scroller Mobile Companion (Banner In\u2011App)<\/strong><br>\u2022 Immagine \u2013 Mobile Scroller 400&#215;666, 280&#215;466, 370&#215;740 (PNG), dimensione massima 200 KB <br>\u2022 Testo della Push Notification \u2013 massimo 30 caratteri <br>\u2022 URL di destinazione (click\u2011through)<\/p>\n\n\n\n<h3 class=\"wp-block-heading\">Raccomandazioni\u200b<\/h3>\n\n\n\n<p><strong>Custom Load Screen<\/strong><br>\u2022 Inlcudere foto oriinale, il logo del brand e tagli<\/p>\n\n\n\n<p><strong>Companion Mobile Scroller<\/strong><br>\u2022 Unaser una ampia palette di colori per generare la conspevolezza del brand e altre offerte che si vuole includere<br>\u2022 Usare colori in linea con le linee guida del brand<br>\u2022 Scrivere un titolo breve e che attiri l&#8217;attenzione<br>\u2022 Includere immagini uniche ed originali<br>\u2022 Includere un pulsante bene visisbile con una forte call-to-action &#8211; CTA devono essere brevi, significativi e orientati all&#8217;azione<br>\u2022 Aggiungere il logo del brand<\/p>\n","protected":false},"excerpt":{"rendered":"<p>Presentazione del prodotto Skiinfo offre l&#8217;applicazione per sci e snowboard pi\u00f9 scaricata al mondo. Gli utenti si affidano attivamente all&#8217;app per confrontare i bollettini neve, contribuire e visualizzare in prima persona bollettini e foto per controllare webcam e previsioni. Gli sponsor ricevono il 100% del valore SOV dell&#8217;unit\u00e0 mobile scroller e della schermata di caricamento<\/p>\n","protected":false},"author":2,"featured_media":0,"parent":27,"menu_order":0,"comment_status":"closed","ping_status":"closed","template":"","meta":{"footnotes":""},"class_list":["post-104","page","type-page","status-publish","hentry"],"yoast_head":"<!-- This site is optimized with the Yoast SEO plugin v27.4 - https:\/\/yoast.com\/product\/yoast-seo-wordpress\/ -->\n<title>Sponsorizzazione Mobile App - Mountain News IT<\/title>\n<meta name=\"robots\" content=\"noindex, follow, max-snippet:-1, max-image-preview:large, max-video-preview:-1\" \/>\n<meta property=\"og:locale\" content=\"en_US\" \/>\n<meta property=\"og:type\" content=\"article\" \/>\n<meta property=\"og:title\" content=\"Sponsorizzazione Mobile App - Mountain News IT\" \/>\n<meta property=\"og:description\" content=\"Presentazione del prodotto Skiinfo offre l&#8217;applicazione per sci e snowboard pi\u00f9 scaricata al mondo. Gli utenti si affidano attivamente all&#8217;app per confrontare i bollettini neve, contribuire e visualizzare in prima persona bollettini e foto per controllare webcam e previsioni. Gli sponsor ricevono il 100% del valore SOV dell&#8217;unit\u00e0 mobile scroller e della schermata di caricamento\" \/>\n<meta property=\"og:site_name\" content=\"Mountain News IT\" \/>\n<meta property=\"article:modified_time\" content=\"2026-03-28T08:42:18+00:00\" \/>\n<meta property=\"og:image\" content=\"https:\/\/www.mountainnews.com\/it\/wp-content\/uploads\/sites\/5\/2026\/03\/IT-App-Sponsorship.png\" \/>\n<meta name=\"twitter:card\" content=\"summary_large_image\" \/>\n<meta name=\"twitter:label1\" content=\"Est. reading time\" \/>\n\t<meta name=\"twitter:data1\" content=\"2 minutes\" \/>\n<script type=\"application\/ld+json\" class=\"yoast-schema-graph\">{\"@context\":\"https:\\\/\\\/schema.org\",\"@graph\":[{\"@type\":\"WebPage\",\"@id\":\"https:\\\/\\\/www.mountainnews.com\\\/it\\\/advertising-partner-resources\\\/mobile-app-sponsorship\\\/\",\"url\":\"https:\\\/\\\/www.mountainnews.com\\\/it\\\/advertising-partner-resources\\\/mobile-app-sponsorship\\\/\",\"name\":\"Sponsorizzazione Mobile App - Mountain News IT\",\"isPartOf\":{\"@id\":\"https:\\\/\\\/www.mountainnews.com\\\/it\\\/#website\"},\"primaryImageOfPage\":{\"@id\":\"https:\\\/\\\/www.mountainnews.com\\\/it\\\/advertising-partner-resources\\\/mobile-app-sponsorship\\\/#primaryimage\"},\"image\":{\"@id\":\"https:\\\/\\\/www.mountainnews.com\\\/it\\\/advertising-partner-resources\\\/mobile-app-sponsorship\\\/#primaryimage\"},\"thumbnailUrl\":\"https:\\\/\\\/www.mountainnews.com\\\/it\\\/wp-content\\\/uploads\\\/sites\\\/5\\\/2026\\\/03\\\/IT-App-Sponsorship.png\",\"datePublished\":\"2026-03-06T17:02:24+00:00\",\"dateModified\":\"2026-03-28T08:42:18+00:00\",\"breadcrumb\":{\"@id\":\"https:\\\/\\\/www.mountainnews.com\\\/it\\\/advertising-partner-resources\\\/mobile-app-sponsorship\\\/#breadcrumb\"},\"inLanguage\":\"en-US\",\"potentialAction\":[{\"@type\":\"ReadAction\",\"target\":[\"https:\\\/\\\/www.mountainnews.com\\\/it\\\/advertising-partner-resources\\\/mobile-app-sponsorship\\\/\"]}]},{\"@type\":\"ImageObject\",\"inLanguage\":\"en-US\",\"@id\":\"https:\\\/\\\/www.mountainnews.com\\\/it\\\/advertising-partner-resources\\\/mobile-app-sponsorship\\\/#primaryimage\",\"url\":\"https:\\\/\\\/www.mountainnews.com\\\/it\\\/wp-content\\\/uploads\\\/sites\\\/5\\\/2026\\\/03\\\/IT-App-Sponsorship.png\",\"contentUrl\":\"https:\\\/\\\/www.mountainnews.com\\\/it\\\/wp-content\\\/uploads\\\/sites\\\/5\\\/2026\\\/03\\\/IT-App-Sponsorship.png\",\"width\":884,\"height\":507,\"caption\":\"Sponsorizzazione Mobile App\"},{\"@type\":\"BreadcrumbList\",\"@id\":\"https:\\\/\\\/www.mountainnews.com\\\/it\\\/advertising-partner-resources\\\/mobile-app-sponsorship\\\/#breadcrumb\",\"itemListElement\":[{\"@type\":\"ListItem\",\"position\":1,\"name\":\"Home\",\"item\":\"https:\\\/\\\/www.mountainnews.com\\\/it\\\/\"},{\"@type\":\"ListItem\",\"position\":2,\"name\":\"Materiale pubblicitario per il cliente\",\"item\":\"https:\\\/\\\/www.mountainnews.com\\\/it\\\/advertising-partner-resources\\\/\"},{\"@type\":\"ListItem\",\"position\":3,\"name\":\"Sponsorizzazione Mobile App\"}]},{\"@type\":\"WebSite\",\"@id\":\"https:\\\/\\\/www.mountainnews.com\\\/it\\\/#website\",\"url\":\"https:\\\/\\\/www.mountainnews.com\\\/it\\\/\",\"name\":\"Mountain News IT\",\"description\":\"\",\"potentialAction\":[{\"@type\":\"SearchAction\",\"target\":{\"@type\":\"EntryPoint\",\"urlTemplate\":\"https:\\\/\\\/www.mountainnews.com\\\/it\\\/?s={search_term_string}\"},\"query-input\":{\"@type\":\"PropertyValueSpecification\",\"valueRequired\":true,\"valueName\":\"search_term_string\"}}],\"inLanguage\":\"en-US\"}]}<\/script>\n<!-- \/ Yoast SEO plugin. -->","yoast_head_json":{"title":"Sponsorizzazione Mobile App - Mountain News IT","robots":{"index":"noindex","follow":"follow","max-snippet":"max-snippet:-1","max-image-preview":"max-image-preview:large","max-video-preview":"max-video-preview:-1"},"og_locale":"en_US","og_type":"article","og_title":"Sponsorizzazione Mobile App - Mountain News IT","og_description":"Presentazione del prodotto Skiinfo offre l&#8217;applicazione per sci e snowboard pi\u00f9 scaricata al mondo. Gli utenti si affidano attivamente all&#8217;app per confrontare i bollettini neve, contribuire e visualizzare in prima persona bollettini e foto per controllare webcam e previsioni. Gli sponsor ricevono il 100% del valore SOV dell&#8217;unit\u00e0 mobile scroller e della schermata di caricamento","og_site_name":"Mountain News IT","article_modified_time":"2026-03-28T08:42:18+00:00","og_image":[{"url":"https:\/\/www.mountainnews.com\/it\/wp-content\/uploads\/sites\/5\/2026\/03\/IT-App-Sponsorship.png","type":"","width":"","height":""}],"twitter_card":"summary_large_image","twitter_misc":{"Est. reading time":"2 minutes"},"schema":{"@context":"https:\/\/schema.org","@graph":[{"@type":"WebPage","@id":"https:\/\/www.mountainnews.com\/it\/advertising-partner-resources\/mobile-app-sponsorship\/","url":"https:\/\/www.mountainnews.com\/it\/advertising-partner-resources\/mobile-app-sponsorship\/","name":"Sponsorizzazione Mobile App - Mountain News IT","isPartOf":{"@id":"https:\/\/www.mountainnews.com\/it\/#website"},"primaryImageOfPage":{"@id":"https:\/\/www.mountainnews.com\/it\/advertising-partner-resources\/mobile-app-sponsorship\/#primaryimage"},"image":{"@id":"https:\/\/www.mountainnews.com\/it\/advertising-partner-resources\/mobile-app-sponsorship\/#primaryimage"},"thumbnailUrl":"https:\/\/www.mountainnews.com\/it\/wp-content\/uploads\/sites\/5\/2026\/03\/IT-App-Sponsorship.png","datePublished":"2026-03-06T17:02:24+00:00","dateModified":"2026-03-28T08:42:18+00:00","breadcrumb":{"@id":"https:\/\/www.mountainnews.com\/it\/advertising-partner-resources\/mobile-app-sponsorship\/#breadcrumb"},"inLanguage":"en-US","potentialAction":[{"@type":"ReadAction","target":["https:\/\/www.mountainnews.com\/it\/advertising-partner-resources\/mobile-app-sponsorship\/"]}]},{"@type":"ImageObject","inLanguage":"en-US","@id":"https:\/\/www.mountainnews.com\/it\/advertising-partner-resources\/mobile-app-sponsorship\/#primaryimage","url":"https:\/\/www.mountainnews.com\/it\/wp-content\/uploads\/sites\/5\/2026\/03\/IT-App-Sponsorship.png","contentUrl":"https:\/\/www.mountainnews.com\/it\/wp-content\/uploads\/sites\/5\/2026\/03\/IT-App-Sponsorship.png","width":884,"height":507,"caption":"Sponsorizzazione Mobile App"},{"@type":"BreadcrumbList","@id":"https:\/\/www.mountainnews.com\/it\/advertising-partner-resources\/mobile-app-sponsorship\/#breadcrumb","itemListElement":[{"@type":"ListItem","position":1,"name":"Home","item":"https:\/\/www.mountainnews.com\/it\/"},{"@type":"ListItem","position":2,"name":"Materiale pubblicitario per il cliente","item":"https:\/\/www.mountainnews.com\/it\/advertising-partner-resources\/"},{"@type":"ListItem","position":3,"name":"Sponsorizzazione Mobile App"}]},{"@type":"WebSite","@id":"https:\/\/www.mountainnews.com\/it\/#website","url":"https:\/\/www.mountainnews.com\/it\/","name":"Mountain News IT","description":"","potentialAction":[{"@type":"SearchAction","target":{"@type":"EntryPoint","urlTemplate":"https:\/\/www.mountainnews.com\/it\/?s={search_term_string}"},"query-input":{"@type":"PropertyValueSpecification","valueRequired":true,"valueName":"search_term_string"}}],"inLanguage":"en-US"}]}},"_links":{"self":[{"href":"https:\/\/www.mountainnews.com\/it\/wp-json\/wp\/v2\/pages\/104","targetHints":{"allow":["GET"]}}],"collection":[{"href":"https:\/\/www.mountainnews.com\/it\/wp-json\/wp\/v2\/pages"}],"about":[{"href":"https:\/\/www.mountainnews.com\/it\/wp-json\/wp\/v2\/types\/page"}],"author":[{"embeddable":true,"href":"https:\/\/www.mountainnews.com\/it\/wp-json\/wp\/v2\/users\/2"}],"replies":[{"embeddable":true,"href":"https:\/\/www.mountainnews.com\/it\/wp-json\/wp\/v2\/comments?post=104"}],"version-history":[{"count":0,"href":"https:\/\/www.mountainnews.com\/it\/wp-json\/wp\/v2\/pages\/104\/revisions"}],"up":[{"embeddable":true,"href":"https:\/\/www.mountainnews.com\/it\/wp-json\/wp\/v2\/pages\/27"}],"wp:attachment":[{"href":"https:\/\/www.mountainnews.com\/it\/wp-json\/wp\/v2\/media?parent=104"}],"curies":[{"name":"wp","href":"https:\/\/api.w.org\/{rel}","templated":true}]}}