{"id":51,"date":"2026-02-23T18:59:33","date_gmt":"2026-02-23T18:59:33","guid":{"rendered":"https:\/\/mncstage.wpenginepowered.com\/?page_id=51"},"modified":"2026-03-24T10:27:19","modified_gmt":"2026-03-24T10:27:19","slug":"editorial-sponsorships","status":"publish","type":"page","link":"https:\/\/www.mountainnews.com\/fr\/advertising-partner-resources\/editorial-sponsorships\/","title":{"rendered":"Editorial sponsoris\u00e9"},"content":{"rendered":"\n<h2 class=\"wp-block-heading\">Pr\u00e9sentation du produit<\/h2>\n\n\n\n<p><strong>M\u00e9t\u00e9o des Neiges<\/strong><\/p>\n\n\n\n<p>Skiinfo publie chaque lundi et jeudi un bulletin avec les pr\u00e9visions m\u00e9t\u00e9o et neige. Nous en faisons la promotion par le biais de la newsletter, de l&rsquo;application mobile et des r\u00e9seaux sociaux. Nous offrons aux marques ou aux destinations la possibilit\u00e9 de sponsoriser ce contenu.<\/p>\n\n\n\n<p><strong>Skitest Brand sponsoris\u00e9<\/strong><\/p>\n\n\n\n<p>Le <strong>pack Sponsoring Marque Skitest<\/strong> met en avant votre page de marque et l\u2019ensemble de votre gamme de skis au sein du Skitest de Skiinfo, avec une visibilit\u00e9 garantie. Il renforce la notori\u00e9t\u00e9 de vos produits et l\u2019attrait pour votre marque aupr\u00e8s d\u2019une audience hautement engag\u00e9e, passionn\u00e9e de mat\u00e9riel, au moment pr\u00e9cis o\u00f9 elle recherche activement des skis sur la plateforme Skiinfo et sur nos r\u00e9seaux sociaux.<\/p>\n\n\n\n<p><strong>Guide des Cadeaux<\/strong><\/p>\n\n\n\n<p>Le guide des id\u00e9es cadeaux de No\u00ebl. Il est publi\u00e9 d\u00e8s la minovembre. Les offres promotionnelles sont inclues dans des emails d\u00e9di\u00e9s, envoy\u00e9s dans la bo\u00eete mail mobile, post\u00e9s sur les r\u00e9seaux sociaux et affich\u00e9s sur l&rsquo;ensemble du site.<\/p>\n\n\n\n<p><strong>Guide de l&rsquo;apr\u00e8s-ski<\/strong><\/p>\n\n\n\n<p>D\u00e8s le mois de novembre, Skiinfo publie une s\u00e9rie d&rsquo;articles pour guider les lecteurs vers les meilleures exp\u00e9riences d&rsquo;apr\u00e8s-ski en Europe. Nous offrons aux marques ou aux destinations la possibilit\u00e9 de sponsoriser ce contenu.<\/p>\n\n\n\n<p><\/p>\n\n\n\n<h3 class=\"wp-block-heading\">Campagnes Cr\u00e9atives Tr\u00e8s Performantes \u2013 Exemples Pass\u00e9s<\/h3>\n\n\n\n<div class=\"wp-block-gslider-blocks-image-slider gslider-image-slider-wrapper gslider-image-slider-2bbc1d81 inside center has-pagination\" data-swiper-settings=\"{&quot;effect&quot;:&quot;slide&quot;,&quot;breakpoints&quot;:{&quot;0&quot;:{&quot;slidesPerView&quot;:1,&quot;spaceBetween&quot;:0,&quot;speed&quot;:800,&quot;autoplay&quot;:false,&quot;navigation&quot;:{&quot;enabled&quot;:true},&quot;pagination&quot;:{&quot;enabled&quot;:true}},&quot;768&quot;:{&quot;slidesPerView&quot;:1,&quot;spaceBetween&quot;:20,&quot;speed&quot;:800,&quot;autoplay&quot;:false,&quot;navigation&quot;:{&quot;enabled&quot;:true},&quot;pagination&quot;:{&quot;enabled&quot;:true}},&quot;1025&quot;:{&quot;slidesPerView&quot;:1,&quot;spaceBetween&quot;:20,&quot;speed&quot;:800,&quot;autoplay&quot;:false,&quot;navigation&quot;:{&quot;enabled&quot;:true},&quot;pagination&quot;:{&quot;enabled&quot;:true}}},&quot;loop&quot;:true,&quot;autoplay&quot;:false,&quot;allowTouchMove&quot;:true,&quot;mousewheel&quot;:false,&quot;keyboard&quot;:false,&quot;navigation&quot;:{&quot;enabled&quot;:true,&quot;nextEl&quot;:&quot;.swiper-button-next&quot;,&quot;prevEl&quot;:&quot;.swiper-button-prev&quot;},&quot;pagination&quot;:{&quot;enabled&quot;:true,&quot;el&quot;:&quot;.gslider-image-slider-2bbc1d81 .swiper-pagination-image-slider&quot;,&quot;type&quot;:&quot;bullets&quot;,&quot;dynamicBullets&quot;:false,&quot;clickable&quot;:true}}\"><div class=\"swiper\" role=\"region\" aria-label=\"Image Slider\"><div class=\"swiper-wrapper\"><div class=\"swiper-slide\"><div class=\"gslider-image-slider-content-wrapper \"><div class=\"gslider-image-item\" data-hover-effect=\"none\"><img decoding=\"async\" src=\"https:\/\/www.mountainnews.com\/fr\/wp-content\/uploads\/sites\/4\/2026\/03\/FR-SBYG.png\" alt=\"M\u00e9t\u00e9o Neige sponsoris\u00e9\"\/><\/div><div class=\"gslider-image-slider-caption\" aria-live=\"polite\">M\u00e9t\u00e9o Neige sponsoris\u00e9<\/div><\/div><\/div><div class=\"swiper-slide\"><div class=\"gslider-image-slider-content-wrapper \"><div class=\"gslider-image-item\" data-hover-effect=\"none\"><img decoding=\"async\" src=\"https:\/\/www.mountainnews.com\/fr\/wp-content\/uploads\/sites\/4\/2026\/03\/2026-03-24_10h11_26.png\" alt=\"Skitest Brand sponsoris\u00e9\"\/><\/div><div class=\"gslider-image-slider-caption\" aria-live=\"polite\">Skitest Brand sponsoris\u00e9<\/div><\/div><\/div><div class=\"swiper-slide\"><div class=\"gslider-image-slider-content-wrapper \"><div class=\"gslider-image-item\" data-hover-effect=\"none\"><img decoding=\"async\" src=\"https:\/\/www.mountainnews.com\/fr\/wp-content\/uploads\/sites\/4\/2026\/03\/2026-03-24_10h25_21.png\" alt=\"Skitest Brand sponsoris\u00e9\"\/><\/div><div class=\"gslider-image-slider-caption\" aria-live=\"polite\">Skitest Brand sponsoris\u00e9<\/div><\/div><\/div><\/div><div class=\"gslider-navigation-default-icon-wrapper inside center\"><div class=\"swiper-button-prev\" role=\"button\" tabindex=\"0\" aria-label=\"Previous slide\"><\/div><div class=\"swiper-button-next\" role=\"button\" tabindex=\"0\" aria-label=\"Next slide\"><\/div><\/div><\/div><div class=\"swiper-pagination swiper-pagination-image-slider swiper-pagination-gslider-image-slider-2bbc1d81\" aria-label=\"Carousel pagination\"><\/div><\/div>\n\n\n\n<h3 class=\"wp-block-heading\">Sp\u00e9cificit\u00e9s techniques<\/h3>\n\n\n\n<p><strong>Sponsoring \u201cM\u00e9t\u00e9o des Neiges\u201d<\/strong><\/p>\n\n\n\n<p><strong>Newsletter<\/strong><br>\u2022 Banni\u00e8re 600 x 200 (jpg,gif)<br>\u2022 Pas d&rsquo;animation<br>\u2022 Le CTA (appel \u00e0 l\u2019action) ne doit pas inclure le mot \u00ab\u00a0clic\u00a0\u00bb dans l&rsquo;image.<br>\u2022 URL pour le bouton Clic (balise de suivi de clic\/ click tag accept\u00e9s)<\/p>\n\n\n\n<p><strong>Logo<\/strong><br>\u2022 Mise en page verticale : au minimum 160 x 160 px<br>\u2022 Mise en page horizontale : au minimum 400 x 100 px<br>\u2022 Format de l&rsquo;image &#8211; JPG, GIF, PNG<br>\u2022 Les logos doivent \u00eatre fournis en couleur et en blanc.<br>\u2022 OPTIONNEL : un arri\u00e8re-plan transparent si cela correspond aux lignes directrices de votre marque.<br>\u2022 Taille du fichier : ne doit pas d\u00e9passer 50 kb<\/p>\n\n\n\n<p><strong>Article (publireportage)<\/strong><br>\u2022 Banni\u00e8re : 300&#215;250 px et 300&#215;600 px \/ 160X600 px<br>\u2022 Fichiers accept\u00e9s pour toutes les images : JPG ou GIF<br>\u2022 Taille maximale du fichier : 200kb<br>\u2022 URL de clic : 1 par annonce<br>\u2022 Possibilit\u00e9 d&rsquo;utiliser des balises publicitaires des tiers ou des balises de suivi\/pixel<\/p>\n\n\n\n<p><strong>Sponsoring Guide des id\u00e9es cadeaux<\/strong><\/p>\n\n\n\n<p><strong>Logo<\/strong><br>\u00a0\u00a0\u00a0o Mise en page verticale : minimum 160 x 160 px<br>\u00a0\u00a0\u00a0o Mise en page horizontale : minimum 400 x 100 px<br>\u00a0\u00a0\u00a0o Fichier accept\u00e9 : PNG uniquement<br>\u00a0\u00a0\u00a0o URL du site web<br>\u2022 Image du produit &#8211; 1024&#215;683 px<br>\u2022 Copie &#8211; Envoyez un communiqu\u00e9 de presse, une fiche ou un texte sur le produit.<br>\u2022 Tailles des banni\u00e8res &#8211; 728&#215;90 px, 300&#215;250 px, 300&#215;600 px, 160&#215;600 px et 320&#215;50 px<br>\u2022 Fichiers accept\u00e9s pour toutes les images : JPG, PNG, GIF<br>\u2022 Taille maximale du fichier : 200kb<br>\u00a0\u00a0\u00a0o URL de clic<br>\u00a0\u00a0\u00a0o Animation : moins de 3 boucles, pas de texte clignotant<br>\u00a0\u00a0\u00a0o Tags des tiers accept\u00e9s (les tags doivent \u00eatre s\u00e9curis\u00e9s)<br>\u00a0\u00a0\u00a0o Newsletter &#8211; 600 x 200 px<br>\u00a0\u00a0\u00a0o Fichiers accept\u00e9s pour les images JPG ou GIF<br>\u00a0\u00a0\u00a0o Taille &#8211; 200KB max<br>\u00a0\u00a0\u00a0o Pas d&rsquo;animation<br>\u00a0\u00a0\u00a0o Les cr\u00e9as ne doivent pas mentionner le mot \u00ab\u00a0clic\u00a0\u00bb ou toute autre variante.<br>\u00a0\u00a0\u00a0o URL pour le bouton Click<br>\u00a0\u00a0\u00a0o Texte du titre &#8211; 50 caract\u00e8res maximum (la ponctuation, les espaces, etc. sont<br>compt\u00e9s comme des caract\u00e8res). Pas de majuscules.<\/p>\n\n\n\n<p><\/p>\n\n\n\n<h3 class=\"wp-block-heading\"><strong>Recommandations<\/strong><\/h3>\n\n\n\n<p><strong>Article<\/strong><br>\u2022 Incluez une image produit claire et\/ou une photo unique mettant en valeur votre station ou destination<br>\u2022 L\u2019URL du site doit \u00eatre orient\u00e9e vers l\u2019e\u2011commerce et permettre aux utilisateurs d\u2019acheter le produit mis en avant en un seul clic<\/p>\n\n\n\n<p><\/p>\n","protected":false},"excerpt":{"rendered":"<p>Pr\u00e9sentation du produit M\u00e9t\u00e9o des Neiges Skiinfo publie chaque lundi et jeudi un bulletin avec les pr\u00e9visions m\u00e9t\u00e9o et neige. Nous en faisons la promotion par le biais de la newsletter, de l&rsquo;application mobile et des r\u00e9seaux sociaux. Nous offrons aux marques ou aux destinations la possibilit\u00e9 de sponsoriser ce contenu. Skitest Brand sponsoris\u00e9 Le<\/p>\n","protected":false},"author":2,"featured_media":0,"parent":27,"menu_order":0,"comment_status":"closed","ping_status":"closed","template":"","meta":{"footnotes":""},"class_list":["post-51","page","type-page","status-publish","hentry"],"yoast_head":"<!-- This site is optimized with the Yoast SEO plugin v27.1.1 - https:\/\/yoast.com\/product\/yoast-seo-wordpress\/ -->\n<title>Editorial sponsoris\u00e9 - Mountain News FR<\/title>\n<meta name=\"robots\" content=\"noindex, follow, max-snippet:-1, max-image-preview:large, max-video-preview:-1\" \/>\n<meta property=\"og:locale\" content=\"fr_FR\" \/>\n<meta property=\"og:type\" content=\"article\" \/>\n<meta property=\"og:title\" content=\"Editorial sponsoris\u00e9 - Mountain News FR\" \/>\n<meta property=\"og:description\" content=\"Pr\u00e9sentation du produit M\u00e9t\u00e9o des Neiges Skiinfo publie chaque lundi et jeudi un bulletin avec les pr\u00e9visions m\u00e9t\u00e9o et neige. Nous en faisons la promotion par le biais de la newsletter, de l&rsquo;application mobile et des r\u00e9seaux sociaux. Nous offrons aux marques ou aux destinations la possibilit\u00e9 de sponsoriser ce contenu. Skitest Brand sponsoris\u00e9 Le\" \/>\n<meta property=\"og:site_name\" content=\"Mountain News FR\" \/>\n<meta property=\"article:modified_time\" content=\"2026-03-24T10:27:19+00:00\" \/>\n<meta property=\"og:image\" content=\"https:\/\/www.mountainnews.com\/fr\/wp-content\/uploads\/sites\/4\/2026\/03\/FR-SBYG.png\" \/>\n<meta name=\"twitter:card\" content=\"summary_large_image\" \/>\n<meta name=\"twitter:label1\" content=\"Est. reading time\" \/>\n\t<meta name=\"twitter:data1\" content=\"4 minutes\" \/>\n<script type=\"application\/ld+json\" class=\"yoast-schema-graph\">{\"@context\":\"https:\/\/schema.org\",\"@graph\":[{\"@type\":\"WebPage\",\"@id\":\"https:\/\/www.mountainnews.com\/fr\/advertising-partner-resources\/editorial-sponsorships\/\",\"url\":\"https:\/\/www.mountainnews.com\/fr\/advertising-partner-resources\/editorial-sponsorships\/\",\"name\":\"Editorial sponsoris\u00e9 - Mountain News FR\",\"isPartOf\":{\"@id\":\"https:\/\/www.mountainnews.com\/fr\/#website\"},\"primaryImageOfPage\":{\"@id\":\"https:\/\/www.mountainnews.com\/fr\/advertising-partner-resources\/editorial-sponsorships\/#primaryimage\"},\"image\":{\"@id\":\"https:\/\/www.mountainnews.com\/fr\/advertising-partner-resources\/editorial-sponsorships\/#primaryimage\"},\"thumbnailUrl\":\"https:\/\/www.mountainnews.com\/fr\/wp-content\/uploads\/sites\/4\/2026\/03\/FR-SBYG.png\",\"datePublished\":\"2026-02-23T18:59:33+00:00\",\"dateModified\":\"2026-03-24T10:27:19+00:00\",\"breadcrumb\":{\"@id\":\"https:\/\/www.mountainnews.com\/fr\/advertising-partner-resources\/editorial-sponsorships\/#breadcrumb\"},\"inLanguage\":\"fr-FR\",\"potentialAction\":[{\"@type\":\"ReadAction\",\"target\":[\"https:\/\/www.mountainnews.com\/fr\/advertising-partner-resources\/editorial-sponsorships\/\"]}]},{\"@type\":\"ImageObject\",\"inLanguage\":\"fr-FR\",\"@id\":\"https:\/\/www.mountainnews.com\/fr\/advertising-partner-resources\/editorial-sponsorships\/#primaryimage\",\"url\":\"https:\/\/www.mountainnews.com\/fr\/wp-content\/uploads\/sites\/4\/2026\/03\/FR-SBYG.png\",\"contentUrl\":\"https:\/\/www.mountainnews.com\/fr\/wp-content\/uploads\/sites\/4\/2026\/03\/FR-SBYG.png\",\"width\":887,\"height\":507,\"caption\":\"M\u00e9t\u00e9o Neige sponsoris\u00e9\"},{\"@type\":\"BreadcrumbList\",\"@id\":\"https:\/\/www.mountainnews.com\/fr\/advertising-partner-resources\/editorial-sponsorships\/#breadcrumb\",\"itemListElement\":[{\"@type\":\"ListItem\",\"position\":1,\"name\":\"Home\",\"item\":\"https:\/\/www.mountainnews.com\/fr\/\"},{\"@type\":\"ListItem\",\"position\":2,\"name\":\"RESSOURCES POUR LES PARTENAIRES PUBLICITAIRES\",\"item\":\"https:\/\/www.mountainnews.com\/fr\/advertising-partner-resources\/\"},{\"@type\":\"ListItem\",\"position\":3,\"name\":\"Editorial sponsoris\u00e9\"}]},{\"@type\":\"WebSite\",\"@id\":\"https:\/\/www.mountainnews.com\/fr\/#website\",\"url\":\"https:\/\/www.mountainnews.com\/fr\/\",\"name\":\"Mountain News FR\",\"description\":\"\",\"potentialAction\":[{\"@type\":\"SearchAction\",\"target\":{\"@type\":\"EntryPoint\",\"urlTemplate\":\"https:\/\/www.mountainnews.com\/fr\/?s={search_term_string}\"},\"query-input\":{\"@type\":\"PropertyValueSpecification\",\"valueRequired\":true,\"valueName\":\"search_term_string\"}}],\"inLanguage\":\"fr-FR\"}]}<\/script>\n<!-- \/ Yoast SEO plugin. -->","yoast_head_json":{"title":"Editorial sponsoris\u00e9 - Mountain News FR","robots":{"index":"noindex","follow":"follow","max-snippet":"max-snippet:-1","max-image-preview":"max-image-preview:large","max-video-preview":"max-video-preview:-1"},"og_locale":"fr_FR","og_type":"article","og_title":"Editorial sponsoris\u00e9 - Mountain News FR","og_description":"Pr\u00e9sentation du produit M\u00e9t\u00e9o des Neiges Skiinfo publie chaque lundi et jeudi un bulletin avec les pr\u00e9visions m\u00e9t\u00e9o et neige. Nous en faisons la promotion par le biais de la newsletter, de l&rsquo;application mobile et des r\u00e9seaux sociaux. Nous offrons aux marques ou aux destinations la possibilit\u00e9 de sponsoriser ce contenu. Skitest Brand sponsoris\u00e9 Le","og_site_name":"Mountain News FR","article_modified_time":"2026-03-24T10:27:19+00:00","og_image":[{"url":"https:\/\/www.mountainnews.com\/fr\/wp-content\/uploads\/sites\/4\/2026\/03\/FR-SBYG.png","type":"","width":"","height":""}],"twitter_card":"summary_large_image","twitter_misc":{"Est. reading time":"4 minutes"},"schema":{"@context":"https:\/\/schema.org","@graph":[{"@type":"WebPage","@id":"https:\/\/www.mountainnews.com\/fr\/advertising-partner-resources\/editorial-sponsorships\/","url":"https:\/\/www.mountainnews.com\/fr\/advertising-partner-resources\/editorial-sponsorships\/","name":"Editorial sponsoris\u00e9 - Mountain News FR","isPartOf":{"@id":"https:\/\/www.mountainnews.com\/fr\/#website"},"primaryImageOfPage":{"@id":"https:\/\/www.mountainnews.com\/fr\/advertising-partner-resources\/editorial-sponsorships\/#primaryimage"},"image":{"@id":"https:\/\/www.mountainnews.com\/fr\/advertising-partner-resources\/editorial-sponsorships\/#primaryimage"},"thumbnailUrl":"https:\/\/www.mountainnews.com\/fr\/wp-content\/uploads\/sites\/4\/2026\/03\/FR-SBYG.png","datePublished":"2026-02-23T18:59:33+00:00","dateModified":"2026-03-24T10:27:19+00:00","breadcrumb":{"@id":"https:\/\/www.mountainnews.com\/fr\/advertising-partner-resources\/editorial-sponsorships\/#breadcrumb"},"inLanguage":"fr-FR","potentialAction":[{"@type":"ReadAction","target":["https:\/\/www.mountainnews.com\/fr\/advertising-partner-resources\/editorial-sponsorships\/"]}]},{"@type":"ImageObject","inLanguage":"fr-FR","@id":"https:\/\/www.mountainnews.com\/fr\/advertising-partner-resources\/editorial-sponsorships\/#primaryimage","url":"https:\/\/www.mountainnews.com\/fr\/wp-content\/uploads\/sites\/4\/2026\/03\/FR-SBYG.png","contentUrl":"https:\/\/www.mountainnews.com\/fr\/wp-content\/uploads\/sites\/4\/2026\/03\/FR-SBYG.png","width":887,"height":507,"caption":"M\u00e9t\u00e9o Neige sponsoris\u00e9"},{"@type":"BreadcrumbList","@id":"https:\/\/www.mountainnews.com\/fr\/advertising-partner-resources\/editorial-sponsorships\/#breadcrumb","itemListElement":[{"@type":"ListItem","position":1,"name":"Home","item":"https:\/\/www.mountainnews.com\/fr\/"},{"@type":"ListItem","position":2,"name":"RESSOURCES POUR LES PARTENAIRES PUBLICITAIRES","item":"https:\/\/www.mountainnews.com\/fr\/advertising-partner-resources\/"},{"@type":"ListItem","position":3,"name":"Editorial sponsoris\u00e9"}]},{"@type":"WebSite","@id":"https:\/\/www.mountainnews.com\/fr\/#website","url":"https:\/\/www.mountainnews.com\/fr\/","name":"Mountain News FR","description":"","potentialAction":[{"@type":"SearchAction","target":{"@type":"EntryPoint","urlTemplate":"https:\/\/www.mountainnews.com\/fr\/?s={search_term_string}"},"query-input":{"@type":"PropertyValueSpecification","valueRequired":true,"valueName":"search_term_string"}}],"inLanguage":"fr-FR"}]}},"_links":{"self":[{"href":"https:\/\/www.mountainnews.com\/fr\/wp-json\/wp\/v2\/pages\/51","targetHints":{"allow":["GET"]}}],"collection":[{"href":"https:\/\/www.mountainnews.com\/fr\/wp-json\/wp\/v2\/pages"}],"about":[{"href":"https:\/\/www.mountainnews.com\/fr\/wp-json\/wp\/v2\/types\/page"}],"author":[{"embeddable":true,"href":"https:\/\/www.mountainnews.com\/fr\/wp-json\/wp\/v2\/users\/2"}],"replies":[{"embeddable":true,"href":"https:\/\/www.mountainnews.com\/fr\/wp-json\/wp\/v2\/comments?post=51"}],"version-history":[{"count":0,"href":"https:\/\/www.mountainnews.com\/fr\/wp-json\/wp\/v2\/pages\/51\/revisions"}],"up":[{"embeddable":true,"href":"https:\/\/www.mountainnews.com\/fr\/wp-json\/wp\/v2\/pages\/27"}],"wp:attachment":[{"href":"https:\/\/www.mountainnews.com\/fr\/wp-json\/wp\/v2\/media?parent=51"}],"curies":[{"name":"wp","href":"https:\/\/api.w.org\/{rel}","templated":true}]}}