{"id":48,"date":"2026-02-23T18:57:44","date_gmt":"2026-02-23T18:57:44","guid":{"rendered":"https:\/\/mncstage.wpenginepowered.com\/?page_id=48"},"modified":"2026-03-23T14:28:07","modified_gmt":"2026-03-23T14:28:07","slug":"mobile-inbox","status":"publish","type":"page","link":"https:\/\/www.mountainnews.com\/fr\/advertising-partner-resources\/mobile-inbox\/","title":{"rendered":"Mobile Inbox"},"content":{"rendered":"\n<h2 class=\"wp-block-heading\">Pr\u00e9sentation du produit<\/h2>\n\n\n\n<p>Envoi de votre message personnalis\u00e9 \u00e0 plus de 130.000 utilisateurs en France : Skiinfo est l&rsquo;application de r\u00e9f\u00e9rence pour tous skieurs et snowboarders. Elle est la plus t\u00e9l\u00e9charg\u00e9e au monde. Les utilisateurs l&rsquo;appr\u00e9cient pour son contenu de qualit\u00e9, qu&rsquo;il s&rsquo;agisse des donn\u00e9es d&rsquo;enneigement mises \u00e0 jour par les stations, des pr\u00e9visions m\u00e9t\u00e9o, des webcams, mais aussi pour la possibilit\u00e9 de partager leur exp\u00e9rience \u00ab\u00a0station\u00a0\u00bb en postant et partageant des photos et commentaires en temps r\u00e9el.<\/p>\n\n\n\n<h3 class=\"wp-block-heading\">Campagnes Cr\u00e9atives Tr\u00e8s Performantes &#8211; Exemples Pass\u00e9s<\/h3>\n\n\n\n<div class=\"wp-block-gslider-blocks-image-slider gslider-image-slider-wrapper gslider-image-slider-0bf482fd inside center has-pagination\" data-swiper-settings=\"{&quot;effect&quot;:&quot;slide&quot;,&quot;breakpoints&quot;:{&quot;0&quot;:{&quot;slidesPerView&quot;:1,&quot;spaceBetween&quot;:0,&quot;speed&quot;:800,&quot;autoplay&quot;:false,&quot;navigation&quot;:{&quot;enabled&quot;:true},&quot;pagination&quot;:{&quot;enabled&quot;:true}},&quot;768&quot;:{&quot;slidesPerView&quot;:1,&quot;spaceBetween&quot;:20,&quot;speed&quot;:800,&quot;autoplay&quot;:false,&quot;navigation&quot;:{&quot;enabled&quot;:true},&quot;pagination&quot;:{&quot;enabled&quot;:true}},&quot;1025&quot;:{&quot;slidesPerView&quot;:1,&quot;spaceBetween&quot;:20,&quot;speed&quot;:800,&quot;autoplay&quot;:false,&quot;navigation&quot;:{&quot;enabled&quot;:true},&quot;pagination&quot;:{&quot;enabled&quot;:true}}},&quot;loop&quot;:true,&quot;autoplay&quot;:false,&quot;allowTouchMove&quot;:true,&quot;mousewheel&quot;:false,&quot;keyboard&quot;:false,&quot;navigation&quot;:{&quot;enabled&quot;:true,&quot;nextEl&quot;:&quot;.swiper-button-next&quot;,&quot;prevEl&quot;:&quot;.swiper-button-prev&quot;},&quot;pagination&quot;:{&quot;enabled&quot;:true,&quot;el&quot;:&quot;.gslider-image-slider-0bf482fd .swiper-pagination-image-slider&quot;,&quot;type&quot;:&quot;bullets&quot;,&quot;dynamicBullets&quot;:false,&quot;clickable&quot;:true}}\"><div class=\"swiper\" role=\"region\" aria-label=\"Image Slider\"><div class=\"swiper-wrapper\"><div class=\"swiper-slide\"><div class=\"gslider-image-slider-content-wrapper \"><div class=\"gslider-image-item\" data-hover-effect=\"none\"><img decoding=\"async\" src=\"https:\/\/www.mountainnews.com\/fr\/wp-content\/uploads\/sites\/4\/2026\/03\/FR-mobile-inbox-endemic.jpg\" alt=\"Mobile Inbox\"\/><\/div><div class=\"gslider-image-slider-caption\" aria-live=\"polite\">Mobile Inbox<\/div><\/div><\/div><div class=\"swiper-slide\"><div class=\"gslider-image-slider-content-wrapper \"><div class=\"gslider-image-item\" data-hover-effect=\"none\"><img decoding=\"async\" src=\"https:\/\/www.mountainnews.com\/fr\/wp-content\/uploads\/sites\/4\/2026\/03\/FR-mobile-inbox.jpg\" alt=\"Mobile Inbox\"\/><\/div><div class=\"gslider-image-slider-caption\" aria-live=\"polite\">Mobile Inbox<\/div><\/div><\/div><\/div><div class=\"gslider-navigation-default-icon-wrapper inside center\"><div class=\"swiper-button-prev\" role=\"button\" tabindex=\"0\" aria-label=\"Previous slide\"><\/div><div class=\"swiper-button-next\" role=\"button\" tabindex=\"0\" aria-label=\"Next slide\"><\/div><\/div><\/div><div class=\"swiper-pagination swiper-pagination-image-slider swiper-pagination-gslider-image-slider-0bf482fd\" aria-label=\"Carousel pagination\"><\/div><\/div>\n\n\n\n<h3 class=\"wp-block-heading\">Sp\u00e9cificit\u00e9s techniques<\/h3>\n\n\n\n<p><strong>Texte de la Notification Push \u2013<\/strong>&nbsp;30 charact\u00e8res max et lien pour cliquer sur l&rsquo;URL.<\/p>\n\n\n\n<p><strong>Plein \u00c9cran : Image Int\u00e9grale<\/strong><br>\u2022 Image &#8211; 640&#215;960 (JPG), poids maximal 500 kb<br>\u2022 Titre de la notification mobile &#8211; 30 caract\u00e8res maximum (appara\u00eet en haut du texte de la notification)<br>\u2022 Texte de la notification mobile &#8211; 70 caract\u00e8res maximum.<br>\u2022 Titre dans le centre de messages (ligne d&rsquo;objet) &#8211; 30 caract\u00e8res maximum (ce titre appara\u00eet dans la bo\u00eete de r\u00e9ception de l&rsquo;utilisateur)<br>\u2022 CTA (bouton d\u2019appel \u00e0 l\u2019action) dans l&rsquo;image (facultatif)<\/p>\n\n\n\n<p><strong>&#8211; OU &#8211;<\/strong><\/p>\n\n\n\n<p><strong>Demi \u00c9cram Image avec Texte<\/strong><br>\u2022 Image &#8211; 640&#215;480 (JPG), poids maximal 500 kb<br>\u2022 Texte du titre &#8211; 17 caract\u00e8res maximum<br>\u2022 Corps du texte &#8211; 50 mots maximum<br>\u2022 Cliquez sur les URL (limite 2)<br>\u2022 Veuillez indiquer quel texte doit \u00eatre mis en lien hypertexte<br>\u2022 Titre de la notification mobile &#8211; 30 caract\u00e8res maximum (appara\u00eet en haut du texte de la notification)<br>\u2022 Texte de la notification mobile &#8211; 70 caract\u00e8res maximum.<br>\u2022 Titre du centre de messages (ligne d&rsquo;objet) &#8211; 30 caract\u00e8res maximum (ce titre appara\u00eet dans la bo\u00eete de r\u00e9ception de l&rsquo;utilisateur)<br>\u2022 Texte du CTA (bouton d&rsquo;appel \u00e0 l\u2019action) + URL de clic<\/p>\n\n\n\n<h3 class=\"wp-block-heading\">Recommandations\u00a0<\/h3>\n\n\n\n<p>Titre de centre de messages (ligne d&rsquo;objet) \u2013 Il doit \u00eatre court et compl\u00e9ter le titre\/le texte de la notification push\u200b<\/p>\n\n\n\n<p><strong>Format Plein \u00e9cran<\/strong><br>\u2022 Incorporer une photographie unique\u200b<br>\u2022 Texte de notification push \u2013 Soyez court pour optimiser l&rsquo;engagement\u200b<br>\u2022 Bouton d&rsquo;appel \u00e0 l&rsquo;action dans l&rsquo;image (facultatif)\u200b<\/p>\n\n\n\n<p><strong>Format demi \u00e9cran + Texte<\/strong><\/p>\n\n\n\n<p>\u2022 Assurez-vous que le message est simple et conforme \u00e0 la marque<br><strong>\u2022 <\/strong>Bouton d&rsquo;appel au clic : les CTA doivent \u00eatre courts, significatifs et orient\u00e9s vers l&rsquo;action.<\/p>\n","protected":false},"excerpt":{"rendered":"<p>Pr\u00e9sentation du produit Envoi de votre message personnalis\u00e9 \u00e0 plus de 130.000 utilisateurs en France : Skiinfo est l&rsquo;application de r\u00e9f\u00e9rence pour tous skieurs et snowboarders. Elle est la plus t\u00e9l\u00e9charg\u00e9e au monde. Les utilisateurs l&rsquo;appr\u00e9cient pour son contenu de qualit\u00e9, qu&rsquo;il s&rsquo;agisse des donn\u00e9es d&rsquo;enneigement mises \u00e0 jour par les stations, des pr\u00e9visions m\u00e9t\u00e9o,<\/p>\n","protected":false},"author":2,"featured_media":0,"parent":27,"menu_order":0,"comment_status":"closed","ping_status":"closed","template":"","meta":{"footnotes":""},"class_list":["post-48","page","type-page","status-publish","hentry"],"yoast_head":"<!-- This site is optimized with the Yoast SEO plugin v27.1.1 - https:\/\/yoast.com\/product\/yoast-seo-wordpress\/ -->\n<title>Mobile Inbox - Mountain News FR<\/title>\n<meta name=\"robots\" content=\"noindex, follow, max-snippet:-1, max-image-preview:large, max-video-preview:-1\" \/>\n<meta property=\"og:locale\" content=\"fr_FR\" \/>\n<meta property=\"og:type\" content=\"article\" \/>\n<meta property=\"og:title\" content=\"Mobile Inbox - Mountain News FR\" \/>\n<meta property=\"og:description\" content=\"Pr\u00e9sentation du produit Envoi de votre message personnalis\u00e9 \u00e0 plus de 130.000 utilisateurs en France : Skiinfo est l&rsquo;application de r\u00e9f\u00e9rence pour tous skieurs et snowboarders. Elle est la plus t\u00e9l\u00e9charg\u00e9e au monde. Les utilisateurs l&rsquo;appr\u00e9cient pour son contenu de qualit\u00e9, qu&rsquo;il s&rsquo;agisse des donn\u00e9es d&rsquo;enneigement mises \u00e0 jour par les stations, des pr\u00e9visions m\u00e9t\u00e9o,\" \/>\n<meta property=\"og:site_name\" content=\"Mountain News FR\" \/>\n<meta property=\"article:modified_time\" content=\"2026-03-23T14:28:07+00:00\" \/>\n<meta property=\"og:image\" content=\"https:\/\/www.mountainnews.com\/fr\/wp-content\/uploads\/sites\/4\/2026\/03\/FR-mobile-inbox-endemic.jpg\" \/>\n<meta name=\"twitter:card\" content=\"summary_large_image\" \/>\n<meta name=\"twitter:label1\" content=\"Est. reading time\" \/>\n\t<meta name=\"twitter:data1\" content=\"3 minutes\" \/>\n<script type=\"application\/ld+json\" class=\"yoast-schema-graph\">{\"@context\":\"https:\/\/schema.org\",\"@graph\":[{\"@type\":\"WebPage\",\"@id\":\"https:\/\/www.mountainnews.com\/fr\/advertising-partner-resources\/mobile-inbox\/\",\"url\":\"https:\/\/www.mountainnews.com\/fr\/advertising-partner-resources\/mobile-inbox\/\",\"name\":\"Mobile Inbox - Mountain News FR\",\"isPartOf\":{\"@id\":\"https:\/\/www.mountainnews.com\/fr\/#website\"},\"primaryImageOfPage\":{\"@id\":\"https:\/\/www.mountainnews.com\/fr\/advertising-partner-resources\/mobile-inbox\/#primaryimage\"},\"image\":{\"@id\":\"https:\/\/www.mountainnews.com\/fr\/advertising-partner-resources\/mobile-inbox\/#primaryimage\"},\"thumbnailUrl\":\"https:\/\/www.mountainnews.com\/fr\/wp-content\/uploads\/sites\/4\/2026\/03\/FR-mobile-inbox-endemic.jpg\",\"datePublished\":\"2026-02-23T18:57:44+00:00\",\"dateModified\":\"2026-03-23T14:28:07+00:00\",\"breadcrumb\":{\"@id\":\"https:\/\/www.mountainnews.com\/fr\/advertising-partner-resources\/mobile-inbox\/#breadcrumb\"},\"inLanguage\":\"fr-FR\",\"potentialAction\":[{\"@type\":\"ReadAction\",\"target\":[\"https:\/\/www.mountainnews.com\/fr\/advertising-partner-resources\/mobile-inbox\/\"]}]},{\"@type\":\"ImageObject\",\"inLanguage\":\"fr-FR\",\"@id\":\"https:\/\/www.mountainnews.com\/fr\/advertising-partner-resources\/mobile-inbox\/#primaryimage\",\"url\":\"https:\/\/www.mountainnews.com\/fr\/wp-content\/uploads\/sites\/4\/2026\/03\/FR-mobile-inbox-endemic.jpg\",\"contentUrl\":\"https:\/\/www.mountainnews.com\/fr\/wp-content\/uploads\/sites\/4\/2026\/03\/FR-mobile-inbox-endemic.jpg\",\"width\":880,\"height\":506,\"caption\":\"Mobile Inbox\"},{\"@type\":\"BreadcrumbList\",\"@id\":\"https:\/\/www.mountainnews.com\/fr\/advertising-partner-resources\/mobile-inbox\/#breadcrumb\",\"itemListElement\":[{\"@type\":\"ListItem\",\"position\":1,\"name\":\"Home\",\"item\":\"https:\/\/www.mountainnews.com\/fr\/\"},{\"@type\":\"ListItem\",\"position\":2,\"name\":\"RESSOURCES POUR LES PARTENAIRES PUBLICITAIRES\",\"item\":\"https:\/\/www.mountainnews.com\/fr\/advertising-partner-resources\/\"},{\"@type\":\"ListItem\",\"position\":3,\"name\":\"Mobile Inbox\"}]},{\"@type\":\"WebSite\",\"@id\":\"https:\/\/www.mountainnews.com\/fr\/#website\",\"url\":\"https:\/\/www.mountainnews.com\/fr\/\",\"name\":\"Mountain News FR\",\"description\":\"\",\"potentialAction\":[{\"@type\":\"SearchAction\",\"target\":{\"@type\":\"EntryPoint\",\"urlTemplate\":\"https:\/\/www.mountainnews.com\/fr\/?s={search_term_string}\"},\"query-input\":{\"@type\":\"PropertyValueSpecification\",\"valueRequired\":true,\"valueName\":\"search_term_string\"}}],\"inLanguage\":\"fr-FR\"}]}<\/script>\n<!-- \/ Yoast SEO plugin. -->","yoast_head_json":{"title":"Mobile Inbox - Mountain News FR","robots":{"index":"noindex","follow":"follow","max-snippet":"max-snippet:-1","max-image-preview":"max-image-preview:large","max-video-preview":"max-video-preview:-1"},"og_locale":"fr_FR","og_type":"article","og_title":"Mobile Inbox - Mountain News FR","og_description":"Pr\u00e9sentation du produit Envoi de votre message personnalis\u00e9 \u00e0 plus de 130.000 utilisateurs en France : Skiinfo est l&rsquo;application de r\u00e9f\u00e9rence pour tous skieurs et snowboarders. Elle est la plus t\u00e9l\u00e9charg\u00e9e au monde. Les utilisateurs l&rsquo;appr\u00e9cient pour son contenu de qualit\u00e9, qu&rsquo;il s&rsquo;agisse des donn\u00e9es d&rsquo;enneigement mises \u00e0 jour par les stations, des pr\u00e9visions m\u00e9t\u00e9o,","og_site_name":"Mountain News FR","article_modified_time":"2026-03-23T14:28:07+00:00","og_image":[{"url":"https:\/\/www.mountainnews.com\/fr\/wp-content\/uploads\/sites\/4\/2026\/03\/FR-mobile-inbox-endemic.jpg","type":"","width":"","height":""}],"twitter_card":"summary_large_image","twitter_misc":{"Est. reading time":"3 minutes"},"schema":{"@context":"https:\/\/schema.org","@graph":[{"@type":"WebPage","@id":"https:\/\/www.mountainnews.com\/fr\/advertising-partner-resources\/mobile-inbox\/","url":"https:\/\/www.mountainnews.com\/fr\/advertising-partner-resources\/mobile-inbox\/","name":"Mobile Inbox - Mountain News FR","isPartOf":{"@id":"https:\/\/www.mountainnews.com\/fr\/#website"},"primaryImageOfPage":{"@id":"https:\/\/www.mountainnews.com\/fr\/advertising-partner-resources\/mobile-inbox\/#primaryimage"},"image":{"@id":"https:\/\/www.mountainnews.com\/fr\/advertising-partner-resources\/mobile-inbox\/#primaryimage"},"thumbnailUrl":"https:\/\/www.mountainnews.com\/fr\/wp-content\/uploads\/sites\/4\/2026\/03\/FR-mobile-inbox-endemic.jpg","datePublished":"2026-02-23T18:57:44+00:00","dateModified":"2026-03-23T14:28:07+00:00","breadcrumb":{"@id":"https:\/\/www.mountainnews.com\/fr\/advertising-partner-resources\/mobile-inbox\/#breadcrumb"},"inLanguage":"fr-FR","potentialAction":[{"@type":"ReadAction","target":["https:\/\/www.mountainnews.com\/fr\/advertising-partner-resources\/mobile-inbox\/"]}]},{"@type":"ImageObject","inLanguage":"fr-FR","@id":"https:\/\/www.mountainnews.com\/fr\/advertising-partner-resources\/mobile-inbox\/#primaryimage","url":"https:\/\/www.mountainnews.com\/fr\/wp-content\/uploads\/sites\/4\/2026\/03\/FR-mobile-inbox-endemic.jpg","contentUrl":"https:\/\/www.mountainnews.com\/fr\/wp-content\/uploads\/sites\/4\/2026\/03\/FR-mobile-inbox-endemic.jpg","width":880,"height":506,"caption":"Mobile Inbox"},{"@type":"BreadcrumbList","@id":"https:\/\/www.mountainnews.com\/fr\/advertising-partner-resources\/mobile-inbox\/#breadcrumb","itemListElement":[{"@type":"ListItem","position":1,"name":"Home","item":"https:\/\/www.mountainnews.com\/fr\/"},{"@type":"ListItem","position":2,"name":"RESSOURCES POUR LES PARTENAIRES PUBLICITAIRES","item":"https:\/\/www.mountainnews.com\/fr\/advertising-partner-resources\/"},{"@type":"ListItem","position":3,"name":"Mobile Inbox"}]},{"@type":"WebSite","@id":"https:\/\/www.mountainnews.com\/fr\/#website","url":"https:\/\/www.mountainnews.com\/fr\/","name":"Mountain News FR","description":"","potentialAction":[{"@type":"SearchAction","target":{"@type":"EntryPoint","urlTemplate":"https:\/\/www.mountainnews.com\/fr\/?s={search_term_string}"},"query-input":{"@type":"PropertyValueSpecification","valueRequired":true,"valueName":"search_term_string"}}],"inLanguage":"fr-FR"}]}},"_links":{"self":[{"href":"https:\/\/www.mountainnews.com\/fr\/wp-json\/wp\/v2\/pages\/48","targetHints":{"allow":["GET"]}}],"collection":[{"href":"https:\/\/www.mountainnews.com\/fr\/wp-json\/wp\/v2\/pages"}],"about":[{"href":"https:\/\/www.mountainnews.com\/fr\/wp-json\/wp\/v2\/types\/page"}],"author":[{"embeddable":true,"href":"https:\/\/www.mountainnews.com\/fr\/wp-json\/wp\/v2\/users\/2"}],"replies":[{"embeddable":true,"href":"https:\/\/www.mountainnews.com\/fr\/wp-json\/wp\/v2\/comments?post=48"}],"version-history":[{"count":0,"href":"https:\/\/www.mountainnews.com\/fr\/wp-json\/wp\/v2\/pages\/48\/revisions"}],"up":[{"embeddable":true,"href":"https:\/\/www.mountainnews.com\/fr\/wp-json\/wp\/v2\/pages\/27"}],"wp:attachment":[{"href":"https:\/\/www.mountainnews.com\/fr\/wp-json\/wp\/v2\/media?parent=48"}],"curies":[{"name":"wp","href":"https:\/\/api.w.org\/{rel}","templated":true}]}}