{"id":47,"date":"2026-02-23T18:57:32","date_gmt":"2026-02-23T18:57:32","guid":{"rendered":"https:\/\/mncstage.wpenginepowered.com\/?page_id=47"},"modified":"2026-03-23T13:17:31","modified_gmt":"2026-03-23T13:17:31","slug":"sponsored-newsletter","status":"publish","type":"page","link":"https:\/\/www.mountainnews.com\/fr\/advertising-partner-resources\/sponsored-newsletter\/","title":{"rendered":"Sponsoring de la newsletter hebdo"},"content":{"rendered":"\n<h2 class=\"wp-block-heading\">Pr\u00e9sentation du produit<\/h2>\n\n\n\n<p>La newsletter hebdomadaire de Skiinfo int\u00e8gre ses partenaires par le biais de leur publicit\u00e9 Native afin d&rsquo;accro\u00eetre la notori\u00e9t\u00e9 de la marque et d&rsquo;augmenter le trafic sur leur site web.<\/p>\n\n\n\n<h3 class=\"wp-block-heading\">Campagnes Cr\u00e9atives Tr\u00e8s Performantes &#8211; Exemples Pass\u00e9s<\/h3>\n\n\n\n<div class=\"wp-block-gslider-blocks-image-slider gslider-image-slider-wrapper gslider-image-slider-f9709913 inside center has-pagination\" data-swiper-settings=\"{&quot;effect&quot;:&quot;slide&quot;,&quot;breakpoints&quot;:{&quot;0&quot;:{&quot;slidesPerView&quot;:1,&quot;spaceBetween&quot;:0,&quot;speed&quot;:800,&quot;autoplay&quot;:false,&quot;navigation&quot;:{&quot;enabled&quot;:true},&quot;pagination&quot;:{&quot;enabled&quot;:true}},&quot;768&quot;:{&quot;slidesPerView&quot;:1,&quot;spaceBetween&quot;:20,&quot;speed&quot;:800,&quot;autoplay&quot;:false,&quot;navigation&quot;:{&quot;enabled&quot;:true},&quot;pagination&quot;:{&quot;enabled&quot;:true}},&quot;1025&quot;:{&quot;slidesPerView&quot;:1,&quot;spaceBetween&quot;:20,&quot;speed&quot;:800,&quot;autoplay&quot;:false,&quot;navigation&quot;:{&quot;enabled&quot;:true},&quot;pagination&quot;:{&quot;enabled&quot;:true}}},&quot;loop&quot;:true,&quot;autoplay&quot;:false,&quot;allowTouchMove&quot;:true,&quot;mousewheel&quot;:false,&quot;keyboard&quot;:false,&quot;navigation&quot;:{&quot;enabled&quot;:true,&quot;nextEl&quot;:&quot;.swiper-button-next&quot;,&quot;prevEl&quot;:&quot;.swiper-button-prev&quot;},&quot;pagination&quot;:{&quot;enabled&quot;:true,&quot;el&quot;:&quot;.gslider-image-slider-f9709913 .swiper-pagination-image-slider&quot;,&quot;type&quot;:&quot;bullets&quot;,&quot;dynamicBullets&quot;:false,&quot;clickable&quot;:true}}\"><div class=\"swiper\" role=\"region\" aria-label=\"Image Slider\"><div class=\"swiper-wrapper\"><div class=\"swiper-slide\"><div class=\"gslider-image-slider-content-wrapper \"><div class=\"gslider-image-item\" data-hover-effect=\"none\"><img decoding=\"async\" src=\"https:\/\/www.mountainnews.com\/fr\/wp-content\/uploads\/sites\/4\/2026\/03\/FR-NL-insertion.png\" alt=\"Sponsoring de la newsletter hebdo\"\/><\/div><div class=\"gslider-image-slider-caption\" aria-live=\"polite\">Sponsoring de la newsletter hebdo<\/div><\/div><\/div><\/div><div class=\"gslider-navigation-default-icon-wrapper inside center\"><div class=\"swiper-button-prev\" role=\"button\" tabindex=\"0\" aria-label=\"Previous slide\"><\/div><div class=\"swiper-button-next\" role=\"button\" tabindex=\"0\" aria-label=\"Next slide\"><\/div><\/div><\/div><div class=\"swiper-pagination swiper-pagination-image-slider swiper-pagination-gslider-image-slider-f9709913\" aria-label=\"Carousel pagination\"><\/div><\/div>\n\n\n\n<h3 class=\"wp-block-heading\">Sp\u00e9cificit\u00e9s techniques<\/h3>\n\n\n\n<p><strong>Image Avec Texte<\/strong><br>Ligne d&rsquo;Objet\u2013 50 charact\u00e8res max (ponctuation, espaces, etc. compt\u00e9s ). Pas de majuscules.<br>\u2022Corps de texte &#8211; 50 mots maximum.<br>\u2022Inclure un CTA<br>\u2022Pas de mise en forme du texte (gras, italique, sauts de ligne, etc.).<br>\u2022N&rsquo;incluez pas d&rsquo;URL de site web ou d&rsquo;adresse \u00e9lectronique dans le corps du texte.<br>\u2022Image &#8211; 264 x 176 px (gif ou jpg).<br>\u2022Pas d&rsquo;animation<br>\u2022Les cr\u00e9as ne doivent pas inclure le mot \u00ab\u00a0clic\u00a0\u00bb ou toute autre variante.<br>\u2022Cliquez sur l&rsquo;URL<\/p>\n\n\n\n<p><strong>&#8211; OU &#8211;<\/strong><\/p>\n\n\n\n<p><strong>Banni\u00e8re Image Int\u00e9grale<\/strong><br>\u2022 Image \u2013 600 x 200 px (gif or jpg).<br>&nbsp;&nbsp;&nbsp;\u2022Les cr\u00e9as ne doivent pas inclure le mot \u00ab\u00a0clic\u00a0\u00bb ou toute autre variante.<br>\u2022 Cliquez sur URL<br>\u2022 Tout texte \u2013 50-mots max.<br>&nbsp;&nbsp;&nbsp;\u2022 Pas de majuscules.<br>&nbsp;&nbsp;&nbsp;\u2022 Sera ajout\u00e9 \u00e0 la banni\u00e8re pour les lecteurs qui n&rsquo;autorisent pas le chargement automatique des images.<\/p>\n\n\n\n<h3 class=\"wp-block-heading\">Recommandations<\/h3>\n\n\n\n<p><strong>Image Avec Texte<\/strong><br>\u2022Concentrez-vous sur la sensibilisation et l&rsquo;engagement autour de la marque<br>\u2022Utilisez des couleurs conformes aux lignes directrices de la marque<br>\u2022R\u00e9digez un titre concis qui attire l&rsquo;attention.<br>\u2022Le texte accompagnant le titre doit ajouter du contexte et de l&rsquo;int\u00e9r\u00eat pour inciter \u00e0 cliquer en utilisant une URL d\u00e9di\u00e9e telle que \u00ab\u00a0R\u00e9servez ici\u00a0\u00bb ou \u00ab\u00a0Achetez maintenant\u00a0\u00bb.<br>\u2022Incorporez une photographie unique<br>\u2022Incluez un appel \u00e0 l&rsquo;action fort qui sera hyperli\u00e9 dans le texte &#8211; les appels \u00e0 l&rsquo;action doivent \u00eatre courts, pertinents et orient\u00e9s vers l&rsquo;action.<br>\u2022Ajoutez le logo de votre marque<\/p>\n\n\n\n<p><strong>Banner Avec Image Int\u00e9grale<\/strong><br>\u2022Concentrez-vous sur la notori\u00e9t\u00e9 de la marque<br>\u2022Utilisez des couleurs conformes aux lignes directrices de votre marque<br>\u2022R\u00e9digez un titre concis qui attire l&rsquo;attention<br>\u2022Incorporez une photographie unique<br>\u2022Incluez un bouton tr\u00e8s visible avec un appel \u00e0 l&rsquo;action fort<br>&#8211; les appels \u00e0 l&rsquo;action doivent \u00eatre courts, pertinents et orient\u00e9s vers l&rsquo;action.<br>\u2022 Ajoutez le logo de votre marque<\/p>\n","protected":false},"excerpt":{"rendered":"<p>Pr\u00e9sentation du produit La newsletter hebdomadaire de Skiinfo int\u00e8gre ses partenaires par le biais de leur publicit\u00e9 Native afin d&rsquo;accro\u00eetre la notori\u00e9t\u00e9 de la marque et d&rsquo;augmenter le trafic sur leur site web. Campagnes Cr\u00e9atives Tr\u00e8s Performantes &#8211; Exemples Pass\u00e9s Sp\u00e9cificit\u00e9s techniques Image Avec TexteLigne d&rsquo;Objet\u2013 50 charact\u00e8res max (ponctuation, espaces, etc. compt\u00e9s ). Pas<\/p>\n","protected":false},"author":2,"featured_media":0,"parent":27,"menu_order":0,"comment_status":"closed","ping_status":"closed","template":"","meta":{"footnotes":""},"class_list":["post-47","page","type-page","status-publish","hentry"],"yoast_head":"<!-- This site is optimized with the Yoast SEO plugin v27.4 - https:\/\/yoast.com\/product\/yoast-seo-wordpress\/ -->\n<title>Sponsoring de la newsletter hebdo - Mountain News FR<\/title>\n<meta name=\"robots\" content=\"noindex, follow, max-snippet:-1, max-image-preview:large, max-video-preview:-1\" \/>\n<meta property=\"og:locale\" content=\"fr_FR\" \/>\n<meta property=\"og:type\" content=\"article\" \/>\n<meta property=\"og:title\" content=\"Sponsoring de la newsletter hebdo - Mountain News FR\" \/>\n<meta property=\"og:description\" content=\"Pr\u00e9sentation du produit La newsletter hebdomadaire de Skiinfo int\u00e8gre ses partenaires par le biais de leur publicit\u00e9 Native afin d&rsquo;accro\u00eetre la notori\u00e9t\u00e9 de la marque et d&rsquo;augmenter le trafic sur leur site web. Campagnes Cr\u00e9atives Tr\u00e8s Performantes &#8211; Exemples Pass\u00e9s Sp\u00e9cificit\u00e9s techniques Image Avec TexteLigne d&rsquo;Objet\u2013 50 charact\u00e8res max (ponctuation, espaces, etc. compt\u00e9s ). Pas\" \/>\n<meta property=\"og:site_name\" content=\"Mountain News FR\" \/>\n<meta property=\"article:modified_time\" content=\"2026-03-23T13:17:31+00:00\" \/>\n<meta property=\"og:image\" content=\"https:\/\/www.mountainnews.com\/fr\/wp-content\/uploads\/sites\/4\/2026\/03\/FR-NL-insertion.png\" \/>\n<meta name=\"twitter:card\" content=\"summary_large_image\" \/>\n<meta name=\"twitter:label1\" content=\"Est. reading time\" \/>\n\t<meta name=\"twitter:data1\" content=\"2 minutes\" \/>\n<script type=\"application\/ld+json\" class=\"yoast-schema-graph\">{\"@context\":\"https:\\\/\\\/schema.org\",\"@graph\":[{\"@type\":\"WebPage\",\"@id\":\"https:\\\/\\\/www.mountainnews.com\\\/fr\\\/advertising-partner-resources\\\/sponsored-newsletter\\\/\",\"url\":\"https:\\\/\\\/www.mountainnews.com\\\/fr\\\/advertising-partner-resources\\\/sponsored-newsletter\\\/\",\"name\":\"Sponsoring de la newsletter hebdo - Mountain News FR\",\"isPartOf\":{\"@id\":\"https:\\\/\\\/www.mountainnews.com\\\/fr\\\/#website\"},\"primaryImageOfPage\":{\"@id\":\"https:\\\/\\\/www.mountainnews.com\\\/fr\\\/advertising-partner-resources\\\/sponsored-newsletter\\\/#primaryimage\"},\"image\":{\"@id\":\"https:\\\/\\\/www.mountainnews.com\\\/fr\\\/advertising-partner-resources\\\/sponsored-newsletter\\\/#primaryimage\"},\"thumbnailUrl\":\"https:\\\/\\\/www.mountainnews.com\\\/fr\\\/wp-content\\\/uploads\\\/sites\\\/4\\\/2026\\\/03\\\/FR-NL-insertion.png\",\"datePublished\":\"2026-02-23T18:57:32+00:00\",\"dateModified\":\"2026-03-23T13:17:31+00:00\",\"breadcrumb\":{\"@id\":\"https:\\\/\\\/www.mountainnews.com\\\/fr\\\/advertising-partner-resources\\\/sponsored-newsletter\\\/#breadcrumb\"},\"inLanguage\":\"fr-FR\",\"potentialAction\":[{\"@type\":\"ReadAction\",\"target\":[\"https:\\\/\\\/www.mountainnews.com\\\/fr\\\/advertising-partner-resources\\\/sponsored-newsletter\\\/\"]}]},{\"@type\":\"ImageObject\",\"inLanguage\":\"fr-FR\",\"@id\":\"https:\\\/\\\/www.mountainnews.com\\\/fr\\\/advertising-partner-resources\\\/sponsored-newsletter\\\/#primaryimage\",\"url\":\"https:\\\/\\\/www.mountainnews.com\\\/fr\\\/wp-content\\\/uploads\\\/sites\\\/4\\\/2026\\\/03\\\/FR-NL-insertion.png\",\"contentUrl\":\"https:\\\/\\\/www.mountainnews.com\\\/fr\\\/wp-content\\\/uploads\\\/sites\\\/4\\\/2026\\\/03\\\/FR-NL-insertion.png\",\"width\":896,\"height\":507,\"caption\":\"Sponsoring de la newsletter hebdo\"},{\"@type\":\"BreadcrumbList\",\"@id\":\"https:\\\/\\\/www.mountainnews.com\\\/fr\\\/advertising-partner-resources\\\/sponsored-newsletter\\\/#breadcrumb\",\"itemListElement\":[{\"@type\":\"ListItem\",\"position\":1,\"name\":\"Home\",\"item\":\"https:\\\/\\\/www.mountainnews.com\\\/fr\\\/\"},{\"@type\":\"ListItem\",\"position\":2,\"name\":\"RESSOURCES POUR LES PARTENAIRES PUBLICITAIRES\",\"item\":\"https:\\\/\\\/www.mountainnews.com\\\/fr\\\/advertising-partner-resources\\\/\"},{\"@type\":\"ListItem\",\"position\":3,\"name\":\"Sponsoring de la newsletter hebdo\"}]},{\"@type\":\"WebSite\",\"@id\":\"https:\\\/\\\/www.mountainnews.com\\\/fr\\\/#website\",\"url\":\"https:\\\/\\\/www.mountainnews.com\\\/fr\\\/\",\"name\":\"Mountain News FR\",\"description\":\"\",\"potentialAction\":[{\"@type\":\"SearchAction\",\"target\":{\"@type\":\"EntryPoint\",\"urlTemplate\":\"https:\\\/\\\/www.mountainnews.com\\\/fr\\\/?s={search_term_string}\"},\"query-input\":{\"@type\":\"PropertyValueSpecification\",\"valueRequired\":true,\"valueName\":\"search_term_string\"}}],\"inLanguage\":\"fr-FR\"}]}<\/script>\n<!-- \/ Yoast SEO plugin. -->","yoast_head_json":{"title":"Sponsoring de la newsletter hebdo - Mountain News FR","robots":{"index":"noindex","follow":"follow","max-snippet":"max-snippet:-1","max-image-preview":"max-image-preview:large","max-video-preview":"max-video-preview:-1"},"og_locale":"fr_FR","og_type":"article","og_title":"Sponsoring de la newsletter hebdo - Mountain News FR","og_description":"Pr\u00e9sentation du produit La newsletter hebdomadaire de Skiinfo int\u00e8gre ses partenaires par le biais de leur publicit\u00e9 Native afin d&rsquo;accro\u00eetre la notori\u00e9t\u00e9 de la marque et d&rsquo;augmenter le trafic sur leur site web. Campagnes Cr\u00e9atives Tr\u00e8s Performantes &#8211; Exemples Pass\u00e9s Sp\u00e9cificit\u00e9s techniques Image Avec TexteLigne d&rsquo;Objet\u2013 50 charact\u00e8res max (ponctuation, espaces, etc. compt\u00e9s ). Pas","og_site_name":"Mountain News FR","article_modified_time":"2026-03-23T13:17:31+00:00","og_image":[{"url":"https:\/\/www.mountainnews.com\/fr\/wp-content\/uploads\/sites\/4\/2026\/03\/FR-NL-insertion.png","type":"","width":"","height":""}],"twitter_card":"summary_large_image","twitter_misc":{"Est. reading time":"2 minutes"},"schema":{"@context":"https:\/\/schema.org","@graph":[{"@type":"WebPage","@id":"https:\/\/www.mountainnews.com\/fr\/advertising-partner-resources\/sponsored-newsletter\/","url":"https:\/\/www.mountainnews.com\/fr\/advertising-partner-resources\/sponsored-newsletter\/","name":"Sponsoring de la newsletter hebdo - Mountain News FR","isPartOf":{"@id":"https:\/\/www.mountainnews.com\/fr\/#website"},"primaryImageOfPage":{"@id":"https:\/\/www.mountainnews.com\/fr\/advertising-partner-resources\/sponsored-newsletter\/#primaryimage"},"image":{"@id":"https:\/\/www.mountainnews.com\/fr\/advertising-partner-resources\/sponsored-newsletter\/#primaryimage"},"thumbnailUrl":"https:\/\/www.mountainnews.com\/fr\/wp-content\/uploads\/sites\/4\/2026\/03\/FR-NL-insertion.png","datePublished":"2026-02-23T18:57:32+00:00","dateModified":"2026-03-23T13:17:31+00:00","breadcrumb":{"@id":"https:\/\/www.mountainnews.com\/fr\/advertising-partner-resources\/sponsored-newsletter\/#breadcrumb"},"inLanguage":"fr-FR","potentialAction":[{"@type":"ReadAction","target":["https:\/\/www.mountainnews.com\/fr\/advertising-partner-resources\/sponsored-newsletter\/"]}]},{"@type":"ImageObject","inLanguage":"fr-FR","@id":"https:\/\/www.mountainnews.com\/fr\/advertising-partner-resources\/sponsored-newsletter\/#primaryimage","url":"https:\/\/www.mountainnews.com\/fr\/wp-content\/uploads\/sites\/4\/2026\/03\/FR-NL-insertion.png","contentUrl":"https:\/\/www.mountainnews.com\/fr\/wp-content\/uploads\/sites\/4\/2026\/03\/FR-NL-insertion.png","width":896,"height":507,"caption":"Sponsoring de la newsletter hebdo"},{"@type":"BreadcrumbList","@id":"https:\/\/www.mountainnews.com\/fr\/advertising-partner-resources\/sponsored-newsletter\/#breadcrumb","itemListElement":[{"@type":"ListItem","position":1,"name":"Home","item":"https:\/\/www.mountainnews.com\/fr\/"},{"@type":"ListItem","position":2,"name":"RESSOURCES POUR LES PARTENAIRES PUBLICITAIRES","item":"https:\/\/www.mountainnews.com\/fr\/advertising-partner-resources\/"},{"@type":"ListItem","position":3,"name":"Sponsoring de la newsletter hebdo"}]},{"@type":"WebSite","@id":"https:\/\/www.mountainnews.com\/fr\/#website","url":"https:\/\/www.mountainnews.com\/fr\/","name":"Mountain News FR","description":"","potentialAction":[{"@type":"SearchAction","target":{"@type":"EntryPoint","urlTemplate":"https:\/\/www.mountainnews.com\/fr\/?s={search_term_string}"},"query-input":{"@type":"PropertyValueSpecification","valueRequired":true,"valueName":"search_term_string"}}],"inLanguage":"fr-FR"}]}},"_links":{"self":[{"href":"https:\/\/www.mountainnews.com\/fr\/wp-json\/wp\/v2\/pages\/47","targetHints":{"allow":["GET"]}}],"collection":[{"href":"https:\/\/www.mountainnews.com\/fr\/wp-json\/wp\/v2\/pages"}],"about":[{"href":"https:\/\/www.mountainnews.com\/fr\/wp-json\/wp\/v2\/types\/page"}],"author":[{"embeddable":true,"href":"https:\/\/www.mountainnews.com\/fr\/wp-json\/wp\/v2\/users\/2"}],"replies":[{"embeddable":true,"href":"https:\/\/www.mountainnews.com\/fr\/wp-json\/wp\/v2\/comments?post=47"}],"version-history":[{"count":0,"href":"https:\/\/www.mountainnews.com\/fr\/wp-json\/wp\/v2\/pages\/47\/revisions"}],"up":[{"embeddable":true,"href":"https:\/\/www.mountainnews.com\/fr\/wp-json\/wp\/v2\/pages\/27"}],"wp:attachment":[{"href":"https:\/\/www.mountainnews.com\/fr\/wp-json\/wp\/v2\/media?parent=47"}],"curies":[{"name":"wp","href":"https:\/\/api.w.org\/{rel}","templated":true}]}}