{"id":46,"date":"2026-02-23T18:57:23","date_gmt":"2026-02-23T18:57:23","guid":{"rendered":"https:\/\/mncstage.wpenginepowered.com\/?page_id=46"},"modified":"2026-03-23T11:48:12","modified_gmt":"2026-03-23T11:48:12","slug":"custom-email","status":"publish","type":"page","link":"https:\/\/www.mountainnews.com\/fr\/advertising-partner-resources\/custom-email\/","title":{"rendered":"Newsletter d\u00e9di\u00e9e"},"content":{"rendered":"\n<h2 class=\"wp-block-heading\">Pr\u00e9sentation du produit<\/h2>\n\n\n\n<p>Skiinfo enverra votre Newsletter par email \u00e0 67 000 abonn\u00e9s en France avec l\u2019opportunit\u00e9 de r\u00e9ponse directe. 100% de part de voix.<\/p>\n\n\n\n<p>Exclusivit\u00e9 hebdomadaire.<\/p>\n\n\n\n<h3 class=\"wp-block-heading\">Campagnes Cr\u00e9atives Tr\u00e8s Performantes &#8211; Exemples Pass\u00e9s<\/h3>\n\n\n\n<div class=\"wp-block-gslider-blocks-image-slider gslider-image-slider-wrapper gslider-image-slider-74c919e9 inside center has-pagination\" data-swiper-settings=\"{&quot;effect&quot;:&quot;slide&quot;,&quot;breakpoints&quot;:{&quot;0&quot;:{&quot;slidesPerView&quot;:1,&quot;spaceBetween&quot;:0,&quot;speed&quot;:800,&quot;autoplay&quot;:false,&quot;navigation&quot;:{&quot;enabled&quot;:true},&quot;pagination&quot;:{&quot;enabled&quot;:true}},&quot;768&quot;:{&quot;slidesPerView&quot;:1,&quot;spaceBetween&quot;:20,&quot;speed&quot;:800,&quot;autoplay&quot;:false,&quot;navigation&quot;:{&quot;enabled&quot;:true},&quot;pagination&quot;:{&quot;enabled&quot;:true}},&quot;1025&quot;:{&quot;slidesPerView&quot;:1,&quot;spaceBetween&quot;:20,&quot;speed&quot;:800,&quot;autoplay&quot;:false,&quot;navigation&quot;:{&quot;enabled&quot;:true},&quot;pagination&quot;:{&quot;enabled&quot;:true}}},&quot;loop&quot;:true,&quot;autoplay&quot;:false,&quot;allowTouchMove&quot;:true,&quot;mousewheel&quot;:false,&quot;keyboard&quot;:false,&quot;navigation&quot;:{&quot;enabled&quot;:true,&quot;nextEl&quot;:&quot;.swiper-button-next&quot;,&quot;prevEl&quot;:&quot;.swiper-button-prev&quot;},&quot;pagination&quot;:{&quot;enabled&quot;:true,&quot;el&quot;:&quot;.gslider-image-slider-74c919e9 .swiper-pagination-image-slider&quot;,&quot;type&quot;:&quot;bullets&quot;,&quot;dynamicBullets&quot;:false,&quot;clickable&quot;:true}}\"><div class=\"swiper\" role=\"region\" aria-label=\"Image Slider\"><div class=\"swiper-wrapper\"><div class=\"swiper-slide\"><div class=\"gslider-image-slider-content-wrapper \"><div class=\"gslider-image-item\" data-hover-effect=\"none\"><img decoding=\"async\" src=\"https:\/\/www.mountainnews.com\/fr\/wp-content\/uploads\/sites\/4\/2026\/03\/FR-Custom-Email-resize.png\" alt=\"Newsletter d\u00e9di\u00e9e\"\/><\/div><div class=\"gslider-image-slider-caption\" aria-live=\"polite\">Newsletter d\u00e9di\u00e9e<\/div><\/div><\/div><\/div><div class=\"gslider-navigation-default-icon-wrapper inside center\"><div class=\"swiper-button-prev\" role=\"button\" tabindex=\"0\" aria-label=\"Previous slide\"><\/div><div class=\"swiper-button-next\" role=\"button\" tabindex=\"0\" aria-label=\"Next slide\"><\/div><\/div><\/div><div class=\"swiper-pagination swiper-pagination-image-slider swiper-pagination-gslider-image-slider-74c919e9\" aria-label=\"Carousel pagination\"><\/div><\/div>\n\n\n\n<h3 class=\"wp-block-heading\">Sp\u00e9cificit\u00e9s techniques<\/h3>\n\n\n\n<p>\u2022Ligne Titre &#8211; le titre de votre courriel (pas plus de 70 caract\u00e8res)<br>\u2022Ligne \u201cExpediteur\u201d- Le nom de provenance de votre courrier \u00e9lectronique, et non une adresse \u00e9lectronique. Par example : Nom de la station<br>\u2022Texte de pr\u00e9visualisation &#8211; texte qui s&rsquo;affiche en tant que pr\u00e9visualisation pour certains navigateurs de messagerie. (pas plus de 70 caract\u00e8res)<br>\u2022Version HTML &#8211; Fichier HTML d&rsquo;une largeur maximale de 600 pixels (taille : moins de 250k)<br>\u2022Image : L&rsquo;image ne doit pas repr\u00e9senter plus de 70 % de votre message \u00e9lectronique pour ceux qui ne permettentpas le chargement automatique des images. Tout message contenant 100 % d&rsquo;image sera refus\u00e9.<br>\u2022Liens URL &#8211; 6 liens ou moins au total<br>\u2022Tous les styles CSS doivent \u00eatre \u00ab\u00a0en ligne\u00a0\u00bb (NE PAS d\u00e9clarer dans un bloc de style en haut du code).<br>\u2022**Veuillez placer toutes les URL de suivi et les pixels de suivi. Veillez \u00e0 ce que toutes les images soientaccompagn\u00e9es d&rsquo;un lien source appropri\u00e9**.<br>\u2022*Note : 1 seule \u00e9tiquette d&rsquo;impression par courrier \u00e9lectronique*<\/p>\n\n\n\n<h3 class=\"wp-block-heading\">Recommandations<\/h3>\n\n\n\n<p><strong>Objet\/Titre<\/strong><br>Soyez bref pour maximiser le taux d&rsquo;ouverture.<\/p>\n\n\n\n<p><strong>Pr\u00e9titre<\/strong><br>S&rsquo;agit d&rsquo;une extension de la ligne d&rsquo;objet pour ajouter du contexte et de l&rsquo;int\u00e9r\u00eat.<\/p>\n\n\n\n<p><strong>En-t\u00eate<\/strong><br>C&rsquo;est la premi\u00e8re chose que les lecteurs verront lorsqu&rsquo;ils ouvriront votre courriel et c&rsquo;est la meilleure occasion de faire une impression \u00e0 propos de votre marque et\/ou de votre offre.<\/p>\n\n\n\n<p><strong>Corps de l&rsquo;e-mail<\/strong><br>La facilit\u00e9 de lecture est essentielle. Veillez \u00e0 ce que l&rsquo;e-mail soit simple et conforme \u00e0 la marque. Nous vous recommandons d&rsquo;utiliser le format Serif pour faciliter la lecture, taille 14 \u00e0 16 pour le corps du message et 22 \u00e0 24 points les en-t\u00eates. Assurez-vous que les images se chargent rapidement.<\/p>\n\n\n\n<p>La palette de couleurs d&rsquo;un courriel est importante. Veillez \u00e0 ce que vos choix de couleurs soient harmonieux et repr\u00e9sentatifs de votre marque. Si vous utilisez une couleur de fond, assurez-vous que la couleur et la taille du texte offrent un contraste suffisant.<\/p>\n\n\n\n<p><strong>Appel \u00e0 l&rsquo;action<\/strong><br>Les appels \u00e0 l&rsquo;action doivent \u00eatre courts, pertinents et orient\u00e9s vers l&rsquo;action. Nous vous recommandons d&rsquo;inclure votre CTA deux fois &#8211; une fois au-dessus du pli et une fois vers le bas. Si vous d\u00e9cidez de ne l&rsquo;inclure qu&rsquo;une seule fois, il est pr\u00e9f\u00e9rable de le faire au-dessus du pli pour obtenir les meilleurs CTR.<\/p>\n\n\n\n<p><strong>\u00c0 faire :<\/strong><br>Pr\u00e9sentez 30 % de texte et 70 % de contenu visuel (au maximum). N&rsquo;incluez pas plus de 2 CTA. Veillez \u00e0 ce que les polices de caract\u00e8res soient faciles \u00e0 lire.<\/p>\n\n\n\n<p><strong>\u00c0 \u00e9viter :<\/strong><br>Surcharger avec du texte ou des images<br>Utiliser plus de deux CTA ou des CTA diff\u00e9rents<br>Utiliser plus de deux polices de caract\u00e8res<\/p>\n","protected":false},"excerpt":{"rendered":"<p>Pr\u00e9sentation du produit Skiinfo enverra votre Newsletter par email \u00e0 67 000 abonn\u00e9s en France avec l\u2019opportunit\u00e9 de r\u00e9ponse directe. 100% de part de voix. Exclusivit\u00e9 hebdomadaire. Campagnes Cr\u00e9atives Tr\u00e8s Performantes &#8211; Exemples Pass\u00e9s Sp\u00e9cificit\u00e9s techniques \u2022Ligne Titre &#8211; le titre de votre courriel (pas plus de 70 caract\u00e8res)\u2022Ligne \u201cExpediteur\u201d- Le nom de provenance de<\/p>\n","protected":false},"author":2,"featured_media":0,"parent":27,"menu_order":0,"comment_status":"closed","ping_status":"closed","template":"","meta":{"footnotes":""},"class_list":["post-46","page","type-page","status-publish","hentry"],"yoast_head":"<!-- This site is optimized with the Yoast SEO plugin v27.1.1 - https:\/\/yoast.com\/product\/yoast-seo-wordpress\/ -->\n<title>Newsletter d\u00e9di\u00e9e - Mountain News FR<\/title>\n<meta name=\"robots\" content=\"noindex, follow, max-snippet:-1, max-image-preview:large, max-video-preview:-1\" \/>\n<meta property=\"og:locale\" content=\"fr_FR\" \/>\n<meta property=\"og:type\" content=\"article\" \/>\n<meta property=\"og:title\" content=\"Newsletter d\u00e9di\u00e9e - Mountain News FR\" \/>\n<meta property=\"og:description\" content=\"Pr\u00e9sentation du produit Skiinfo enverra votre Newsletter par email \u00e0 67 000 abonn\u00e9s en France avec l\u2019opportunit\u00e9 de r\u00e9ponse directe. 100% de part de voix. Exclusivit\u00e9 hebdomadaire. Campagnes Cr\u00e9atives Tr\u00e8s Performantes &#8211; Exemples Pass\u00e9s Sp\u00e9cificit\u00e9s techniques \u2022Ligne Titre &#8211; le titre de votre courriel (pas plus de 70 caract\u00e8res)\u2022Ligne \u201cExpediteur\u201d- Le nom de provenance de\" \/>\n<meta property=\"og:site_name\" content=\"Mountain News FR\" \/>\n<meta property=\"article:modified_time\" content=\"2026-03-23T11:48:12+00:00\" \/>\n<meta property=\"og:image\" content=\"https:\/\/www.mountainnews.com\/fr\/wp-content\/uploads\/sites\/4\/2026\/03\/FR-Custom-Email-resize.png\" \/>\n<meta name=\"twitter:card\" content=\"summary_large_image\" \/>\n<meta name=\"twitter:label1\" content=\"Est. reading time\" \/>\n\t<meta name=\"twitter:data1\" content=\"3 minutes\" \/>\n<script type=\"application\/ld+json\" class=\"yoast-schema-graph\">{\"@context\":\"https:\/\/schema.org\",\"@graph\":[{\"@type\":\"WebPage\",\"@id\":\"https:\/\/www.mountainnews.com\/fr\/advertising-partner-resources\/custom-email\/\",\"url\":\"https:\/\/www.mountainnews.com\/fr\/advertising-partner-resources\/custom-email\/\",\"name\":\"Newsletter d\u00e9di\u00e9e - Mountain News FR\",\"isPartOf\":{\"@id\":\"https:\/\/www.mountainnews.com\/fr\/#website\"},\"primaryImageOfPage\":{\"@id\":\"https:\/\/www.mountainnews.com\/fr\/advertising-partner-resources\/custom-email\/#primaryimage\"},\"image\":{\"@id\":\"https:\/\/www.mountainnews.com\/fr\/advertising-partner-resources\/custom-email\/#primaryimage\"},\"thumbnailUrl\":\"https:\/\/www.mountainnews.com\/fr\/wp-content\/uploads\/sites\/4\/2026\/03\/FR-Custom-Email-resize.png\",\"datePublished\":\"2026-02-23T18:57:23+00:00\",\"dateModified\":\"2026-03-23T11:48:12+00:00\",\"breadcrumb\":{\"@id\":\"https:\/\/www.mountainnews.com\/fr\/advertising-partner-resources\/custom-email\/#breadcrumb\"},\"inLanguage\":\"fr-FR\",\"potentialAction\":[{\"@type\":\"ReadAction\",\"target\":[\"https:\/\/www.mountainnews.com\/fr\/advertising-partner-resources\/custom-email\/\"]}]},{\"@type\":\"ImageObject\",\"inLanguage\":\"fr-FR\",\"@id\":\"https:\/\/www.mountainnews.com\/fr\/advertising-partner-resources\/custom-email\/#primaryimage\",\"url\":\"https:\/\/www.mountainnews.com\/fr\/wp-content\/uploads\/sites\/4\/2026\/03\/FR-Custom-Email-resize.png\",\"contentUrl\":\"https:\/\/www.mountainnews.com\/fr\/wp-content\/uploads\/sites\/4\/2026\/03\/FR-Custom-Email-resize.png\",\"width\":892,\"height\":507,\"caption\":\"Newsletter d\u00e9di\u00e9e\"},{\"@type\":\"BreadcrumbList\",\"@id\":\"https:\/\/www.mountainnews.com\/fr\/advertising-partner-resources\/custom-email\/#breadcrumb\",\"itemListElement\":[{\"@type\":\"ListItem\",\"position\":1,\"name\":\"Home\",\"item\":\"https:\/\/www.mountainnews.com\/fr\/\"},{\"@type\":\"ListItem\",\"position\":2,\"name\":\"RESSOURCES POUR LES PARTENAIRES PUBLICITAIRES\",\"item\":\"https:\/\/www.mountainnews.com\/fr\/advertising-partner-resources\/\"},{\"@type\":\"ListItem\",\"position\":3,\"name\":\"Newsletter d\u00e9di\u00e9e\"}]},{\"@type\":\"WebSite\",\"@id\":\"https:\/\/www.mountainnews.com\/fr\/#website\",\"url\":\"https:\/\/www.mountainnews.com\/fr\/\",\"name\":\"Mountain News FR\",\"description\":\"\",\"potentialAction\":[{\"@type\":\"SearchAction\",\"target\":{\"@type\":\"EntryPoint\",\"urlTemplate\":\"https:\/\/www.mountainnews.com\/fr\/?s={search_term_string}\"},\"query-input\":{\"@type\":\"PropertyValueSpecification\",\"valueRequired\":true,\"valueName\":\"search_term_string\"}}],\"inLanguage\":\"fr-FR\"}]}<\/script>\n<!-- \/ Yoast SEO plugin. -->","yoast_head_json":{"title":"Newsletter d\u00e9di\u00e9e - Mountain News FR","robots":{"index":"noindex","follow":"follow","max-snippet":"max-snippet:-1","max-image-preview":"max-image-preview:large","max-video-preview":"max-video-preview:-1"},"og_locale":"fr_FR","og_type":"article","og_title":"Newsletter d\u00e9di\u00e9e - Mountain News FR","og_description":"Pr\u00e9sentation du produit Skiinfo enverra votre Newsletter par email \u00e0 67 000 abonn\u00e9s en France avec l\u2019opportunit\u00e9 de r\u00e9ponse directe. 100% de part de voix. Exclusivit\u00e9 hebdomadaire. Campagnes Cr\u00e9atives Tr\u00e8s Performantes &#8211; Exemples Pass\u00e9s Sp\u00e9cificit\u00e9s techniques \u2022Ligne Titre &#8211; le titre de votre courriel (pas plus de 70 caract\u00e8res)\u2022Ligne \u201cExpediteur\u201d- Le nom de provenance de","og_site_name":"Mountain News FR","article_modified_time":"2026-03-23T11:48:12+00:00","og_image":[{"url":"https:\/\/www.mountainnews.com\/fr\/wp-content\/uploads\/sites\/4\/2026\/03\/FR-Custom-Email-resize.png","type":"","width":"","height":""}],"twitter_card":"summary_large_image","twitter_misc":{"Est. reading time":"3 minutes"},"schema":{"@context":"https:\/\/schema.org","@graph":[{"@type":"WebPage","@id":"https:\/\/www.mountainnews.com\/fr\/advertising-partner-resources\/custom-email\/","url":"https:\/\/www.mountainnews.com\/fr\/advertising-partner-resources\/custom-email\/","name":"Newsletter d\u00e9di\u00e9e - Mountain News FR","isPartOf":{"@id":"https:\/\/www.mountainnews.com\/fr\/#website"},"primaryImageOfPage":{"@id":"https:\/\/www.mountainnews.com\/fr\/advertising-partner-resources\/custom-email\/#primaryimage"},"image":{"@id":"https:\/\/www.mountainnews.com\/fr\/advertising-partner-resources\/custom-email\/#primaryimage"},"thumbnailUrl":"https:\/\/www.mountainnews.com\/fr\/wp-content\/uploads\/sites\/4\/2026\/03\/FR-Custom-Email-resize.png","datePublished":"2026-02-23T18:57:23+00:00","dateModified":"2026-03-23T11:48:12+00:00","breadcrumb":{"@id":"https:\/\/www.mountainnews.com\/fr\/advertising-partner-resources\/custom-email\/#breadcrumb"},"inLanguage":"fr-FR","potentialAction":[{"@type":"ReadAction","target":["https:\/\/www.mountainnews.com\/fr\/advertising-partner-resources\/custom-email\/"]}]},{"@type":"ImageObject","inLanguage":"fr-FR","@id":"https:\/\/www.mountainnews.com\/fr\/advertising-partner-resources\/custom-email\/#primaryimage","url":"https:\/\/www.mountainnews.com\/fr\/wp-content\/uploads\/sites\/4\/2026\/03\/FR-Custom-Email-resize.png","contentUrl":"https:\/\/www.mountainnews.com\/fr\/wp-content\/uploads\/sites\/4\/2026\/03\/FR-Custom-Email-resize.png","width":892,"height":507,"caption":"Newsletter d\u00e9di\u00e9e"},{"@type":"BreadcrumbList","@id":"https:\/\/www.mountainnews.com\/fr\/advertising-partner-resources\/custom-email\/#breadcrumb","itemListElement":[{"@type":"ListItem","position":1,"name":"Home","item":"https:\/\/www.mountainnews.com\/fr\/"},{"@type":"ListItem","position":2,"name":"RESSOURCES POUR LES PARTENAIRES PUBLICITAIRES","item":"https:\/\/www.mountainnews.com\/fr\/advertising-partner-resources\/"},{"@type":"ListItem","position":3,"name":"Newsletter d\u00e9di\u00e9e"}]},{"@type":"WebSite","@id":"https:\/\/www.mountainnews.com\/fr\/#website","url":"https:\/\/www.mountainnews.com\/fr\/","name":"Mountain News FR","description":"","potentialAction":[{"@type":"SearchAction","target":{"@type":"EntryPoint","urlTemplate":"https:\/\/www.mountainnews.com\/fr\/?s={search_term_string}"},"query-input":{"@type":"PropertyValueSpecification","valueRequired":true,"valueName":"search_term_string"}}],"inLanguage":"fr-FR"}]}},"_links":{"self":[{"href":"https:\/\/www.mountainnews.com\/fr\/wp-json\/wp\/v2\/pages\/46","targetHints":{"allow":["GET"]}}],"collection":[{"href":"https:\/\/www.mountainnews.com\/fr\/wp-json\/wp\/v2\/pages"}],"about":[{"href":"https:\/\/www.mountainnews.com\/fr\/wp-json\/wp\/v2\/types\/page"}],"author":[{"embeddable":true,"href":"https:\/\/www.mountainnews.com\/fr\/wp-json\/wp\/v2\/users\/2"}],"replies":[{"embeddable":true,"href":"https:\/\/www.mountainnews.com\/fr\/wp-json\/wp\/v2\/comments?post=46"}],"version-history":[{"count":0,"href":"https:\/\/www.mountainnews.com\/fr\/wp-json\/wp\/v2\/pages\/46\/revisions"}],"up":[{"embeddable":true,"href":"https:\/\/www.mountainnews.com\/fr\/wp-json\/wp\/v2\/pages\/27"}],"wp:attachment":[{"href":"https:\/\/www.mountainnews.com\/fr\/wp-json\/wp\/v2\/media?parent=46"}],"curies":[{"name":"wp","href":"https:\/\/api.w.org\/{rel}","templated":true}]}}