{"id":45,"date":"2026-02-23T18:56:34","date_gmt":"2026-02-23T18:56:34","guid":{"rendered":"https:\/\/mncstage.wpenginepowered.com\/?page_id=45"},"modified":"2026-03-23T11:50:41","modified_gmt":"2026-03-23T11:50:41","slug":"video-advertising","status":"publish","type":"page","link":"https:\/\/www.mountainnews.com\/fr\/advertising-partner-resources\/video-advertising\/","title":{"rendered":"Banni\u00e8re Vid\u00e9o"},"content":{"rendered":"\n<h2 class=\"wp-block-heading\">Pr\u00e9sentation du produit<\/h2>\n\n\n\n<p>Banni\u00e8re Vid\u00e9o 15 ou 30 secondes : Avec le rich media, les partenaires de Skiinfo peuvent int\u00e9grer dans leur annonce une vid\u00e9o int\u00e9ractive pour encourager les visiteurs \u00e0 interagir sur un contenu pertinent.<\/p>\n\n\n\n<h3 class=\"wp-block-heading\">Campagnes Cr\u00e9atives Tr\u00e8s Performantes &#8211; Exemples Pass\u00e9s<\/h3>\n\n\n\n<div class=\"wp-block-gslider-blocks-image-slider gslider-image-slider-wrapper gslider-image-slider-63f60caa inside center has-pagination\" data-swiper-settings=\"{&quot;effect&quot;:&quot;slide&quot;,&quot;breakpoints&quot;:{&quot;0&quot;:{&quot;slidesPerView&quot;:1,&quot;spaceBetween&quot;:0,&quot;speed&quot;:800,&quot;autoplay&quot;:false,&quot;navigation&quot;:{&quot;enabled&quot;:true},&quot;pagination&quot;:{&quot;enabled&quot;:true}},&quot;768&quot;:{&quot;slidesPerView&quot;:1,&quot;spaceBetween&quot;:20,&quot;speed&quot;:800,&quot;autoplay&quot;:false,&quot;navigation&quot;:{&quot;enabled&quot;:true},&quot;pagination&quot;:{&quot;enabled&quot;:true}},&quot;1025&quot;:{&quot;slidesPerView&quot;:1,&quot;spaceBetween&quot;:20,&quot;speed&quot;:800,&quot;autoplay&quot;:false,&quot;navigation&quot;:{&quot;enabled&quot;:true},&quot;pagination&quot;:{&quot;enabled&quot;:true}}},&quot;loop&quot;:true,&quot;autoplay&quot;:false,&quot;allowTouchMove&quot;:true,&quot;mousewheel&quot;:false,&quot;keyboard&quot;:false,&quot;navigation&quot;:{&quot;enabled&quot;:true,&quot;nextEl&quot;:&quot;.swiper-button-next&quot;,&quot;prevEl&quot;:&quot;.swiper-button-prev&quot;},&quot;pagination&quot;:{&quot;enabled&quot;:true,&quot;el&quot;:&quot;.gslider-image-slider-63f60caa .swiper-pagination-image-slider&quot;,&quot;type&quot;:&quot;bullets&quot;,&quot;dynamicBullets&quot;:false,&quot;clickable&quot;:true}}\"><div class=\"swiper\" role=\"region\" aria-label=\"Image Slider\"><div class=\"swiper-wrapper\"><div class=\"swiper-slide\"><div class=\"gslider-image-slider-content-wrapper \"><div class=\"gslider-image-item\" data-hover-effect=\"none\"><img decoding=\"async\" src=\"https:\/\/www.mountainnews.com\/fr\/wp-content\/uploads\/sites\/4\/2026\/03\/in-banner-video-IT.jpg\" alt=\"Banni\u00e8re Vid\u00e9o\"\/><\/div><div class=\"gslider-image-slider-caption\" aria-live=\"polite\">Banni\u00e8re Vid\u00e9o<\/div><\/div><\/div><\/div><div class=\"gslider-navigation-default-icon-wrapper inside center\"><div class=\"swiper-button-prev\" role=\"button\" tabindex=\"0\" aria-label=\"Previous slide\"><\/div><div class=\"swiper-button-next\" role=\"button\" tabindex=\"0\" aria-label=\"Next slide\"><\/div><\/div><\/div><div class=\"swiper-pagination swiper-pagination-image-slider swiper-pagination-gslider-image-slider-63f60caa\" aria-label=\"Carousel pagination\"><\/div><\/div>\n\n\n\n<h3 class=\"wp-block-heading\">Sp\u00e9cificit\u00e9s techniques<\/h3>\n\n\n\n<p>Vous pouvez fournir votre propre vid\u00e9o en utilisant un Tag Tiers \/ 3rd party tags<br>\u2022 Tags \u00e0 fournir pour :<br>\u2022 300&#215;600 and 300&#215;250<\/p>\n\n\n\n<p><strong>&#8212; OU \u2013<\/strong><\/p>\n\n\n\n<p>Utiliser un lien Youtube ou un format de fichier<br>\u2022 Formats : .mp4, .mov, .mpeg<br>\u2022 Poids \u20134MB max<br>\u2022 Impression\/click tags accept\u00e9s<br>\u2022 Dimensions \u2013 format 16:9 recommand\u00e9<br>\u2022 Audio \u2013 Codec : PCM (preferred) or AAC, Bitrate : at least 192 Kbps, Bit : 16 or 24 bit, Sample rate : 48 kHz<br>\u2022 Audio settings \u2013 Requis<br>\u2022 URL de redirection&nbsp;<\/p>\n\n\n\n<h3 class=\"wp-block-heading\">Recommandations&nbsp;<\/h3>\n\n\n\n<p><strong>Video Advertising&nbsp;<\/strong><br>\u2022 Privil\u00e9giez la notori\u00e9t\u00e9 et l&rsquo;engagement de la marque<br>\u2022 Pr\u00e9sentez une vid\u00e9o impactante et g\u00e9n\u00e9rant un lien \u00e9motionnel. Id\u00e9alement avec le ski.<br>\u2022 Utilisez une vid\u00e9o de 15 secondes pour maximiser la lecture<br>\u2022 Pensez \u00e0 inclure un graphique\/titre concis et accrocheur au tout d\u00e9but de la vid\u00e9o.<br>\u2022 Fournissez une image personnalis\u00e9e (300 x 80 px) pour le haut de l&rsquo;annonce afin d&rsquo;augmenter l&rsquo;engagement et la visibilit\u00e9 \u2013incluez une photo, un logo et un bouton d&rsquo;appel au clic tr\u00e8s visible &#8211; CTAs should be short, meaningful and action-oriented<\/p>\n\n\n\n<p><\/p>\n","protected":false},"excerpt":{"rendered":"<p>Pr\u00e9sentation du produit Banni\u00e8re Vid\u00e9o 15 ou 30 secondes : Avec le rich media, les partenaires de Skiinfo peuvent int\u00e9grer dans leur annonce une vid\u00e9o int\u00e9ractive pour encourager les visiteurs \u00e0 interagir sur un contenu pertinent. Campagnes Cr\u00e9atives Tr\u00e8s Performantes &#8211; Exemples Pass\u00e9s Sp\u00e9cificit\u00e9s techniques Vous pouvez fournir votre propre vid\u00e9o en utilisant un Tag<\/p>\n","protected":false},"author":2,"featured_media":0,"parent":27,"menu_order":0,"comment_status":"closed","ping_status":"closed","template":"","meta":{"footnotes":""},"class_list":["post-45","page","type-page","status-publish","hentry"],"yoast_head":"<!-- This site is optimized with the Yoast SEO plugin v27.1.1 - https:\/\/yoast.com\/product\/yoast-seo-wordpress\/ -->\n<title>Banni\u00e8re Vid\u00e9o - Mountain News FR<\/title>\n<meta name=\"robots\" content=\"noindex, follow, max-snippet:-1, max-image-preview:large, max-video-preview:-1\" \/>\n<meta property=\"og:locale\" content=\"fr_FR\" \/>\n<meta property=\"og:type\" content=\"article\" \/>\n<meta property=\"og:title\" content=\"Banni\u00e8re Vid\u00e9o - Mountain News FR\" \/>\n<meta property=\"og:description\" content=\"Pr\u00e9sentation du produit Banni\u00e8re Vid\u00e9o 15 ou 30 secondes : Avec le rich media, les partenaires de Skiinfo peuvent int\u00e9grer dans leur annonce une vid\u00e9o int\u00e9ractive pour encourager les visiteurs \u00e0 interagir sur un contenu pertinent. Campagnes Cr\u00e9atives Tr\u00e8s Performantes &#8211; Exemples Pass\u00e9s Sp\u00e9cificit\u00e9s techniques Vous pouvez fournir votre propre vid\u00e9o en utilisant un Tag\" \/>\n<meta property=\"og:site_name\" content=\"Mountain News FR\" \/>\n<meta property=\"article:modified_time\" content=\"2026-03-23T11:50:41+00:00\" \/>\n<meta property=\"og:image\" content=\"https:\/\/www.mountainnews.com\/fr\/wp-content\/uploads\/sites\/4\/2026\/03\/in-banner-video-IT.jpg\" \/>\n<meta name=\"twitter:card\" content=\"summary_large_image\" \/>\n<meta name=\"twitter:label1\" content=\"Est. reading time\" \/>\n\t<meta name=\"twitter:data1\" content=\"2 minutes\" \/>\n<script type=\"application\/ld+json\" class=\"yoast-schema-graph\">{\"@context\":\"https:\/\/schema.org\",\"@graph\":[{\"@type\":\"WebPage\",\"@id\":\"https:\/\/www.mountainnews.com\/fr\/advertising-partner-resources\/video-advertising\/\",\"url\":\"https:\/\/www.mountainnews.com\/fr\/advertising-partner-resources\/video-advertising\/\",\"name\":\"Banni\u00e8re Vid\u00e9o - Mountain News FR\",\"isPartOf\":{\"@id\":\"https:\/\/www.mountainnews.com\/fr\/#website\"},\"primaryImageOfPage\":{\"@id\":\"https:\/\/www.mountainnews.com\/fr\/advertising-partner-resources\/video-advertising\/#primaryimage\"},\"image\":{\"@id\":\"https:\/\/www.mountainnews.com\/fr\/advertising-partner-resources\/video-advertising\/#primaryimage\"},\"thumbnailUrl\":\"https:\/\/www.mountainnews.com\/fr\/wp-content\/uploads\/sites\/4\/2026\/03\/in-banner-video-IT.jpg\",\"datePublished\":\"2026-02-23T18:56:34+00:00\",\"dateModified\":\"2026-03-23T11:50:41+00:00\",\"breadcrumb\":{\"@id\":\"https:\/\/www.mountainnews.com\/fr\/advertising-partner-resources\/video-advertising\/#breadcrumb\"},\"inLanguage\":\"fr-FR\",\"potentialAction\":[{\"@type\":\"ReadAction\",\"target\":[\"https:\/\/www.mountainnews.com\/fr\/advertising-partner-resources\/video-advertising\/\"]}]},{\"@type\":\"ImageObject\",\"inLanguage\":\"fr-FR\",\"@id\":\"https:\/\/www.mountainnews.com\/fr\/advertising-partner-resources\/video-advertising\/#primaryimage\",\"url\":\"https:\/\/www.mountainnews.com\/fr\/wp-content\/uploads\/sites\/4\/2026\/03\/in-banner-video-IT.jpg\",\"contentUrl\":\"https:\/\/www.mountainnews.com\/fr\/wp-content\/uploads\/sites\/4\/2026\/03\/in-banner-video-IT.jpg\",\"width\":880,\"height\":507,\"caption\":\"Banni\u00e8re Vid\u00e9o\"},{\"@type\":\"BreadcrumbList\",\"@id\":\"https:\/\/www.mountainnews.com\/fr\/advertising-partner-resources\/video-advertising\/#breadcrumb\",\"itemListElement\":[{\"@type\":\"ListItem\",\"position\":1,\"name\":\"Home\",\"item\":\"https:\/\/www.mountainnews.com\/fr\/\"},{\"@type\":\"ListItem\",\"position\":2,\"name\":\"RESSOURCES POUR LES PARTENAIRES PUBLICITAIRES\",\"item\":\"https:\/\/www.mountainnews.com\/fr\/advertising-partner-resources\/\"},{\"@type\":\"ListItem\",\"position\":3,\"name\":\"Banni\u00e8re Vid\u00e9o\"}]},{\"@type\":\"WebSite\",\"@id\":\"https:\/\/www.mountainnews.com\/fr\/#website\",\"url\":\"https:\/\/www.mountainnews.com\/fr\/\",\"name\":\"Mountain News FR\",\"description\":\"\",\"potentialAction\":[{\"@type\":\"SearchAction\",\"target\":{\"@type\":\"EntryPoint\",\"urlTemplate\":\"https:\/\/www.mountainnews.com\/fr\/?s={search_term_string}\"},\"query-input\":{\"@type\":\"PropertyValueSpecification\",\"valueRequired\":true,\"valueName\":\"search_term_string\"}}],\"inLanguage\":\"fr-FR\"}]}<\/script>\n<!-- \/ Yoast SEO plugin. -->","yoast_head_json":{"title":"Banni\u00e8re Vid\u00e9o - Mountain News FR","robots":{"index":"noindex","follow":"follow","max-snippet":"max-snippet:-1","max-image-preview":"max-image-preview:large","max-video-preview":"max-video-preview:-1"},"og_locale":"fr_FR","og_type":"article","og_title":"Banni\u00e8re Vid\u00e9o - Mountain News FR","og_description":"Pr\u00e9sentation du produit Banni\u00e8re Vid\u00e9o 15 ou 30 secondes : Avec le rich media, les partenaires de Skiinfo peuvent int\u00e9grer dans leur annonce une vid\u00e9o int\u00e9ractive pour encourager les visiteurs \u00e0 interagir sur un contenu pertinent. Campagnes Cr\u00e9atives Tr\u00e8s Performantes &#8211; Exemples Pass\u00e9s Sp\u00e9cificit\u00e9s techniques Vous pouvez fournir votre propre vid\u00e9o en utilisant un Tag","og_site_name":"Mountain News FR","article_modified_time":"2026-03-23T11:50:41+00:00","og_image":[{"url":"https:\/\/www.mountainnews.com\/fr\/wp-content\/uploads\/sites\/4\/2026\/03\/in-banner-video-IT.jpg","type":"","width":"","height":""}],"twitter_card":"summary_large_image","twitter_misc":{"Est. reading time":"2 minutes"},"schema":{"@context":"https:\/\/schema.org","@graph":[{"@type":"WebPage","@id":"https:\/\/www.mountainnews.com\/fr\/advertising-partner-resources\/video-advertising\/","url":"https:\/\/www.mountainnews.com\/fr\/advertising-partner-resources\/video-advertising\/","name":"Banni\u00e8re Vid\u00e9o - Mountain News FR","isPartOf":{"@id":"https:\/\/www.mountainnews.com\/fr\/#website"},"primaryImageOfPage":{"@id":"https:\/\/www.mountainnews.com\/fr\/advertising-partner-resources\/video-advertising\/#primaryimage"},"image":{"@id":"https:\/\/www.mountainnews.com\/fr\/advertising-partner-resources\/video-advertising\/#primaryimage"},"thumbnailUrl":"https:\/\/www.mountainnews.com\/fr\/wp-content\/uploads\/sites\/4\/2026\/03\/in-banner-video-IT.jpg","datePublished":"2026-02-23T18:56:34+00:00","dateModified":"2026-03-23T11:50:41+00:00","breadcrumb":{"@id":"https:\/\/www.mountainnews.com\/fr\/advertising-partner-resources\/video-advertising\/#breadcrumb"},"inLanguage":"fr-FR","potentialAction":[{"@type":"ReadAction","target":["https:\/\/www.mountainnews.com\/fr\/advertising-partner-resources\/video-advertising\/"]}]},{"@type":"ImageObject","inLanguage":"fr-FR","@id":"https:\/\/www.mountainnews.com\/fr\/advertising-partner-resources\/video-advertising\/#primaryimage","url":"https:\/\/www.mountainnews.com\/fr\/wp-content\/uploads\/sites\/4\/2026\/03\/in-banner-video-IT.jpg","contentUrl":"https:\/\/www.mountainnews.com\/fr\/wp-content\/uploads\/sites\/4\/2026\/03\/in-banner-video-IT.jpg","width":880,"height":507,"caption":"Banni\u00e8re Vid\u00e9o"},{"@type":"BreadcrumbList","@id":"https:\/\/www.mountainnews.com\/fr\/advertising-partner-resources\/video-advertising\/#breadcrumb","itemListElement":[{"@type":"ListItem","position":1,"name":"Home","item":"https:\/\/www.mountainnews.com\/fr\/"},{"@type":"ListItem","position":2,"name":"RESSOURCES POUR LES PARTENAIRES PUBLICITAIRES","item":"https:\/\/www.mountainnews.com\/fr\/advertising-partner-resources\/"},{"@type":"ListItem","position":3,"name":"Banni\u00e8re Vid\u00e9o"}]},{"@type":"WebSite","@id":"https:\/\/www.mountainnews.com\/fr\/#website","url":"https:\/\/www.mountainnews.com\/fr\/","name":"Mountain News FR","description":"","potentialAction":[{"@type":"SearchAction","target":{"@type":"EntryPoint","urlTemplate":"https:\/\/www.mountainnews.com\/fr\/?s={search_term_string}"},"query-input":{"@type":"PropertyValueSpecification","valueRequired":true,"valueName":"search_term_string"}}],"inLanguage":"fr-FR"}]}},"_links":{"self":[{"href":"https:\/\/www.mountainnews.com\/fr\/wp-json\/wp\/v2\/pages\/45","targetHints":{"allow":["GET"]}}],"collection":[{"href":"https:\/\/www.mountainnews.com\/fr\/wp-json\/wp\/v2\/pages"}],"about":[{"href":"https:\/\/www.mountainnews.com\/fr\/wp-json\/wp\/v2\/types\/page"}],"author":[{"embeddable":true,"href":"https:\/\/www.mountainnews.com\/fr\/wp-json\/wp\/v2\/users\/2"}],"replies":[{"embeddable":true,"href":"https:\/\/www.mountainnews.com\/fr\/wp-json\/wp\/v2\/comments?post=45"}],"version-history":[{"count":0,"href":"https:\/\/www.mountainnews.com\/fr\/wp-json\/wp\/v2\/pages\/45\/revisions"}],"up":[{"embeddable":true,"href":"https:\/\/www.mountainnews.com\/fr\/wp-json\/wp\/v2\/pages\/27"}],"wp:attachment":[{"href":"https:\/\/www.mountainnews.com\/fr\/wp-json\/wp\/v2\/media?parent=45"}],"curies":[{"name":"wp","href":"https:\/\/api.w.org\/{rel}","templated":true}]}}