{"id":43,"date":"2026-02-23T18:51:52","date_gmt":"2026-02-23T18:51:52","guid":{"rendered":"https:\/\/mncstage.wpenginepowered.com\/?page_id=43"},"modified":"2026-03-23T11:48:57","modified_gmt":"2026-03-23T11:48:57","slug":"premium-display-bundle","status":"publish","type":"page","link":"https:\/\/www.mountainnews.com\/fr\/advertising-partner-resources\/premium-display-bundle\/","title":{"rendered":"Premium Display Bundle"},"content":{"rendered":"\n<h2 class=\"wp-block-heading\">Pr\u00e9sentation du produit<\/h2>\n\n\n\n<p>Pour les annonceurs qui recherchent port\u00e9e et fr\u00e9quence optimales, nous recommandons l&rsquo;offre Display Bundle Premium. Ces affichages multiples rempliront l&rsquo;espace publicitaire sur l&rsquo;ensemble de notre site, sur les mobiles comme sur les ordinateurs, offrant ainsi aux annonceurs une large empreinte marketing.<\/p>\n\n\n\n<h3 class=\"wp-block-heading\"><strong>Campagnes Cr\u00e9atives Tr\u00e8s Performantes &#8211; Exemples Pass\u00e9s<\/strong><\/h3>\n\n\n\n<div class=\"wp-block-gslider-blocks-image-slider gslider-image-slider-wrapper gslider-image-slider-a23bcec1 inside center has-pagination\" data-swiper-settings=\"{&quot;effect&quot;:&quot;slide&quot;,&quot;breakpoints&quot;:{&quot;0&quot;:{&quot;slidesPerView&quot;:1,&quot;spaceBetween&quot;:0,&quot;speed&quot;:800,&quot;autoplay&quot;:false,&quot;navigation&quot;:{&quot;enabled&quot;:true},&quot;pagination&quot;:{&quot;enabled&quot;:true}},&quot;768&quot;:{&quot;slidesPerView&quot;:1,&quot;spaceBetween&quot;:20,&quot;speed&quot;:800,&quot;autoplay&quot;:false,&quot;navigation&quot;:{&quot;enabled&quot;:true},&quot;pagination&quot;:{&quot;enabled&quot;:true}},&quot;1025&quot;:{&quot;slidesPerView&quot;:1,&quot;spaceBetween&quot;:20,&quot;speed&quot;:800,&quot;autoplay&quot;:false,&quot;navigation&quot;:{&quot;enabled&quot;:true},&quot;pagination&quot;:{&quot;enabled&quot;:true}}},&quot;loop&quot;:true,&quot;autoplay&quot;:false,&quot;allowTouchMove&quot;:true,&quot;mousewheel&quot;:false,&quot;keyboard&quot;:false,&quot;navigation&quot;:{&quot;enabled&quot;:true,&quot;nextEl&quot;:&quot;.swiper-button-next&quot;,&quot;prevEl&quot;:&quot;.swiper-button-prev&quot;},&quot;pagination&quot;:{&quot;enabled&quot;:true,&quot;el&quot;:&quot;.gslider-image-slider-a23bcec1 .swiper-pagination-image-slider&quot;,&quot;type&quot;:&quot;bullets&quot;,&quot;dynamicBullets&quot;:false,&quot;clickable&quot;:true}}\"><div class=\"swiper\" role=\"region\" aria-label=\"Image Slider\"><div class=\"swiper-wrapper\"><div class=\"swiper-slide\"><div class=\"gslider-image-slider-content-wrapper \"><div class=\"gslider-image-item\" data-hover-effect=\"none\"><img decoding=\"async\" src=\"https:\/\/www.mountainnews.com\/fr\/wp-content\/uploads\/sites\/4\/2026\/03\/FR-Premium-Display-resized.png\" alt=\"Premium Display Bundle\"\/><\/div><div class=\"gslider-image-slider-caption\" aria-live=\"polite\">Premium Display Bundle<\/div><\/div><\/div><\/div><div class=\"gslider-navigation-default-icon-wrapper inside center\"><div class=\"swiper-button-prev\" role=\"button\" tabindex=\"0\" aria-label=\"Previous slide\"><\/div><div class=\"swiper-button-next\" role=\"button\" tabindex=\"0\" aria-label=\"Next slide\"><\/div><\/div><\/div><div class=\"swiper-pagination swiper-pagination-image-slider swiper-pagination-gslider-image-slider-a23bcec1\" aria-label=\"Carousel pagination\"><\/div><\/div>\n\n\n\n<h3 class=\"wp-block-heading\">Sp\u00e9cificit\u00e9s techniques&nbsp;<\/h3>\n\n\n\n<p>\u2022 URL de clic<br>\u2022 Dimensions \u2013 728&#215;90, 300&#215;250, 300&#215;600, and 160&#215;600<br>&nbsp;&nbsp;&nbsp;o Formats \u2013 JPG, GIF, PNG, HTML5<br>&nbsp;&nbsp;&nbsp;o Poids Max \u2013 200kb (1 000kb HTML5)<br>\u2022 Animation<br>&nbsp;&nbsp;&nbsp;o 3 boucles max. Pas de boucle en continue.<br>&nbsp;&nbsp;&nbsp;o Pas de texte clignotant<br>&nbsp;&nbsp;&nbsp;o L\u2019image finale apr\u00e8s les 3 boucles doit contenir un appel au clic<br>\u2022 3rd party ad serving ou tracking tags accept\u00e9s (les tags doivent \u00eatre s\u00e9curis\u00e9s)&nbsp;<\/p>\n\n\n\n<h3 class=\"wp-block-heading\">Recommandations<\/h3>\n\n\n\n<p><strong>Premium Display Bundle&nbsp;<br><\/strong>\u2022 Utilisez si besoin plusieurs visuels et banni\u00e8res pour accro\u00eetre la notori\u00e9t\u00e9 de la marque et tester les offres que vous souhaitez int\u00e9grer<br>\u2022 R\u00e9digez un titre concis et accrocheur<br>\u2022 Incorporer des photographies uniques et adapt\u00e9es aux tailles et formats..<br>\u2022 Int\u00e9grez un bouton d&rsquo;appel au clic tr\u00e8s visible avec une incitation \u00e0 l&rsquo;action forte : les CTA doivent \u00eatre courts, significatifs et orient\u00e9s vers le passage \u00e0 l\u2019acte.&nbsp;<\/p>\n","protected":false},"excerpt":{"rendered":"<p>Pr\u00e9sentation du produit Pour les annonceurs qui recherchent port\u00e9e et fr\u00e9quence optimales, nous recommandons l&rsquo;offre Display Bundle Premium. Ces affichages multiples rempliront l&rsquo;espace publicitaire sur l&rsquo;ensemble de notre site, sur les mobiles comme sur les ordinateurs, offrant ainsi aux annonceurs une large empreinte marketing. Campagnes Cr\u00e9atives Tr\u00e8s Performantes &#8211; Exemples Pass\u00e9s Sp\u00e9cificit\u00e9s techniques&nbsp; \u2022 URL<\/p>\n","protected":false},"author":2,"featured_media":0,"parent":27,"menu_order":0,"comment_status":"closed","ping_status":"closed","template":"","meta":{"footnotes":""},"class_list":["post-43","page","type-page","status-publish","hentry"],"yoast_head":"<!-- This site is optimized with the Yoast SEO plugin v27.1.1 - https:\/\/yoast.com\/product\/yoast-seo-wordpress\/ -->\n<title>Premium Display Bundle - Mountain News FR<\/title>\n<meta name=\"robots\" content=\"noindex, follow, max-snippet:-1, max-image-preview:large, max-video-preview:-1\" \/>\n<meta property=\"og:locale\" content=\"fr_FR\" \/>\n<meta property=\"og:type\" content=\"article\" \/>\n<meta property=\"og:title\" content=\"Premium Display Bundle - Mountain News FR\" \/>\n<meta property=\"og:description\" content=\"Pr\u00e9sentation du produit Pour les annonceurs qui recherchent port\u00e9e et fr\u00e9quence optimales, nous recommandons l&rsquo;offre Display Bundle Premium. Ces affichages multiples rempliront l&rsquo;espace publicitaire sur l&rsquo;ensemble de notre site, sur les mobiles comme sur les ordinateurs, offrant ainsi aux annonceurs une large empreinte marketing. Campagnes Cr\u00e9atives Tr\u00e8s Performantes &#8211; Exemples Pass\u00e9s Sp\u00e9cificit\u00e9s techniques&nbsp; \u2022 URL\" \/>\n<meta property=\"og:site_name\" content=\"Mountain News FR\" \/>\n<meta property=\"article:modified_time\" content=\"2026-03-23T11:48:57+00:00\" \/>\n<meta property=\"og:image\" content=\"https:\/\/www.mountainnews.com\/fr\/wp-content\/uploads\/sites\/4\/2026\/03\/FR-Premium-Display-resized.png\" \/>\n<meta name=\"twitter:card\" content=\"summary_large_image\" \/>\n<script type=\"application\/ld+json\" class=\"yoast-schema-graph\">{\"@context\":\"https:\/\/schema.org\",\"@graph\":[{\"@type\":\"WebPage\",\"@id\":\"https:\/\/www.mountainnews.com\/fr\/advertising-partner-resources\/premium-display-bundle\/\",\"url\":\"https:\/\/www.mountainnews.com\/fr\/advertising-partner-resources\/premium-display-bundle\/\",\"name\":\"Premium Display Bundle - Mountain News FR\",\"isPartOf\":{\"@id\":\"https:\/\/www.mountainnews.com\/fr\/#website\"},\"primaryImageOfPage\":{\"@id\":\"https:\/\/www.mountainnews.com\/fr\/advertising-partner-resources\/premium-display-bundle\/#primaryimage\"},\"image\":{\"@id\":\"https:\/\/www.mountainnews.com\/fr\/advertising-partner-resources\/premium-display-bundle\/#primaryimage\"},\"thumbnailUrl\":\"https:\/\/www.mountainnews.com\/fr\/wp-content\/uploads\/sites\/4\/2026\/03\/FR-Premium-Display-resized.png\",\"datePublished\":\"2026-02-23T18:51:52+00:00\",\"dateModified\":\"2026-03-23T11:48:57+00:00\",\"breadcrumb\":{\"@id\":\"https:\/\/www.mountainnews.com\/fr\/advertising-partner-resources\/premium-display-bundle\/#breadcrumb\"},\"inLanguage\":\"fr-FR\",\"potentialAction\":[{\"@type\":\"ReadAction\",\"target\":[\"https:\/\/www.mountainnews.com\/fr\/advertising-partner-resources\/premium-display-bundle\/\"]}]},{\"@type\":\"ImageObject\",\"inLanguage\":\"fr-FR\",\"@id\":\"https:\/\/www.mountainnews.com\/fr\/advertising-partner-resources\/premium-display-bundle\/#primaryimage\",\"url\":\"https:\/\/www.mountainnews.com\/fr\/wp-content\/uploads\/sites\/4\/2026\/03\/FR-Premium-Display-resized.png\",\"contentUrl\":\"https:\/\/www.mountainnews.com\/fr\/wp-content\/uploads\/sites\/4\/2026\/03\/FR-Premium-Display-resized.png\",\"width\":884,\"height\":507,\"caption\":\"Premium Display Bundle\"},{\"@type\":\"BreadcrumbList\",\"@id\":\"https:\/\/www.mountainnews.com\/fr\/advertising-partner-resources\/premium-display-bundle\/#breadcrumb\",\"itemListElement\":[{\"@type\":\"ListItem\",\"position\":1,\"name\":\"Home\",\"item\":\"https:\/\/www.mountainnews.com\/fr\/\"},{\"@type\":\"ListItem\",\"position\":2,\"name\":\"RESSOURCES POUR LES PARTENAIRES PUBLICITAIRES\",\"item\":\"https:\/\/www.mountainnews.com\/fr\/advertising-partner-resources\/\"},{\"@type\":\"ListItem\",\"position\":3,\"name\":\"Premium Display Bundle\"}]},{\"@type\":\"WebSite\",\"@id\":\"https:\/\/www.mountainnews.com\/fr\/#website\",\"url\":\"https:\/\/www.mountainnews.com\/fr\/\",\"name\":\"Mountain News FR\",\"description\":\"\",\"potentialAction\":[{\"@type\":\"SearchAction\",\"target\":{\"@type\":\"EntryPoint\",\"urlTemplate\":\"https:\/\/www.mountainnews.com\/fr\/?s={search_term_string}\"},\"query-input\":{\"@type\":\"PropertyValueSpecification\",\"valueRequired\":true,\"valueName\":\"search_term_string\"}}],\"inLanguage\":\"fr-FR\"}]}<\/script>\n<!-- \/ Yoast SEO plugin. -->","yoast_head_json":{"title":"Premium Display Bundle - Mountain News FR","robots":{"index":"noindex","follow":"follow","max-snippet":"max-snippet:-1","max-image-preview":"max-image-preview:large","max-video-preview":"max-video-preview:-1"},"og_locale":"fr_FR","og_type":"article","og_title":"Premium Display Bundle - Mountain News FR","og_description":"Pr\u00e9sentation du produit Pour les annonceurs qui recherchent port\u00e9e et fr\u00e9quence optimales, nous recommandons l&rsquo;offre Display Bundle Premium. Ces affichages multiples rempliront l&rsquo;espace publicitaire sur l&rsquo;ensemble de notre site, sur les mobiles comme sur les ordinateurs, offrant ainsi aux annonceurs une large empreinte marketing. Campagnes Cr\u00e9atives Tr\u00e8s Performantes &#8211; Exemples Pass\u00e9s Sp\u00e9cificit\u00e9s techniques&nbsp; \u2022 URL","og_site_name":"Mountain News FR","article_modified_time":"2026-03-23T11:48:57+00:00","og_image":[{"url":"https:\/\/www.mountainnews.com\/fr\/wp-content\/uploads\/sites\/4\/2026\/03\/FR-Premium-Display-resized.png","type":"","width":"","height":""}],"twitter_card":"summary_large_image","schema":{"@context":"https:\/\/schema.org","@graph":[{"@type":"WebPage","@id":"https:\/\/www.mountainnews.com\/fr\/advertising-partner-resources\/premium-display-bundle\/","url":"https:\/\/www.mountainnews.com\/fr\/advertising-partner-resources\/premium-display-bundle\/","name":"Premium Display Bundle - Mountain News FR","isPartOf":{"@id":"https:\/\/www.mountainnews.com\/fr\/#website"},"primaryImageOfPage":{"@id":"https:\/\/www.mountainnews.com\/fr\/advertising-partner-resources\/premium-display-bundle\/#primaryimage"},"image":{"@id":"https:\/\/www.mountainnews.com\/fr\/advertising-partner-resources\/premium-display-bundle\/#primaryimage"},"thumbnailUrl":"https:\/\/www.mountainnews.com\/fr\/wp-content\/uploads\/sites\/4\/2026\/03\/FR-Premium-Display-resized.png","datePublished":"2026-02-23T18:51:52+00:00","dateModified":"2026-03-23T11:48:57+00:00","breadcrumb":{"@id":"https:\/\/www.mountainnews.com\/fr\/advertising-partner-resources\/premium-display-bundle\/#breadcrumb"},"inLanguage":"fr-FR","potentialAction":[{"@type":"ReadAction","target":["https:\/\/www.mountainnews.com\/fr\/advertising-partner-resources\/premium-display-bundle\/"]}]},{"@type":"ImageObject","inLanguage":"fr-FR","@id":"https:\/\/www.mountainnews.com\/fr\/advertising-partner-resources\/premium-display-bundle\/#primaryimage","url":"https:\/\/www.mountainnews.com\/fr\/wp-content\/uploads\/sites\/4\/2026\/03\/FR-Premium-Display-resized.png","contentUrl":"https:\/\/www.mountainnews.com\/fr\/wp-content\/uploads\/sites\/4\/2026\/03\/FR-Premium-Display-resized.png","width":884,"height":507,"caption":"Premium Display Bundle"},{"@type":"BreadcrumbList","@id":"https:\/\/www.mountainnews.com\/fr\/advertising-partner-resources\/premium-display-bundle\/#breadcrumb","itemListElement":[{"@type":"ListItem","position":1,"name":"Home","item":"https:\/\/www.mountainnews.com\/fr\/"},{"@type":"ListItem","position":2,"name":"RESSOURCES POUR LES PARTENAIRES PUBLICITAIRES","item":"https:\/\/www.mountainnews.com\/fr\/advertising-partner-resources\/"},{"@type":"ListItem","position":3,"name":"Premium Display Bundle"}]},{"@type":"WebSite","@id":"https:\/\/www.mountainnews.com\/fr\/#website","url":"https:\/\/www.mountainnews.com\/fr\/","name":"Mountain News FR","description":"","potentialAction":[{"@type":"SearchAction","target":{"@type":"EntryPoint","urlTemplate":"https:\/\/www.mountainnews.com\/fr\/?s={search_term_string}"},"query-input":{"@type":"PropertyValueSpecification","valueRequired":true,"valueName":"search_term_string"}}],"inLanguage":"fr-FR"}]}},"_links":{"self":[{"href":"https:\/\/www.mountainnews.com\/fr\/wp-json\/wp\/v2\/pages\/43","targetHints":{"allow":["GET"]}}],"collection":[{"href":"https:\/\/www.mountainnews.com\/fr\/wp-json\/wp\/v2\/pages"}],"about":[{"href":"https:\/\/www.mountainnews.com\/fr\/wp-json\/wp\/v2\/types\/page"}],"author":[{"embeddable":true,"href":"https:\/\/www.mountainnews.com\/fr\/wp-json\/wp\/v2\/users\/2"}],"replies":[{"embeddable":true,"href":"https:\/\/www.mountainnews.com\/fr\/wp-json\/wp\/v2\/comments?post=43"}],"version-history":[{"count":0,"href":"https:\/\/www.mountainnews.com\/fr\/wp-json\/wp\/v2\/pages\/43\/revisions"}],"up":[{"embeddable":true,"href":"https:\/\/www.mountainnews.com\/fr\/wp-json\/wp\/v2\/pages\/27"}],"wp:attachment":[{"href":"https:\/\/www.mountainnews.com\/fr\/wp-json\/wp\/v2\/media?parent=43"}],"curies":[{"name":"wp","href":"https:\/\/api.w.org\/{rel}","templated":true}]}}