{"id":35,"date":"2026-02-16T15:41:56","date_gmt":"2026-02-16T15:41:56","guid":{"rendered":"https:\/\/mncstage.wpenginepowered.com\/?page_id=35"},"modified":"2026-03-23T11:51:21","modified_gmt":"2026-03-23T11:51:21","slug":"high-impact-display-bundle","status":"publish","type":"page","link":"https:\/\/www.mountainnews.com\/fr\/advertising-partner-resources\/high-impact-display-bundle\/","title":{"rendered":"High Impact Display Bundle"},"content":{"rendered":"\n<h2 class=\"wp-block-heading\">Pr\u00e9sentation du produit<\/h2>\n\n\n\n<p>Avec nos deux formats les plus impactants, BIG SCREEN &amp; MOBILE SCROLLER, vous profiterez de placement de produit en premi\u00e8re position. Nos annonceurs sont les premiers \u00e0 accueillir les visiteurs sur Skiinfo. L&rsquo;offre comprend des banni\u00e8res sur desktop et sur mobile. Possibilit\u00e9 de superposer une vid\u00e9o sur le format Big Screen, qui s&rsquo;affiche dans le coin sup\u00e9rieur droit des \u00e9crans et se trouve entre l&rsquo;image et la vid\u00e9o sur les t\u00e9l\u00e9phones portables.<\/p>\n\n\n\n<h3 class=\"wp-block-heading\"><strong>Campagnes Cr\u00e9atives Tr\u00e8s Performantes &#8211; Exemples Pass\u00e9s<\/strong><\/h3>\n\n\n\n<div class=\"wp-block-gslider-blocks-image-slider gslider-image-slider-wrapper gslider-image-slider-33c9fc5e inside center has-pagination\" data-swiper-settings=\"{&quot;effect&quot;:&quot;slide&quot;,&quot;breakpoints&quot;:{&quot;0&quot;:{&quot;slidesPerView&quot;:1,&quot;spaceBetween&quot;:0,&quot;speed&quot;:800,&quot;autoplay&quot;:false,&quot;navigation&quot;:{&quot;enabled&quot;:true},&quot;pagination&quot;:{&quot;enabled&quot;:true}},&quot;768&quot;:{&quot;slidesPerView&quot;:1,&quot;spaceBetween&quot;:20,&quot;speed&quot;:800,&quot;autoplay&quot;:false,&quot;navigation&quot;:{&quot;enabled&quot;:true},&quot;pagination&quot;:{&quot;enabled&quot;:true}},&quot;1025&quot;:{&quot;slidesPerView&quot;:1,&quot;spaceBetween&quot;:20,&quot;speed&quot;:800,&quot;autoplay&quot;:false,&quot;navigation&quot;:{&quot;enabled&quot;:true},&quot;pagination&quot;:{&quot;enabled&quot;:true}}},&quot;loop&quot;:true,&quot;autoplay&quot;:false,&quot;allowTouchMove&quot;:true,&quot;mousewheel&quot;:false,&quot;keyboard&quot;:false,&quot;navigation&quot;:{&quot;enabled&quot;:true,&quot;nextEl&quot;:&quot;.swiper-button-next&quot;,&quot;prevEl&quot;:&quot;.swiper-button-prev&quot;},&quot;pagination&quot;:{&quot;enabled&quot;:true,&quot;el&quot;:&quot;.gslider-image-slider-33c9fc5e .swiper-pagination-image-slider&quot;,&quot;type&quot;:&quot;bullets&quot;,&quot;dynamicBullets&quot;:false,&quot;clickable&quot;:true}}\"><div class=\"swiper\" role=\"region\" aria-label=\"Image Slider\"><div class=\"swiper-wrapper\"><div class=\"swiper-slide\"><div class=\"gslider-image-slider-content-wrapper \"><div class=\"gslider-image-item\" data-hover-effect=\"none\"><img decoding=\"async\" src=\"https:\/\/www.mountainnews.com\/fr\/wp-content\/uploads\/sites\/4\/2026\/03\/2026-03-21_15h44_52.png\" alt=\"High Impact Display\"\/><\/div><div class=\"gslider-image-slider-caption\" aria-live=\"polite\">High Impact Display<\/div><\/div><\/div><div class=\"swiper-slide\"><div class=\"gslider-image-slider-content-wrapper \"><div class=\"gslider-image-item\" data-hover-effect=\"none\"><img decoding=\"async\" src=\"https:\/\/www.mountainnews.com\/fr\/wp-content\/uploads\/sites\/4\/2026\/03\/2026-03-21_15h55_39.png\" alt=\"High Impact Display\"\/><\/div><div class=\"gslider-image-slider-caption\" aria-live=\"polite\">High Impact Display<\/div><\/div><\/div><\/div><div class=\"gslider-navigation-default-icon-wrapper inside center\"><div class=\"swiper-button-prev\" role=\"button\" tabindex=\"0\" aria-label=\"Previous slide\"><\/div><div class=\"swiper-button-next\" role=\"button\" tabindex=\"0\" aria-label=\"Next slide\"><\/div><\/div><\/div><div class=\"swiper-pagination swiper-pagination-image-slider swiper-pagination-gslider-image-slider-33c9fc5e\" aria-label=\"Carousel pagination\"><\/div><\/div>\n\n\n\n<h3 class=\"wp-block-heading\">Sp\u00e9cificit\u00e9s techniques<\/h3>\n\n\n\n<p><strong>Big Screen<\/strong><br>\u2022 Dimension des images \u2013 1600&#215;578 et 650&#215;550 pixels (les deux tailles sont n\u00e9cessaires pour les petits et grands \u00e9crans)(Assurez vous que l\u2019angle en haut \u00e0 droite soit sans contenu pour l\u2019int\u00e9gration de votre vid\u00e9o)<br>\u2022 Formats \u2013 JPG, GIF, PNG (Pas de HTML ou de tags publicitaires tierces)<br>\u2022 Animation<br>&nbsp;&nbsp;&nbsp;\u2022 3 boucles max. Pas de boucle en continue.<br>&nbsp;&nbsp;&nbsp;\u2022 Pas de texte clignotant<br>&nbsp;&nbsp;&nbsp;\u2022 L\u2019image finale apr\u00e8s les 3 boucles doit contenir un appel au clic<br>\u2022 Taille \u2013 300KB max par image<br>\u2022 Click URL<br>\u2022 *3rd Party Tracking Pixel &amp; Click URL Accepted*<\/p>\n\n\n\n<p><strong>Video sur Big Screen Desktop &amp; Mobile (Optionnel)<\/strong><\/p>\n\n\n\n<p><strong>Lien YouTube:<\/strong><br>\u2022 Ne doit pas \u00eatre un url court \/ \u201cshort\u201d link<br>\u2022 Doit avoir un format horizontal<br>\u2022 Ne doit pas contenir de balise embed \/ Embed video dans le fichier d\u2019image<br>Big Screen<\/p>\n\n\n\n<p>&#8212; OU &#8212;<\/p>\n\n\n\n<p><strong>Fichier Vid\u00e9o<\/strong><br>\u2022 Formats \u2013 mp4, .mov, .mpeg<br>\u2022 Taille \u2013 4MB max<br>\u2022 Format horizontal<\/p>\n\n\n\n<p><strong>Mobile Scroller<\/strong><br>\u2022 Dimension Image &#8211; 370&#215;740 et 400&#215;666 pixels (les deux tailles sont n\u00e9cessaires, pour les grands et les petits \u00e9crans)<br>\u2022 Formats \u2013 JPG, GIF, PNG (pas d&rsquo;animation, pas de HTML, pas de tags publicitaires tierces)<br>\u2022 Poids Max \u2013 300KB max<br>\u2022 URL de clic<br>\u2022 * Lien de suivi tiers \/ 3rd Party Tracking Pixel &amp; Click URL \u00e7a veut dire quoi<br>\u2022 *Note: seulement 1 impression et tag de clic par ensemble cr\u00e9atif. (Un \u00ab\u00a0set\u00a0\u00bb contient les deux tailles d&rsquo;image pour chaque unit\u00e9 d&rsquo;annonce<\/p>\n\n\n\n<p><strong>In-App Banner (Nouveaut\u00e9)<\/strong><br>\u2022 Dimension Image \u2013 280&#215;466<br>\u2022 Formats \u2013 JPG, GIF, PNG (pad \u2018animation, pas d\u2019 HTML, pas de tags publicitaires tierces)<br>\u2022 Poids du fichier \u2013 300KB max<br>\u2022 ULR de clic<\/p>\n\n\n\n<p><em>* Lien de suivi tiers \/ 3rd Party Tracking Pixel &amp; Click URL Accept\u00e9s*<\/em><\/p>\n\n\n\n<h4 class=\"wp-block-heading\"><strong><strong><strong>Recommandations<\/strong><\/strong><\/strong><\/h4>\n\n\n\n<ul class=\"wp-block-list\">\n<li>Utilisez si besoin plusieurs visuels et banni\u00e8res pour accro\u00eetre la notori\u00e9t\u00e9 de la marque et tester les offres que vous souhaitez int\u00e9grer<\/li>\n\n\n\n<li>R\u00e9digez un titre concis et accrocheur<\/li>\n\n\n\n<li>Incorporer des photographies uniques. Les photos de Ski ont de meilleurs taux de clic.<\/li>\n\n\n\n<li>L&rsquo;ajout d&rsquo;une vid\u00e9o est facultative mais fortement recommand\u00e9e en fonction de votre strat\u00e9gie<\/li>\n\n\n\n<li>Int\u00e9grez un bouton d&rsquo;appel au clic tr\u00e8s visible avec une incitation \u00e0 l&rsquo;action forte : les CTA doivent \u00eatre courts, significatifs et orient\u00e9s vers le passage \u00e0 l\u2019acte.\u200b<\/li>\n<\/ul>\n","protected":false},"excerpt":{"rendered":"<p>Pr\u00e9sentation du produit Avec nos deux formats les plus impactants, BIG SCREEN &amp; MOBILE SCROLLER, vous profiterez de placement de produit en premi\u00e8re position. Nos annonceurs sont les premiers \u00e0 accueillir les visiteurs sur Skiinfo. L&rsquo;offre comprend des banni\u00e8res sur desktop et sur mobile. Possibilit\u00e9 de superposer une vid\u00e9o sur le format Big Screen, qui<\/p>\n","protected":false},"author":2,"featured_media":0,"parent":27,"menu_order":0,"comment_status":"closed","ping_status":"closed","template":"","meta":{"footnotes":""},"class_list":["post-35","page","type-page","status-publish","hentry"],"yoast_head":"<!-- This site is optimized with the Yoast SEO plugin v27.1.1 - https:\/\/yoast.com\/product\/yoast-seo-wordpress\/ -->\n<title>High Impact Display Bundle - Mountain News FR<\/title>\n<meta name=\"robots\" content=\"noindex, follow, max-snippet:-1, max-image-preview:large, max-video-preview:-1\" \/>\n<meta property=\"og:locale\" content=\"fr_FR\" \/>\n<meta property=\"og:type\" content=\"article\" \/>\n<meta property=\"og:title\" content=\"High Impact Display Bundle - Mountain News FR\" \/>\n<meta property=\"og:description\" content=\"Pr\u00e9sentation du produit Avec nos deux formats les plus impactants, BIG SCREEN &amp; MOBILE SCROLLER, vous profiterez de placement de produit en premi\u00e8re position. Nos annonceurs sont les premiers \u00e0 accueillir les visiteurs sur Skiinfo. L&rsquo;offre comprend des banni\u00e8res sur desktop et sur mobile. Possibilit\u00e9 de superposer une vid\u00e9o sur le format Big Screen, qui\" \/>\n<meta property=\"og:site_name\" content=\"Mountain News FR\" \/>\n<meta property=\"article:modified_time\" content=\"2026-03-23T11:51:21+00:00\" \/>\n<meta property=\"og:image\" content=\"https:\/\/www.mountainnews.com\/fr\/wp-content\/uploads\/sites\/4\/2026\/03\/2026-03-21_15h44_52.png\" \/>\n<meta name=\"twitter:card\" content=\"summary_large_image\" \/>\n<meta name=\"twitter:label1\" content=\"Est. reading time\" \/>\n\t<meta name=\"twitter:data1\" content=\"3 minutes\" \/>\n<script type=\"application\/ld+json\" class=\"yoast-schema-graph\">{\"@context\":\"https:\/\/schema.org\",\"@graph\":[{\"@type\":\"WebPage\",\"@id\":\"https:\/\/www.mountainnews.com\/fr\/advertising-partner-resources\/high-impact-display-bundle\/\",\"url\":\"https:\/\/www.mountainnews.com\/fr\/advertising-partner-resources\/high-impact-display-bundle\/\",\"name\":\"High Impact Display Bundle - Mountain News FR\",\"isPartOf\":{\"@id\":\"https:\/\/www.mountainnews.com\/fr\/#website\"},\"primaryImageOfPage\":{\"@id\":\"https:\/\/www.mountainnews.com\/fr\/advertising-partner-resources\/high-impact-display-bundle\/#primaryimage\"},\"image\":{\"@id\":\"https:\/\/www.mountainnews.com\/fr\/advertising-partner-resources\/high-impact-display-bundle\/#primaryimage\"},\"thumbnailUrl\":\"https:\/\/www.mountainnews.com\/fr\/wp-content\/uploads\/sites\/4\/2026\/03\/2026-03-21_15h44_52.png\",\"datePublished\":\"2026-02-16T15:41:56+00:00\",\"dateModified\":\"2026-03-23T11:51:21+00:00\",\"breadcrumb\":{\"@id\":\"https:\/\/www.mountainnews.com\/fr\/advertising-partner-resources\/high-impact-display-bundle\/#breadcrumb\"},\"inLanguage\":\"fr-FR\",\"potentialAction\":[{\"@type\":\"ReadAction\",\"target\":[\"https:\/\/www.mountainnews.com\/fr\/advertising-partner-resources\/high-impact-display-bundle\/\"]}]},{\"@type\":\"ImageObject\",\"inLanguage\":\"fr-FR\",\"@id\":\"https:\/\/www.mountainnews.com\/fr\/advertising-partner-resources\/high-impact-display-bundle\/#primaryimage\",\"url\":\"https:\/\/www.mountainnews.com\/fr\/wp-content\/uploads\/sites\/4\/2026\/03\/2026-03-21_15h44_52.png\",\"contentUrl\":\"https:\/\/www.mountainnews.com\/fr\/wp-content\/uploads\/sites\/4\/2026\/03\/2026-03-21_15h44_52.png\",\"width\":893,\"height\":507,\"caption\":\"High Impact Display\"},{\"@type\":\"BreadcrumbList\",\"@id\":\"https:\/\/www.mountainnews.com\/fr\/advertising-partner-resources\/high-impact-display-bundle\/#breadcrumb\",\"itemListElement\":[{\"@type\":\"ListItem\",\"position\":1,\"name\":\"Home\",\"item\":\"https:\/\/www.mountainnews.com\/fr\/\"},{\"@type\":\"ListItem\",\"position\":2,\"name\":\"RESSOURCES POUR LES PARTENAIRES PUBLICITAIRES\",\"item\":\"https:\/\/www.mountainnews.com\/fr\/advertising-partner-resources\/\"},{\"@type\":\"ListItem\",\"position\":3,\"name\":\"High Impact Display Bundle\"}]},{\"@type\":\"WebSite\",\"@id\":\"https:\/\/www.mountainnews.com\/fr\/#website\",\"url\":\"https:\/\/www.mountainnews.com\/fr\/\",\"name\":\"Mountain News FR\",\"description\":\"\",\"potentialAction\":[{\"@type\":\"SearchAction\",\"target\":{\"@type\":\"EntryPoint\",\"urlTemplate\":\"https:\/\/www.mountainnews.com\/fr\/?s={search_term_string}\"},\"query-input\":{\"@type\":\"PropertyValueSpecification\",\"valueRequired\":true,\"valueName\":\"search_term_string\"}}],\"inLanguage\":\"fr-FR\"}]}<\/script>\n<!-- \/ Yoast SEO plugin. -->","yoast_head_json":{"title":"High Impact Display Bundle - Mountain News FR","robots":{"index":"noindex","follow":"follow","max-snippet":"max-snippet:-1","max-image-preview":"max-image-preview:large","max-video-preview":"max-video-preview:-1"},"og_locale":"fr_FR","og_type":"article","og_title":"High Impact Display Bundle - Mountain News FR","og_description":"Pr\u00e9sentation du produit Avec nos deux formats les plus impactants, BIG SCREEN &amp; MOBILE SCROLLER, vous profiterez de placement de produit en premi\u00e8re position. Nos annonceurs sont les premiers \u00e0 accueillir les visiteurs sur Skiinfo. L&rsquo;offre comprend des banni\u00e8res sur desktop et sur mobile. Possibilit\u00e9 de superposer une vid\u00e9o sur le format Big Screen, qui","og_site_name":"Mountain News FR","article_modified_time":"2026-03-23T11:51:21+00:00","og_image":[{"url":"https:\/\/www.mountainnews.com\/fr\/wp-content\/uploads\/sites\/4\/2026\/03\/2026-03-21_15h44_52.png","type":"","width":"","height":""}],"twitter_card":"summary_large_image","twitter_misc":{"Est. reading time":"3 minutes"},"schema":{"@context":"https:\/\/schema.org","@graph":[{"@type":"WebPage","@id":"https:\/\/www.mountainnews.com\/fr\/advertising-partner-resources\/high-impact-display-bundle\/","url":"https:\/\/www.mountainnews.com\/fr\/advertising-partner-resources\/high-impact-display-bundle\/","name":"High Impact Display Bundle - Mountain News FR","isPartOf":{"@id":"https:\/\/www.mountainnews.com\/fr\/#website"},"primaryImageOfPage":{"@id":"https:\/\/www.mountainnews.com\/fr\/advertising-partner-resources\/high-impact-display-bundle\/#primaryimage"},"image":{"@id":"https:\/\/www.mountainnews.com\/fr\/advertising-partner-resources\/high-impact-display-bundle\/#primaryimage"},"thumbnailUrl":"https:\/\/www.mountainnews.com\/fr\/wp-content\/uploads\/sites\/4\/2026\/03\/2026-03-21_15h44_52.png","datePublished":"2026-02-16T15:41:56+00:00","dateModified":"2026-03-23T11:51:21+00:00","breadcrumb":{"@id":"https:\/\/www.mountainnews.com\/fr\/advertising-partner-resources\/high-impact-display-bundle\/#breadcrumb"},"inLanguage":"fr-FR","potentialAction":[{"@type":"ReadAction","target":["https:\/\/www.mountainnews.com\/fr\/advertising-partner-resources\/high-impact-display-bundle\/"]}]},{"@type":"ImageObject","inLanguage":"fr-FR","@id":"https:\/\/www.mountainnews.com\/fr\/advertising-partner-resources\/high-impact-display-bundle\/#primaryimage","url":"https:\/\/www.mountainnews.com\/fr\/wp-content\/uploads\/sites\/4\/2026\/03\/2026-03-21_15h44_52.png","contentUrl":"https:\/\/www.mountainnews.com\/fr\/wp-content\/uploads\/sites\/4\/2026\/03\/2026-03-21_15h44_52.png","width":893,"height":507,"caption":"High Impact Display"},{"@type":"BreadcrumbList","@id":"https:\/\/www.mountainnews.com\/fr\/advertising-partner-resources\/high-impact-display-bundle\/#breadcrumb","itemListElement":[{"@type":"ListItem","position":1,"name":"Home","item":"https:\/\/www.mountainnews.com\/fr\/"},{"@type":"ListItem","position":2,"name":"RESSOURCES POUR LES PARTENAIRES PUBLICITAIRES","item":"https:\/\/www.mountainnews.com\/fr\/advertising-partner-resources\/"},{"@type":"ListItem","position":3,"name":"High Impact Display Bundle"}]},{"@type":"WebSite","@id":"https:\/\/www.mountainnews.com\/fr\/#website","url":"https:\/\/www.mountainnews.com\/fr\/","name":"Mountain News FR","description":"","potentialAction":[{"@type":"SearchAction","target":{"@type":"EntryPoint","urlTemplate":"https:\/\/www.mountainnews.com\/fr\/?s={search_term_string}"},"query-input":{"@type":"PropertyValueSpecification","valueRequired":true,"valueName":"search_term_string"}}],"inLanguage":"fr-FR"}]}},"_links":{"self":[{"href":"https:\/\/www.mountainnews.com\/fr\/wp-json\/wp\/v2\/pages\/35","targetHints":{"allow":["GET"]}}],"collection":[{"href":"https:\/\/www.mountainnews.com\/fr\/wp-json\/wp\/v2\/pages"}],"about":[{"href":"https:\/\/www.mountainnews.com\/fr\/wp-json\/wp\/v2\/types\/page"}],"author":[{"embeddable":true,"href":"https:\/\/www.mountainnews.com\/fr\/wp-json\/wp\/v2\/users\/2"}],"replies":[{"embeddable":true,"href":"https:\/\/www.mountainnews.com\/fr\/wp-json\/wp\/v2\/comments?post=35"}],"version-history":[{"count":0,"href":"https:\/\/www.mountainnews.com\/fr\/wp-json\/wp\/v2\/pages\/35\/revisions"}],"up":[{"embeddable":true,"href":"https:\/\/www.mountainnews.com\/fr\/wp-json\/wp\/v2\/pages\/27"}],"wp:attachment":[{"href":"https:\/\/www.mountainnews.com\/fr\/wp-json\/wp\/v2\/media?parent=35"}],"curies":[{"name":"wp","href":"https:\/\/api.w.org\/{rel}","templated":true}]}}