{"id":27,"date":"2026-02-15T15:16:02","date_gmt":"2026-02-15T15:16:02","guid":{"rendered":"https:\/\/mncstage.wpenginepowered.com\/?page_id=27"},"modified":"2026-03-10T15:08:36","modified_gmt":"2026-03-10T15:08:36","slug":"advertising-partner-resources","status":"publish","type":"page","link":"https:\/\/www.mountainnews.com\/fr\/advertising-partner-resources\/","title":{"rendered":"RESSOURCES POUR LES PARTENAIRES PUBLICITAIRES"},"content":{"rendered":"\n<h2 class=\"wp-block-heading has-text-align-center\">Bonjour, cher partenaire ! Nous sommes ravis de collaborer avec vous.<\/h2>\n\n\n\n<p class=\"has-text-align-center has-text-color has-link-color wp-elements-69eb4a00762ec8a09c773d21ddeaa448\" style=\"color:#65758b\">Vous trouverez ici plusieurs kits pour guider et inspirer vos \u00e9quipes durant le processus cr\u00e9atif. Nous avons d\u00e9taill\u00e9 les sp\u00e9cifications cr\u00e9atives de chaque produit publicitaire Mountain News, ainsi que les bonnes pratiques et des exemples de campagnes performantes. Si vous avez besoin d\u2019informations compl\u00e9mentaires ou de r\u00e9ponses \u00e0 vos questions, vous pouvez contacter directement l\u2019\u00e9quipe Ad Operations de Mountain News.<\/p>\n\n\n\n<div class=\"wp-block-group\"><div class=\"wp-block-group__inner-container is-layout-constrained wp-block-group-is-layout-constrained\">\n<div class=\"wp-block-columns wp-block-group-inner is-layout-flex wp-container-core-columns-is-layout-9d6595d7 wp-block-columns-is-layout-flex\">\n<div class=\"wp-block-column is-vertically-aligned-center is-layout-flow wp-block-column-is-layout-flow\">\n<h3 class=\"wp-block-heading\">Display + Video<\/h3>\n\n\n\n<ul class=\"wp-block-list\">\n<li><a href=\"\/fr\/advertising-partner-resources\/high-impact-display-bundle\/\" id=\"35\">High Impact Display Bundle<\/a><\/li>\n\n\n\n<li><a href=\"\/fr\/advertising-partner-resources\/premium-display-bundle\/\" id=\"43\">Premium Display Bundle<\/a><\/li>\n\n\n\n<li><a href=\"\/fr\/advertising-partner-resources\/video-advertising\/\" id=\"27\">Video Advertising<\/a><\/li>\n<\/ul>\n<\/div>\n\n\n\n<div class=\"wp-block-column is-layout-flow wp-block-column-is-layout-flow\"><div class=\"wp-block-image\">\n<figure class=\"alignright size-full\"><img decoding=\"async\" src=\"https:\/\/www.mountainnews.com\/fr\/wp-content\/uploads\/2026\/02\/display-video.png\" alt=\"\" class=\"wp-image-29\"\/><\/figure>\n<\/div><\/div>\n<\/div>\n\n\n\n<div class=\"wp-block-columns wp-block-group-inner is-layout-flex wp-container-core-columns-is-layout-9d6595d7 wp-block-columns-is-layout-flex\">\n<div class=\"wp-block-column is-vertically-aligned-center is-layout-flow wp-block-column-is-layout-flow\">\n<h3 class=\"wp-block-heading\">Push Marketing<\/h3>\n\n\n\n<ul class=\"wp-block-list\">\n<li><a href=\"\/fr\/advertising-partner-resources\/custom-email\/\" id=\"46\">Custom Email<\/a><\/li>\n\n\n\n<li><a href=\"\/fr\/advertising-partner-resources\/sponsored-newsletter\/\" id=\"47\">Sponsored Newsletter<\/a><\/li>\n\n\n\n<li><a href=\"\/fr\/advertising-partner-resources\/mobile-inbox\/\" id=\"48\">Mobile Inbox<\/a><\/li>\n<\/ul>\n<\/div>\n\n\n\n<div class=\"wp-block-column is-layout-flow wp-block-column-is-layout-flow\"><div class=\"wp-block-image\">\n<figure class=\"alignright size-full\"><img decoding=\"async\" src=\"https:\/\/www.mountainnews.com\/fr\/wp-content\/uploads\/2026\/02\/push-marketing.png\" alt=\"\" class=\"wp-image-28\"\/><\/figure>\n<\/div><\/div>\n<\/div>\n\n\n\n<div class=\"wp-block-columns wp-block-group-inner is-layout-flex wp-container-core-columns-is-layout-9d6595d7 wp-block-columns-is-layout-flex\">\n<div class=\"wp-block-column is-vertically-aligned-center is-layout-flow wp-block-column-is-layout-flow\">\n<h3 class=\"wp-block-heading\">Content Marketing<\/h3>\n\n\n\n<ul class=\"wp-block-list\">\n<li><a href=\"\/fr\/advertising-partner-resources\/spotlight-amplify-packages\/\" id=\"49\">Spotlight &amp; Amplify Packages<\/a><\/li>\n\n\n\n<li><a href=\"\/fr\/advertising-partner-resources\/big-snow-alerts\/\" id=\"50\">Big Snow Alerts<\/a><\/li>\n\n\n\n<li><a href=\"\/fr\/advertising-partner-resources\/snow-before-you-go\/\" id=\"54\">Snow Before You Go<\/a><\/li>\n\n\n\n<li><a href=\"\/fr\/advertising-partner-resources\/holiday-gift-guide\/\" id=\"55\">Holiday Gift Guide<\/a><\/li>\n\n\n\n<li><a href=\"\/fr\/advertising-partner-resources\/editorial-sponsorships\/\" id=\"56\">Editorial Sponsorships<\/a><\/li>\n\n\n\n<li><a href=\"\/fr\/advertising-partner-resources\/onthesnowplus\/\" id=\"52\">OnTheSnow+ (For Ski Areas)<\/a><\/li>\n\n\n\n<li><a href=\"\/fr\/advertising-partner-resources\/summerplus\/\" id=\"89\">Summer+ (For Destinations)<\/a><\/li>\n<\/ul>\n<\/div>\n\n\n\n<div class=\"wp-block-column is-layout-flow wp-block-column-is-layout-flow\"><div class=\"wp-block-image\">\n<figure class=\"alignright size-full\"><img decoding=\"async\" src=\"https:\/\/www.mountainnews.com\/fr\/wp-content\/uploads\/2026\/02\/custom-content.png\" alt=\"\" class=\"wp-image-33\"\/><\/figure>\n<\/div><\/div>\n<\/div>\n\n\n\n<div class=\"wp-block-columns wp-block-group-inner is-layout-flex wp-container-core-columns-is-layout-9d6595d7 wp-block-columns-is-layout-flex\">\n<div class=\"wp-block-column is-vertically-aligned-center is-layout-flow wp-block-column-is-layout-flow\">\n<h3 class=\"wp-block-heading\">OnTheSnow Mobile App<\/h3>\n\n\n\n<ul class=\"wp-block-list\">\n<li><a href=\"\/fr\/advertising-partner-resources\/mobile-app-sponsorship\/\" id=\"32\">Mobile App Sponsorship<\/a><\/li>\n<\/ul>\n<\/div>\n\n\n\n<div class=\"wp-block-column is-layout-flow wp-block-column-is-layout-flow\"><div class=\"wp-block-image\">\n<figure class=\"aligncenter size-full\"><img decoding=\"async\" src=\"https:\/\/www.mountainnews.com\/fr\/wp-content\/uploads\/2026\/02\/mobile-app-sponsorships.png\" alt=\"\" class=\"wp-image-32\"\/><\/figure>\n<\/div><\/div>\n<\/div>\n\n\n\n<p><\/p>\n<\/div><\/div>\n","protected":false},"excerpt":{"rendered":"<p>Bonjour, cher partenaire ! Nous sommes ravis de collaborer avec vous. Vous trouverez ici plusieurs kits pour guider et inspirer vos \u00e9quipes durant le processus cr\u00e9atif. Nous avons d\u00e9taill\u00e9 les sp\u00e9cifications cr\u00e9atives de chaque produit publicitaire Mountain News, ainsi que les bonnes pratiques et des exemples de campagnes performantes. Si vous avez besoin d\u2019informations compl\u00e9mentaires<\/p>\n","protected":false},"author":2,"featured_media":0,"parent":0,"menu_order":0,"comment_status":"closed","ping_status":"closed","template":"","meta":{"footnotes":""},"class_list":["post-27","page","type-page","status-publish","hentry"],"yoast_head":"<!-- This site is optimized with the Yoast SEO plugin v27.1.1 - https:\/\/yoast.com\/product\/yoast-seo-wordpress\/ -->\n<title>RESSOURCES POUR LES PARTENAIRES PUBLICITAIRES - Mountain News FR<\/title>\n<meta name=\"robots\" content=\"noindex, follow, max-snippet:-1, max-image-preview:large, max-video-preview:-1\" \/>\n<meta property=\"og:locale\" content=\"fr_FR\" \/>\n<meta property=\"og:type\" content=\"article\" \/>\n<meta property=\"og:title\" content=\"RESSOURCES POUR LES PARTENAIRES PUBLICITAIRES - Mountain News FR\" \/>\n<meta property=\"og:description\" content=\"Bonjour, cher partenaire ! Nous sommes ravis de collaborer avec vous. Vous trouverez ici plusieurs kits pour guider et inspirer vos \u00e9quipes durant le processus cr\u00e9atif. Nous avons d\u00e9taill\u00e9 les sp\u00e9cifications cr\u00e9atives de chaque produit publicitaire Mountain News, ainsi que les bonnes pratiques et des exemples de campagnes performantes. Si vous avez besoin d\u2019informations compl\u00e9mentaires\" \/>\n<meta property=\"og:site_name\" content=\"Mountain News FR\" \/>\n<meta property=\"article:modified_time\" content=\"2026-03-10T15:08:36+00:00\" \/>\n<meta name=\"twitter:card\" content=\"summary_large_image\" \/>\n<meta name=\"twitter:label1\" content=\"Est. reading time\" \/>\n\t<meta name=\"twitter:data1\" content=\"2 minutes\" \/>\n<script type=\"application\/ld+json\" class=\"yoast-schema-graph\">{\"@context\":\"https:\/\/schema.org\",\"@graph\":[{\"@type\":\"WebPage\",\"@id\":\"https:\/\/www.mountainnews.com\/fr\/advertising-partner-resources\/\",\"url\":\"https:\/\/www.mountainnews.com\/fr\/advertising-partner-resources\/\",\"name\":\"RESSOURCES POUR LES PARTENAIRES PUBLICITAIRES - Mountain News FR\",\"isPartOf\":{\"@id\":\"https:\/\/www.mountainnews.com\/fr\/#website\"},\"primaryImageOfPage\":{\"@id\":\"https:\/\/www.mountainnews.com\/fr\/advertising-partner-resources\/#primaryimage\"},\"image\":{\"@id\":\"https:\/\/www.mountainnews.com\/fr\/advertising-partner-resources\/#primaryimage\"},\"thumbnailUrl\":\"https:\/\/www.mountainnews.com\/fr\/wp-content\/uploads\/2026\/02\/display-video.png\",\"datePublished\":\"2026-02-15T15:16:02+00:00\",\"dateModified\":\"2026-03-10T15:08:36+00:00\",\"breadcrumb\":{\"@id\":\"https:\/\/www.mountainnews.com\/fr\/advertising-partner-resources\/#breadcrumb\"},\"inLanguage\":\"fr-FR\",\"potentialAction\":[{\"@type\":\"ReadAction\",\"target\":[\"https:\/\/www.mountainnews.com\/fr\/advertising-partner-resources\/\"]}]},{\"@type\":\"ImageObject\",\"inLanguage\":\"fr-FR\",\"@id\":\"https:\/\/www.mountainnews.com\/fr\/advertising-partner-resources\/#primaryimage\",\"url\":\"\",\"contentUrl\":\"\"},{\"@type\":\"BreadcrumbList\",\"@id\":\"https:\/\/www.mountainnews.com\/fr\/advertising-partner-resources\/#breadcrumb\",\"itemListElement\":[{\"@type\":\"ListItem\",\"position\":1,\"name\":\"Home\",\"item\":\"https:\/\/www.mountainnews.com\/fr\/\"},{\"@type\":\"ListItem\",\"position\":2,\"name\":\"RESSOURCES POUR LES PARTENAIRES PUBLICITAIRES\"}]},{\"@type\":\"WebSite\",\"@id\":\"https:\/\/www.mountainnews.com\/fr\/#website\",\"url\":\"https:\/\/www.mountainnews.com\/fr\/\",\"name\":\"Mountain News FR\",\"description\":\"\",\"potentialAction\":[{\"@type\":\"SearchAction\",\"target\":{\"@type\":\"EntryPoint\",\"urlTemplate\":\"https:\/\/www.mountainnews.com\/fr\/?s={search_term_string}\"},\"query-input\":{\"@type\":\"PropertyValueSpecification\",\"valueRequired\":true,\"valueName\":\"search_term_string\"}}],\"inLanguage\":\"fr-FR\"}]}<\/script>\n<!-- \/ Yoast SEO plugin. -->","yoast_head_json":{"title":"RESSOURCES POUR LES PARTENAIRES PUBLICITAIRES - Mountain News FR","robots":{"index":"noindex","follow":"follow","max-snippet":"max-snippet:-1","max-image-preview":"max-image-preview:large","max-video-preview":"max-video-preview:-1"},"og_locale":"fr_FR","og_type":"article","og_title":"RESSOURCES POUR LES PARTENAIRES PUBLICITAIRES - Mountain News FR","og_description":"Bonjour, cher partenaire ! Nous sommes ravis de collaborer avec vous. Vous trouverez ici plusieurs kits pour guider et inspirer vos \u00e9quipes durant le processus cr\u00e9atif. Nous avons d\u00e9taill\u00e9 les sp\u00e9cifications cr\u00e9atives de chaque produit publicitaire Mountain News, ainsi que les bonnes pratiques et des exemples de campagnes performantes. Si vous avez besoin d\u2019informations compl\u00e9mentaires","og_site_name":"Mountain News FR","article_modified_time":"2026-03-10T15:08:36+00:00","twitter_card":"summary_large_image","twitter_misc":{"Est. reading time":"2 minutes"},"schema":{"@context":"https:\/\/schema.org","@graph":[{"@type":"WebPage","@id":"https:\/\/www.mountainnews.com\/fr\/advertising-partner-resources\/","url":"https:\/\/www.mountainnews.com\/fr\/advertising-partner-resources\/","name":"RESSOURCES POUR LES PARTENAIRES PUBLICITAIRES - Mountain News FR","isPartOf":{"@id":"https:\/\/www.mountainnews.com\/fr\/#website"},"primaryImageOfPage":{"@id":"https:\/\/www.mountainnews.com\/fr\/advertising-partner-resources\/#primaryimage"},"image":{"@id":"https:\/\/www.mountainnews.com\/fr\/advertising-partner-resources\/#primaryimage"},"thumbnailUrl":"https:\/\/www.mountainnews.com\/fr\/wp-content\/uploads\/2026\/02\/display-video.png","datePublished":"2026-02-15T15:16:02+00:00","dateModified":"2026-03-10T15:08:36+00:00","breadcrumb":{"@id":"https:\/\/www.mountainnews.com\/fr\/advertising-partner-resources\/#breadcrumb"},"inLanguage":"fr-FR","potentialAction":[{"@type":"ReadAction","target":["https:\/\/www.mountainnews.com\/fr\/advertising-partner-resources\/"]}]},{"@type":"ImageObject","inLanguage":"fr-FR","@id":"https:\/\/www.mountainnews.com\/fr\/advertising-partner-resources\/#primaryimage","url":"","contentUrl":""},{"@type":"BreadcrumbList","@id":"https:\/\/www.mountainnews.com\/fr\/advertising-partner-resources\/#breadcrumb","itemListElement":[{"@type":"ListItem","position":1,"name":"Home","item":"https:\/\/www.mountainnews.com\/fr\/"},{"@type":"ListItem","position":2,"name":"RESSOURCES POUR LES PARTENAIRES PUBLICITAIRES"}]},{"@type":"WebSite","@id":"https:\/\/www.mountainnews.com\/fr\/#website","url":"https:\/\/www.mountainnews.com\/fr\/","name":"Mountain News FR","description":"","potentialAction":[{"@type":"SearchAction","target":{"@type":"EntryPoint","urlTemplate":"https:\/\/www.mountainnews.com\/fr\/?s={search_term_string}"},"query-input":{"@type":"PropertyValueSpecification","valueRequired":true,"valueName":"search_term_string"}}],"inLanguage":"fr-FR"}]}},"_links":{"self":[{"href":"https:\/\/www.mountainnews.com\/fr\/wp-json\/wp\/v2\/pages\/27","targetHints":{"allow":["GET"]}}],"collection":[{"href":"https:\/\/www.mountainnews.com\/fr\/wp-json\/wp\/v2\/pages"}],"about":[{"href":"https:\/\/www.mountainnews.com\/fr\/wp-json\/wp\/v2\/types\/page"}],"author":[{"embeddable":true,"href":"https:\/\/www.mountainnews.com\/fr\/wp-json\/wp\/v2\/users\/2"}],"replies":[{"embeddable":true,"href":"https:\/\/www.mountainnews.com\/fr\/wp-json\/wp\/v2\/comments?post=27"}],"version-history":[{"count":0,"href":"https:\/\/www.mountainnews.com\/fr\/wp-json\/wp\/v2\/pages\/27\/revisions"}],"wp:attachment":[{"href":"https:\/\/www.mountainnews.com\/fr\/wp-json\/wp\/v2\/media?parent=27"}],"curies":[{"name":"wp","href":"https:\/\/api.w.org\/{rel}","templated":true}]}}