{"id":20,"date":"2026-02-13T15:55:34","date_gmt":"2026-02-13T15:55:34","guid":{"rendered":"https:\/\/mncstage.wpenginepowered.com\/?page_id=20"},"modified":"2026-04-20T01:34:22","modified_gmt":"2026-04-20T01:34:22","slug":"donnees-ia","status":"publish","type":"page","link":"https:\/\/www.mountainnews.com\/fr\/donnees-ia\/","title":{"rendered":"DONN\u00c9ES &#038; IA"},"content":{"rendered":"","protected":false},"excerpt":{"rendered":"","protected":false},"author":2,"featured_media":0,"parent":0,"menu_order":0,"comment_status":"closed","ping_status":"closed","template":"page-templates\/data-ai-template-fr.php","meta":{"footnotes":""},"class_list":["post-20","page","type-page","status-publish","hentry"],"yoast_head":"<!-- This site is optimized with the Yoast SEO plugin v27.4 - https:\/\/yoast.com\/product\/yoast-seo-wordpress\/ -->\n<title>API Donn\u00e9es Stations de Ski | Enneigement, Chutes de Neige &amp; Conditions | Mountain News<\/title>\n<meta name=\"description\" content=\"Acc\u00e9dez \u00e0 des donn\u00e9es en temps r\u00e9el sur les stations de ski, incluant l\u2019enneigement, les chutes de neige et les conditions montagne via l\u2019API OnTheSnow. Con\u00e7u pour d\u00e9veloppeurs, plateformes et acteurs du voyage.\" \/>\n<meta name=\"robots\" content=\"noindex, follow, max-snippet:-1, max-image-preview:large, max-video-preview:-1\" \/>\n<meta property=\"og:locale\" content=\"fr_FR\" \/>\n<meta property=\"og:type\" content=\"article\" \/>\n<meta property=\"og:title\" content=\"API Donn\u00e9es Stations de Ski | Enneigement, Chutes de Neige &amp; Conditions | Mountain News\" \/>\n<meta property=\"og:description\" content=\"Acc\u00e9dez \u00e0 des donn\u00e9es en temps r\u00e9el sur les stations de ski, incluant l\u2019enneigement, les chutes de neige et les conditions montagne via l\u2019API OnTheSnow. Con\u00e7u pour d\u00e9veloppeurs, plateformes et acteurs du voyage.\" \/>\n<meta property=\"og:site_name\" content=\"Mountain News FR\" \/>\n<meta property=\"article:modified_time\" content=\"2026-04-20T01:34:22+00:00\" \/>\n<meta name=\"twitter:card\" content=\"summary_large_image\" \/>\n<script type=\"application\/ld+json\" class=\"yoast-schema-graph\">{\"@context\":\"https:\\\/\\\/schema.org\",\"@graph\":[{\"@type\":\"WebPage\",\"@id\":\"https:\\\/\\\/www.mountainnews.com\\\/fr\\\/donnees-ia\\\/\",\"url\":\"https:\\\/\\\/www.mountainnews.com\\\/fr\\\/donnees-ia\\\/\",\"name\":\"API Donn\u00e9es Stations de Ski | Enneigement, Chutes de Neige & Conditions | Mountain News\",\"isPartOf\":{\"@id\":\"https:\\\/\\\/www.mountainnews.com\\\/fr\\\/#website\"},\"datePublished\":\"2026-02-13T15:55:34+00:00\",\"dateModified\":\"2026-04-20T01:34:22+00:00\",\"description\":\"Acc\u00e9dez \u00e0 des donn\u00e9es en temps r\u00e9el sur les stations de ski, incluant l\u2019enneigement, les chutes de neige et les conditions montagne via l\u2019API OnTheSnow. Con\u00e7u pour d\u00e9veloppeurs, plateformes et acteurs du voyage.\",\"breadcrumb\":{\"@id\":\"https:\\\/\\\/www.mountainnews.com\\\/fr\\\/donnees-ia\\\/#breadcrumb\"},\"inLanguage\":\"fr-FR\",\"potentialAction\":[{\"@type\":\"ReadAction\",\"target\":[\"https:\\\/\\\/www.mountainnews.com\\\/fr\\\/donnees-ia\\\/\"]}]},{\"@type\":\"BreadcrumbList\",\"@id\":\"https:\\\/\\\/www.mountainnews.com\\\/fr\\\/donnees-ia\\\/#breadcrumb\",\"itemListElement\":[{\"@type\":\"ListItem\",\"position\":1,\"name\":\"Home\",\"item\":\"https:\\\/\\\/www.mountainnews.com\\\/fr\\\/\"},{\"@type\":\"ListItem\",\"position\":2,\"name\":\"DONN\u00c9ES &#038; IA\"}]},{\"@type\":\"WebSite\",\"@id\":\"https:\\\/\\\/www.mountainnews.com\\\/fr\\\/#website\",\"url\":\"https:\\\/\\\/www.mountainnews.com\\\/fr\\\/\",\"name\":\"Mountain News FR\",\"description\":\"\",\"potentialAction\":[{\"@type\":\"SearchAction\",\"target\":{\"@type\":\"EntryPoint\",\"urlTemplate\":\"https:\\\/\\\/www.mountainnews.com\\\/fr\\\/?s={search_term_string}\"},\"query-input\":{\"@type\":\"PropertyValueSpecification\",\"valueRequired\":true,\"valueName\":\"search_term_string\"}}],\"inLanguage\":\"fr-FR\"}]}<\/script>\n<!-- \/ Yoast SEO plugin. -->","yoast_head_json":{"title":"API Donn\u00e9es Stations de Ski | Enneigement, Chutes de Neige & Conditions | Mountain News","description":"Acc\u00e9dez \u00e0 des donn\u00e9es en temps r\u00e9el sur les stations de ski, incluant l\u2019enneigement, les chutes de neige et les conditions montagne via l\u2019API OnTheSnow. Con\u00e7u pour d\u00e9veloppeurs, plateformes et acteurs du voyage.","robots":{"index":"noindex","follow":"follow","max-snippet":"max-snippet:-1","max-image-preview":"max-image-preview:large","max-video-preview":"max-video-preview:-1"},"og_locale":"fr_FR","og_type":"article","og_title":"API Donn\u00e9es Stations de Ski | Enneigement, Chutes de Neige & Conditions | Mountain News","og_description":"Acc\u00e9dez \u00e0 des donn\u00e9es en temps r\u00e9el sur les stations de ski, incluant l\u2019enneigement, les chutes de neige et les conditions montagne via l\u2019API OnTheSnow. Con\u00e7u pour d\u00e9veloppeurs, plateformes et acteurs du voyage.","og_site_name":"Mountain News FR","article_modified_time":"2026-04-20T01:34:22+00:00","twitter_card":"summary_large_image","schema":{"@context":"https:\/\/schema.org","@graph":[{"@type":"WebPage","@id":"https:\/\/www.mountainnews.com\/fr\/donnees-ia\/","url":"https:\/\/www.mountainnews.com\/fr\/donnees-ia\/","name":"API Donn\u00e9es Stations de Ski | Enneigement, Chutes de Neige & Conditions | Mountain News","isPartOf":{"@id":"https:\/\/www.mountainnews.com\/fr\/#website"},"datePublished":"2026-02-13T15:55:34+00:00","dateModified":"2026-04-20T01:34:22+00:00","description":"Acc\u00e9dez \u00e0 des donn\u00e9es en temps r\u00e9el sur les stations de ski, incluant l\u2019enneigement, les chutes de neige et les conditions montagne via l\u2019API OnTheSnow. Con\u00e7u pour d\u00e9veloppeurs, plateformes et acteurs du voyage.","breadcrumb":{"@id":"https:\/\/www.mountainnews.com\/fr\/donnees-ia\/#breadcrumb"},"inLanguage":"fr-FR","potentialAction":[{"@type":"ReadAction","target":["https:\/\/www.mountainnews.com\/fr\/donnees-ia\/"]}]},{"@type":"BreadcrumbList","@id":"https:\/\/www.mountainnews.com\/fr\/donnees-ia\/#breadcrumb","itemListElement":[{"@type":"ListItem","position":1,"name":"Home","item":"https:\/\/www.mountainnews.com\/fr\/"},{"@type":"ListItem","position":2,"name":"DONN\u00c9ES &#038; IA"}]},{"@type":"WebSite","@id":"https:\/\/www.mountainnews.com\/fr\/#website","url":"https:\/\/www.mountainnews.com\/fr\/","name":"Mountain News FR","description":"","potentialAction":[{"@type":"SearchAction","target":{"@type":"EntryPoint","urlTemplate":"https:\/\/www.mountainnews.com\/fr\/?s={search_term_string}"},"query-input":{"@type":"PropertyValueSpecification","valueRequired":true,"valueName":"search_term_string"}}],"inLanguage":"fr-FR"}]}},"_links":{"self":[{"href":"https:\/\/www.mountainnews.com\/fr\/wp-json\/wp\/v2\/pages\/20","targetHints":{"allow":["GET"]}}],"collection":[{"href":"https:\/\/www.mountainnews.com\/fr\/wp-json\/wp\/v2\/pages"}],"about":[{"href":"https:\/\/www.mountainnews.com\/fr\/wp-json\/wp\/v2\/types\/page"}],"author":[{"embeddable":true,"href":"https:\/\/www.mountainnews.com\/fr\/wp-json\/wp\/v2\/users\/2"}],"replies":[{"embeddable":true,"href":"https:\/\/www.mountainnews.com\/fr\/wp-json\/wp\/v2\/comments?post=20"}],"version-history":[{"count":0,"href":"https:\/\/www.mountainnews.com\/fr\/wp-json\/wp\/v2\/pages\/20\/revisions"}],"wp:attachment":[{"href":"https:\/\/www.mountainnews.com\/fr\/wp-json\/wp\/v2\/media?parent=20"}],"curies":[{"name":"wp","href":"https:\/\/api.w.org\/{rel}","templated":true}]}}