{"id":104,"date":"2026-03-06T17:02:24","date_gmt":"2026-03-06T17:02:24","guid":{"rendered":"https:\/\/mncstage.wpenginepowered.com\/?page_id=104"},"modified":"2026-03-23T11:48:25","modified_gmt":"2026-03-23T11:48:25","slug":"mobile-app-sponsorship","status":"publish","type":"page","link":"https:\/\/www.mountainnews.com\/fr\/advertising-partner-resources\/mobile-app-sponsorship\/","title":{"rendered":"Sponsoring de l&rsquo;application mobile"},"content":{"rendered":"\n<h2 class=\"wp-block-heading\">Pr\u00e9sentation produit<\/h2>\n\n\n\n<p>Skiinfo est l&rsquo;application de ski et de snowboard la plus t\u00e9l\u00e9charg\u00e9e au monde. Les utilisateurs l&rsquo;appr\u00e9cient pour son contenu de qualit\u00e9 : donn\u00e9es d&rsquo;enneigement actualis\u00e9es, pr\u00e9visions m\u00e9t\u00e9o, webcams, partages d&rsquo;exp\u00e9riences \u00ab\u00a0station\u00a0\u00bb via des photos et commentaires en temps r\u00e9els.<\/p>\n\n\n\n<h3 class=\"wp-block-heading\">Campagnes Cr\u00e9atives Tr\u00e8s Performantes &#8211; Exemples Pass\u00e9s<\/h3>\n\n\n\n<div class=\"wp-block-gslider-blocks-image-slider gslider-image-slider-wrapper gslider-image-slider-29afc10a inside center has-pagination\" data-swiper-settings=\"{&quot;effect&quot;:&quot;slide&quot;,&quot;breakpoints&quot;:{&quot;0&quot;:{&quot;slidesPerView&quot;:1,&quot;spaceBetween&quot;:0,&quot;speed&quot;:800,&quot;autoplay&quot;:false,&quot;navigation&quot;:{&quot;enabled&quot;:true},&quot;pagination&quot;:{&quot;enabled&quot;:true}},&quot;768&quot;:{&quot;slidesPerView&quot;:1,&quot;spaceBetween&quot;:20,&quot;speed&quot;:800,&quot;autoplay&quot;:false,&quot;navigation&quot;:{&quot;enabled&quot;:true},&quot;pagination&quot;:{&quot;enabled&quot;:true}},&quot;1025&quot;:{&quot;slidesPerView&quot;:1,&quot;spaceBetween&quot;:20,&quot;speed&quot;:800,&quot;autoplay&quot;:false,&quot;navigation&quot;:{&quot;enabled&quot;:true},&quot;pagination&quot;:{&quot;enabled&quot;:true}}},&quot;loop&quot;:true,&quot;autoplay&quot;:false,&quot;allowTouchMove&quot;:true,&quot;mousewheel&quot;:false,&quot;keyboard&quot;:false,&quot;navigation&quot;:{&quot;enabled&quot;:true,&quot;nextEl&quot;:&quot;.swiper-button-next&quot;,&quot;prevEl&quot;:&quot;.swiper-button-prev&quot;},&quot;pagination&quot;:{&quot;enabled&quot;:true,&quot;el&quot;:&quot;.gslider-image-slider-29afc10a .swiper-pagination-image-slider&quot;,&quot;type&quot;:&quot;bullets&quot;,&quot;dynamicBullets&quot;:false,&quot;clickable&quot;:true}}\"><div class=\"swiper\" role=\"region\" aria-label=\"Image Slider\"><div class=\"swiper-wrapper\"><div class=\"swiper-slide\"><div class=\"gslider-image-slider-content-wrapper \"><div class=\"gslider-image-item\" data-hover-effect=\"none\"><img decoding=\"async\" src=\"https:\/\/www.mountainnews.com\/fr\/wp-content\/uploads\/sites\/4\/2026\/03\/FR-App-sponsorship.png\" alt=\"image 1\"\/><\/div><div class=\"gslider-image-slider-caption\" aria-live=\"polite\">Sponsoring de l&rsquo;application mobile<\/div><\/div><\/div><\/div><div class=\"gslider-navigation-default-icon-wrapper inside center\"><div class=\"swiper-button-prev\" role=\"button\" tabindex=\"0\" aria-label=\"Previous slide\"><\/div><div class=\"swiper-button-next\" role=\"button\" tabindex=\"0\" aria-label=\"Next slide\"><\/div><\/div><\/div><div class=\"swiper-pagination swiper-pagination-image-slider swiper-pagination-gslider-image-slider-29afc10a\" aria-label=\"Carousel pagination\"><\/div><\/div>\n\n\n\n<h3 class=\"wp-block-heading\">Sp\u00e9cificit\u00e9s techniques<\/h3>\n\n\n\n<p><strong>\u00c9cran de chargement personnalis\u00e9<\/strong><br>\u2022 Image &#8211; 1290&#215;2786 (PNG), taille maximale 800 kb<br>&nbsp;&nbsp;&nbsp;o Veuillez compresser l&rsquo;image autant que possible sans perte. N&rsquo;oubliez pas que l&rsquo;image ne s&rsquo;affichera qu&rsquo;une fois qu&rsquo;elle aura \u00e9t\u00e9 t\u00e9l\u00e9charg\u00e9e avec succ\u00e8s.<br>&nbsp;&nbsp;&nbsp;o Pas de CTA (appel \u00e0 l\u2019action)<br>&nbsp;&nbsp;&nbsp;o Aucun visuel\/ information critique plac\u00e9s vers le milieu sup\u00e9rieur de l\u2019\u00e9cran, pour \u00e9viter le contact avec le logo Skiinfo\/OnTheSnow<br>&nbsp;&nbsp;&nbsp;o Le logo Skiinfo\/ OnTheSnow est positionn\u00e9 \u00e0 162px du haut et centr\u00e9 horizontalement (450 px largeur x 600 px hauteur). Le positionnement et la taille peuvent varier d&rsquo;un appareil \u00e0 l&rsquo;autre.<br>&nbsp;&nbsp;&nbsp;o MountainNews utilisera le logo Skiinfo\/OnTheSnow (en fonction du march\u00e9 pour lequel vous achetez la publicit\u00e9).<br>&nbsp;&nbsp;&nbsp;o L&rsquo;image sera affich\u00e9e en mode Aspect Fit, ce qui signifie qu&rsquo;elle est mise \u00e0 l&rsquo;\u00e9chelle pour s\u2019adapter aux bords de l&rsquo;\u00e9cran sur laquelle elle s\u2019affiche.<br>&nbsp;&nbsp;&nbsp;o Veillez \u00e0 ce que votre cr\u00e9a s&rsquo;harmonise avec l&rsquo;arri\u00e8re-plan noir, qui appara\u00eetra sur les appareils ayant un ratio diff\u00e9rent.<\/p>\n\n\n\n<p><strong>Companion Mobile Scroller<\/strong><br>\u2022 Image &#8211; 370&#215;740 et 400&#215;666 (les deux tailles sont n\u00e9cessaires, pour les grands et les petits \u00e9crans)<br>\u2022 Format &#8211; JPG, GIF, PNG (pas d&rsquo;animation, pas de HTML)<br>\u2022 Taille totale &#8211; 300KB max<br>\u2022 URL de clic &#8211; Lien de suivi des tiers accept\u00e9.<br>\u2022 **Pas de balises publicitaires des tiers<br>\u2022 Pixel de suivi des tiers accept\u00e9<\/p>\n\n\n\n<h3 class=\"wp-block-heading\">Recommandations<\/h3>\n\n\n\n<p><strong>Ecran de chargement<\/strong><br>\u2022 Privil\u00e9giez une photo impactante avec une mise en avant explicite de votre accroche et du logo en signature<\/p>\n\n\n\n<p><strong>Mobile Scroller associ\u00e9<\/strong><br>\u2022 Utilisez la m\u00eame th\u00e9matique que votre \u00e9cran de chargement<br>\u2022 Int\u00e9grez un bouton d&rsquo;appel au clic tr\u00e8s visible avec une incitation \u00e0 l&rsquo;action forte : les CTA doivent \u00eatre courts, significatifs et orient\u00e9s vers le passage \u00e0 l\u2019acte.<\/p>\n","protected":false},"excerpt":{"rendered":"<p>Pr\u00e9sentation produit Skiinfo est l&rsquo;application de ski et de snowboard la plus t\u00e9l\u00e9charg\u00e9e au monde. Les utilisateurs l&rsquo;appr\u00e9cient pour son contenu de qualit\u00e9 : donn\u00e9es d&rsquo;enneigement actualis\u00e9es, pr\u00e9visions m\u00e9t\u00e9o, webcams, partages d&rsquo;exp\u00e9riences \u00ab\u00a0station\u00a0\u00bb via des photos et commentaires en temps r\u00e9els. Campagnes Cr\u00e9atives Tr\u00e8s Performantes &#8211; Exemples Pass\u00e9s Sp\u00e9cificit\u00e9s techniques \u00c9cran de chargement personnalis\u00e9\u2022 Image<\/p>\n","protected":false},"author":2,"featured_media":0,"parent":27,"menu_order":0,"comment_status":"closed","ping_status":"closed","template":"","meta":{"footnotes":""},"class_list":["post-104","page","type-page","status-publish","hentry"],"yoast_head":"<!-- This site is optimized with the Yoast SEO plugin v27.1.1 - https:\/\/yoast.com\/product\/yoast-seo-wordpress\/ -->\n<title>Sponsoring de l&#039;application mobile - Mountain News FR<\/title>\n<meta name=\"robots\" content=\"noindex, follow, max-snippet:-1, max-image-preview:large, max-video-preview:-1\" \/>\n<meta property=\"og:locale\" content=\"fr_FR\" \/>\n<meta property=\"og:type\" content=\"article\" \/>\n<meta property=\"og:title\" content=\"Sponsoring de l&#039;application mobile - Mountain News FR\" \/>\n<meta property=\"og:description\" content=\"Pr\u00e9sentation produit Skiinfo est l&rsquo;application de ski et de snowboard la plus t\u00e9l\u00e9charg\u00e9e au monde. Les utilisateurs l&rsquo;appr\u00e9cient pour son contenu de qualit\u00e9 : donn\u00e9es d&rsquo;enneigement actualis\u00e9es, pr\u00e9visions m\u00e9t\u00e9o, webcams, partages d&rsquo;exp\u00e9riences \u00ab\u00a0station\u00a0\u00bb via des photos et commentaires en temps r\u00e9els. Campagnes Cr\u00e9atives Tr\u00e8s Performantes &#8211; Exemples Pass\u00e9s Sp\u00e9cificit\u00e9s techniques \u00c9cran de chargement personnalis\u00e9\u2022 Image\" \/>\n<meta property=\"og:site_name\" content=\"Mountain News FR\" \/>\n<meta property=\"article:modified_time\" content=\"2026-03-23T11:48:25+00:00\" \/>\n<meta property=\"og:image\" content=\"https:\/\/www.mountainnews.com\/fr\/wp-content\/uploads\/sites\/4\/2026\/03\/FR-App-sponsorship.png\" \/>\n<meta name=\"twitter:card\" content=\"summary_large_image\" \/>\n<meta name=\"twitter:label1\" content=\"Est. reading time\" \/>\n\t<meta name=\"twitter:data1\" content=\"2 minutes\" \/>\n<script type=\"application\/ld+json\" class=\"yoast-schema-graph\">{\"@context\":\"https:\/\/schema.org\",\"@graph\":[{\"@type\":\"WebPage\",\"@id\":\"https:\/\/www.mountainnews.com\/fr\/advertising-partner-resources\/mobile-app-sponsorship\/\",\"url\":\"https:\/\/www.mountainnews.com\/fr\/advertising-partner-resources\/mobile-app-sponsorship\/\",\"name\":\"Sponsoring de l'application mobile - Mountain News FR\",\"isPartOf\":{\"@id\":\"https:\/\/www.mountainnews.com\/fr\/#website\"},\"primaryImageOfPage\":{\"@id\":\"https:\/\/www.mountainnews.com\/fr\/advertising-partner-resources\/mobile-app-sponsorship\/#primaryimage\"},\"image\":{\"@id\":\"https:\/\/www.mountainnews.com\/fr\/advertising-partner-resources\/mobile-app-sponsorship\/#primaryimage\"},\"thumbnailUrl\":\"https:\/\/www.mountainnews.com\/fr\/wp-content\/uploads\/sites\/4\/2026\/03\/FR-App-sponsorship.png\",\"datePublished\":\"2026-03-06T17:02:24+00:00\",\"dateModified\":\"2026-03-23T11:48:25+00:00\",\"breadcrumb\":{\"@id\":\"https:\/\/www.mountainnews.com\/fr\/advertising-partner-resources\/mobile-app-sponsorship\/#breadcrumb\"},\"inLanguage\":\"fr-FR\",\"potentialAction\":[{\"@type\":\"ReadAction\",\"target\":[\"https:\/\/www.mountainnews.com\/fr\/advertising-partner-resources\/mobile-app-sponsorship\/\"]}]},{\"@type\":\"ImageObject\",\"inLanguage\":\"fr-FR\",\"@id\":\"https:\/\/www.mountainnews.com\/fr\/advertising-partner-resources\/mobile-app-sponsorship\/#primaryimage\",\"url\":\"https:\/\/www.mountainnews.com\/fr\/wp-content\/uploads\/sites\/4\/2026\/03\/FR-App-sponsorship.png\",\"contentUrl\":\"https:\/\/www.mountainnews.com\/fr\/wp-content\/uploads\/sites\/4\/2026\/03\/FR-App-sponsorship.png\",\"width\":885,\"height\":507,\"caption\":\"Sponsoring de l'application mobile\"},{\"@type\":\"BreadcrumbList\",\"@id\":\"https:\/\/www.mountainnews.com\/fr\/advertising-partner-resources\/mobile-app-sponsorship\/#breadcrumb\",\"itemListElement\":[{\"@type\":\"ListItem\",\"position\":1,\"name\":\"Home\",\"item\":\"https:\/\/www.mountainnews.com\/fr\/\"},{\"@type\":\"ListItem\",\"position\":2,\"name\":\"RESSOURCES POUR LES PARTENAIRES PUBLICITAIRES\",\"item\":\"https:\/\/www.mountainnews.com\/fr\/advertising-partner-resources\/\"},{\"@type\":\"ListItem\",\"position\":3,\"name\":\"Sponsoring de l&rsquo;application mobile\"}]},{\"@type\":\"WebSite\",\"@id\":\"https:\/\/www.mountainnews.com\/fr\/#website\",\"url\":\"https:\/\/www.mountainnews.com\/fr\/\",\"name\":\"Mountain News FR\",\"description\":\"\",\"potentialAction\":[{\"@type\":\"SearchAction\",\"target\":{\"@type\":\"EntryPoint\",\"urlTemplate\":\"https:\/\/www.mountainnews.com\/fr\/?s={search_term_string}\"},\"query-input\":{\"@type\":\"PropertyValueSpecification\",\"valueRequired\":true,\"valueName\":\"search_term_string\"}}],\"inLanguage\":\"fr-FR\"}]}<\/script>\n<!-- \/ Yoast SEO plugin. -->","yoast_head_json":{"title":"Sponsoring de l'application mobile - Mountain News FR","robots":{"index":"noindex","follow":"follow","max-snippet":"max-snippet:-1","max-image-preview":"max-image-preview:large","max-video-preview":"max-video-preview:-1"},"og_locale":"fr_FR","og_type":"article","og_title":"Sponsoring de l'application mobile - Mountain News FR","og_description":"Pr\u00e9sentation produit Skiinfo est l&rsquo;application de ski et de snowboard la plus t\u00e9l\u00e9charg\u00e9e au monde. Les utilisateurs l&rsquo;appr\u00e9cient pour son contenu de qualit\u00e9 : donn\u00e9es d&rsquo;enneigement actualis\u00e9es, pr\u00e9visions m\u00e9t\u00e9o, webcams, partages d&rsquo;exp\u00e9riences \u00ab\u00a0station\u00a0\u00bb via des photos et commentaires en temps r\u00e9els. Campagnes Cr\u00e9atives Tr\u00e8s Performantes &#8211; Exemples Pass\u00e9s Sp\u00e9cificit\u00e9s techniques \u00c9cran de chargement personnalis\u00e9\u2022 Image","og_site_name":"Mountain News FR","article_modified_time":"2026-03-23T11:48:25+00:00","og_image":[{"url":"https:\/\/www.mountainnews.com\/fr\/wp-content\/uploads\/sites\/4\/2026\/03\/FR-App-sponsorship.png","type":"","width":"","height":""}],"twitter_card":"summary_large_image","twitter_misc":{"Est. reading time":"2 minutes"},"schema":{"@context":"https:\/\/schema.org","@graph":[{"@type":"WebPage","@id":"https:\/\/www.mountainnews.com\/fr\/advertising-partner-resources\/mobile-app-sponsorship\/","url":"https:\/\/www.mountainnews.com\/fr\/advertising-partner-resources\/mobile-app-sponsorship\/","name":"Sponsoring de l'application mobile - Mountain News FR","isPartOf":{"@id":"https:\/\/www.mountainnews.com\/fr\/#website"},"primaryImageOfPage":{"@id":"https:\/\/www.mountainnews.com\/fr\/advertising-partner-resources\/mobile-app-sponsorship\/#primaryimage"},"image":{"@id":"https:\/\/www.mountainnews.com\/fr\/advertising-partner-resources\/mobile-app-sponsorship\/#primaryimage"},"thumbnailUrl":"https:\/\/www.mountainnews.com\/fr\/wp-content\/uploads\/sites\/4\/2026\/03\/FR-App-sponsorship.png","datePublished":"2026-03-06T17:02:24+00:00","dateModified":"2026-03-23T11:48:25+00:00","breadcrumb":{"@id":"https:\/\/www.mountainnews.com\/fr\/advertising-partner-resources\/mobile-app-sponsorship\/#breadcrumb"},"inLanguage":"fr-FR","potentialAction":[{"@type":"ReadAction","target":["https:\/\/www.mountainnews.com\/fr\/advertising-partner-resources\/mobile-app-sponsorship\/"]}]},{"@type":"ImageObject","inLanguage":"fr-FR","@id":"https:\/\/www.mountainnews.com\/fr\/advertising-partner-resources\/mobile-app-sponsorship\/#primaryimage","url":"https:\/\/www.mountainnews.com\/fr\/wp-content\/uploads\/sites\/4\/2026\/03\/FR-App-sponsorship.png","contentUrl":"https:\/\/www.mountainnews.com\/fr\/wp-content\/uploads\/sites\/4\/2026\/03\/FR-App-sponsorship.png","width":885,"height":507,"caption":"Sponsoring de l'application mobile"},{"@type":"BreadcrumbList","@id":"https:\/\/www.mountainnews.com\/fr\/advertising-partner-resources\/mobile-app-sponsorship\/#breadcrumb","itemListElement":[{"@type":"ListItem","position":1,"name":"Home","item":"https:\/\/www.mountainnews.com\/fr\/"},{"@type":"ListItem","position":2,"name":"RESSOURCES POUR LES PARTENAIRES PUBLICITAIRES","item":"https:\/\/www.mountainnews.com\/fr\/advertising-partner-resources\/"},{"@type":"ListItem","position":3,"name":"Sponsoring de l&rsquo;application mobile"}]},{"@type":"WebSite","@id":"https:\/\/www.mountainnews.com\/fr\/#website","url":"https:\/\/www.mountainnews.com\/fr\/","name":"Mountain News FR","description":"","potentialAction":[{"@type":"SearchAction","target":{"@type":"EntryPoint","urlTemplate":"https:\/\/www.mountainnews.com\/fr\/?s={search_term_string}"},"query-input":{"@type":"PropertyValueSpecification","valueRequired":true,"valueName":"search_term_string"}}],"inLanguage":"fr-FR"}]}},"_links":{"self":[{"href":"https:\/\/www.mountainnews.com\/fr\/wp-json\/wp\/v2\/pages\/104","targetHints":{"allow":["GET"]}}],"collection":[{"href":"https:\/\/www.mountainnews.com\/fr\/wp-json\/wp\/v2\/pages"}],"about":[{"href":"https:\/\/www.mountainnews.com\/fr\/wp-json\/wp\/v2\/types\/page"}],"author":[{"embeddable":true,"href":"https:\/\/www.mountainnews.com\/fr\/wp-json\/wp\/v2\/users\/2"}],"replies":[{"embeddable":true,"href":"https:\/\/www.mountainnews.com\/fr\/wp-json\/wp\/v2\/comments?post=104"}],"version-history":[{"count":0,"href":"https:\/\/www.mountainnews.com\/fr\/wp-json\/wp\/v2\/pages\/104\/revisions"}],"up":[{"embeddable":true,"href":"https:\/\/www.mountainnews.com\/fr\/wp-json\/wp\/v2\/pages\/27"}],"wp:attachment":[{"href":"https:\/\/www.mountainnews.com\/fr\/wp-json\/wp\/v2\/media?parent=104"}],"curies":[{"name":"wp","href":"https:\/\/api.w.org\/{rel}","templated":true}]}}