{"id":95,"date":"2026-03-04T19:39:42","date_gmt":"2026-03-04T19:39:42","guid":{"rendered":"https:\/\/mncstage.wpenginepowered.com\/?page_id=95"},"modified":"2026-03-27T10:42:42","modified_gmt":"2026-03-27T10:42:42","slug":"onthesnowplus","status":"publish","type":"page","link":"https:\/\/www.mountainnews.com\/de\/advertising-partner-resources\/onthesnowplus\/","title":{"rendered":"Skiinfo+"},"content":{"rendered":"\n<h2 class=\"wp-block-heading\">Produkt\u00fcbersicht<\/h2>\n\n\n\n<p>Skiinfo+ Resort\u2011Abonnenten verst\u00e4rken und bewerben ihr Resort auf OnTheSnow.com effizient und wirkungsvoll, um zus\u00e4tzlichen Umsatz und h\u00f6here Conversion zu erzielen.<\/p>\n\n\n\n<p>SI+ Resort\u2011Profile bieten exklusive Premium\u2011Integrationen f\u00fcr Abonnenten, darunter:<\/p>\n\n\n\n<p><strong>Gezielte High Impact Display Werbung<\/strong> \u2013 Hochgradig zielgerichtete Mid\u2011 und Low\u2011Funnel\u2011Display\u2011Ads, die aktive Nachfrage nach Skifahren in Ihrer Region abfangen.<\/p>\n\n\n\n<p><strong>Erweiterte Kaufanreize<\/strong> \u2013 Integrierte Links zu Ihrem Liftzugang sowie zu weiteren Zusatzumsatz\u2011Produkten wie Verleih und Skischule.<\/p>\n\n\n\n<p><strong>Premium\u2011Partner\u2011Integration<\/strong> \u2013 SI+ Abonnenten werden als Premium\u2011Partner auf OnTheSnow pr\u00e4sentiert \u2013 mit erweitertem Content wie Videos, Social\u2011Media\u2011Elementen und integrierten Links zu Ihrem Resort.<\/p>\n\n\n\n<h3 class=\"wp-block-heading\">Beispiele erfolgreicher Kampagnen aus der Vergangenheit<\/h3>\n\n\n\n<div class=\"wp-block-gslider-blocks-image-slider gslider-image-slider-wrapper gslider-image-slider-429ab4bd inside center has-pagination\" data-swiper-settings=\"{&quot;effect&quot;:&quot;slide&quot;,&quot;breakpoints&quot;:{&quot;0&quot;:{&quot;slidesPerView&quot;:1,&quot;spaceBetween&quot;:0,&quot;speed&quot;:800,&quot;autoplay&quot;:false,&quot;navigation&quot;:{&quot;enabled&quot;:true},&quot;pagination&quot;:{&quot;enabled&quot;:true}},&quot;768&quot;:{&quot;slidesPerView&quot;:1,&quot;spaceBetween&quot;:20,&quot;speed&quot;:800,&quot;autoplay&quot;:false,&quot;navigation&quot;:{&quot;enabled&quot;:true},&quot;pagination&quot;:{&quot;enabled&quot;:true}},&quot;1025&quot;:{&quot;slidesPerView&quot;:1,&quot;spaceBetween&quot;:20,&quot;speed&quot;:800,&quot;autoplay&quot;:false,&quot;navigation&quot;:{&quot;enabled&quot;:true},&quot;pagination&quot;:{&quot;enabled&quot;:true}}},&quot;loop&quot;:true,&quot;autoplay&quot;:false,&quot;allowTouchMove&quot;:true,&quot;mousewheel&quot;:false,&quot;keyboard&quot;:false,&quot;navigation&quot;:{&quot;enabled&quot;:true,&quot;nextEl&quot;:&quot;.swiper-button-next&quot;,&quot;prevEl&quot;:&quot;.swiper-button-prev&quot;},&quot;pagination&quot;:{&quot;enabled&quot;:true,&quot;el&quot;:&quot;.gslider-image-slider-429ab4bd .swiper-pagination-image-slider&quot;,&quot;type&quot;:&quot;bullets&quot;,&quot;dynamicBullets&quot;:false,&quot;clickable&quot;:true}}\"><div class=\"swiper\" role=\"region\" aria-label=\"Image Slider\"><div class=\"swiper-wrapper\"><div class=\"swiper-slide\"><div class=\"gslider-image-slider-content-wrapper \"><div class=\"gslider-image-item\" data-hover-effect=\"none\"><img decoding=\"async\" src=\"https:\/\/www.mountainnews.com\/de\/wp-content\/uploads\/sites\/2\/2026\/03\/DE-Skiinfo-Nassfeld.png\" alt=\"Skiinfo+ | High Impact &amp; Gebiet seite\"\/><\/div><div class=\"gslider-image-slider-caption\" aria-live=\"polite\">Skiinfo+ | High Impact &amp; Gebiet seite<\/div><\/div><\/div><div class=\"swiper-slide\"><div class=\"gslider-image-slider-content-wrapper \"><div class=\"gslider-image-item\" data-hover-effect=\"none\"><img decoding=\"async\" src=\"https:\/\/www.mountainnews.com\/de\/wp-content\/uploads\/sites\/2\/2026\/03\/DE-Skiinfo-Obertauern.png\" alt=\"Skiinfo+ | Gebiet seite\"\/><\/div><div class=\"gslider-image-slider-caption\" aria-live=\"polite\">Skiinfo+ | Gebiet seite<\/div><\/div><\/div><div class=\"swiper-slide\"><div class=\"gslider-image-slider-content-wrapper \"><div class=\"gslider-image-item\" data-hover-effect=\"none\"><img decoding=\"async\" src=\"https:\/\/www.mountainnews.com\/de\/wp-content\/uploads\/sites\/2\/2026\/03\/DE-Skiinfo-Vorgestelltes-Skigebiet.png\" alt=\"Skiinfo+ Vorgestelltes Skigebiet\"\/><\/div><div class=\"gslider-image-slider-caption\" aria-live=\"polite\">Skiinfo+ | Vorgestelltes Skigebiet<\/div><\/div><\/div><div class=\"swiper-slide\"><div class=\"gslider-image-slider-content-wrapper \"><div class=\"gslider-image-item\" data-hover-effect=\"none\"><img decoding=\"async\" src=\"https:\/\/www.mountainnews.com\/de\/wp-content\/uploads\/sites\/2\/2026\/03\/DE-Skiinfo-Solden.jpg\" alt=\"Skiinfo+ | High Impact &amp; Gebiet seite\"\/><\/div><div class=\"gslider-image-slider-caption\" aria-live=\"polite\">Skiinfo+ | High Impact &amp; Gebiet seite<\/div><\/div><\/div><div class=\"swiper-slide\"><div class=\"gslider-image-slider-content-wrapper \"><div class=\"gslider-image-item\" data-hover-effect=\"none\"><img decoding=\"async\" src=\"https:\/\/www.mountainnews.com\/de\/wp-content\/uploads\/sites\/2\/2026\/03\/DE-SI-Display.jpg\" alt=\"Skiinfo+ | High Impact &amp; Gebiet seite\"\/><\/div><div class=\"gslider-image-slider-caption\" aria-live=\"polite\">Skiinfo+ | High Impact &amp; Gebiet seite<\/div><\/div><\/div><\/div><div class=\"gslider-navigation-default-icon-wrapper inside center\"><div class=\"swiper-button-prev\" role=\"button\" tabindex=\"0\" aria-label=\"Previous slide\"><\/div><div class=\"swiper-button-next\" role=\"button\" tabindex=\"0\" aria-label=\"Next slide\"><\/div><\/div><\/div><div class=\"swiper-pagination swiper-pagination-image-slider swiper-pagination-gslider-image-slider-429ab4bd\" aria-label=\"Carousel pagination\"><\/div><\/div>\n\n\n\n<h3 class=\"wp-block-heading\">Resort Page Spezifikationen<\/h3>\n\n\n\n<p><strong>Hero Video \u200b<\/strong><br>\u2022 YouTube Link\u200b<br>\u2022 Muss kein &#8220;kurzer&#8221; Link sein\u200b<br>\u2022 Horizontal\u200b<br>\u2022 Nicht im Zusammenhang mit dem Big Screen \u200b<\/p>\n\n\n\n<p><strong>Page Kontakt Informationen\u200b<\/strong><br>\u2022 Resort Kontakt Telefonnummer \u200b<\/p>\n\n\n\n<p><strong>Page Links (Click Tracker optional f\u00fcr alle Links) \u200b<\/strong><br>\u2022 Resort Website URL \u200b<br>\u2022 Lift Access URL \u200b<br>\u2022 Skikurse URL\u200b<\/p>\n\n\n\n<p><strong>Instagram\u200b<\/strong><\/p>\n\n\n\n<p><strong>Fotos<\/strong><br>Eine Mischung aus Resort\u2011Fotos (Skifahren, andere Aktivit\u00e4ten, das Resort\u2011Erlebnis, Apr\u00e8s\u2011Ski) f\u00fcr die Resort\u2011Fotogalerie. Das Ziel ist es, sicherzustellen, dass das Resort auf unserer Plattform mit hochwertigen, aktuellen Bildern pr\u00e4sentiert wird \u2013 f\u00fcr Skifahrer und Snowboarder, die aktiv ihre Skireise planen und buchen.<\/p>\n\n\n\n<p>\u2022 Image Gr\u00f6\u00dfe \u2013 zu mind. 1920 x 1280<br>\u2022 Format \u2013 JPG (horizontal)\u200b<\/p>\n\n\n\n<p><\/p>\n\n\n\n<h3 class=\"wp-block-heading\">Targeted High Impact Display\u00a0Spezifikationen<\/h3>\n\n\n\n<h4 class=\"wp-block-heading\"><strong>Big Screen<\/strong><\/h4>\n\n\n\n<p>\u2022 Abmessungen Bild \u2013 1600&#215;578 und 650&#215;550 (beide Gr\u00f6\u00dfen werden ben\u00f6tigt) \u200b<br>\u2022 (Stellen Sie sicher, dass die obere rechte Ecke von 1600 x 578 keinen Inhalt hat, wenn Sie einen \u2003optionalen Videolink senden)\u200b<br>\u2022 Image Format \u2013 JPG, GIF, PNG (kein HTML oder 3rd party ad tags) \u200b<br>\u2022 Animation<br>&nbsp;&nbsp;&nbsp;&nbsp; &#8211; 3-loop max. Kein endlos looping<br>&nbsp;&nbsp;&nbsp;&nbsp; &#8211; kein blinking\/flashing text oder Bild<br>&nbsp;&nbsp;&nbsp;&nbsp; &#8211; Nach der Schleife muss ein abschlie\u00dfender Landebildschirm vorhanden sein, der einen CTA enthalten sollte<br>\u2022 Gr\u00f6\u00dfe \u2013 300KB max pro Bild<br>\u2022 Click URL<br>\u2022 *3rd Party Tracking Pixel &amp; Click URL akzeptiert*<\/p>\n\n\n\n<h4 class=\"wp-block-heading\"><strong>Video Asset in Big Screen Desktop &amp; Mobile (Optional)<\/strong><\/h4>\n\n\n\n<p>\u2022 YouTube link\u200b<br>\u2022 Muss kein &#8220;kurzer&#8221; Link sein\u200b<br>\u2022 Nur Querformat\u200b<br>\u2022 Betten Sie KEIN Video in die Big Screen-Bilddatei ein.\u200b<\/p>\n\n\n\n<p>&#8212; ODER &#8212;<\/p>\n\n\n\n<p><strong>Raw file format<\/strong><br>\u2022 Dateiformate gew\u00fcnscht \u2013 mp4, .mov, .mpeg \u200b<br>\u2022 Gr\u00f6\u00dfe \u2013 4MB max\u200b<br>\u2022 Video in Querformat<\/p>\n\n\n\n<h4 class=\"wp-block-heading\"><strong>Mobile Scroller<\/strong><\/h4>\n\n\n\n<p>\u2022 Bild \u2013 370&#215;740 und 400&#215;666 (beide Gr\u00f6\u00dfen werden ben\u00f6tigt)\u200b<br>\u2022 Format \u2013 JPG, GIF, PNG (keine Animation, kein HTML, keine 3rd party ad tags)\u200b<br>\u2022 Gesamtgr\u00f6\u00dfe \u2013 300KB max\u200b<br>\u2022 Click URL\u200b<br>\u2022 *3rd Party Tracking Pixel &amp; Click URL akzeptiert*<\/p>\n\n\n\n<p><em>*Anm.: nur 1 impression &amp; click tag per creative set. (Ein \u201cset\u201d besteht aus der Bildgr\u00f6\u00dfe f\u00fcr beide Formate)\u200b<\/em><\/p>\n\n\n\n<h4 class=\"wp-block-heading\"><strong><strong><strong>Leitfaden zur kreativen Umsetzung<\/strong><\/strong><\/strong><\/h4>\n\n\n\n<p>\u2022 Display-Anzeigen bei Skiinfo haben sich als direkte ROAS-Erh\u00f6hung erwiesen und steigern auch den Ertrag anderer Kampagnen die Sie laufen haben. Schaffen Sie also, wo m\u00f6glich, einen roten Faden \u00fcber alle digitalen Kan\u00e4le hinweg.\u200b<br>\u2022 Nutzen Sie die gro\u00dfe Palette, um die Markenbekanntheit zu steigern f\u00fcr alle Angebote, die Sie integrieren m\u00f6chten\u200b<br>\u2022 \u00dcberlegen Sie sich sorgf\u00e4ltig, welche Layout-Optionen f\u00fcr jede Anzeigengr\u00f6\u00dfe und jedes Ger\u00e4t geeignet sind.\u200b<br>\u2022 Verwenden Sie Farben, die Ihren Markenrichtlinien entsprechen.\u200b<br>\u2022 Verwenden Sie eine pr\u00e4gnante, aufmerksamkeitsstarke Headline\u200b<br>\u2022 Integrieren Sie einzigartige Bilder\u200b<br>\u2022 Das Hinzuf\u00fcgen eines Video-Assets ist optional, wird jedoch dringend empfohlen.\u200b<br>\u2022 F\u00fcgen Sie einen gut sichtbaren Button mit einem starken Call-to-Action ein \u2013 CTAs sollten kurz, aussagekr\u00e4ftig und handlungsorientiert sein\u200b<br>\u2022 F\u00fcgen Sie das Logo Ihrer Marke hinzu\u200b<\/p>\n","protected":false},"excerpt":{"rendered":"<p>Produkt\u00fcbersicht Skiinfo+ Resort\u2011Abonnenten verst\u00e4rken und bewerben ihr Resort auf OnTheSnow.com effizient und wirkungsvoll, um zus\u00e4tzlichen Umsatz und h\u00f6here Conversion zu erzielen. SI+ Resort\u2011Profile bieten exklusive Premium\u2011Integrationen f\u00fcr Abonnenten, darunter: Gezielte High Impact Display Werbung \u2013 Hochgradig zielgerichtete Mid\u2011 und Low\u2011Funnel\u2011Display\u2011Ads, die aktive Nachfrage nach Skifahren in Ihrer Region abfangen. Erweiterte Kaufanreize \u2013 Integrierte Links zu<\/p>\n","protected":false},"author":2,"featured_media":0,"parent":27,"menu_order":0,"comment_status":"closed","ping_status":"closed","template":"","meta":{"footnotes":""},"class_list":["post-95","page","type-page","status-publish","hentry"],"yoast_head":"<!-- This site is optimized with the Yoast SEO plugin v27.4 - https:\/\/yoast.com\/product\/yoast-seo-wordpress\/ -->\n<title>Skiinfo+ - Mountain News DE<\/title>\n<meta name=\"robots\" content=\"noindex, follow, max-snippet:-1, max-image-preview:large, max-video-preview:-1\" \/>\n<meta property=\"og:locale\" content=\"en_US\" \/>\n<meta property=\"og:type\" content=\"article\" \/>\n<meta property=\"og:title\" content=\"Skiinfo+ - Mountain News DE\" \/>\n<meta property=\"og:description\" content=\"Produkt\u00fcbersicht Skiinfo+ Resort\u2011Abonnenten verst\u00e4rken und bewerben ihr Resort auf OnTheSnow.com effizient und wirkungsvoll, um zus\u00e4tzlichen Umsatz und h\u00f6here Conversion zu erzielen. SI+ Resort\u2011Profile bieten exklusive Premium\u2011Integrationen f\u00fcr Abonnenten, darunter: Gezielte High Impact Display Werbung \u2013 Hochgradig zielgerichtete Mid\u2011 und Low\u2011Funnel\u2011Display\u2011Ads, die aktive Nachfrage nach Skifahren in Ihrer Region abfangen. Erweiterte Kaufanreize \u2013 Integrierte Links zu\" \/>\n<meta property=\"og:site_name\" content=\"Mountain News DE\" \/>\n<meta property=\"article:modified_time\" content=\"2026-03-27T10:42:42+00:00\" \/>\n<meta property=\"og:image\" content=\"https:\/\/www.mountainnews.com\/de\/wp-content\/uploads\/sites\/2\/2026\/03\/DE-Skiinfo-Nassfeld.png\" \/>\n<meta name=\"twitter:card\" content=\"summary_large_image\" \/>\n<meta name=\"twitter:label1\" content=\"Est. reading time\" \/>\n\t<meta name=\"twitter:data1\" content=\"4 minutes\" \/>\n<script type=\"application\/ld+json\" class=\"yoast-schema-graph\">{\"@context\":\"https:\\\/\\\/schema.org\",\"@graph\":[{\"@type\":\"WebPage\",\"@id\":\"https:\\\/\\\/www.mountainnews.com\\\/de\\\/advertising-partner-resources\\\/onthesnowplus\\\/\",\"url\":\"https:\\\/\\\/www.mountainnews.com\\\/de\\\/advertising-partner-resources\\\/onthesnowplus\\\/\",\"name\":\"Skiinfo+ - Mountain News DE\",\"isPartOf\":{\"@id\":\"https:\\\/\\\/www.mountainnews.com\\\/de\\\/#website\"},\"primaryImageOfPage\":{\"@id\":\"https:\\\/\\\/www.mountainnews.com\\\/de\\\/advertising-partner-resources\\\/onthesnowplus\\\/#primaryimage\"},\"image\":{\"@id\":\"https:\\\/\\\/www.mountainnews.com\\\/de\\\/advertising-partner-resources\\\/onthesnowplus\\\/#primaryimage\"},\"thumbnailUrl\":\"https:\\\/\\\/www.mountainnews.com\\\/de\\\/wp-content\\\/uploads\\\/sites\\\/2\\\/2026\\\/03\\\/DE-Skiinfo-Nassfeld.png\",\"datePublished\":\"2026-03-04T19:39:42+00:00\",\"dateModified\":\"2026-03-27T10:42:42+00:00\",\"breadcrumb\":{\"@id\":\"https:\\\/\\\/www.mountainnews.com\\\/de\\\/advertising-partner-resources\\\/onthesnowplus\\\/#breadcrumb\"},\"inLanguage\":\"en-US\",\"potentialAction\":[{\"@type\":\"ReadAction\",\"target\":[\"https:\\\/\\\/www.mountainnews.com\\\/de\\\/advertising-partner-resources\\\/onthesnowplus\\\/\"]}]},{\"@type\":\"ImageObject\",\"inLanguage\":\"en-US\",\"@id\":\"https:\\\/\\\/www.mountainnews.com\\\/de\\\/advertising-partner-resources\\\/onthesnowplus\\\/#primaryimage\",\"url\":\"https:\\\/\\\/www.mountainnews.com\\\/de\\\/wp-content\\\/uploads\\\/sites\\\/2\\\/2026\\\/03\\\/DE-Skiinfo-Nassfeld.png\",\"contentUrl\":\"https:\\\/\\\/www.mountainnews.com\\\/de\\\/wp-content\\\/uploads\\\/sites\\\/2\\\/2026\\\/03\\\/DE-Skiinfo-Nassfeld.png\",\"width\":621,\"height\":507,\"caption\":\"Skiinfo+ | High Impact & Gebiet seite\"},{\"@type\":\"BreadcrumbList\",\"@id\":\"https:\\\/\\\/www.mountainnews.com\\\/de\\\/advertising-partner-resources\\\/onthesnowplus\\\/#breadcrumb\",\"itemListElement\":[{\"@type\":\"ListItem\",\"position\":1,\"name\":\"Home\",\"item\":\"https:\\\/\\\/www.mountainnews.com\\\/de\\\/\"},{\"@type\":\"ListItem\",\"position\":2,\"name\":\"Spezifikationen und Beispiele\",\"item\":\"https:\\\/\\\/www.mountainnews.com\\\/de\\\/advertising-partner-resources\\\/\"},{\"@type\":\"ListItem\",\"position\":3,\"name\":\"Skiinfo+\"}]},{\"@type\":\"WebSite\",\"@id\":\"https:\\\/\\\/www.mountainnews.com\\\/de\\\/#website\",\"url\":\"https:\\\/\\\/www.mountainnews.com\\\/de\\\/\",\"name\":\"Mountain News DE\",\"description\":\"\",\"potentialAction\":[{\"@type\":\"SearchAction\",\"target\":{\"@type\":\"EntryPoint\",\"urlTemplate\":\"https:\\\/\\\/www.mountainnews.com\\\/de\\\/?s={search_term_string}\"},\"query-input\":{\"@type\":\"PropertyValueSpecification\",\"valueRequired\":true,\"valueName\":\"search_term_string\"}}],\"inLanguage\":\"en-US\"}]}<\/script>\n<!-- \/ Yoast SEO plugin. -->","yoast_head_json":{"title":"Skiinfo+ - Mountain News DE","robots":{"index":"noindex","follow":"follow","max-snippet":"max-snippet:-1","max-image-preview":"max-image-preview:large","max-video-preview":"max-video-preview:-1"},"og_locale":"en_US","og_type":"article","og_title":"Skiinfo+ - Mountain News DE","og_description":"Produkt\u00fcbersicht Skiinfo+ Resort\u2011Abonnenten verst\u00e4rken und bewerben ihr Resort auf OnTheSnow.com effizient und wirkungsvoll, um zus\u00e4tzlichen Umsatz und h\u00f6here Conversion zu erzielen. SI+ Resort\u2011Profile bieten exklusive Premium\u2011Integrationen f\u00fcr Abonnenten, darunter: Gezielte High Impact Display Werbung \u2013 Hochgradig zielgerichtete Mid\u2011 und Low\u2011Funnel\u2011Display\u2011Ads, die aktive Nachfrage nach Skifahren in Ihrer Region abfangen. Erweiterte Kaufanreize \u2013 Integrierte Links zu","og_site_name":"Mountain News DE","article_modified_time":"2026-03-27T10:42:42+00:00","og_image":[{"url":"https:\/\/www.mountainnews.com\/de\/wp-content\/uploads\/sites\/2\/2026\/03\/DE-Skiinfo-Nassfeld.png","type":"","width":"","height":""}],"twitter_card":"summary_large_image","twitter_misc":{"Est. reading time":"4 minutes"},"schema":{"@context":"https:\/\/schema.org","@graph":[{"@type":"WebPage","@id":"https:\/\/www.mountainnews.com\/de\/advertising-partner-resources\/onthesnowplus\/","url":"https:\/\/www.mountainnews.com\/de\/advertising-partner-resources\/onthesnowplus\/","name":"Skiinfo+ - Mountain News DE","isPartOf":{"@id":"https:\/\/www.mountainnews.com\/de\/#website"},"primaryImageOfPage":{"@id":"https:\/\/www.mountainnews.com\/de\/advertising-partner-resources\/onthesnowplus\/#primaryimage"},"image":{"@id":"https:\/\/www.mountainnews.com\/de\/advertising-partner-resources\/onthesnowplus\/#primaryimage"},"thumbnailUrl":"https:\/\/www.mountainnews.com\/de\/wp-content\/uploads\/sites\/2\/2026\/03\/DE-Skiinfo-Nassfeld.png","datePublished":"2026-03-04T19:39:42+00:00","dateModified":"2026-03-27T10:42:42+00:00","breadcrumb":{"@id":"https:\/\/www.mountainnews.com\/de\/advertising-partner-resources\/onthesnowplus\/#breadcrumb"},"inLanguage":"en-US","potentialAction":[{"@type":"ReadAction","target":["https:\/\/www.mountainnews.com\/de\/advertising-partner-resources\/onthesnowplus\/"]}]},{"@type":"ImageObject","inLanguage":"en-US","@id":"https:\/\/www.mountainnews.com\/de\/advertising-partner-resources\/onthesnowplus\/#primaryimage","url":"https:\/\/www.mountainnews.com\/de\/wp-content\/uploads\/sites\/2\/2026\/03\/DE-Skiinfo-Nassfeld.png","contentUrl":"https:\/\/www.mountainnews.com\/de\/wp-content\/uploads\/sites\/2\/2026\/03\/DE-Skiinfo-Nassfeld.png","width":621,"height":507,"caption":"Skiinfo+ | High Impact & Gebiet seite"},{"@type":"BreadcrumbList","@id":"https:\/\/www.mountainnews.com\/de\/advertising-partner-resources\/onthesnowplus\/#breadcrumb","itemListElement":[{"@type":"ListItem","position":1,"name":"Home","item":"https:\/\/www.mountainnews.com\/de\/"},{"@type":"ListItem","position":2,"name":"Spezifikationen und Beispiele","item":"https:\/\/www.mountainnews.com\/de\/advertising-partner-resources\/"},{"@type":"ListItem","position":3,"name":"Skiinfo+"}]},{"@type":"WebSite","@id":"https:\/\/www.mountainnews.com\/de\/#website","url":"https:\/\/www.mountainnews.com\/de\/","name":"Mountain News DE","description":"","potentialAction":[{"@type":"SearchAction","target":{"@type":"EntryPoint","urlTemplate":"https:\/\/www.mountainnews.com\/de\/?s={search_term_string}"},"query-input":{"@type":"PropertyValueSpecification","valueRequired":true,"valueName":"search_term_string"}}],"inLanguage":"en-US"}]}},"_links":{"self":[{"href":"https:\/\/www.mountainnews.com\/de\/wp-json\/wp\/v2\/pages\/95","targetHints":{"allow":["GET"]}}],"collection":[{"href":"https:\/\/www.mountainnews.com\/de\/wp-json\/wp\/v2\/pages"}],"about":[{"href":"https:\/\/www.mountainnews.com\/de\/wp-json\/wp\/v2\/types\/page"}],"author":[{"embeddable":true,"href":"https:\/\/www.mountainnews.com\/de\/wp-json\/wp\/v2\/users\/2"}],"replies":[{"embeddable":true,"href":"https:\/\/www.mountainnews.com\/de\/wp-json\/wp\/v2\/comments?post=95"}],"version-history":[{"count":0,"href":"https:\/\/www.mountainnews.com\/de\/wp-json\/wp\/v2\/pages\/95\/revisions"}],"up":[{"embeddable":true,"href":"https:\/\/www.mountainnews.com\/de\/wp-json\/wp\/v2\/pages\/27"}],"wp:attachment":[{"href":"https:\/\/www.mountainnews.com\/de\/wp-json\/wp\/v2\/media?parent=95"}],"curies":[{"name":"wp","href":"https:\/\/api.w.org\/{rel}","templated":true}]}}