{"id":43,"date":"2026-02-23T18:51:52","date_gmt":"2026-02-23T18:51:52","guid":{"rendered":"https:\/\/mncstage.wpenginepowered.com\/?page_id=43"},"modified":"2026-03-26T16:39:20","modified_gmt":"2026-03-26T16:39:20","slug":"premium-display-bundle","status":"publish","type":"page","link":"https:\/\/www.mountainnews.com\/de\/advertising-partner-resources\/premium-display-bundle\/","title":{"rendered":"Premium Display Bundle"},"content":{"rendered":"\n<h2 class=\"wp-block-heading\">Produkt\u00fcbersicht\u200b<\/h2>\n\n\n\n<p>F\u00fcr Werbetreibende, die m\u00f6glichst viel Reichweite erezugen m\u00f6chten, empfehlen wir das Premium-Display-Paket. Dieses Paket f\u00fcllt die ROS-Werbefl\u00e4che auf unserer gesamten Website, sowohl auf Mobilger\u00e4ten als auch auf Desktops, und verschafft Werbetreibenden eine gro\u00dfe Marketingpr\u00e4senz auf unserer Plattform. Geo-Targeting und Kontext-Targeting auf Anfrage verf\u00fcgbar. <\/p>\n\n\n\n<h3 class=\"wp-block-heading\">Beispiele erfolgreicher Kampagnen aus der Vergangenheit<\/h3>\n\n\n\n<div class=\"wp-block-gslider-blocks-image-slider gslider-image-slider-wrapper gslider-image-slider-dcd462a2 inside center has-pagination\" data-swiper-settings=\"{&quot;effect&quot;:&quot;slide&quot;,&quot;breakpoints&quot;:{&quot;0&quot;:{&quot;slidesPerView&quot;:1,&quot;spaceBetween&quot;:0,&quot;speed&quot;:800,&quot;autoplay&quot;:false,&quot;navigation&quot;:{&quot;enabled&quot;:true},&quot;pagination&quot;:{&quot;enabled&quot;:true}},&quot;768&quot;:{&quot;slidesPerView&quot;:1,&quot;spaceBetween&quot;:20,&quot;speed&quot;:800,&quot;autoplay&quot;:false,&quot;navigation&quot;:{&quot;enabled&quot;:true},&quot;pagination&quot;:{&quot;enabled&quot;:true}},&quot;1025&quot;:{&quot;slidesPerView&quot;:1,&quot;spaceBetween&quot;:20,&quot;speed&quot;:800,&quot;autoplay&quot;:false,&quot;navigation&quot;:{&quot;enabled&quot;:true},&quot;pagination&quot;:{&quot;enabled&quot;:true}}},&quot;loop&quot;:true,&quot;autoplay&quot;:false,&quot;allowTouchMove&quot;:true,&quot;mousewheel&quot;:false,&quot;keyboard&quot;:false,&quot;navigation&quot;:{&quot;enabled&quot;:true,&quot;nextEl&quot;:&quot;.swiper-button-next&quot;,&quot;prevEl&quot;:&quot;.swiper-button-prev&quot;},&quot;pagination&quot;:{&quot;enabled&quot;:true,&quot;el&quot;:&quot;.gslider-image-slider-dcd462a2 .swiper-pagination-image-slider&quot;,&quot;type&quot;:&quot;bullets&quot;,&quot;dynamicBullets&quot;:false,&quot;clickable&quot;:true}}\"><div class=\"swiper\" role=\"region\" aria-label=\"Image Slider\"><div class=\"swiper-wrapper\"><div class=\"swiper-slide\"><div class=\"gslider-image-slider-content-wrapper \"><div class=\"gslider-image-item\" data-hover-effect=\"none\"><img decoding=\"async\" src=\"https:\/\/www.mountainnews.com\/de\/wp-content\/uploads\/sites\/2\/2026\/03\/2026-03-26_16h28_50.png\" alt=\"Premium Display Bundle\"\/><\/div><div class=\"gslider-image-slider-caption\" aria-live=\"polite\">Premium Display Bundle<\/div><\/div><\/div><\/div><div class=\"gslider-navigation-default-icon-wrapper inside center\"><div class=\"swiper-button-prev\" role=\"button\" tabindex=\"0\" aria-label=\"Previous slide\"><\/div><div class=\"swiper-button-next\" role=\"button\" tabindex=\"0\" aria-label=\"Next slide\"><\/div><\/div><\/div><div class=\"swiper-pagination swiper-pagination-image-slider swiper-pagination-gslider-image-slider-dcd462a2\" aria-label=\"Carousel pagination\"><\/div><\/div>\n\n\n\n<h3 class=\"wp-block-heading\">Spezifikationen<\/h3>\n\n\n\n<p>\u2022 URL anklicken <br>\u2022 Bildabmessungen \u2013 728&#215;90, 300&#215;250, 300&#215;600 und 160&#215;600 <br>\u2022 Bildformate \u2013 JPG, GIF, PNG, HTML5 <br>\u2022 Gesamtgr\u00f6\u00dfe \u2013 weniger als 200 kb (1.000 kb bei HTML5) <br>\u2022 Animation \u2013 maximal 3 Schleifen, keine Endlosschleifen <br>\u2022 Kein blinkender\/flackernder Text oder Bilder <br>\u2022 Es muss nach den Schleifen ein finaler Standbild\u2011Screen mit CTA vorhanden sein <br>\u2022 3rd\u2011Party\u2011Ad\u2011Serving oder Tracking\u2011Tags sind erlaubt (Tags m\u00fcssen gesichert sein)<\/p>\n\n\n\n<h3 class=\"wp-block-heading\">Leitfaden zur kreativen Umsetzung&nbsp;<\/h3>\n\n\n\n<p><strong>Premium Display Bundle&nbsp;<br><\/strong>\u2022 Display-Anzeigen bei Skiinfo haben sich als direkte ROAS-Erh\u00f6hung erwiesen und steigern auch den Ertrag anderer Kampagnen die Sie laufen haben. Schaffen Sie also, wo m\u00f6glich, einen roten Faden \u00fcber alle digitalen Kan\u00e4le hinweg.\u200b<br>\u2022 \u00dcberlegen Sie sich sorgf\u00e4ltig, welche Layout-Optionen f\u00fcr jede Anzeigengr\u00f6\u00dfe und jedes Ger\u00e4t geeignet sind.\u200b<br>\u2022 Verwenden Sie Farben, die Ihren Markenrichtlinien entsprechen.\u200b<br>\u2022 Schreiben Sie eine pr\u00e4gnante, aufmerksamkeitsstarke Headline\u200b<br>\u2022 Integrieren Sie einzigartige Bilder\u200b<br>\u2022 F\u00fcgen Sie einen gut sichtbaren Button mit einem starken Call-to-Action ein \u2013 CTAs sollten kurz, aussagekr\u00e4ftig und handlungsorientiert sein\u200b<br>\u2022 F\u00fcgen Sie das Logo Ihrer Marke hinzu\u200b<\/p>\n","protected":false},"excerpt":{"rendered":"<p>Produkt\u00fcbersicht\u200b F\u00fcr Werbetreibende, die m\u00f6glichst viel Reichweite erezugen m\u00f6chten, empfehlen wir das Premium-Display-Paket. Dieses Paket f\u00fcllt die ROS-Werbefl\u00e4che auf unserer gesamten Website, sowohl auf Mobilger\u00e4ten als auch auf Desktops, und verschafft Werbetreibenden eine gro\u00dfe Marketingpr\u00e4senz auf unserer Plattform. Geo-Targeting und Kontext-Targeting auf Anfrage verf\u00fcgbar. Beispiele erfolgreicher Kampagnen aus der Vergangenheit Spezifikationen \u2022 URL anklicken \u2022<\/p>\n","protected":false},"author":2,"featured_media":0,"parent":27,"menu_order":0,"comment_status":"closed","ping_status":"closed","template":"","meta":{"footnotes":""},"class_list":["post-43","page","type-page","status-publish","hentry"],"yoast_head":"<!-- This site is optimized with the Yoast SEO plugin v27.4 - https:\/\/yoast.com\/product\/yoast-seo-wordpress\/ -->\n<title>Premium Display Bundle - Mountain News DE<\/title>\n<meta name=\"robots\" content=\"noindex, follow, max-snippet:-1, max-image-preview:large, max-video-preview:-1\" \/>\n<meta property=\"og:locale\" content=\"en_US\" \/>\n<meta property=\"og:type\" content=\"article\" \/>\n<meta property=\"og:title\" content=\"Premium Display Bundle - Mountain News DE\" \/>\n<meta property=\"og:description\" content=\"Produkt\u00fcbersicht\u200b F\u00fcr Werbetreibende, die m\u00f6glichst viel Reichweite erezugen m\u00f6chten, empfehlen wir das Premium-Display-Paket. Dieses Paket f\u00fcllt die ROS-Werbefl\u00e4che auf unserer gesamten Website, sowohl auf Mobilger\u00e4ten als auch auf Desktops, und verschafft Werbetreibenden eine gro\u00dfe Marketingpr\u00e4senz auf unserer Plattform. Geo-Targeting und Kontext-Targeting auf Anfrage verf\u00fcgbar. Beispiele erfolgreicher Kampagnen aus der Vergangenheit Spezifikationen \u2022 URL anklicken \u2022\" \/>\n<meta property=\"og:site_name\" content=\"Mountain News DE\" \/>\n<meta property=\"article:modified_time\" content=\"2026-03-26T16:39:20+00:00\" \/>\n<meta property=\"og:image\" content=\"https:\/\/www.mountainnews.com\/de\/wp-content\/uploads\/sites\/2\/2026\/03\/2026-03-26_16h28_50.png\" \/>\n<meta name=\"twitter:card\" content=\"summary_large_image\" \/>\n<meta name=\"twitter:label1\" content=\"Est. reading time\" \/>\n\t<meta name=\"twitter:data1\" content=\"2 minutes\" \/>\n<script type=\"application\/ld+json\" class=\"yoast-schema-graph\">{\"@context\":\"https:\\\/\\\/schema.org\",\"@graph\":[{\"@type\":\"WebPage\",\"@id\":\"https:\\\/\\\/www.mountainnews.com\\\/de\\\/advertising-partner-resources\\\/premium-display-bundle\\\/\",\"url\":\"https:\\\/\\\/www.mountainnews.com\\\/de\\\/advertising-partner-resources\\\/premium-display-bundle\\\/\",\"name\":\"Premium Display Bundle - Mountain News DE\",\"isPartOf\":{\"@id\":\"https:\\\/\\\/www.mountainnews.com\\\/de\\\/#website\"},\"primaryImageOfPage\":{\"@id\":\"https:\\\/\\\/www.mountainnews.com\\\/de\\\/advertising-partner-resources\\\/premium-display-bundle\\\/#primaryimage\"},\"image\":{\"@id\":\"https:\\\/\\\/www.mountainnews.com\\\/de\\\/advertising-partner-resources\\\/premium-display-bundle\\\/#primaryimage\"},\"thumbnailUrl\":\"https:\\\/\\\/www.mountainnews.com\\\/de\\\/wp-content\\\/uploads\\\/sites\\\/2\\\/2026\\\/03\\\/2026-03-26_16h28_50.png\",\"datePublished\":\"2026-02-23T18:51:52+00:00\",\"dateModified\":\"2026-03-26T16:39:20+00:00\",\"breadcrumb\":{\"@id\":\"https:\\\/\\\/www.mountainnews.com\\\/de\\\/advertising-partner-resources\\\/premium-display-bundle\\\/#breadcrumb\"},\"inLanguage\":\"en-US\",\"potentialAction\":[{\"@type\":\"ReadAction\",\"target\":[\"https:\\\/\\\/www.mountainnews.com\\\/de\\\/advertising-partner-resources\\\/premium-display-bundle\\\/\"]}]},{\"@type\":\"ImageObject\",\"inLanguage\":\"en-US\",\"@id\":\"https:\\\/\\\/www.mountainnews.com\\\/de\\\/advertising-partner-resources\\\/premium-display-bundle\\\/#primaryimage\",\"url\":\"https:\\\/\\\/www.mountainnews.com\\\/de\\\/wp-content\\\/uploads\\\/sites\\\/2\\\/2026\\\/03\\\/2026-03-26_16h28_50.png\",\"contentUrl\":\"https:\\\/\\\/www.mountainnews.com\\\/de\\\/wp-content\\\/uploads\\\/sites\\\/2\\\/2026\\\/03\\\/2026-03-26_16h28_50.png\",\"width\":882,\"height\":507,\"caption\":\"Premium Display Bundle\"},{\"@type\":\"BreadcrumbList\",\"@id\":\"https:\\\/\\\/www.mountainnews.com\\\/de\\\/advertising-partner-resources\\\/premium-display-bundle\\\/#breadcrumb\",\"itemListElement\":[{\"@type\":\"ListItem\",\"position\":1,\"name\":\"Home\",\"item\":\"https:\\\/\\\/www.mountainnews.com\\\/de\\\/\"},{\"@type\":\"ListItem\",\"position\":2,\"name\":\"Spezifikationen und Beispiele\",\"item\":\"https:\\\/\\\/www.mountainnews.com\\\/de\\\/advertising-partner-resources\\\/\"},{\"@type\":\"ListItem\",\"position\":3,\"name\":\"Premium Display Bundle\"}]},{\"@type\":\"WebSite\",\"@id\":\"https:\\\/\\\/www.mountainnews.com\\\/de\\\/#website\",\"url\":\"https:\\\/\\\/www.mountainnews.com\\\/de\\\/\",\"name\":\"Mountain News DE\",\"description\":\"\",\"potentialAction\":[{\"@type\":\"SearchAction\",\"target\":{\"@type\":\"EntryPoint\",\"urlTemplate\":\"https:\\\/\\\/www.mountainnews.com\\\/de\\\/?s={search_term_string}\"},\"query-input\":{\"@type\":\"PropertyValueSpecification\",\"valueRequired\":true,\"valueName\":\"search_term_string\"}}],\"inLanguage\":\"en-US\"}]}<\/script>\n<!-- \/ Yoast SEO plugin. -->","yoast_head_json":{"title":"Premium Display Bundle - Mountain News DE","robots":{"index":"noindex","follow":"follow","max-snippet":"max-snippet:-1","max-image-preview":"max-image-preview:large","max-video-preview":"max-video-preview:-1"},"og_locale":"en_US","og_type":"article","og_title":"Premium Display Bundle - Mountain News DE","og_description":"Produkt\u00fcbersicht\u200b F\u00fcr Werbetreibende, die m\u00f6glichst viel Reichweite erezugen m\u00f6chten, empfehlen wir das Premium-Display-Paket. Dieses Paket f\u00fcllt die ROS-Werbefl\u00e4che auf unserer gesamten Website, sowohl auf Mobilger\u00e4ten als auch auf Desktops, und verschafft Werbetreibenden eine gro\u00dfe Marketingpr\u00e4senz auf unserer Plattform. Geo-Targeting und Kontext-Targeting auf Anfrage verf\u00fcgbar. Beispiele erfolgreicher Kampagnen aus der Vergangenheit Spezifikationen \u2022 URL anklicken \u2022","og_site_name":"Mountain News DE","article_modified_time":"2026-03-26T16:39:20+00:00","og_image":[{"url":"https:\/\/www.mountainnews.com\/de\/wp-content\/uploads\/sites\/2\/2026\/03\/2026-03-26_16h28_50.png","type":"","width":"","height":""}],"twitter_card":"summary_large_image","twitter_misc":{"Est. reading time":"2 minutes"},"schema":{"@context":"https:\/\/schema.org","@graph":[{"@type":"WebPage","@id":"https:\/\/www.mountainnews.com\/de\/advertising-partner-resources\/premium-display-bundle\/","url":"https:\/\/www.mountainnews.com\/de\/advertising-partner-resources\/premium-display-bundle\/","name":"Premium Display Bundle - Mountain News DE","isPartOf":{"@id":"https:\/\/www.mountainnews.com\/de\/#website"},"primaryImageOfPage":{"@id":"https:\/\/www.mountainnews.com\/de\/advertising-partner-resources\/premium-display-bundle\/#primaryimage"},"image":{"@id":"https:\/\/www.mountainnews.com\/de\/advertising-partner-resources\/premium-display-bundle\/#primaryimage"},"thumbnailUrl":"https:\/\/www.mountainnews.com\/de\/wp-content\/uploads\/sites\/2\/2026\/03\/2026-03-26_16h28_50.png","datePublished":"2026-02-23T18:51:52+00:00","dateModified":"2026-03-26T16:39:20+00:00","breadcrumb":{"@id":"https:\/\/www.mountainnews.com\/de\/advertising-partner-resources\/premium-display-bundle\/#breadcrumb"},"inLanguage":"en-US","potentialAction":[{"@type":"ReadAction","target":["https:\/\/www.mountainnews.com\/de\/advertising-partner-resources\/premium-display-bundle\/"]}]},{"@type":"ImageObject","inLanguage":"en-US","@id":"https:\/\/www.mountainnews.com\/de\/advertising-partner-resources\/premium-display-bundle\/#primaryimage","url":"https:\/\/www.mountainnews.com\/de\/wp-content\/uploads\/sites\/2\/2026\/03\/2026-03-26_16h28_50.png","contentUrl":"https:\/\/www.mountainnews.com\/de\/wp-content\/uploads\/sites\/2\/2026\/03\/2026-03-26_16h28_50.png","width":882,"height":507,"caption":"Premium Display Bundle"},{"@type":"BreadcrumbList","@id":"https:\/\/www.mountainnews.com\/de\/advertising-partner-resources\/premium-display-bundle\/#breadcrumb","itemListElement":[{"@type":"ListItem","position":1,"name":"Home","item":"https:\/\/www.mountainnews.com\/de\/"},{"@type":"ListItem","position":2,"name":"Spezifikationen und Beispiele","item":"https:\/\/www.mountainnews.com\/de\/advertising-partner-resources\/"},{"@type":"ListItem","position":3,"name":"Premium Display Bundle"}]},{"@type":"WebSite","@id":"https:\/\/www.mountainnews.com\/de\/#website","url":"https:\/\/www.mountainnews.com\/de\/","name":"Mountain News DE","description":"","potentialAction":[{"@type":"SearchAction","target":{"@type":"EntryPoint","urlTemplate":"https:\/\/www.mountainnews.com\/de\/?s={search_term_string}"},"query-input":{"@type":"PropertyValueSpecification","valueRequired":true,"valueName":"search_term_string"}}],"inLanguage":"en-US"}]}},"_links":{"self":[{"href":"https:\/\/www.mountainnews.com\/de\/wp-json\/wp\/v2\/pages\/43","targetHints":{"allow":["GET"]}}],"collection":[{"href":"https:\/\/www.mountainnews.com\/de\/wp-json\/wp\/v2\/pages"}],"about":[{"href":"https:\/\/www.mountainnews.com\/de\/wp-json\/wp\/v2\/types\/page"}],"author":[{"embeddable":true,"href":"https:\/\/www.mountainnews.com\/de\/wp-json\/wp\/v2\/users\/2"}],"replies":[{"embeddable":true,"href":"https:\/\/www.mountainnews.com\/de\/wp-json\/wp\/v2\/comments?post=43"}],"version-history":[{"count":0,"href":"https:\/\/www.mountainnews.com\/de\/wp-json\/wp\/v2\/pages\/43\/revisions"}],"up":[{"embeddable":true,"href":"https:\/\/www.mountainnews.com\/de\/wp-json\/wp\/v2\/pages\/27"}],"wp:attachment":[{"href":"https:\/\/www.mountainnews.com\/de\/wp-json\/wp\/v2\/media?parent=43"}],"curies":[{"name":"wp","href":"https:\/\/api.w.org\/{rel}","templated":true}]}}