{"id":27,"date":"2026-02-15T15:16:02","date_gmt":"2026-02-15T15:16:02","guid":{"rendered":"https:\/\/mncstage.wpenginepowered.com\/?page_id=27"},"modified":"2026-05-01T09:45:49","modified_gmt":"2026-05-01T09:45:49","slug":"advertising-partner-resources","status":"publish","type":"page","link":"https:\/\/www.mountainnews.com\/de\/advertising-partner-resources\/","title":{"rendered":"Spezifikationen und Beispiele"},"content":{"rendered":"\n<h2 class=\"wp-block-heading has-text-align-center\">Seid gegr\u00fc\u00dft liebe Partner! Wir freuen uns auf die Zusammenarbeit mit Euch.<\/h2>\n\n\n\n<p class=\"has-text-align-center has-text-color has-link-color wp-elements-c4dd3b9493e27bbb5ac13e94ea2414b0\" style=\"color:#65758b\">Hier k\u00f6nnt Ihr auf mehrere Toolkits zugreifen, die Euer Team w\u00e4hrend des kreativen Produktionsprozesses anleiten und inspirieren. Wir haben f\u00fcr jedes Skiinfo-Produkt sehr detaillierte Spezifikationen sowie kreative Beispiele unserer fr\u00fcheren Partner skizziert. Wenn Ihr weitere Informationen ben\u00f6tigt oder Fragen habt, k\u00f6nnt Ihr Euch direkt an das Kampagnen-Team von Mountain News wenden.<\/p>\n\n\n\n<div class=\"wp-block-group\"><div class=\"wp-block-group__inner-container is-layout-constrained wp-block-group-is-layout-constrained\">\n<div class=\"wp-block-columns wp-block-group-inner is-layout-flex wp-container-core-columns-is-layout-9d6595d7 wp-block-columns-is-layout-flex\">\n<div class=\"wp-block-column is-vertically-aligned-center is-layout-flow wp-block-column-is-layout-flow\">\n<h3 class=\"wp-block-heading\">Display + Video<\/h3>\n\n\n\n<ul class=\"wp-block-list\">\n<li><a href=\"\/de\/advertising-partner-resources\/high-impact-display-bundle\/\" id=\"35\">High Impact Display Bundle<\/a><\/li>\n\n\n\n<li><a href=\"\/de\/advertising-partner-resources\/premium-display-bundle\/\" id=\"43\">Premium Display Bundle<\/a><\/li>\n\n\n\n<li><a href=\"\/de\/advertising-partner-resources\/video-advertising\/\" id=\"27\">Video Advertising<\/a><\/li>\n<\/ul>\n<\/div>\n\n\n\n<div class=\"wp-block-column is-layout-flow wp-block-column-is-layout-flow\"><div class=\"wp-block-image\">\n<figure class=\"alignright size-full\"><img decoding=\"async\" src=\"https:\/\/www.mountainnews.com\/de\/wp-content\/uploads\/2026\/02\/display-video.png\" alt=\"\" class=\"wp-image-29\"\/><\/figure>\n<\/div><\/div>\n<\/div>\n\n\n\n<div class=\"wp-block-columns wp-block-group-inner is-layout-flex wp-container-core-columns-is-layout-9d6595d7 wp-block-columns-is-layout-flex\">\n<div class=\"wp-block-column is-vertically-aligned-center is-layout-flow wp-block-column-is-layout-flow\">\n<h3 class=\"wp-block-heading\">Push Marketing<\/h3>\n\n\n\n<ul class=\"wp-block-list\">\n<li><a href=\"\/de\/advertising-partner-resources\/mobile-inbox\/\" id=\"48\">Mobile Inbox<\/a><\/li>\n<\/ul>\n<\/div>\n\n\n\n<div class=\"wp-block-column is-layout-flow wp-block-column-is-layout-flow\"><div class=\"wp-block-image\">\n<figure class=\"alignright size-full\"><img decoding=\"async\" src=\"https:\/\/www.mountainnews.com\/de\/wp-content\/uploads\/2026\/02\/push-marketing.png\" alt=\"\" class=\"wp-image-28\"\/><\/figure>\n<\/div><\/div>\n<\/div>\n\n\n\n<div class=\"wp-block-columns wp-block-group-inner is-layout-flex wp-container-core-columns-is-layout-9d6595d7 wp-block-columns-is-layout-flex\">\n<div class=\"wp-block-column is-vertically-aligned-center is-layout-flow wp-block-column-is-layout-flow\">\n<h3 class=\"wp-block-heading\">Content Marketing<\/h3>\n\n\n\n<ul class=\"wp-block-list\">\n<li><a href=\"\/de\/advertising-partner-resources\/spotlight-amplify-packages\/\" id=\"49\">Spotlight &amp; Amplify Packages<\/a><\/li>\n\n\n\n<li><a href=\"\/de\/advertising-partner-resources\/skitest-brand-sponsorship\/\">Skitest Brand Sponsorship<\/a><\/li>\n\n\n\n<li><a href=\"\/de\/advertising-partner-resources\/onthesnowplus\/\" id=\"52\">Skiinfo+ (F\u00fcr Skigebiete)<\/a><\/li>\n\n\n\n<li><a href=\"\/de\/advertising-partner-resources\/summer-for-destinations\/\" id=\"89\">Summer+ (F\u00fcr Reiseziele)<\/a><\/li>\n<\/ul>\n<\/div>\n\n\n\n<div class=\"wp-block-column is-layout-flow wp-block-column-is-layout-flow\"><div class=\"wp-block-image\">\n<figure class=\"alignright size-full\"><img decoding=\"async\" src=\"https:\/\/www.mountainnews.com\/de\/wp-content\/uploads\/2026\/02\/custom-content.png\" alt=\"\" class=\"wp-image-33\"\/><\/figure>\n<\/div><\/div>\n<\/div>\n\n\n\n<div class=\"wp-block-columns wp-block-group-inner is-layout-flex wp-container-core-columns-is-layout-9d6595d7 wp-block-columns-is-layout-flex\">\n<div class=\"wp-block-column is-vertically-aligned-center is-layout-flow wp-block-column-is-layout-flow\">\n<h3 class=\"wp-block-heading\">OnTheSnow Mobile App<\/h3>\n\n\n\n<ul class=\"wp-block-list\">\n<li><a href=\"\/de\/advertising-partner-resources\/mobile-app-sponsorship\/\" id=\"32\">Mobile App Sponsorship<\/a><\/li>\n<\/ul>\n<\/div>\n\n\n\n<div class=\"wp-block-column is-layout-flow wp-block-column-is-layout-flow\"><div class=\"wp-block-image\">\n<figure class=\"aligncenter size-full\"><img decoding=\"async\" src=\"https:\/\/www.mountainnews.com\/de\/wp-content\/uploads\/2026\/02\/mobile-app-sponsorships.png\" alt=\"\" class=\"wp-image-32\"\/><\/figure>\n<\/div><\/div>\n<\/div>\n\n\n\n<p><\/p>\n<\/div><\/div>\n","protected":false},"excerpt":{"rendered":"<p>Seid gegr\u00fc\u00dft liebe Partner! Wir freuen uns auf die Zusammenarbeit mit Euch. Hier k\u00f6nnt Ihr auf mehrere Toolkits zugreifen, die Euer Team w\u00e4hrend des kreativen Produktionsprozesses anleiten und inspirieren. Wir haben f\u00fcr jedes Skiinfo-Produkt sehr detaillierte Spezifikationen sowie kreative Beispiele unserer fr\u00fcheren Partner skizziert. Wenn Ihr weitere Informationen ben\u00f6tigt oder Fragen habt, k\u00f6nnt Ihr Euch<\/p>\n","protected":false},"author":2,"featured_media":0,"parent":0,"menu_order":0,"comment_status":"closed","ping_status":"closed","template":"","meta":{"footnotes":""},"class_list":["post-27","page","type-page","status-publish","hentry"],"yoast_head":"<!-- This site is optimized with the Yoast SEO plugin v27.4 - https:\/\/yoast.com\/product\/yoast-seo-wordpress\/ -->\n<title>Spezifikationen und Beispiele - Mountain News DE<\/title>\n<meta name=\"robots\" content=\"noindex, follow, max-snippet:-1, max-image-preview:large, max-video-preview:-1\" \/>\n<meta property=\"og:locale\" content=\"en_US\" \/>\n<meta property=\"og:type\" content=\"article\" \/>\n<meta property=\"og:title\" content=\"Spezifikationen und Beispiele - Mountain News DE\" \/>\n<meta property=\"og:description\" content=\"Seid gegr\u00fc\u00dft liebe Partner! Wir freuen uns auf die Zusammenarbeit mit Euch. Hier k\u00f6nnt Ihr auf mehrere Toolkits zugreifen, die Euer Team w\u00e4hrend des kreativen Produktionsprozesses anleiten und inspirieren. Wir haben f\u00fcr jedes Skiinfo-Produkt sehr detaillierte Spezifikationen sowie kreative Beispiele unserer fr\u00fcheren Partner skizziert. Wenn Ihr weitere Informationen ben\u00f6tigt oder Fragen habt, k\u00f6nnt Ihr Euch\" \/>\n<meta property=\"og:site_name\" content=\"Mountain News DE\" \/>\n<meta property=\"article:modified_time\" content=\"2026-05-01T09:45:49+00:00\" \/>\n<meta name=\"twitter:card\" content=\"summary_large_image\" \/>\n<meta name=\"twitter:label1\" content=\"Est. reading time\" \/>\n\t<meta name=\"twitter:data1\" content=\"2 minutes\" \/>\n<script type=\"application\/ld+json\" class=\"yoast-schema-graph\">{\"@context\":\"https:\\\/\\\/schema.org\",\"@graph\":[{\"@type\":\"WebPage\",\"@id\":\"https:\\\/\\\/www.mountainnews.com\\\/de\\\/advertising-partner-resources\\\/\",\"url\":\"https:\\\/\\\/www.mountainnews.com\\\/de\\\/advertising-partner-resources\\\/\",\"name\":\"Spezifikationen und Beispiele - Mountain News DE\",\"isPartOf\":{\"@id\":\"https:\\\/\\\/www.mountainnews.com\\\/de\\\/#website\"},\"primaryImageOfPage\":{\"@id\":\"https:\\\/\\\/www.mountainnews.com\\\/de\\\/advertising-partner-resources\\\/#primaryimage\"},\"image\":{\"@id\":\"https:\\\/\\\/www.mountainnews.com\\\/de\\\/advertising-partner-resources\\\/#primaryimage\"},\"thumbnailUrl\":\"https:\\\/\\\/www.mountainnews.com\\\/de\\\/wp-content\\\/uploads\\\/2026\\\/02\\\/display-video.png\",\"datePublished\":\"2026-02-15T15:16:02+00:00\",\"dateModified\":\"2026-05-01T09:45:49+00:00\",\"breadcrumb\":{\"@id\":\"https:\\\/\\\/www.mountainnews.com\\\/de\\\/advertising-partner-resources\\\/#breadcrumb\"},\"inLanguage\":\"en-US\",\"potentialAction\":[{\"@type\":\"ReadAction\",\"target\":[\"https:\\\/\\\/www.mountainnews.com\\\/de\\\/advertising-partner-resources\\\/\"]}]},{\"@type\":\"ImageObject\",\"inLanguage\":\"en-US\",\"@id\":\"https:\\\/\\\/www.mountainnews.com\\\/de\\\/advertising-partner-resources\\\/#primaryimage\",\"url\":\"\",\"contentUrl\":\"\"},{\"@type\":\"BreadcrumbList\",\"@id\":\"https:\\\/\\\/www.mountainnews.com\\\/de\\\/advertising-partner-resources\\\/#breadcrumb\",\"itemListElement\":[{\"@type\":\"ListItem\",\"position\":1,\"name\":\"Home\",\"item\":\"https:\\\/\\\/www.mountainnews.com\\\/de\\\/\"},{\"@type\":\"ListItem\",\"position\":2,\"name\":\"Spezifikationen und Beispiele\"}]},{\"@type\":\"WebSite\",\"@id\":\"https:\\\/\\\/www.mountainnews.com\\\/de\\\/#website\",\"url\":\"https:\\\/\\\/www.mountainnews.com\\\/de\\\/\",\"name\":\"Mountain News DE\",\"description\":\"\",\"potentialAction\":[{\"@type\":\"SearchAction\",\"target\":{\"@type\":\"EntryPoint\",\"urlTemplate\":\"https:\\\/\\\/www.mountainnews.com\\\/de\\\/?s={search_term_string}\"},\"query-input\":{\"@type\":\"PropertyValueSpecification\",\"valueRequired\":true,\"valueName\":\"search_term_string\"}}],\"inLanguage\":\"en-US\"}]}<\/script>\n<!-- \/ Yoast SEO plugin. -->","yoast_head_json":{"title":"Spezifikationen und Beispiele - Mountain News DE","robots":{"index":"noindex","follow":"follow","max-snippet":"max-snippet:-1","max-image-preview":"max-image-preview:large","max-video-preview":"max-video-preview:-1"},"og_locale":"en_US","og_type":"article","og_title":"Spezifikationen und Beispiele - Mountain News DE","og_description":"Seid gegr\u00fc\u00dft liebe Partner! Wir freuen uns auf die Zusammenarbeit mit Euch. Hier k\u00f6nnt Ihr auf mehrere Toolkits zugreifen, die Euer Team w\u00e4hrend des kreativen Produktionsprozesses anleiten und inspirieren. Wir haben f\u00fcr jedes Skiinfo-Produkt sehr detaillierte Spezifikationen sowie kreative Beispiele unserer fr\u00fcheren Partner skizziert. Wenn Ihr weitere Informationen ben\u00f6tigt oder Fragen habt, k\u00f6nnt Ihr Euch","og_site_name":"Mountain News DE","article_modified_time":"2026-05-01T09:45:49+00:00","twitter_card":"summary_large_image","twitter_misc":{"Est. reading time":"2 minutes"},"schema":{"@context":"https:\/\/schema.org","@graph":[{"@type":"WebPage","@id":"https:\/\/www.mountainnews.com\/de\/advertising-partner-resources\/","url":"https:\/\/www.mountainnews.com\/de\/advertising-partner-resources\/","name":"Spezifikationen und Beispiele - Mountain News DE","isPartOf":{"@id":"https:\/\/www.mountainnews.com\/de\/#website"},"primaryImageOfPage":{"@id":"https:\/\/www.mountainnews.com\/de\/advertising-partner-resources\/#primaryimage"},"image":{"@id":"https:\/\/www.mountainnews.com\/de\/advertising-partner-resources\/#primaryimage"},"thumbnailUrl":"https:\/\/www.mountainnews.com\/de\/wp-content\/uploads\/2026\/02\/display-video.png","datePublished":"2026-02-15T15:16:02+00:00","dateModified":"2026-05-01T09:45:49+00:00","breadcrumb":{"@id":"https:\/\/www.mountainnews.com\/de\/advertising-partner-resources\/#breadcrumb"},"inLanguage":"en-US","potentialAction":[{"@type":"ReadAction","target":["https:\/\/www.mountainnews.com\/de\/advertising-partner-resources\/"]}]},{"@type":"ImageObject","inLanguage":"en-US","@id":"https:\/\/www.mountainnews.com\/de\/advertising-partner-resources\/#primaryimage","url":"","contentUrl":""},{"@type":"BreadcrumbList","@id":"https:\/\/www.mountainnews.com\/de\/advertising-partner-resources\/#breadcrumb","itemListElement":[{"@type":"ListItem","position":1,"name":"Home","item":"https:\/\/www.mountainnews.com\/de\/"},{"@type":"ListItem","position":2,"name":"Spezifikationen und Beispiele"}]},{"@type":"WebSite","@id":"https:\/\/www.mountainnews.com\/de\/#website","url":"https:\/\/www.mountainnews.com\/de\/","name":"Mountain News DE","description":"","potentialAction":[{"@type":"SearchAction","target":{"@type":"EntryPoint","urlTemplate":"https:\/\/www.mountainnews.com\/de\/?s={search_term_string}"},"query-input":{"@type":"PropertyValueSpecification","valueRequired":true,"valueName":"search_term_string"}}],"inLanguage":"en-US"}]}},"_links":{"self":[{"href":"https:\/\/www.mountainnews.com\/de\/wp-json\/wp\/v2\/pages\/27","targetHints":{"allow":["GET"]}}],"collection":[{"href":"https:\/\/www.mountainnews.com\/de\/wp-json\/wp\/v2\/pages"}],"about":[{"href":"https:\/\/www.mountainnews.com\/de\/wp-json\/wp\/v2\/types\/page"}],"author":[{"embeddable":true,"href":"https:\/\/www.mountainnews.com\/de\/wp-json\/wp\/v2\/users\/2"}],"replies":[{"embeddable":true,"href":"https:\/\/www.mountainnews.com\/de\/wp-json\/wp\/v2\/comments?post=27"}],"version-history":[{"count":0,"href":"https:\/\/www.mountainnews.com\/de\/wp-json\/wp\/v2\/pages\/27\/revisions"}],"wp:attachment":[{"href":"https:\/\/www.mountainnews.com\/de\/wp-json\/wp\/v2\/media?parent=27"}],"curies":[{"name":"wp","href":"https:\/\/api.w.org\/{rel}","templated":true}]}}