{"id":170,"date":"2026-03-26T17:19:44","date_gmt":"2026-03-26T17:19:44","guid":{"rendered":"https:\/\/www.mountainnews.com\/de\/?page_id=170"},"modified":"2026-03-31T09:51:22","modified_gmt":"2026-03-31T09:51:22","slug":"summer-for-destinations","status":"publish","type":"page","link":"https:\/\/www.mountainnews.com\/de\/advertising-partner-resources\/summer-for-destinations\/","title":{"rendered":"Summer+"},"content":{"rendered":"\n<h2 class=\"wp-block-heading\">Produkt\u00fcbersicht<\/h2>\n\n\n\n<p>Summer+ ist die neue Werbeplattform von Mountain News, die Resorts dabei hilft, Sommerreisende auf ountainNews.de und unserem europ\u00e4ischen Netzwerk anzulocken.\u200b<\/p>\n\n\n\n<p>Mit dem Ende des Winters zieht es unsere Zielgruppe zum Wandern, Radfahren, Wellness und Familienurlaub. Summer+ positioniert Ihr Resort als Top-Reiseziel durch Homepage-\u00dcbernahmen, redaktionelle Beitr\u00e4ge, Newsletter-Platzierungen und gezielte Kampagnen.\u200b\u200b<\/p>\n\n\n\n<h3 class=\"wp-block-heading\">Beispiele erfolgreicher Kampagnen aus der Vergangenheit<\/h3>\n\n\n\n<div class=\"wp-block-gslider-blocks-image-slider gslider-image-slider-wrapper gslider-image-slider-62ebff1b inside center has-pagination\" data-swiper-settings=\"{&quot;effect&quot;:&quot;slide&quot;,&quot;breakpoints&quot;:{&quot;0&quot;:{&quot;slidesPerView&quot;:1,&quot;spaceBetween&quot;:0,&quot;speed&quot;:800,&quot;autoplay&quot;:false,&quot;navigation&quot;:{&quot;enabled&quot;:true},&quot;pagination&quot;:{&quot;enabled&quot;:true}},&quot;768&quot;:{&quot;slidesPerView&quot;:1,&quot;spaceBetween&quot;:20,&quot;speed&quot;:800,&quot;autoplay&quot;:false,&quot;navigation&quot;:{&quot;enabled&quot;:true},&quot;pagination&quot;:{&quot;enabled&quot;:true}},&quot;1025&quot;:{&quot;slidesPerView&quot;:1,&quot;spaceBetween&quot;:20,&quot;speed&quot;:800,&quot;autoplay&quot;:false,&quot;navigation&quot;:{&quot;enabled&quot;:true},&quot;pagination&quot;:{&quot;enabled&quot;:true}}},&quot;loop&quot;:true,&quot;autoplay&quot;:false,&quot;allowTouchMove&quot;:true,&quot;mousewheel&quot;:false,&quot;keyboard&quot;:false,&quot;navigation&quot;:{&quot;enabled&quot;:true,&quot;nextEl&quot;:&quot;.swiper-button-next&quot;,&quot;prevEl&quot;:&quot;.swiper-button-prev&quot;},&quot;pagination&quot;:{&quot;enabled&quot;:true,&quot;el&quot;:&quot;.gslider-image-slider-62ebff1b .swiper-pagination-image-slider&quot;,&quot;type&quot;:&quot;bullets&quot;,&quot;dynamicBullets&quot;:false,&quot;clickable&quot;:true}}\"><div class=\"swiper\" role=\"region\" aria-label=\"Image Slider\"><div class=\"swiper-wrapper\"><div class=\"swiper-slide\"><div class=\"gslider-image-slider-content-wrapper \"><div class=\"gslider-image-item\" data-hover-effect=\"none\"><img decoding=\"async\" src=\"https:\/\/www.mountainnews.com\/de\/wp-content\/uploads\/sites\/2\/2026\/03\/DE-Summer.png\" alt=\"Summer+\"\/><\/div><div class=\"gslider-image-slider-caption\" aria-live=\"polite\">Summer+<\/div><\/div><\/div><div class=\"swiper-slide\"><div class=\"gslider-image-slider-content-wrapper \"><div class=\"gslider-image-item\" data-hover-effect=\"none\"><img decoding=\"async\" src=\"https:\/\/www.mountainnews.com\/de\/wp-content\/uploads\/sites\/2\/2026\/03\/Summer-Homepage-promotion.png\" alt=\"Summer+ | Homepage Vorgestelltes Gebiet\"\/><\/div><div class=\"gslider-image-slider-caption\" aria-live=\"polite\">Summer+ | Homepage Vorgestelltes Gebiet<\/div><\/div><\/div><\/div><div class=\"gslider-navigation-default-icon-wrapper inside center\"><div class=\"swiper-button-prev\" role=\"button\" tabindex=\"0\" aria-label=\"Previous slide\"><\/div><div class=\"swiper-button-next\" role=\"button\" tabindex=\"0\" aria-label=\"Next slide\"><\/div><\/div><\/div><div class=\"swiper-pagination swiper-pagination-image-slider swiper-pagination-gslider-image-slider-62ebff1b\" aria-label=\"Carousel pagination\"><\/div><\/div>\n\n\n\n<h3 class=\"wp-block-heading\">Spezifikationen<\/h3>\n\n\n\n<p><strong>Die Summer+ kampagne besteht aus:\u200b<\/strong><br>\u2022&nbsp;<strong>Gesponserter Sommer Guide Artikel\u200b<\/strong><br>\u2022&nbsp;<strong>Featured rotation<\/strong>&nbsp;on Summer Home Page<br>\u2022&nbsp;<strong>Fotos<\/strong>&nbsp;zur Begleitung des Sommer Guide<br>\u2022&nbsp;<strong>Youtube Video&nbsp;<\/strong>zur Begleitung des Sommer Guide<br>\u2022&nbsp;<strong>Instagram Feed<\/strong>&nbsp;zur Begleitung des Sommer Guide<br>\u2022&nbsp;<strong>Branded Display Ads<\/strong>&nbsp;(<em>bereitgestellt vom Partner<\/em>)\u200b<br>\u2022&nbsp;<strong>Promotionsplatzierung<\/strong>&nbsp;(<em>inhouse erstellt von Mountain News<\/em>)\u200b<\/p>\n\n\n\n<p><strong>Artikelspezifikationen\u200b<\/strong><br>\u2022 Text \u2013&nbsp;<strong>250-500 W\u00f6rter<\/strong>\u200b lange Beschreibung der Sommererfahrung im Resort<br>\u2022&nbsp;<strong>Hyperlinked Text<\/strong>&nbsp;und&nbsp;<strong>URLs<\/strong>. (5 Links max) z.B., Events, Unterk\u00fcnfte, etc.<\/p>\n\n\n\n<p><strong>Fotospezifikationen&nbsp;<\/strong><br>\u2022 Image \u2013&nbsp;<strong>minimum 1920&#215;1280<\/strong>&nbsp;&#8211;&nbsp;<strong>300 dpi<\/strong>&nbsp;\u200b<br>\u2022 Format \u2013 JPG (horizontal) \u200b<br>\u2022&nbsp;<strong>4-8 Bilder<\/strong>&nbsp;f\u00fcr die Sommer-Fotogalerie des Resorts \u200b<br>\u2022&nbsp;<strong>Bildunterschriften<\/strong>&nbsp;und&nbsp;<strong>Bildnachweise<\/strong><\/p>\n\n\n\n<p><strong>Branded Display Ads (durch Partner erstellt)\u200b<\/strong><br>\u2022 Image \u2013 1600\u00d7578, 650\u00d7550, 728&#215;90, 300&#215;250, 300&#215;600, und 160&#215;600\u200b<br>\u2022 Image Format \u2013 JPG, GIF, PNG, HTML5<br>\u2022 Gesamtgr\u00f6\u00dfe \u2013 kleiner als 300kb \u200b(1.000kb HTML5)<br>\u2022 Animation \u2013 weniger als 3 loops, kein blinking text<br>\u2022 Link \u2013 redirection url (au\u00dfer es werden click tags verwendet) \u200b<br>\u2022 3rd party tags m\u00f6glich (tags m\u00fcssen gesichert sein) \u200b<\/p>\n\n\n\n<p><strong>Promotions (werden Inhouse durch Mountainnews erstellt)\u200b<\/strong><br>\u2022 Beihnhaltet Homepage, SoMe-Posts and ROS Display Banner\u200b<br>\u2022 Partner liefert Logo + Brand Guidelines f\u00fcr die Erstellung der Promotion\u200b<br>\u2022\u2022&nbsp;<em>Logo Spezifikation\u200b<br>\u2022 Vertical layout: minimum 160 x 160 px \u200b<br>\u2022 Horizontal layout: minimum 400 x 100 px \u200b<br>\u2022 Image Format \u2013 JPG, GIF, PNG \u200b<br>\u2022 Logos in Farbe und in wei\u00df \u200b<br>\u2022 OPTIONAL: transparenter Hintergrund \u200b<br>\u2022 Dateigr\u00f6\u00dfe: sollte 50kb nicht \u00fcbersteigen\u200b<\/em>&nbsp;<\/p>\n\n\n\n<h3 class=\"wp-block-heading\"><strong>Ablauf zur Erstellung von Summer+\u200b<\/strong><\/h3>\n\n\n\n<p>\u2022 Partner f\u00fcllt ein<strong>&nbsp;Content Briefing<\/strong>&nbsp;aus und \u00fcbermittelt es an MN\u200b<br>\u2022 MN und der Partner f\u00fchren einen&nbsp;<strong>Kick-off-Call&nbsp;<\/strong>durch, um den Ablauf gemeinsam zu besprechen\u200b<br>\u2022 MN stellt einen&nbsp;<strong>Zeitplan<\/strong>&nbsp;und eine&nbsp;<strong>Gliederung des Artikels<\/strong>&nbsp;zur Verf\u00fcgung\u200b<br>\u2022 Das MN-Team arbeitet mit dem Partner zusammen, um den Artikel im Einklang mit der Markenbotschaft und dem Ton des Kunden zu finalisieren\u200b<br>\u2022 Es sind maximal&nbsp;<strong>2 Korrekturrunden<\/strong>&nbsp;inbegriffen\u200b<br>\u2022 Die finale Version wird zum vereinbarten Termin nach Freigabe durch den Partner ver\u00f6ffentlicht\u200b<\/p>\n\n\n\n<h3 class=\"wp-block-heading\">Leitfaden zur kreativen Umsetzung<\/h3>\n\n\n\n<p><strong>Content<\/strong><br>\u2022 Heben Sie das einzigartige Wertversprechen Ihrer Marke, besondere Ereignisse, wichtige Initiativen usw. hervor.\u200b<\/p>\n\n\n\n<p><strong>Branded Display Ads<\/strong><br>\u2022 Konzentrieren Sie sich auf die Steigerung der Markenbekanntheit\u200b<br>\u2022 \u00dcberlegen Sie sich sorgf\u00e4ltig, welche Layout-Optionen sich f\u00fcr welche Anzeigengr\u00f6\u00dfe bzw. welches Ger\u00e4t eignen.\u200b<br>\u2022 Verwenden Sie Farben, die Ihren Markenrichtlinien entsprechen\u200b<br>\u2022 Schreiben Sie eine pr\u00e4gnante, aufmerksamkeitsstarke \u00dcberschrift\u200b<br>\u2022 Integrieren Sie einzigartige Fotografie\u200b<br>\u2022 F\u00fcgen Sie einen gut sichtbaren Button mit einem starken Call-to-Action ein \u2013 CTAs sollten kurz, aussagekr\u00e4ftig und handlungsorientiert sein\u200b<br>\u2022 F\u00fcgen Sie das Logo Ihrer Marke hinzu\u200b<\/p>\n","protected":false},"excerpt":{"rendered":"<p>Produkt\u00fcbersicht Summer+ ist die neue Werbeplattform von Mountain News, die Resorts dabei hilft, Sommerreisende auf ountainNews.de und unserem europ\u00e4ischen Netzwerk anzulocken.\u200b Mit dem Ende des Winters zieht es unsere Zielgruppe zum Wandern, Radfahren, Wellness und Familienurlaub. Summer+ positioniert Ihr Resort als Top-Reiseziel durch Homepage-\u00dcbernahmen, redaktionelle Beitr\u00e4ge, Newsletter-Platzierungen und gezielte Kampagnen.\u200b\u200b Beispiele erfolgreicher Kampagnen aus der<\/p>\n","protected":false},"author":2,"featured_media":0,"parent":27,"menu_order":0,"comment_status":"closed","ping_status":"closed","template":"","meta":{"footnotes":""},"class_list":["post-170","page","type-page","status-publish","hentry"],"yoast_head":"<!-- This site is optimized with the Yoast SEO plugin v27.4 - https:\/\/yoast.com\/product\/yoast-seo-wordpress\/ -->\n<title>Summer+ - Mountain News DE<\/title>\n<meta name=\"robots\" content=\"noindex, follow, max-snippet:-1, max-image-preview:large, max-video-preview:-1\" \/>\n<meta property=\"og:locale\" content=\"en_US\" \/>\n<meta property=\"og:type\" content=\"article\" \/>\n<meta property=\"og:title\" content=\"Summer+ - Mountain News DE\" \/>\n<meta property=\"og:description\" content=\"Produkt\u00fcbersicht Summer+ ist die neue Werbeplattform von Mountain News, die Resorts dabei hilft, Sommerreisende auf ountainNews.de und unserem europ\u00e4ischen Netzwerk anzulocken.\u200b Mit dem Ende des Winters zieht es unsere Zielgruppe zum Wandern, Radfahren, Wellness und Familienurlaub. Summer+ positioniert Ihr Resort als Top-Reiseziel durch Homepage-\u00dcbernahmen, redaktionelle Beitr\u00e4ge, Newsletter-Platzierungen und gezielte Kampagnen.\u200b\u200b Beispiele erfolgreicher Kampagnen aus der\" \/>\n<meta property=\"og:site_name\" content=\"Mountain News DE\" \/>\n<meta property=\"article:modified_time\" content=\"2026-03-31T09:51:22+00:00\" \/>\n<meta property=\"og:image\" content=\"https:\/\/www.mountainnews.com\/de\/wp-content\/uploads\/sites\/2\/2026\/03\/DE-Summer.png\" \/>\n<meta name=\"twitter:card\" content=\"summary_large_image\" \/>\n<meta name=\"twitter:label1\" content=\"Est. reading time\" \/>\n\t<meta name=\"twitter:data1\" content=\"3 minutes\" \/>\n<script type=\"application\/ld+json\" class=\"yoast-schema-graph\">{\"@context\":\"https:\\\/\\\/schema.org\",\"@graph\":[{\"@type\":\"WebPage\",\"@id\":\"https:\\\/\\\/www.mountainnews.com\\\/de\\\/advertising-partner-resources\\\/summer-for-destinations\\\/\",\"url\":\"https:\\\/\\\/www.mountainnews.com\\\/de\\\/advertising-partner-resources\\\/summer-for-destinations\\\/\",\"name\":\"Summer+ - Mountain News DE\",\"isPartOf\":{\"@id\":\"https:\\\/\\\/www.mountainnews.com\\\/de\\\/#website\"},\"primaryImageOfPage\":{\"@id\":\"https:\\\/\\\/www.mountainnews.com\\\/de\\\/advertising-partner-resources\\\/summer-for-destinations\\\/#primaryimage\"},\"image\":{\"@id\":\"https:\\\/\\\/www.mountainnews.com\\\/de\\\/advertising-partner-resources\\\/summer-for-destinations\\\/#primaryimage\"},\"thumbnailUrl\":\"https:\\\/\\\/www.mountainnews.com\\\/de\\\/wp-content\\\/uploads\\\/sites\\\/2\\\/2026\\\/03\\\/DE-Summer.png\",\"datePublished\":\"2026-03-26T17:19:44+00:00\",\"dateModified\":\"2026-03-31T09:51:22+00:00\",\"breadcrumb\":{\"@id\":\"https:\\\/\\\/www.mountainnews.com\\\/de\\\/advertising-partner-resources\\\/summer-for-destinations\\\/#breadcrumb\"},\"inLanguage\":\"en-US\",\"potentialAction\":[{\"@type\":\"ReadAction\",\"target\":[\"https:\\\/\\\/www.mountainnews.com\\\/de\\\/advertising-partner-resources\\\/summer-for-destinations\\\/\"]}]},{\"@type\":\"ImageObject\",\"inLanguage\":\"en-US\",\"@id\":\"https:\\\/\\\/www.mountainnews.com\\\/de\\\/advertising-partner-resources\\\/summer-for-destinations\\\/#primaryimage\",\"url\":\"https:\\\/\\\/www.mountainnews.com\\\/de\\\/wp-content\\\/uploads\\\/sites\\\/2\\\/2026\\\/03\\\/DE-Summer.png\",\"contentUrl\":\"https:\\\/\\\/www.mountainnews.com\\\/de\\\/wp-content\\\/uploads\\\/sites\\\/2\\\/2026\\\/03\\\/DE-Summer.png\",\"width\":655,\"height\":507,\"caption\":\"Summer+\"},{\"@type\":\"BreadcrumbList\",\"@id\":\"https:\\\/\\\/www.mountainnews.com\\\/de\\\/advertising-partner-resources\\\/summer-for-destinations\\\/#breadcrumb\",\"itemListElement\":[{\"@type\":\"ListItem\",\"position\":1,\"name\":\"Home\",\"item\":\"https:\\\/\\\/www.mountainnews.com\\\/de\\\/\"},{\"@type\":\"ListItem\",\"position\":2,\"name\":\"Spezifikationen und Beispiele\",\"item\":\"https:\\\/\\\/www.mountainnews.com\\\/de\\\/advertising-partner-resources\\\/\"},{\"@type\":\"ListItem\",\"position\":3,\"name\":\"Summer+\"}]},{\"@type\":\"WebSite\",\"@id\":\"https:\\\/\\\/www.mountainnews.com\\\/de\\\/#website\",\"url\":\"https:\\\/\\\/www.mountainnews.com\\\/de\\\/\",\"name\":\"Mountain News DE\",\"description\":\"\",\"potentialAction\":[{\"@type\":\"SearchAction\",\"target\":{\"@type\":\"EntryPoint\",\"urlTemplate\":\"https:\\\/\\\/www.mountainnews.com\\\/de\\\/?s={search_term_string}\"},\"query-input\":{\"@type\":\"PropertyValueSpecification\",\"valueRequired\":true,\"valueName\":\"search_term_string\"}}],\"inLanguage\":\"en-US\"}]}<\/script>\n<!-- \/ Yoast SEO plugin. -->","yoast_head_json":{"title":"Summer+ - Mountain News DE","robots":{"index":"noindex","follow":"follow","max-snippet":"max-snippet:-1","max-image-preview":"max-image-preview:large","max-video-preview":"max-video-preview:-1"},"og_locale":"en_US","og_type":"article","og_title":"Summer+ - Mountain News DE","og_description":"Produkt\u00fcbersicht Summer+ ist die neue Werbeplattform von Mountain News, die Resorts dabei hilft, Sommerreisende auf ountainNews.de und unserem europ\u00e4ischen Netzwerk anzulocken.\u200b Mit dem Ende des Winters zieht es unsere Zielgruppe zum Wandern, Radfahren, Wellness und Familienurlaub. Summer+ positioniert Ihr Resort als Top-Reiseziel durch Homepage-\u00dcbernahmen, redaktionelle Beitr\u00e4ge, Newsletter-Platzierungen und gezielte Kampagnen.\u200b\u200b Beispiele erfolgreicher Kampagnen aus der","og_site_name":"Mountain News DE","article_modified_time":"2026-03-31T09:51:22+00:00","og_image":[{"url":"https:\/\/www.mountainnews.com\/de\/wp-content\/uploads\/sites\/2\/2026\/03\/DE-Summer.png","type":"","width":"","height":""}],"twitter_card":"summary_large_image","twitter_misc":{"Est. reading time":"3 minutes"},"schema":{"@context":"https:\/\/schema.org","@graph":[{"@type":"WebPage","@id":"https:\/\/www.mountainnews.com\/de\/advertising-partner-resources\/summer-for-destinations\/","url":"https:\/\/www.mountainnews.com\/de\/advertising-partner-resources\/summer-for-destinations\/","name":"Summer+ - Mountain News DE","isPartOf":{"@id":"https:\/\/www.mountainnews.com\/de\/#website"},"primaryImageOfPage":{"@id":"https:\/\/www.mountainnews.com\/de\/advertising-partner-resources\/summer-for-destinations\/#primaryimage"},"image":{"@id":"https:\/\/www.mountainnews.com\/de\/advertising-partner-resources\/summer-for-destinations\/#primaryimage"},"thumbnailUrl":"https:\/\/www.mountainnews.com\/de\/wp-content\/uploads\/sites\/2\/2026\/03\/DE-Summer.png","datePublished":"2026-03-26T17:19:44+00:00","dateModified":"2026-03-31T09:51:22+00:00","breadcrumb":{"@id":"https:\/\/www.mountainnews.com\/de\/advertising-partner-resources\/summer-for-destinations\/#breadcrumb"},"inLanguage":"en-US","potentialAction":[{"@type":"ReadAction","target":["https:\/\/www.mountainnews.com\/de\/advertising-partner-resources\/summer-for-destinations\/"]}]},{"@type":"ImageObject","inLanguage":"en-US","@id":"https:\/\/www.mountainnews.com\/de\/advertising-partner-resources\/summer-for-destinations\/#primaryimage","url":"https:\/\/www.mountainnews.com\/de\/wp-content\/uploads\/sites\/2\/2026\/03\/DE-Summer.png","contentUrl":"https:\/\/www.mountainnews.com\/de\/wp-content\/uploads\/sites\/2\/2026\/03\/DE-Summer.png","width":655,"height":507,"caption":"Summer+"},{"@type":"BreadcrumbList","@id":"https:\/\/www.mountainnews.com\/de\/advertising-partner-resources\/summer-for-destinations\/#breadcrumb","itemListElement":[{"@type":"ListItem","position":1,"name":"Home","item":"https:\/\/www.mountainnews.com\/de\/"},{"@type":"ListItem","position":2,"name":"Spezifikationen und Beispiele","item":"https:\/\/www.mountainnews.com\/de\/advertising-partner-resources\/"},{"@type":"ListItem","position":3,"name":"Summer+"}]},{"@type":"WebSite","@id":"https:\/\/www.mountainnews.com\/de\/#website","url":"https:\/\/www.mountainnews.com\/de\/","name":"Mountain News DE","description":"","potentialAction":[{"@type":"SearchAction","target":{"@type":"EntryPoint","urlTemplate":"https:\/\/www.mountainnews.com\/de\/?s={search_term_string}"},"query-input":{"@type":"PropertyValueSpecification","valueRequired":true,"valueName":"search_term_string"}}],"inLanguage":"en-US"}]}},"_links":{"self":[{"href":"https:\/\/www.mountainnews.com\/de\/wp-json\/wp\/v2\/pages\/170","targetHints":{"allow":["GET"]}}],"collection":[{"href":"https:\/\/www.mountainnews.com\/de\/wp-json\/wp\/v2\/pages"}],"about":[{"href":"https:\/\/www.mountainnews.com\/de\/wp-json\/wp\/v2\/types\/page"}],"author":[{"embeddable":true,"href":"https:\/\/www.mountainnews.com\/de\/wp-json\/wp\/v2\/users\/2"}],"replies":[{"embeddable":true,"href":"https:\/\/www.mountainnews.com\/de\/wp-json\/wp\/v2\/comments?post=170"}],"version-history":[{"count":0,"href":"https:\/\/www.mountainnews.com\/de\/wp-json\/wp\/v2\/pages\/170\/revisions"}],"up":[{"embeddable":true,"href":"https:\/\/www.mountainnews.com\/de\/wp-json\/wp\/v2\/pages\/27"}],"wp:attachment":[{"href":"https:\/\/www.mountainnews.com\/de\/wp-json\/wp\/v2\/media?parent=170"}],"curies":[{"name":"wp","href":"https:\/\/api.w.org\/{rel}","templated":true}]}}