{"id":169,"date":"2026-03-26T17:19:15","date_gmt":"2026-03-26T17:19:15","guid":{"rendered":"https:\/\/www.mountainnews.com\/de\/?page_id=169"},"modified":"2026-03-27T18:40:40","modified_gmt":"2026-03-27T18:40:40","slug":"spotlight-amplify-packages","status":"publish","type":"page","link":"https:\/\/www.mountainnews.com\/de\/advertising-partner-resources\/spotlight-amplify-packages\/","title":{"rendered":"Spotlight &amp; Amplify"},"content":{"rendered":"\n<h2 class=\"wp-block-heading\">Produkt \u00dcbersicht<\/h2>\n\n\n\n<p>Das Spotlight\/Amplify-Paket pr\u00e4sentiert den Kalender, die Angebote und Bilder eines Resorts. Das Paket umfasst redaktionelle Beitr\u00e4ge und umfangreiche Werbeaktionen. Wenn also Skifahrer mit der Skiinfo-Website, der mobilen App, dem E-Mail-Newsletter und den sozialen Kan\u00e4len interagieren, werden Sie mit Ihren Inhalten begr\u00fc\u00dft. \u200b<\/p>\n\n\n\n<h3 class=\"wp-block-heading\">Beispiele erfolgreicher Kampagnen aus der Vergangenheit<\/h3>\n\n\n\n<div class=\"wp-block-gslider-blocks-image-slider gslider-image-slider-wrapper gslider-image-slider-514f0f86 inside center has-pagination\" data-swiper-settings=\"{&quot;effect&quot;:&quot;slide&quot;,&quot;breakpoints&quot;:{&quot;0&quot;:{&quot;slidesPerView&quot;:1,&quot;spaceBetween&quot;:0,&quot;speed&quot;:800,&quot;autoplay&quot;:false,&quot;navigation&quot;:{&quot;enabled&quot;:true},&quot;pagination&quot;:{&quot;enabled&quot;:true}},&quot;768&quot;:{&quot;slidesPerView&quot;:1,&quot;spaceBetween&quot;:20,&quot;speed&quot;:800,&quot;autoplay&quot;:false,&quot;navigation&quot;:{&quot;enabled&quot;:true},&quot;pagination&quot;:{&quot;enabled&quot;:true}},&quot;1025&quot;:{&quot;slidesPerView&quot;:1,&quot;spaceBetween&quot;:20,&quot;speed&quot;:800,&quot;autoplay&quot;:false,&quot;navigation&quot;:{&quot;enabled&quot;:true},&quot;pagination&quot;:{&quot;enabled&quot;:true}}},&quot;loop&quot;:true,&quot;autoplay&quot;:false,&quot;allowTouchMove&quot;:true,&quot;mousewheel&quot;:false,&quot;keyboard&quot;:false,&quot;navigation&quot;:{&quot;enabled&quot;:true,&quot;nextEl&quot;:&quot;.swiper-button-next&quot;,&quot;prevEl&quot;:&quot;.swiper-button-prev&quot;},&quot;pagination&quot;:{&quot;enabled&quot;:true,&quot;el&quot;:&quot;.gslider-image-slider-514f0f86 .swiper-pagination-image-slider&quot;,&quot;type&quot;:&quot;bullets&quot;,&quot;dynamicBullets&quot;:false,&quot;clickable&quot;:true}}\"><div class=\"swiper\" role=\"region\" aria-label=\"Image Slider\"><div class=\"swiper-wrapper\"><div class=\"swiper-slide\"><div class=\"gslider-image-slider-content-wrapper \"><div class=\"gslider-image-item\" data-hover-effect=\"none\"><img decoding=\"async\" src=\"https:\/\/www.mountainnews.com\/de\/wp-content\/uploads\/sites\/2\/2026\/03\/DE-Spotlight-desktop-resized.jpg\" alt=\"Spotlight\"\/><\/div><div class=\"gslider-image-slider-caption\" aria-live=\"polite\">Spotlight<\/div><\/div><\/div><div class=\"swiper-slide\"><div class=\"gslider-image-slider-content-wrapper \"><div class=\"gslider-image-item\" data-hover-effect=\"none\"><img decoding=\"async\" src=\"https:\/\/www.mountainnews.com\/de\/wp-content\/uploads\/sites\/2\/2026\/03\/DE-Amplify-resized.png\" alt=\"Amplify\"\/><\/div><div class=\"gslider-image-slider-caption\" aria-live=\"polite\">Amplify<\/div><\/div><\/div><div class=\"swiper-slide\"><div class=\"gslider-image-slider-content-wrapper \"><div class=\"gslider-image-item\" data-hover-effect=\"none\"><img decoding=\"async\" src=\"https:\/\/www.mountainnews.com\/de\/wp-content\/uploads\/sites\/2\/2026\/03\/DE-Amplify-Branded-Display_300x600_Desktop.jpg\" alt=\"Amplify | Summer\"\/><\/div><div class=\"gslider-image-slider-caption\" aria-live=\"polite\">Amplify | Summer<\/div><\/div><\/div><\/div><div class=\"gslider-navigation-default-icon-wrapper inside center\"><div class=\"swiper-button-prev\" role=\"button\" tabindex=\"0\" aria-label=\"Previous slide\"><\/div><div class=\"swiper-button-next\" role=\"button\" tabindex=\"0\" aria-label=\"Next slide\"><\/div><\/div><\/div><div class=\"swiper-pagination swiper-pagination-image-slider swiper-pagination-gslider-image-slider-514f0f86\" aria-label=\"Carousel pagination\"><\/div><\/div>\n\n\n\n<h3 class=\"wp-block-heading\">Spezifikationen<\/h3>\n\n\n\n<p><strong>Die Spotlight\/Amplify kampagne besteht aus:\u200b<\/strong><br>\u2022&nbsp;<strong>Gesponserter Artikel\u200b<\/strong><br>\u2022&nbsp;<strong>Fotos<\/strong>&nbsp;zur Begleitung des Artikels\u200b<br>\u2022&nbsp;<strong>Branded Display Ads<\/strong>&nbsp;(<em>bereitgestellt vom Partner<\/em>)\u200b<br>\u2022&nbsp;<strong>Promotionsplatzierung<\/strong>&nbsp;(<em>inhouse erstellt von Mountain News<\/em>)\u200b<\/p>\n\n\n\n<p><strong>Artikelspezifikationen\u200b<\/strong><br>\u2022 Text \u2013&nbsp;<strong>500-1.000 W\u00f6rter<\/strong>\u200b langer News-Artikel<br>\u2022&nbsp;<strong>Hyperlinked Text<\/strong>&nbsp;und&nbsp;<strong>URLs<\/strong>. (5 Links max) z.B., Unterk\u00fcnfte, Fl\u00fcge, Skipass-Preise, Events, etc. \u200b<br>\u2022 Video \u2013 YouTube Link (72 dpi) optional \u200b<\/p>\n\n\n\n<p><strong>Fotospezifikationen\u00a0<\/strong><br>\u2022 Image \u2013\u00a0<strong>minimum 1920&#215;1280<\/strong>\u00a0&#8211;\u00a0<strong>300 dpi<\/strong>\u00a0\u200b<br>\u2022 Format \u2013 JPG (horizontal) \u200b<br>\u2022\u00a0<strong>3-5 Bilder<\/strong>\u00a0zur redaktionellen Pr\u00fcfung \u200b<br>\u2022\u00a0<strong>Bildunterschriften<\/strong>\u00a0und\u00a0<strong>Bildnachweise<\/strong><\/p>\n\n\n\n<p><strong>Branded Display Ads (durch Parnter erstellt)<\/strong><br>\u2022 Image \u2013 728&#215;90, 300&#215;250, 300&#215;600, 160&#215;600, and 320&#215;50 \u200b<br>\u2022 Image Format \u2013 JPG, GIF, PNG, HTML5<br>\u2022 Total Size \u2013 less than 200kb (1.000kb HTML5) \u200b<br>\u2022 Animation \u2013 weniger als 3 loops, kein blinking text \u200b<br>\u2022 Link \u2013 redirection url (au\u00dfer es werden click tags verwendet) \u200b<br>\u2022 3rd party tags m\u00f6glich (tags m\u00fcssen gesichert sein) \u200b<\/p>\n\n\n\n<p><strong>Promotions (werden Inhouse durch Mountainnews erstellt)\u200b<\/strong><br>\u2022 Beihnhaltet Homepage und Newsletter Platzierungen, Mobile Inbox, SoMe-Posts and ROS Display Bannner\u200b<br>\u2022 Partner liefert Logo + Brand Guidelines f\u00fcr die Erstellung der Promotion\u200b<br>&nbsp;&nbsp;&nbsp;&nbsp;&#8211; Logo Spezifikation\u200b<br>&nbsp;&nbsp;&nbsp;&nbsp;&nbsp;&nbsp;&nbsp;&nbsp;\u25aa Vertical layout: minimum 160 x 160 px<br>&nbsp;&nbsp;&nbsp;&nbsp;&nbsp;&nbsp;&nbsp;&nbsp;\u25aa Horizontal layout: minimum 400 x 100 px<br>&nbsp;&nbsp;&nbsp;&nbsp;&nbsp;&nbsp;&nbsp;&nbsp;\u25aa Image Format \u2013 JPG, GIF, PNG<br>&nbsp;&nbsp;&nbsp;&nbsp;&nbsp;&nbsp;&nbsp;&nbsp;\u25aa Logos in Farbe und in wei\u00df \u200b<br>&nbsp;&nbsp;&nbsp;&nbsp;&nbsp;&nbsp;&nbsp;&nbsp;\u25aa OPTIONAL: transparenter Hintergrund<br>&nbsp;&nbsp;&nbsp;&nbsp;&nbsp;&nbsp;&nbsp;&nbsp;\u25aa Dateigr\u00f6\u00dfe: sollte 50kb nicht \u00fcbersteigen \u200b<\/p>\n\n\n\n<h3 class=\"wp-block-heading\">Ablauf zur Erstellung von Spotlight\/Amplify-Artikeln\u200b<\/h3>\n\n\n\n<p>\u2022 Partner f\u00fcllt ein<strong>\u00a0Content Briefing<\/strong>\u00a0aus und \u00fcbermittelt es an MN\u200b<br>\u2022 MN und der Partner f\u00fchren einen\u00a0<strong>Kick-off-Call\u00a0<\/strong>durch, um den Ablauf gemeinsam zu besprechen\u200b<br>\u2022 MN stellt einen\u00a0<strong>Zeitplan<\/strong>\u00a0und eine\u00a0<strong>Gliederung des Artikels<\/strong>\u00a0zur Verf\u00fcgung\u200b<br>\u2022 Das MN-Team arbeitet mit dem Partner zusammen, um den Artikel im Einklang mit der Markenbotschaft und dem Ton des Kunden zu finalisieren\u200b<br>\u2022 Es sind maximal\u00a0<strong>2 Korrekturrunden<\/strong>\u00a0inbegriffen\u200b<br>\u2022 Die finale Version wird zum vereinbarten Termin nach Freigabe durch den Partner ver\u00f6ffentlicht\u200b\u00a0<\/p>\n\n\n\n<h3 class=\"wp-block-heading\">Leitfaden zur kreativen Umsetzung<\/h3>\n\n\n\n<p><strong>Article\u00a0<\/strong><br>\u2022 Heben Sie das einzigartige Wertversprechen Ihrer Marke, besondere Ereignisse, wichtige Initiativen usw. hervor.\u200b<\/p>\n\n\n\n<p><strong>Beispiele von MN Partners<\/strong><br>\u2022 <a href=\"https:\/\/www.skiinfo.de\/news\/skifahren-im-tiroler-lechtal-weite-pisten-ruhige-momente\/\">Skifahren im Tiroler Lechtal: Weite Pisten, ruhige Momente<\/a><br>\u2022 <a href=\"https:\/\/www.skiinfo.de\/news\/dein-ultimativer-winterurlaub-in-den-franzoesischen-alpen\/\">Dein ultimativer Winterurlaub in den franz\u00f6sischen Alpen<\/a><br>\u2022 <a href=\"https:\/\/www.skiinfo.de\/news\/tradition-trifft-technologie-performance-auf-der-piste-eleganz-im-alltag\/\">Tradition trifft Technologie: Performance auf der Piste, Eleganz im Alltag<\/a><br>\u2022 <a href=\"https:\/\/www.skiinfo.de\/news\/so-leicht-geht-winterurlaub-5-der-besten-tiroler-skiregionen-fuer-gross-und-klein\/\">So leicht geht Winterurlaub: 5 der besten Tiroler Skiregionen f\u00fcr Gro\u00df und Klein<\/a><br><\/p>\n\n\n\n<p><strong>Sommer Beispiele<\/strong><br>\u2022 <a href=\"https:\/\/www.skiinfo.de\/news\/warum-gastein-der-perfekte-ort-fuer-deine-auszeit-im-sommer-ist\/\">Warum Gastein der perfekte Ort f\u00fcr deine Auszeit im Sommer ist<\/a><br>\u2022 <a href=\"https:\/\/www.skiinfo.de\/news\/top-gruende-warum-dein-sommerurlaub-in-saalbach-unvergesslich-laessig-wird\/\">10 Gr\u00fcnde, warum dein Sommerurlaub in Saalbach unvergesslich l\u00e4ssig wird<\/a><br>\u2022 <a href=\"https:\/\/www.skiinfo.de\/news\/mit-der-bergbahn-zur-wandergaudi-gipfelglueck-im-chiemgau\/\">Mit der Bergbahn zur Wandergaudi: Gipfelgl\u00fcck im Chiemgau<\/a><\/p>\n\n\n\n<p><strong>Branded Display Ads\u00a0<\/strong><br>\u2022 Konzentrieren Sie sich auf die Steigerung der Markenbekanntheit\u200b<br>\u2022 \u00dcberlegen Sie sich sorgf\u00e4ltig, welche Layout-Optionen sich f\u00fcr welche Anzeigengr\u00f6\u00dfe bzw. welches Ger\u00e4t eignen.\u200b<br>\u2022 Verwenden Sie Farben, die Ihren Markenrichtlinien entsprechen\u200b<br>\u2022 Schreiben Sie eine pr\u00e4gnante, aufmerksamkeitsstarke \u00dcberschrift\u200b<br>\u2022 Integrieren Sie einzigartige Fotografie\u200b<br>\u2022 F\u00fcgen Sie einen gut sichtbaren Button mit einem starken Call-to-Action ein \u2013 CTAs sollten kurz, aussagekr\u00e4ftig und handlungsorientiert sein\u200b<br>\u2022 F\u00fcgen Sie das Logo Ihrer Marke hinzu\u200b<\/p>\n","protected":false},"excerpt":{"rendered":"<p>Produkt \u00dcbersicht Das Spotlight\/Amplify-Paket pr\u00e4sentiert den Kalender, die Angebote und Bilder eines Resorts. Das Paket umfasst redaktionelle Beitr\u00e4ge und umfangreiche Werbeaktionen. Wenn also Skifahrer mit der Skiinfo-Website, der mobilen App, dem E-Mail-Newsletter und den sozialen Kan\u00e4len interagieren, werden Sie mit Ihren Inhalten begr\u00fc\u00dft. \u200b Beispiele erfolgreicher Kampagnen aus der Vergangenheit Spezifikationen Die Spotlight\/Amplify kampagne besteht<\/p>\n","protected":false},"author":2,"featured_media":0,"parent":27,"menu_order":0,"comment_status":"closed","ping_status":"closed","template":"","meta":{"footnotes":""},"class_list":["post-169","page","type-page","status-publish","hentry"],"yoast_head":"<!-- This site is optimized with the Yoast SEO plugin v27.4 - https:\/\/yoast.com\/product\/yoast-seo-wordpress\/ -->\n<title>Spotlight &amp; Amplify - Mountain News DE<\/title>\n<meta name=\"robots\" content=\"noindex, follow, max-snippet:-1, max-image-preview:large, max-video-preview:-1\" \/>\n<meta property=\"og:locale\" content=\"en_US\" \/>\n<meta property=\"og:type\" content=\"article\" \/>\n<meta property=\"og:title\" content=\"Spotlight &amp; Amplify - Mountain News DE\" \/>\n<meta property=\"og:description\" content=\"Produkt \u00dcbersicht Das Spotlight\/Amplify-Paket pr\u00e4sentiert den Kalender, die Angebote und Bilder eines Resorts. Das Paket umfasst redaktionelle Beitr\u00e4ge und umfangreiche Werbeaktionen. Wenn also Skifahrer mit der Skiinfo-Website, der mobilen App, dem E-Mail-Newsletter und den sozialen Kan\u00e4len interagieren, werden Sie mit Ihren Inhalten begr\u00fc\u00dft. \u200b Beispiele erfolgreicher Kampagnen aus der Vergangenheit Spezifikationen Die Spotlight\/Amplify kampagne besteht\" \/>\n<meta property=\"og:site_name\" content=\"Mountain News DE\" \/>\n<meta property=\"article:modified_time\" content=\"2026-03-27T18:40:40+00:00\" \/>\n<meta property=\"og:image\" content=\"https:\/\/www.mountainnews.com\/de\/wp-content\/uploads\/sites\/2\/2026\/03\/DE-Spotlight-desktop-resized.jpg\" \/>\n<meta name=\"twitter:card\" content=\"summary_large_image\" \/>\n<meta name=\"twitter:label1\" content=\"Est. reading time\" \/>\n\t<meta name=\"twitter:data1\" content=\"3 minutes\" \/>\n<script type=\"application\/ld+json\" class=\"yoast-schema-graph\">{\"@context\":\"https:\\\/\\\/schema.org\",\"@graph\":[{\"@type\":\"WebPage\",\"@id\":\"https:\\\/\\\/www.mountainnews.com\\\/de\\\/advertising-partner-resources\\\/spotlight-amplify-packages\\\/\",\"url\":\"https:\\\/\\\/www.mountainnews.com\\\/de\\\/advertising-partner-resources\\\/spotlight-amplify-packages\\\/\",\"name\":\"Spotlight &amp; Amplify - Mountain News DE\",\"isPartOf\":{\"@id\":\"https:\\\/\\\/www.mountainnews.com\\\/de\\\/#website\"},\"primaryImageOfPage\":{\"@id\":\"https:\\\/\\\/www.mountainnews.com\\\/de\\\/advertising-partner-resources\\\/spotlight-amplify-packages\\\/#primaryimage\"},\"image\":{\"@id\":\"https:\\\/\\\/www.mountainnews.com\\\/de\\\/advertising-partner-resources\\\/spotlight-amplify-packages\\\/#primaryimage\"},\"thumbnailUrl\":\"https:\\\/\\\/www.mountainnews.com\\\/de\\\/wp-content\\\/uploads\\\/sites\\\/2\\\/2026\\\/03\\\/DE-Spotlight-desktop-resized.jpg\",\"datePublished\":\"2026-03-26T17:19:15+00:00\",\"dateModified\":\"2026-03-27T18:40:40+00:00\",\"breadcrumb\":{\"@id\":\"https:\\\/\\\/www.mountainnews.com\\\/de\\\/advertising-partner-resources\\\/spotlight-amplify-packages\\\/#breadcrumb\"},\"inLanguage\":\"en-US\",\"potentialAction\":[{\"@type\":\"ReadAction\",\"target\":[\"https:\\\/\\\/www.mountainnews.com\\\/de\\\/advertising-partner-resources\\\/spotlight-amplify-packages\\\/\"]}]},{\"@type\":\"ImageObject\",\"inLanguage\":\"en-US\",\"@id\":\"https:\\\/\\\/www.mountainnews.com\\\/de\\\/advertising-partner-resources\\\/spotlight-amplify-packages\\\/#primaryimage\",\"url\":\"https:\\\/\\\/www.mountainnews.com\\\/de\\\/wp-content\\\/uploads\\\/sites\\\/2\\\/2026\\\/03\\\/DE-Spotlight-desktop-resized.jpg\",\"contentUrl\":\"https:\\\/\\\/www.mountainnews.com\\\/de\\\/wp-content\\\/uploads\\\/sites\\\/2\\\/2026\\\/03\\\/DE-Spotlight-desktop-resized.jpg\",\"width\":891,\"height\":507,\"caption\":\"Spotlight\"},{\"@type\":\"BreadcrumbList\",\"@id\":\"https:\\\/\\\/www.mountainnews.com\\\/de\\\/advertising-partner-resources\\\/spotlight-amplify-packages\\\/#breadcrumb\",\"itemListElement\":[{\"@type\":\"ListItem\",\"position\":1,\"name\":\"Home\",\"item\":\"https:\\\/\\\/www.mountainnews.com\\\/de\\\/\"},{\"@type\":\"ListItem\",\"position\":2,\"name\":\"Spezifikationen und Beispiele\",\"item\":\"https:\\\/\\\/www.mountainnews.com\\\/de\\\/advertising-partner-resources\\\/\"},{\"@type\":\"ListItem\",\"position\":3,\"name\":\"Spotlight &amp; Amplify\"}]},{\"@type\":\"WebSite\",\"@id\":\"https:\\\/\\\/www.mountainnews.com\\\/de\\\/#website\",\"url\":\"https:\\\/\\\/www.mountainnews.com\\\/de\\\/\",\"name\":\"Mountain News DE\",\"description\":\"\",\"potentialAction\":[{\"@type\":\"SearchAction\",\"target\":{\"@type\":\"EntryPoint\",\"urlTemplate\":\"https:\\\/\\\/www.mountainnews.com\\\/de\\\/?s={search_term_string}\"},\"query-input\":{\"@type\":\"PropertyValueSpecification\",\"valueRequired\":true,\"valueName\":\"search_term_string\"}}],\"inLanguage\":\"en-US\"}]}<\/script>\n<!-- \/ Yoast SEO plugin. -->","yoast_head_json":{"title":"Spotlight &amp; Amplify - Mountain News DE","robots":{"index":"noindex","follow":"follow","max-snippet":"max-snippet:-1","max-image-preview":"max-image-preview:large","max-video-preview":"max-video-preview:-1"},"og_locale":"en_US","og_type":"article","og_title":"Spotlight &amp; Amplify - Mountain News DE","og_description":"Produkt \u00dcbersicht Das Spotlight\/Amplify-Paket pr\u00e4sentiert den Kalender, die Angebote und Bilder eines Resorts. Das Paket umfasst redaktionelle Beitr\u00e4ge und umfangreiche Werbeaktionen. Wenn also Skifahrer mit der Skiinfo-Website, der mobilen App, dem E-Mail-Newsletter und den sozialen Kan\u00e4len interagieren, werden Sie mit Ihren Inhalten begr\u00fc\u00dft. \u200b Beispiele erfolgreicher Kampagnen aus der Vergangenheit Spezifikationen Die Spotlight\/Amplify kampagne besteht","og_site_name":"Mountain News DE","article_modified_time":"2026-03-27T18:40:40+00:00","og_image":[{"url":"https:\/\/www.mountainnews.com\/de\/wp-content\/uploads\/sites\/2\/2026\/03\/DE-Spotlight-desktop-resized.jpg","type":"","width":"","height":""}],"twitter_card":"summary_large_image","twitter_misc":{"Est. reading time":"3 minutes"},"schema":{"@context":"https:\/\/schema.org","@graph":[{"@type":"WebPage","@id":"https:\/\/www.mountainnews.com\/de\/advertising-partner-resources\/spotlight-amplify-packages\/","url":"https:\/\/www.mountainnews.com\/de\/advertising-partner-resources\/spotlight-amplify-packages\/","name":"Spotlight &amp; Amplify - Mountain News DE","isPartOf":{"@id":"https:\/\/www.mountainnews.com\/de\/#website"},"primaryImageOfPage":{"@id":"https:\/\/www.mountainnews.com\/de\/advertising-partner-resources\/spotlight-amplify-packages\/#primaryimage"},"image":{"@id":"https:\/\/www.mountainnews.com\/de\/advertising-partner-resources\/spotlight-amplify-packages\/#primaryimage"},"thumbnailUrl":"https:\/\/www.mountainnews.com\/de\/wp-content\/uploads\/sites\/2\/2026\/03\/DE-Spotlight-desktop-resized.jpg","datePublished":"2026-03-26T17:19:15+00:00","dateModified":"2026-03-27T18:40:40+00:00","breadcrumb":{"@id":"https:\/\/www.mountainnews.com\/de\/advertising-partner-resources\/spotlight-amplify-packages\/#breadcrumb"},"inLanguage":"en-US","potentialAction":[{"@type":"ReadAction","target":["https:\/\/www.mountainnews.com\/de\/advertising-partner-resources\/spotlight-amplify-packages\/"]}]},{"@type":"ImageObject","inLanguage":"en-US","@id":"https:\/\/www.mountainnews.com\/de\/advertising-partner-resources\/spotlight-amplify-packages\/#primaryimage","url":"https:\/\/www.mountainnews.com\/de\/wp-content\/uploads\/sites\/2\/2026\/03\/DE-Spotlight-desktop-resized.jpg","contentUrl":"https:\/\/www.mountainnews.com\/de\/wp-content\/uploads\/sites\/2\/2026\/03\/DE-Spotlight-desktop-resized.jpg","width":891,"height":507,"caption":"Spotlight"},{"@type":"BreadcrumbList","@id":"https:\/\/www.mountainnews.com\/de\/advertising-partner-resources\/spotlight-amplify-packages\/#breadcrumb","itemListElement":[{"@type":"ListItem","position":1,"name":"Home","item":"https:\/\/www.mountainnews.com\/de\/"},{"@type":"ListItem","position":2,"name":"Spezifikationen und Beispiele","item":"https:\/\/www.mountainnews.com\/de\/advertising-partner-resources\/"},{"@type":"ListItem","position":3,"name":"Spotlight &amp; Amplify"}]},{"@type":"WebSite","@id":"https:\/\/www.mountainnews.com\/de\/#website","url":"https:\/\/www.mountainnews.com\/de\/","name":"Mountain News DE","description":"","potentialAction":[{"@type":"SearchAction","target":{"@type":"EntryPoint","urlTemplate":"https:\/\/www.mountainnews.com\/de\/?s={search_term_string}"},"query-input":{"@type":"PropertyValueSpecification","valueRequired":true,"valueName":"search_term_string"}}],"inLanguage":"en-US"}]}},"_links":{"self":[{"href":"https:\/\/www.mountainnews.com\/de\/wp-json\/wp\/v2\/pages\/169","targetHints":{"allow":["GET"]}}],"collection":[{"href":"https:\/\/www.mountainnews.com\/de\/wp-json\/wp\/v2\/pages"}],"about":[{"href":"https:\/\/www.mountainnews.com\/de\/wp-json\/wp\/v2\/types\/page"}],"author":[{"embeddable":true,"href":"https:\/\/www.mountainnews.com\/de\/wp-json\/wp\/v2\/users\/2"}],"replies":[{"embeddable":true,"href":"https:\/\/www.mountainnews.com\/de\/wp-json\/wp\/v2\/comments?post=169"}],"version-history":[{"count":0,"href":"https:\/\/www.mountainnews.com\/de\/wp-json\/wp\/v2\/pages\/169\/revisions"}],"up":[{"embeddable":true,"href":"https:\/\/www.mountainnews.com\/de\/wp-json\/wp\/v2\/pages\/27"}],"wp:attachment":[{"href":"https:\/\/www.mountainnews.com\/de\/wp-json\/wp\/v2\/media?parent=169"}],"curies":[{"name":"wp","href":"https:\/\/api.w.org\/{rel}","templated":true}]}}