{"id":168,"date":"2026-03-26T17:20:12","date_gmt":"2026-03-26T17:20:12","guid":{"rendered":"https:\/\/www.mountainnews.com\/de\/?page_id=168"},"modified":"2026-03-26T19:01:08","modified_gmt":"2026-03-26T19:01:08","slug":"video-advertising","status":"publish","type":"page","link":"https:\/\/www.mountainnews.com\/de\/advertising-partner-resources\/video-advertising\/","title":{"rendered":"Video Advertising"},"content":{"rendered":"\n<h2 class=\"wp-block-heading\">Produkt\u00fcbersicht<\/h2>\n\n\n\n<p>Skiinfo-Partner k\u00f6nnen In-Banner-Videos ausf\u00fchren, die in Display-Anzeigenpl\u00e4tzen abgespielt werden, insbesondere in den Gr\u00f6\u00dfen 300 x 250 f\u00fcr Desktop und Mobilger\u00e4te.<\/p>\n\n\n\n<h3 class=\"wp-block-heading\">Beispiele erfolgreicher Kampagnen aus der Vergangenheit<\/h3>\n\n\n\n<div class=\"wp-block-gslider-blocks-image-slider gslider-image-slider-wrapper gslider-image-slider-6bf51a3c inside center has-pagination\" data-swiper-settings=\"{&quot;effect&quot;:&quot;slide&quot;,&quot;breakpoints&quot;:{&quot;0&quot;:{&quot;slidesPerView&quot;:1,&quot;spaceBetween&quot;:0,&quot;speed&quot;:800,&quot;autoplay&quot;:false,&quot;navigation&quot;:{&quot;enabled&quot;:true},&quot;pagination&quot;:{&quot;enabled&quot;:true}},&quot;768&quot;:{&quot;slidesPerView&quot;:1,&quot;spaceBetween&quot;:20,&quot;speed&quot;:800,&quot;autoplay&quot;:false,&quot;navigation&quot;:{&quot;enabled&quot;:true},&quot;pagination&quot;:{&quot;enabled&quot;:true}},&quot;1025&quot;:{&quot;slidesPerView&quot;:1,&quot;spaceBetween&quot;:20,&quot;speed&quot;:800,&quot;autoplay&quot;:false,&quot;navigation&quot;:{&quot;enabled&quot;:true},&quot;pagination&quot;:{&quot;enabled&quot;:true}}},&quot;loop&quot;:true,&quot;autoplay&quot;:false,&quot;allowTouchMove&quot;:true,&quot;mousewheel&quot;:false,&quot;keyboard&quot;:false,&quot;navigation&quot;:{&quot;enabled&quot;:true,&quot;nextEl&quot;:&quot;.swiper-button-next&quot;,&quot;prevEl&quot;:&quot;.swiper-button-prev&quot;},&quot;pagination&quot;:{&quot;enabled&quot;:true,&quot;el&quot;:&quot;.gslider-image-slider-6bf51a3c .swiper-pagination-image-slider&quot;,&quot;type&quot;:&quot;bullets&quot;,&quot;dynamicBullets&quot;:false,&quot;clickable&quot;:true}}\"><div class=\"swiper\" role=\"region\" aria-label=\"Image Slider\"><div class=\"swiper-wrapper\"><div class=\"swiper-slide\"><div class=\"gslider-image-slider-content-wrapper \"><div class=\"gslider-image-item\" data-hover-effect=\"none\"><img decoding=\"async\" src=\"https:\/\/www.mountainnews.com\/de\/wp-content\/uploads\/sites\/2\/2026\/03\/in-banner-video-IT.jpg\" alt=\"In-Banner Video\"\/><\/div><div class=\"gslider-image-slider-caption\" aria-live=\"polite\">In-Banner Video<\/div><\/div><\/div><\/div><div class=\"gslider-navigation-default-icon-wrapper inside center\"><div class=\"swiper-button-prev\" role=\"button\" tabindex=\"0\" aria-label=\"Previous slide\"><\/div><div class=\"swiper-button-next\" role=\"button\" tabindex=\"0\" aria-label=\"Next slide\"><\/div><\/div><\/div><div class=\"swiper-pagination swiper-pagination-image-slider swiper-pagination-gslider-image-slider-6bf51a3c\" aria-label=\"Carousel pagination\"><\/div><\/div>\n\n\n\n<h3 class=\"wp-block-heading\">Spezifikationen<\/h3>\n\n\n\n<p>Sie k\u00f6nnen Ihre eigenen VAST- oder VPAID\u2011Tags von Drittanbietern bereitstellen.<\/p>\n\n\n\n<p>Bitte liefern Sie Tags f\u00fcr:<\/p>\n\n\n\n<p>\u2022 300\u00d7250 (das obere 300\u00d780 sollte ein Header\u2011Bild mit CTA sein)<br>\u2014 ODER \u2014<br>Sie k\u00f6nnen einen YouTube\u2011Link oder ein Rohdateiformat verwenden.<br>Beide Versionen erfordern ein 300\u00d780 Header\u2011Bild mit CTA sowie eine Click\u2011through\u2011URL.<\/p>\n\n\n\n<p><strong>YouTube-link<\/strong>\u200b<br>Nur horizontale Ausrichtung<\/p>\n\n\n\n<p>Keine YouTube\u2011\u201eShorts\u201c-Links<\/p>\n\n\n\n<p><strong>Rohdateiformate \u2013 bevorzugt: .mp4, .mov, .mpeg<\/strong><\/p>\n\n\n\n<p>\u2022 Gr\u00f6\u00dfe \u2013 maximal 4 MB<br>\u2022 Impression\u2011\/Klick\u2011Tags k\u00f6nnen akzeptiert werden <br>\u2022 Abmessungen \u2013 empfohlenes Videoformat <strong>16:9<\/strong> <br>\u2022 Audioeinstellungen (erforderlich): <br>\u2013 Codec: <strong>PCM<\/strong> (bevorzugt) oder <strong>AAC<\/strong> <br>\u2013 Bitrate: mindestens <strong>192 Kbps<\/strong> <br>\u2013 Bit: <strong>16 oder 24 Bit<\/strong> <br>\u2013 Samplingrate: <strong>48 kHz<\/strong>\u200b<br><\/p>\n\n\n\n<h3 class=\"wp-block-heading\">Leitfaden zur kreativen Umsetzung<\/h3>\n\n\n\n<p><strong>Video Advertising\u00a0<\/strong><br>\u2022 Konzentrieren Sie sich auf die Steigerung der Markenbekanntheit und des Engagements\u200b<br>\u2022 Pr\u00e4sentieren Sie ein Video, das optisch ansprechend ist und eine emotionale Verbindung aufbaut\u200b<br>\u2022 Nutzen Sie ein 15-Sekunden-Video, um das Video optimal zu nutzen.\u200b<br>\u2022 Erw\u00e4gen Sie die Einbindung einer pr\u00e4gnanten, aufmerksamkeitsstarken Grafik\/\u00dcberschrift gleich zu Beginn des Videos\u200b<br>\u2022 Stellen Sie eine benutzerdefinierte Einheit (300 x 80 Pixel) f\u00fcr den oberen Teil der Anzeige bereit, um die Sichtbarkeit zu erh\u00f6hen \u2013 f\u00fcgen Sie ein Foto, ein Logo und eine gut sichtbare Call-to-Action-Schaltfl\u00e4che ein \u2013 CTAs sollten kurz, aussagekr\u00e4ftig und handlungsorientiert sein\u200b<\/p>\n\n\n\n<p><\/p>\n","protected":false},"excerpt":{"rendered":"<p>Produkt\u00fcbersicht Skiinfo-Partner k\u00f6nnen In-Banner-Videos ausf\u00fchren, die in Display-Anzeigenpl\u00e4tzen abgespielt werden, insbesondere in den Gr\u00f6\u00dfen 300 x 250 f\u00fcr Desktop und Mobilger\u00e4te. Beispiele erfolgreicher Kampagnen aus der Vergangenheit Spezifikationen Sie k\u00f6nnen Ihre eigenen VAST- oder VPAID\u2011Tags von Drittanbietern bereitstellen. Bitte liefern Sie Tags f\u00fcr: \u2022 300\u00d7250 (das obere 300\u00d780 sollte ein Header\u2011Bild mit CTA sein)\u2014 ODER<\/p>\n","protected":false},"author":2,"featured_media":0,"parent":27,"menu_order":0,"comment_status":"closed","ping_status":"closed","template":"","meta":{"footnotes":""},"class_list":["post-168","page","type-page","status-publish","hentry"],"yoast_head":"<!-- This site is optimized with the Yoast SEO plugin v27.1.1 - https:\/\/yoast.com\/product\/yoast-seo-wordpress\/ -->\n<title>Video Advertising - Mountain News DE<\/title>\n<meta name=\"robots\" content=\"noindex, follow, max-snippet:-1, max-image-preview:large, max-video-preview:-1\" \/>\n<meta property=\"og:locale\" content=\"en_US\" \/>\n<meta property=\"og:type\" content=\"article\" \/>\n<meta property=\"og:title\" content=\"Video Advertising - Mountain News DE\" \/>\n<meta property=\"og:description\" content=\"Produkt\u00fcbersicht Skiinfo-Partner k\u00f6nnen In-Banner-Videos ausf\u00fchren, die in Display-Anzeigenpl\u00e4tzen abgespielt werden, insbesondere in den Gr\u00f6\u00dfen 300 x 250 f\u00fcr Desktop und Mobilger\u00e4te. Beispiele erfolgreicher Kampagnen aus der Vergangenheit Spezifikationen Sie k\u00f6nnen Ihre eigenen VAST- oder VPAID\u2011Tags von Drittanbietern bereitstellen. Bitte liefern Sie Tags f\u00fcr: \u2022 300\u00d7250 (das obere 300\u00d780 sollte ein Header\u2011Bild mit CTA sein)\u2014 ODER\" \/>\n<meta property=\"og:site_name\" content=\"Mountain News DE\" \/>\n<meta property=\"article:modified_time\" content=\"2026-03-26T19:01:08+00:00\" \/>\n<meta property=\"og:image\" content=\"https:\/\/www.mountainnews.com\/de\/wp-content\/uploads\/sites\/2\/2026\/03\/in-banner-video-IT.jpg\" \/>\n<meta name=\"twitter:card\" content=\"summary_large_image\" \/>\n<meta name=\"twitter:label1\" content=\"Est. reading time\" \/>\n\t<meta name=\"twitter:data1\" content=\"2 minutes\" \/>\n<script type=\"application\/ld+json\" class=\"yoast-schema-graph\">{\"@context\":\"https:\/\/schema.org\",\"@graph\":[{\"@type\":\"WebPage\",\"@id\":\"https:\/\/www.mountainnews.com\/de\/advertising-partner-resources\/video-advertising\/\",\"url\":\"https:\/\/www.mountainnews.com\/de\/advertising-partner-resources\/video-advertising\/\",\"name\":\"Video Advertising - Mountain News DE\",\"isPartOf\":{\"@id\":\"https:\/\/www.mountainnews.com\/de\/#website\"},\"primaryImageOfPage\":{\"@id\":\"https:\/\/www.mountainnews.com\/de\/advertising-partner-resources\/video-advertising\/#primaryimage\"},\"image\":{\"@id\":\"https:\/\/www.mountainnews.com\/de\/advertising-partner-resources\/video-advertising\/#primaryimage\"},\"thumbnailUrl\":\"https:\/\/www.mountainnews.com\/de\/wp-content\/uploads\/sites\/2\/2026\/03\/in-banner-video-IT.jpg\",\"datePublished\":\"2026-03-26T17:20:12+00:00\",\"dateModified\":\"2026-03-26T19:01:08+00:00\",\"breadcrumb\":{\"@id\":\"https:\/\/www.mountainnews.com\/de\/advertising-partner-resources\/video-advertising\/#breadcrumb\"},\"inLanguage\":\"en-US\",\"potentialAction\":[{\"@type\":\"ReadAction\",\"target\":[\"https:\/\/www.mountainnews.com\/de\/advertising-partner-resources\/video-advertising\/\"]}]},{\"@type\":\"ImageObject\",\"inLanguage\":\"en-US\",\"@id\":\"https:\/\/www.mountainnews.com\/de\/advertising-partner-resources\/video-advertising\/#primaryimage\",\"url\":\"https:\/\/www.mountainnews.com\/de\/wp-content\/uploads\/sites\/2\/2026\/03\/in-banner-video-IT.jpg\",\"contentUrl\":\"https:\/\/www.mountainnews.com\/de\/wp-content\/uploads\/sites\/2\/2026\/03\/in-banner-video-IT.jpg\",\"width\":880,\"height\":507,\"caption\":\"In-Banner Video\"},{\"@type\":\"BreadcrumbList\",\"@id\":\"https:\/\/www.mountainnews.com\/de\/advertising-partner-resources\/video-advertising\/#breadcrumb\",\"itemListElement\":[{\"@type\":\"ListItem\",\"position\":1,\"name\":\"Home\",\"item\":\"https:\/\/www.mountainnews.com\/de\/\"},{\"@type\":\"ListItem\",\"position\":2,\"name\":\"Spezifikationen und Beispiele\",\"item\":\"https:\/\/www.mountainnews.com\/de\/advertising-partner-resources\/\"},{\"@type\":\"ListItem\",\"position\":3,\"name\":\"Video Advertising\"}]},{\"@type\":\"WebSite\",\"@id\":\"https:\/\/www.mountainnews.com\/de\/#website\",\"url\":\"https:\/\/www.mountainnews.com\/de\/\",\"name\":\"Mountain News DE\",\"description\":\"\",\"potentialAction\":[{\"@type\":\"SearchAction\",\"target\":{\"@type\":\"EntryPoint\",\"urlTemplate\":\"https:\/\/www.mountainnews.com\/de\/?s={search_term_string}\"},\"query-input\":{\"@type\":\"PropertyValueSpecification\",\"valueRequired\":true,\"valueName\":\"search_term_string\"}}],\"inLanguage\":\"en-US\"}]}<\/script>\n<!-- \/ Yoast SEO plugin. -->","yoast_head_json":{"title":"Video Advertising - Mountain News DE","robots":{"index":"noindex","follow":"follow","max-snippet":"max-snippet:-1","max-image-preview":"max-image-preview:large","max-video-preview":"max-video-preview:-1"},"og_locale":"en_US","og_type":"article","og_title":"Video Advertising - Mountain News DE","og_description":"Produkt\u00fcbersicht Skiinfo-Partner k\u00f6nnen In-Banner-Videos ausf\u00fchren, die in Display-Anzeigenpl\u00e4tzen abgespielt werden, insbesondere in den Gr\u00f6\u00dfen 300 x 250 f\u00fcr Desktop und Mobilger\u00e4te. Beispiele erfolgreicher Kampagnen aus der Vergangenheit Spezifikationen Sie k\u00f6nnen Ihre eigenen VAST- oder VPAID\u2011Tags von Drittanbietern bereitstellen. Bitte liefern Sie Tags f\u00fcr: \u2022 300\u00d7250 (das obere 300\u00d780 sollte ein Header\u2011Bild mit CTA sein)\u2014 ODER","og_site_name":"Mountain News DE","article_modified_time":"2026-03-26T19:01:08+00:00","og_image":[{"url":"https:\/\/www.mountainnews.com\/de\/wp-content\/uploads\/sites\/2\/2026\/03\/in-banner-video-IT.jpg","type":"","width":"","height":""}],"twitter_card":"summary_large_image","twitter_misc":{"Est. reading time":"2 minutes"},"schema":{"@context":"https:\/\/schema.org","@graph":[{"@type":"WebPage","@id":"https:\/\/www.mountainnews.com\/de\/advertising-partner-resources\/video-advertising\/","url":"https:\/\/www.mountainnews.com\/de\/advertising-partner-resources\/video-advertising\/","name":"Video Advertising - Mountain News DE","isPartOf":{"@id":"https:\/\/www.mountainnews.com\/de\/#website"},"primaryImageOfPage":{"@id":"https:\/\/www.mountainnews.com\/de\/advertising-partner-resources\/video-advertising\/#primaryimage"},"image":{"@id":"https:\/\/www.mountainnews.com\/de\/advertising-partner-resources\/video-advertising\/#primaryimage"},"thumbnailUrl":"https:\/\/www.mountainnews.com\/de\/wp-content\/uploads\/sites\/2\/2026\/03\/in-banner-video-IT.jpg","datePublished":"2026-03-26T17:20:12+00:00","dateModified":"2026-03-26T19:01:08+00:00","breadcrumb":{"@id":"https:\/\/www.mountainnews.com\/de\/advertising-partner-resources\/video-advertising\/#breadcrumb"},"inLanguage":"en-US","potentialAction":[{"@type":"ReadAction","target":["https:\/\/www.mountainnews.com\/de\/advertising-partner-resources\/video-advertising\/"]}]},{"@type":"ImageObject","inLanguage":"en-US","@id":"https:\/\/www.mountainnews.com\/de\/advertising-partner-resources\/video-advertising\/#primaryimage","url":"https:\/\/www.mountainnews.com\/de\/wp-content\/uploads\/sites\/2\/2026\/03\/in-banner-video-IT.jpg","contentUrl":"https:\/\/www.mountainnews.com\/de\/wp-content\/uploads\/sites\/2\/2026\/03\/in-banner-video-IT.jpg","width":880,"height":507,"caption":"In-Banner Video"},{"@type":"BreadcrumbList","@id":"https:\/\/www.mountainnews.com\/de\/advertising-partner-resources\/video-advertising\/#breadcrumb","itemListElement":[{"@type":"ListItem","position":1,"name":"Home","item":"https:\/\/www.mountainnews.com\/de\/"},{"@type":"ListItem","position":2,"name":"Spezifikationen und Beispiele","item":"https:\/\/www.mountainnews.com\/de\/advertising-partner-resources\/"},{"@type":"ListItem","position":3,"name":"Video Advertising"}]},{"@type":"WebSite","@id":"https:\/\/www.mountainnews.com\/de\/#website","url":"https:\/\/www.mountainnews.com\/de\/","name":"Mountain News DE","description":"","potentialAction":[{"@type":"SearchAction","target":{"@type":"EntryPoint","urlTemplate":"https:\/\/www.mountainnews.com\/de\/?s={search_term_string}"},"query-input":{"@type":"PropertyValueSpecification","valueRequired":true,"valueName":"search_term_string"}}],"inLanguage":"en-US"}]}},"_links":{"self":[{"href":"https:\/\/www.mountainnews.com\/de\/wp-json\/wp\/v2\/pages\/168","targetHints":{"allow":["GET"]}}],"collection":[{"href":"https:\/\/www.mountainnews.com\/de\/wp-json\/wp\/v2\/pages"}],"about":[{"href":"https:\/\/www.mountainnews.com\/de\/wp-json\/wp\/v2\/types\/page"}],"author":[{"embeddable":true,"href":"https:\/\/www.mountainnews.com\/de\/wp-json\/wp\/v2\/users\/2"}],"replies":[{"embeddable":true,"href":"https:\/\/www.mountainnews.com\/de\/wp-json\/wp\/v2\/comments?post=168"}],"version-history":[{"count":0,"href":"https:\/\/www.mountainnews.com\/de\/wp-json\/wp\/v2\/pages\/168\/revisions"}],"up":[{"embeddable":true,"href":"https:\/\/www.mountainnews.com\/de\/wp-json\/wp\/v2\/pages\/27"}],"wp:attachment":[{"href":"https:\/\/www.mountainnews.com\/de\/wp-json\/wp\/v2\/media?parent=168"}],"curies":[{"name":"wp","href":"https:\/\/api.w.org\/{rel}","templated":true}]}}