{"id":156,"date":"2026-03-24T10:44:48","date_gmt":"2026-03-24T10:44:48","guid":{"rendered":"https:\/\/www.mountainnews.com\/de\/?page_id=156"},"modified":"2026-03-27T13:25:07","modified_gmt":"2026-03-27T13:25:07","slug":"skitest-brand-sponsorship","status":"publish","type":"page","link":"https:\/\/www.mountainnews.com\/de\/advertising-partner-resources\/skitest-brand-sponsorship\/","title":{"rendered":"Skitest Brand Sponsorship"},"content":{"rendered":"\n<h2 class=\"wp-block-heading\">Produkt\u00fcbersicht<\/h2>\n\n\n\n<p>Das Skitest\u2011Brand\u2011Sponsorship\u2011Paket bewirbt Ihre Marken\u00adseite und Ihr vollst\u00e4ndiges Ski\u2011Sortiment innerhalb des Skiinfo Skitests mit garantierter Sichtbarkeit \u2014 und steigert so Produktbekanntheit und Markenattraktivit\u00e4t bei einem hoch engagierten, ausr\u00fcstungsaffinen Publikum, das aktiv Skier auf der gesamten Skiinfo\u2011Plattform und in den sozialen Kan\u00e4len recherchiert.<\/p>\n\n\n\n<h3 class=\"wp-block-heading\">Beispiele erfolgreicher Kampagnen aus der Vergangenheit<\/h3>\n\n\n\n<div class=\"wp-block-gslider-blocks-image-slider gslider-image-slider-wrapper gslider-image-slider-2076f84e inside center has-pagination\" data-swiper-settings=\"{&quot;effect&quot;:&quot;slide&quot;,&quot;breakpoints&quot;:{&quot;0&quot;:{&quot;slidesPerView&quot;:1,&quot;spaceBetween&quot;:0,&quot;speed&quot;:800,&quot;autoplay&quot;:false,&quot;navigation&quot;:{&quot;enabled&quot;:true},&quot;pagination&quot;:{&quot;enabled&quot;:true}},&quot;768&quot;:{&quot;slidesPerView&quot;:1,&quot;spaceBetween&quot;:20,&quot;speed&quot;:800,&quot;autoplay&quot;:false,&quot;navigation&quot;:{&quot;enabled&quot;:true},&quot;pagination&quot;:{&quot;enabled&quot;:true}},&quot;1025&quot;:{&quot;slidesPerView&quot;:1,&quot;spaceBetween&quot;:20,&quot;speed&quot;:800,&quot;autoplay&quot;:false,&quot;navigation&quot;:{&quot;enabled&quot;:true},&quot;pagination&quot;:{&quot;enabled&quot;:true}}},&quot;loop&quot;:true,&quot;autoplay&quot;:false,&quot;allowTouchMove&quot;:true,&quot;mousewheel&quot;:false,&quot;keyboard&quot;:false,&quot;navigation&quot;:{&quot;enabled&quot;:true,&quot;nextEl&quot;:&quot;.swiper-button-next&quot;,&quot;prevEl&quot;:&quot;.swiper-button-prev&quot;},&quot;pagination&quot;:{&quot;enabled&quot;:true,&quot;el&quot;:&quot;.gslider-image-slider-2076f84e .swiper-pagination-image-slider&quot;,&quot;type&quot;:&quot;bullets&quot;,&quot;dynamicBullets&quot;:false,&quot;clickable&quot;:true}}\"><div class=\"swiper\" role=\"region\" aria-label=\"Image Slider\"><div class=\"swiper-wrapper\"><div class=\"swiper-slide\"><div class=\"gslider-image-slider-content-wrapper \"><div class=\"gslider-image-item\" data-hover-effect=\"none\"><img decoding=\"async\" src=\"https:\/\/www.mountainnews.com\/de\/wp-content\/uploads\/sites\/2\/2026\/03\/2026-03-27_13h59_12.png\" alt=\"DE Skitest Brand Sponsorship\"\/><\/div><div class=\"gslider-image-slider-caption\" aria-live=\"polite\">DE Skitest Brand Sponsorship<\/div><\/div><\/div><div class=\"swiper-slide\"><div class=\"gslider-image-slider-content-wrapper \"><div class=\"gslider-image-item\" data-hover-effect=\"none\"><img decoding=\"async\" src=\"https:\/\/www.mountainnews.com\/de\/wp-content\/uploads\/sites\/2\/2026\/03\/2026-03-27_14h04_25.png\" alt=\"DE Skitest Brand Sponsorship | Promotion\"\/><\/div><div class=\"gslider-image-slider-caption\" aria-live=\"polite\">DE Skitest Brand Sponsorship | Promotion<\/div><\/div><\/div><\/div><div class=\"gslider-navigation-default-icon-wrapper inside center\"><div class=\"swiper-button-prev\" role=\"button\" tabindex=\"0\" aria-label=\"Previous slide\"><\/div><div class=\"swiper-button-next\" role=\"button\" tabindex=\"0\" aria-label=\"Next slide\"><\/div><\/div><\/div><div class=\"swiper-pagination swiper-pagination-image-slider swiper-pagination-gslider-image-slider-2076f84e\" aria-label=\"Carousel pagination\"><\/div><\/div>\n\n\n\n<h3 class=\"wp-block-heading\"><strong>Spezifikationen<\/strong><\/h3>\n\n\n\n<p><strong>Die Brand Sponsorship kampagne besteht aus:\u200b<\/strong><br>\u2022\u00a0Gesponserter Brand Seite Artikel\u200b<br>\u2022\u00a0Youtube Video zur Begleitung des Brand Seite\u200b<br>\u2022\u00a0Branded Display Ads\u00a0(<em>bereitgestellt vom Partner<\/em>)\u200b<br>\u2022\u00a0Promotionsplatzierung\u00a0(<em>inhouse erstellt von Mountain News<\/em>)\u200b<\/p>\n\n\n\n<p><strong>Artikel Spezifikationen\u200b<\/strong><br>\u2022 Text \u2013&nbsp;<strong>500-1.000 W\u00f6rter<\/strong>\u200b langer News-Artikel<br>\u2022&nbsp;<strong>Hyperlinked Text<\/strong>&nbsp;und&nbsp;<strong>URLs<\/strong>. (5 Links max) z.B., Unterk\u00fcnfte, Fl\u00fcge, Skipass-Preise, Events, etc. \u200b<br>\u2022 Video \u2013 YouTube Link (72 dpi) optional \u200b<\/p>\n\n\n\n<p><strong>Video Spezifikationen&nbsp;<\/strong><br>\u2022 YouTube Link\u200b<br>\u2022 Muss kein &#8220;kurzer&#8221; Link sein\u200b<br>\u2022 Horizontal\u200b&nbsp;<\/p>\n\n\n\n<p><strong>Logo Spezifikation\u200b<br><\/strong>\u2022 Vertical layout: minimum 160 x 160 px<br>\u2022 Horizontal layout: minimum 400 x 100 px<br>\u2022 Image Format \u2013 JPG, GIF, PNG<br>\u2022 Logos in Farbe und in wei\u00df \u200b<br>\u2022 OPTIONAL: transparenter Hintergrund<br>\u2022 Dateigr\u00f6\u00dfe: sollte 50kb nicht \u00fcbersteigen<\/p>\n\n\n\n<p><strong>Branded Display Ads (durch Parnter erstellt)<\/strong><br>\u2022 Image \u2013 728&#215;90, 300&#215;250, 300&#215;600, and 160&#215;600<br>\u2022 Image Format \u2013 JPG, GIF, PNG, HTML5<br>\u2022 Total Size \u2013 less than 200kb (1.000kb HTML5) \u200b<br>\u2022 Animation \u2013 weniger als 3 loops, kein blinking text \u200b<br>\u2022 Link \u2013 redirection url (au\u00dfer es werden click tags verwendet) \u200b<br>\u2022 3rd party tags m\u00f6glich (tags m\u00fcssen gesichert sein) \u200b<\/p>\n\n\n\n<p><strong>Promotions (werden Inhouse durch Mountainnews erstellt)\u200b<\/strong><br>\u2022 Beihnhaltet Homepage Platzierung, Mobile Inbox, SoMe-Posts and ROS Display Bannner\u200b<\/p>\n\n\n\n<h3 class=\"wp-block-heading\">Ablauf zur Erstellung von Skitest Brand Sponsorship<\/h3>\n\n\n\n<p>\u2022 Partner f\u00fcllt ein<strong>&nbsp;Content Briefing<\/strong>&nbsp;aus und \u00fcbermittelt es an MN\u200b<br>\u2022 MN und der Partner f\u00fchren einen&nbsp;<strong>Kick-off-Call&nbsp;<\/strong>durch, um den Ablauf gemeinsam zu besprechen\u200b<br>\u2022 MN stellt einen&nbsp;<strong>Zeitplan<\/strong>&nbsp;und eine&nbsp;<strong>Gliederung des Artikels<\/strong>&nbsp;zur Verf\u00fcgung\u200b<br>\u2022 Das MN-Team arbeitet mit dem Partner zusammen, um den Artikel im Einklang mit der Markenbotschaft und dem Ton des Kunden zu finalisieren\u200b<br>\u2022 Es sind maximal&nbsp;<strong>2 Korrekturrunden<\/strong>&nbsp;inbegriffen\u200b<br>\u2022 Die finale Version wird zum vereinbarten Termin nach Freigabe durch den Partner ver\u00f6ffentlicht\u200b&nbsp;<\/p>\n\n\n\n<h4 class=\"wp-block-heading\">Leitfaden zur kreativen Umsetzung<\/h4>\n\n\n\n<p><strong>Content<\/strong><br>\u2022 Heben Sie das einzigartige Wertversprechen Ihrer Marke, besondere Ereignisse, wichtige Initiativen usw. hervor.\u200b<\/p>\n\n\n\n<p><strong>Branded Display Ads<\/strong><br>\u2022 Konzentrieren Sie sich auf die Steigerung der Markenbekanntheit\u200b<br>\u2022 \u00dcberlegen Sie sich sorgf\u00e4ltig, welche Layout-Optionen sich f\u00fcr welche Anzeigengr\u00f6\u00dfe bzw. welches Ger\u00e4t eignen.\u200b<br>\u2022 Verwenden Sie Farben, die Ihren Markenrichtlinien entsprechen\u200b<br>\u2022 Schreiben Sie eine pr\u00e4gnante, aufmerksamkeitsstarke \u00dcberschrift\u200b<br>\u2022 Integrieren Sie einzigartige Fotografie\u200b<br>\u2022 F\u00fcgen Sie einen gut sichtbaren Button mit einem starken Call-to-Action ein \u2013 CTAs sollten kurz, aussagekr\u00e4ftig und handlungsorientiert sein\u200b<br>\u2022 F\u00fcgen Sie das Logo Ihrer Marke hinzu\u200b<\/p>\n","protected":false},"excerpt":{"rendered":"<p>Produkt\u00fcbersicht Das Skitest\u2011Brand\u2011Sponsorship\u2011Paket bewirbt Ihre Marken\u00adseite und Ihr vollst\u00e4ndiges Ski\u2011Sortiment innerhalb des Skiinfo Skitests mit garantierter Sichtbarkeit \u2014 und steigert so Produktbekanntheit und Markenattraktivit\u00e4t bei einem hoch engagierten, ausr\u00fcstungsaffinen Publikum, das aktiv Skier auf der gesamten Skiinfo\u2011Plattform und in den sozialen Kan\u00e4len recherchiert. Beispiele erfolgreicher Kampagnen aus der Vergangenheit Spezifikationen Die Brand Sponsorship kampagne besteht<\/p>\n","protected":false},"author":2,"featured_media":0,"parent":27,"menu_order":0,"comment_status":"closed","ping_status":"closed","template":"","meta":{"footnotes":""},"class_list":["post-156","page","type-page","status-publish","hentry"],"yoast_head":"<!-- This site is optimized with the Yoast SEO plugin v27.4 - https:\/\/yoast.com\/product\/yoast-seo-wordpress\/ -->\n<title>Skitest Brand Sponsorship - Mountain News DE<\/title>\n<meta name=\"robots\" content=\"noindex, follow, max-snippet:-1, max-image-preview:large, max-video-preview:-1\" \/>\n<meta property=\"og:locale\" content=\"en_US\" \/>\n<meta property=\"og:type\" content=\"article\" \/>\n<meta property=\"og:title\" content=\"Skitest Brand Sponsorship - Mountain News DE\" \/>\n<meta property=\"og:description\" content=\"Produkt\u00fcbersicht Das Skitest\u2011Brand\u2011Sponsorship\u2011Paket bewirbt Ihre Marken\u00adseite und Ihr vollst\u00e4ndiges Ski\u2011Sortiment innerhalb des Skiinfo Skitests mit garantierter Sichtbarkeit \u2014 und steigert so Produktbekanntheit und Markenattraktivit\u00e4t bei einem hoch engagierten, ausr\u00fcstungsaffinen Publikum, das aktiv Skier auf der gesamten Skiinfo\u2011Plattform und in den sozialen Kan\u00e4len recherchiert. Beispiele erfolgreicher Kampagnen aus der Vergangenheit Spezifikationen Die Brand Sponsorship kampagne besteht\" \/>\n<meta property=\"og:site_name\" content=\"Mountain News DE\" \/>\n<meta property=\"article:modified_time\" content=\"2026-03-27T13:25:07+00:00\" \/>\n<meta property=\"og:image\" content=\"https:\/\/www.mountainnews.com\/de\/wp-content\/uploads\/sites\/2\/2026\/03\/2026-03-27_13h59_12.png\" \/>\n<meta name=\"twitter:card\" content=\"summary_large_image\" \/>\n<meta name=\"twitter:label1\" content=\"Est. reading time\" \/>\n\t<meta name=\"twitter:data1\" content=\"3 minutes\" \/>\n<script type=\"application\/ld+json\" class=\"yoast-schema-graph\">{\"@context\":\"https:\\\/\\\/schema.org\",\"@graph\":[{\"@type\":\"WebPage\",\"@id\":\"https:\\\/\\\/www.mountainnews.com\\\/de\\\/advertising-partner-resources\\\/skitest-brand-sponsorship\\\/\",\"url\":\"https:\\\/\\\/www.mountainnews.com\\\/de\\\/advertising-partner-resources\\\/skitest-brand-sponsorship\\\/\",\"name\":\"Skitest Brand Sponsorship - Mountain News DE\",\"isPartOf\":{\"@id\":\"https:\\\/\\\/www.mountainnews.com\\\/de\\\/#website\"},\"primaryImageOfPage\":{\"@id\":\"https:\\\/\\\/www.mountainnews.com\\\/de\\\/advertising-partner-resources\\\/skitest-brand-sponsorship\\\/#primaryimage\"},\"image\":{\"@id\":\"https:\\\/\\\/www.mountainnews.com\\\/de\\\/advertising-partner-resources\\\/skitest-brand-sponsorship\\\/#primaryimage\"},\"thumbnailUrl\":\"https:\\\/\\\/www.mountainnews.com\\\/de\\\/wp-content\\\/uploads\\\/sites\\\/2\\\/2026\\\/03\\\/2026-03-27_13h59_12.png\",\"datePublished\":\"2026-03-24T10:44:48+00:00\",\"dateModified\":\"2026-03-27T13:25:07+00:00\",\"breadcrumb\":{\"@id\":\"https:\\\/\\\/www.mountainnews.com\\\/de\\\/advertising-partner-resources\\\/skitest-brand-sponsorship\\\/#breadcrumb\"},\"inLanguage\":\"en-US\",\"potentialAction\":[{\"@type\":\"ReadAction\",\"target\":[\"https:\\\/\\\/www.mountainnews.com\\\/de\\\/advertising-partner-resources\\\/skitest-brand-sponsorship\\\/\"]}]},{\"@type\":\"ImageObject\",\"inLanguage\":\"en-US\",\"@id\":\"https:\\\/\\\/www.mountainnews.com\\\/de\\\/advertising-partner-resources\\\/skitest-brand-sponsorship\\\/#primaryimage\",\"url\":\"https:\\\/\\\/www.mountainnews.com\\\/de\\\/wp-content\\\/uploads\\\/sites\\\/2\\\/2026\\\/03\\\/2026-03-27_13h59_12.png\",\"contentUrl\":\"https:\\\/\\\/www.mountainnews.com\\\/de\\\/wp-content\\\/uploads\\\/sites\\\/2\\\/2026\\\/03\\\/2026-03-27_13h59_12.png\",\"width\":898,\"height\":507,\"caption\":\"DE Skitest Brand Sponsorship\"},{\"@type\":\"BreadcrumbList\",\"@id\":\"https:\\\/\\\/www.mountainnews.com\\\/de\\\/advertising-partner-resources\\\/skitest-brand-sponsorship\\\/#breadcrumb\",\"itemListElement\":[{\"@type\":\"ListItem\",\"position\":1,\"name\":\"Home\",\"item\":\"https:\\\/\\\/www.mountainnews.com\\\/de\\\/\"},{\"@type\":\"ListItem\",\"position\":2,\"name\":\"Spezifikationen und Beispiele\",\"item\":\"https:\\\/\\\/www.mountainnews.com\\\/de\\\/advertising-partner-resources\\\/\"},{\"@type\":\"ListItem\",\"position\":3,\"name\":\"Skitest Brand Sponsorship\"}]},{\"@type\":\"WebSite\",\"@id\":\"https:\\\/\\\/www.mountainnews.com\\\/de\\\/#website\",\"url\":\"https:\\\/\\\/www.mountainnews.com\\\/de\\\/\",\"name\":\"Mountain News DE\",\"description\":\"\",\"potentialAction\":[{\"@type\":\"SearchAction\",\"target\":{\"@type\":\"EntryPoint\",\"urlTemplate\":\"https:\\\/\\\/www.mountainnews.com\\\/de\\\/?s={search_term_string}\"},\"query-input\":{\"@type\":\"PropertyValueSpecification\",\"valueRequired\":true,\"valueName\":\"search_term_string\"}}],\"inLanguage\":\"en-US\"}]}<\/script>\n<!-- \/ Yoast SEO plugin. -->","yoast_head_json":{"title":"Skitest Brand Sponsorship - Mountain News DE","robots":{"index":"noindex","follow":"follow","max-snippet":"max-snippet:-1","max-image-preview":"max-image-preview:large","max-video-preview":"max-video-preview:-1"},"og_locale":"en_US","og_type":"article","og_title":"Skitest Brand Sponsorship - Mountain News DE","og_description":"Produkt\u00fcbersicht Das Skitest\u2011Brand\u2011Sponsorship\u2011Paket bewirbt Ihre Marken\u00adseite und Ihr vollst\u00e4ndiges Ski\u2011Sortiment innerhalb des Skiinfo Skitests mit garantierter Sichtbarkeit \u2014 und steigert so Produktbekanntheit und Markenattraktivit\u00e4t bei einem hoch engagierten, ausr\u00fcstungsaffinen Publikum, das aktiv Skier auf der gesamten Skiinfo\u2011Plattform und in den sozialen Kan\u00e4len recherchiert. Beispiele erfolgreicher Kampagnen aus der Vergangenheit Spezifikationen Die Brand Sponsorship kampagne besteht","og_site_name":"Mountain News DE","article_modified_time":"2026-03-27T13:25:07+00:00","og_image":[{"url":"https:\/\/www.mountainnews.com\/de\/wp-content\/uploads\/sites\/2\/2026\/03\/2026-03-27_13h59_12.png","type":"","width":"","height":""}],"twitter_card":"summary_large_image","twitter_misc":{"Est. reading time":"3 minutes"},"schema":{"@context":"https:\/\/schema.org","@graph":[{"@type":"WebPage","@id":"https:\/\/www.mountainnews.com\/de\/advertising-partner-resources\/skitest-brand-sponsorship\/","url":"https:\/\/www.mountainnews.com\/de\/advertising-partner-resources\/skitest-brand-sponsorship\/","name":"Skitest Brand Sponsorship - Mountain News DE","isPartOf":{"@id":"https:\/\/www.mountainnews.com\/de\/#website"},"primaryImageOfPage":{"@id":"https:\/\/www.mountainnews.com\/de\/advertising-partner-resources\/skitest-brand-sponsorship\/#primaryimage"},"image":{"@id":"https:\/\/www.mountainnews.com\/de\/advertising-partner-resources\/skitest-brand-sponsorship\/#primaryimage"},"thumbnailUrl":"https:\/\/www.mountainnews.com\/de\/wp-content\/uploads\/sites\/2\/2026\/03\/2026-03-27_13h59_12.png","datePublished":"2026-03-24T10:44:48+00:00","dateModified":"2026-03-27T13:25:07+00:00","breadcrumb":{"@id":"https:\/\/www.mountainnews.com\/de\/advertising-partner-resources\/skitest-brand-sponsorship\/#breadcrumb"},"inLanguage":"en-US","potentialAction":[{"@type":"ReadAction","target":["https:\/\/www.mountainnews.com\/de\/advertising-partner-resources\/skitest-brand-sponsorship\/"]}]},{"@type":"ImageObject","inLanguage":"en-US","@id":"https:\/\/www.mountainnews.com\/de\/advertising-partner-resources\/skitest-brand-sponsorship\/#primaryimage","url":"https:\/\/www.mountainnews.com\/de\/wp-content\/uploads\/sites\/2\/2026\/03\/2026-03-27_13h59_12.png","contentUrl":"https:\/\/www.mountainnews.com\/de\/wp-content\/uploads\/sites\/2\/2026\/03\/2026-03-27_13h59_12.png","width":898,"height":507,"caption":"DE Skitest Brand Sponsorship"},{"@type":"BreadcrumbList","@id":"https:\/\/www.mountainnews.com\/de\/advertising-partner-resources\/skitest-brand-sponsorship\/#breadcrumb","itemListElement":[{"@type":"ListItem","position":1,"name":"Home","item":"https:\/\/www.mountainnews.com\/de\/"},{"@type":"ListItem","position":2,"name":"Spezifikationen und Beispiele","item":"https:\/\/www.mountainnews.com\/de\/advertising-partner-resources\/"},{"@type":"ListItem","position":3,"name":"Skitest Brand Sponsorship"}]},{"@type":"WebSite","@id":"https:\/\/www.mountainnews.com\/de\/#website","url":"https:\/\/www.mountainnews.com\/de\/","name":"Mountain News DE","description":"","potentialAction":[{"@type":"SearchAction","target":{"@type":"EntryPoint","urlTemplate":"https:\/\/www.mountainnews.com\/de\/?s={search_term_string}"},"query-input":{"@type":"PropertyValueSpecification","valueRequired":true,"valueName":"search_term_string"}}],"inLanguage":"en-US"}]}},"_links":{"self":[{"href":"https:\/\/www.mountainnews.com\/de\/wp-json\/wp\/v2\/pages\/156","targetHints":{"allow":["GET"]}}],"collection":[{"href":"https:\/\/www.mountainnews.com\/de\/wp-json\/wp\/v2\/pages"}],"about":[{"href":"https:\/\/www.mountainnews.com\/de\/wp-json\/wp\/v2\/types\/page"}],"author":[{"embeddable":true,"href":"https:\/\/www.mountainnews.com\/de\/wp-json\/wp\/v2\/users\/2"}],"replies":[{"embeddable":true,"href":"https:\/\/www.mountainnews.com\/de\/wp-json\/wp\/v2\/comments?post=156"}],"version-history":[{"count":0,"href":"https:\/\/www.mountainnews.com\/de\/wp-json\/wp\/v2\/pages\/156\/revisions"}],"up":[{"embeddable":true,"href":"https:\/\/www.mountainnews.com\/de\/wp-json\/wp\/v2\/pages\/27"}],"wp:attachment":[{"href":"https:\/\/www.mountainnews.com\/de\/wp-json\/wp\/v2\/media?parent=156"}],"curies":[{"name":"wp","href":"https:\/\/api.w.org\/{rel}","templated":true}]}}