{"id":104,"date":"2026-03-06T17:02:24","date_gmt":"2026-03-06T17:02:24","guid":{"rendered":"https:\/\/mncstage.wpenginepowered.com\/?page_id=104"},"modified":"2026-03-27T15:00:21","modified_gmt":"2026-03-27T15:00:21","slug":"mobile-app-sponsorship","status":"publish","type":"page","link":"https:\/\/www.mountainnews.com\/de\/advertising-partner-resources\/mobile-app-sponsorship\/","title":{"rendered":"Mobile App Sponsorship"},"content":{"rendered":"\n<h2 class=\"wp-block-heading\">Produkt\u00fcbersicht<\/h2>\n\n\n\n<p>Skiinfo bietet die weltweit am h\u00e4ufigsten heruntergeladene Ski- und Snowboardanwendung. Benutzer nutzen die App aktiv, um Schneeberichte zu vergleichen, Beitr\u00e4ge zu leisten und Berichte und Fotos aus erster Hand anzusehen, um Webcams und Wettervorhersagen zu \u00fcberpr\u00fcfen. \u200b<\/p>\n\n\n\n<h3 class=\"wp-block-heading\">Beispiele erfolgreicher Kampagnen aus der Vergangenheit<\/h3>\n\n\n\n<div class=\"wp-block-gslider-blocks-image-slider gslider-image-slider-wrapper gslider-image-slider-4272a457 inside center has-pagination\" data-swiper-settings=\"{&quot;effect&quot;:&quot;slide&quot;,&quot;breakpoints&quot;:{&quot;0&quot;:{&quot;slidesPerView&quot;:1,&quot;spaceBetween&quot;:0,&quot;speed&quot;:800,&quot;autoplay&quot;:false,&quot;navigation&quot;:{&quot;enabled&quot;:true},&quot;pagination&quot;:{&quot;enabled&quot;:true}},&quot;768&quot;:{&quot;slidesPerView&quot;:1,&quot;spaceBetween&quot;:20,&quot;speed&quot;:800,&quot;autoplay&quot;:false,&quot;navigation&quot;:{&quot;enabled&quot;:true},&quot;pagination&quot;:{&quot;enabled&quot;:true}},&quot;1025&quot;:{&quot;slidesPerView&quot;:1,&quot;spaceBetween&quot;:20,&quot;speed&quot;:800,&quot;autoplay&quot;:false,&quot;navigation&quot;:{&quot;enabled&quot;:true},&quot;pagination&quot;:{&quot;enabled&quot;:true}}},&quot;loop&quot;:true,&quot;autoplay&quot;:false,&quot;allowTouchMove&quot;:true,&quot;mousewheel&quot;:false,&quot;keyboard&quot;:false,&quot;navigation&quot;:{&quot;enabled&quot;:true,&quot;nextEl&quot;:&quot;.swiper-button-next&quot;,&quot;prevEl&quot;:&quot;.swiper-button-prev&quot;},&quot;pagination&quot;:{&quot;enabled&quot;:true,&quot;el&quot;:&quot;.gslider-image-slider-4272a457 .swiper-pagination-image-slider&quot;,&quot;type&quot;:&quot;bullets&quot;,&quot;dynamicBullets&quot;:false,&quot;clickable&quot;:true}}\"><div class=\"swiper\" role=\"region\" aria-label=\"Image Slider\"><div class=\"swiper-wrapper\"><div class=\"swiper-slide\"><div class=\"gslider-image-slider-content-wrapper \"><div class=\"gslider-image-item\" data-hover-effect=\"none\"><img decoding=\"async\" src=\"https:\/\/www.mountainnews.com\/de\/wp-content\/uploads\/sites\/2\/2026\/03\/DE-App-Sponsorship.png\" alt=\"App Sponsorship\"\/><\/div><div class=\"gslider-image-slider-caption\" aria-live=\"polite\">App Sponsorship<\/div><\/div><\/div><\/div><div class=\"gslider-navigation-default-icon-wrapper inside center\"><div class=\"swiper-button-prev\" role=\"button\" tabindex=\"0\" aria-label=\"Previous slide\"><\/div><div class=\"swiper-button-next\" role=\"button\" tabindex=\"0\" aria-label=\"Next slide\"><\/div><\/div><\/div><div class=\"swiper-pagination swiper-pagination-image-slider swiper-pagination-gslider-image-slider-4272a457\" aria-label=\"Carousel pagination\"><\/div><\/div>\n\n\n\n<h3 class=\"wp-block-heading\">Spezifikationen<\/h3>\n\n\n\n<p><strong>Custom Load Screen\u200b<\/strong><br>\u2022 Image \u2013 1290&#215;2786 (PNG), max Gr\u00f6\u00dfe 800 kb\u200b<br>\u00a0 &#8211; Bitte komprimieren Sie so viel wie m\u00f6glich ohne Verlust.<br>\u00a0  \u00a0Beachten Sie, dass das Bild erst angezeigt wird,\u00a0wenn es erfolgreich heruntergeladen wurde\u200b<br>  \u00a0 &#8211; Kein CTA<br>\u00a0   &#8211; Kein wichtiges Bildmaterial in der oberen Mitte platziert,\u00a0um eine Kollision mit dem Skiinfo-Logo zu vermeiden<br>  \u00a0\u00a0&#8211; Das Skiinfo-Logo ist 162 Pixel vom oberen Rand entfernt\u00a0und horizontal zentriert (450 B x 600 H). Beachten Sie,\u00a0dass Positionierung und Gr\u00f6\u00dfe von Ger\u00e4t zu Ger\u00e4t unterschiedlich sein k\u00f6nnen.<br>\u00a0\u00a0  &#8211; Wir integrieren das Skiinfo-Logo<br>\u2022 Das Bild wird im Modus \u201eSeitenverh\u00e4ltnis anpassen\u201c angezeigt, was bedeutet, dass es so skaliert wird, dass es an die l\u00e4ngste Kante passt, und die andere Kante entsprechend skaliert.\u200b<br>\u2022 Stellen Sie sicher, dass Ihr Creative mit dem schwarzen Hintergrund harmoniert, der auf Ger\u00e4ten mit einem anderen Seitenverh\u00e4ltnis angezeigt wird.\u200b<\/p>\n\n\n\n<p><strong>Companion Mobile Scroller (In-App Banner)<\/strong><br>\u2022 Image &#8211; Mobile Scroller 400&#215;666, 280&#215;466, 370&#215;740, (PNG) max size 200 kbPush Notification Text \u2013 30 characters max and click through URL&nbsp;<\/p>\n\n\n\n<h3 class=\"wp-block-heading\">Leitfaden zur kreativen Umsetzung<\/h3>\n\n\n\n<p><strong>Custom Load Screen<\/strong><br>\u2022 Integrieren Sie einzigartige Fotos, das Logo und den Slogan Ihrer Marke\u200b<\/p>\n\n\n\n<p><strong>Companion Mobile Scroller<\/strong><br>\u2022 Nutzen Sie die gro\u00dfe Palette, um die Markenbekanntheit zu steigern und alle Angebote, die Sie integrieren m\u00f6chten\u200b<br>\u2022 Verwenden Sie Farben, die Ihren Markenrichtlinien entsprechen.\u200b<br>\u2022 Schreiben Sie eine pr\u00e4gnante, aufmerksamkeitsstarke Headline\u200b<br>\u2022 Integrieren Sie einzigartige Bilder\u200b<br>\u2022 F\u00fcgen Sie einen gut sichtbaren Button mit einem starken Call-to-Action ein \u2013 CTAs sollten kurz, aussagekr\u00e4ftig und handlungsorientiert sein\u200b<br>\u2022 F\u00fcgen Sie das Logo Ihrer Marke hinzu\u200b<\/p>\n","protected":false},"excerpt":{"rendered":"<p>Produkt\u00fcbersicht Skiinfo bietet die weltweit am h\u00e4ufigsten heruntergeladene Ski- und Snowboardanwendung. Benutzer nutzen die App aktiv, um Schneeberichte zu vergleichen, Beitr\u00e4ge zu leisten und Berichte und Fotos aus erster Hand anzusehen, um Webcams und Wettervorhersagen zu \u00fcberpr\u00fcfen. \u200b Beispiele erfolgreicher Kampagnen aus der Vergangenheit Spezifikationen Custom Load Screen\u200b\u2022 Image \u2013 1290&#215;2786 (PNG), max Gr\u00f6\u00dfe 800<\/p>\n","protected":false},"author":2,"featured_media":0,"parent":27,"menu_order":0,"comment_status":"closed","ping_status":"closed","template":"","meta":{"footnotes":""},"class_list":["post-104","page","type-page","status-publish","hentry"],"yoast_head":"<!-- This site is optimized with the Yoast SEO plugin v27.1.1 - https:\/\/yoast.com\/product\/yoast-seo-wordpress\/ -->\n<title>Mobile App Sponsorship - Mountain News DE<\/title>\n<meta name=\"robots\" content=\"noindex, follow, max-snippet:-1, max-image-preview:large, max-video-preview:-1\" \/>\n<meta property=\"og:locale\" content=\"en_US\" \/>\n<meta property=\"og:type\" content=\"article\" \/>\n<meta property=\"og:title\" content=\"Mobile App Sponsorship - Mountain News DE\" \/>\n<meta property=\"og:description\" content=\"Produkt\u00fcbersicht Skiinfo bietet die weltweit am h\u00e4ufigsten heruntergeladene Ski- und Snowboardanwendung. Benutzer nutzen die App aktiv, um Schneeberichte zu vergleichen, Beitr\u00e4ge zu leisten und Berichte und Fotos aus erster Hand anzusehen, um Webcams und Wettervorhersagen zu \u00fcberpr\u00fcfen. \u200b Beispiele erfolgreicher Kampagnen aus der Vergangenheit Spezifikationen Custom Load Screen\u200b\u2022 Image \u2013 1290&#215;2786 (PNG), max Gr\u00f6\u00dfe 800\" \/>\n<meta property=\"og:site_name\" content=\"Mountain News DE\" \/>\n<meta property=\"article:modified_time\" content=\"2026-03-27T15:00:21+00:00\" \/>\n<meta property=\"og:image\" content=\"https:\/\/www.mountainnews.com\/de\/wp-content\/uploads\/sites\/2\/2026\/03\/DE-App-Sponsorship.png\" \/>\n<meta name=\"twitter:card\" content=\"summary_large_image\" \/>\n<meta name=\"twitter:label1\" content=\"Est. reading time\" \/>\n\t<meta name=\"twitter:data1\" content=\"2 minutes\" \/>\n<script type=\"application\/ld+json\" class=\"yoast-schema-graph\">{\"@context\":\"https:\/\/schema.org\",\"@graph\":[{\"@type\":\"WebPage\",\"@id\":\"https:\/\/www.mountainnews.com\/de\/advertising-partner-resources\/mobile-app-sponsorship\/\",\"url\":\"https:\/\/www.mountainnews.com\/de\/advertising-partner-resources\/mobile-app-sponsorship\/\",\"name\":\"Mobile App Sponsorship - Mountain News DE\",\"isPartOf\":{\"@id\":\"https:\/\/www.mountainnews.com\/de\/#website\"},\"primaryImageOfPage\":{\"@id\":\"https:\/\/www.mountainnews.com\/de\/advertising-partner-resources\/mobile-app-sponsorship\/#primaryimage\"},\"image\":{\"@id\":\"https:\/\/www.mountainnews.com\/de\/advertising-partner-resources\/mobile-app-sponsorship\/#primaryimage\"},\"thumbnailUrl\":\"https:\/\/www.mountainnews.com\/de\/wp-content\/uploads\/sites\/2\/2026\/03\/DE-App-Sponsorship.png\",\"datePublished\":\"2026-03-06T17:02:24+00:00\",\"dateModified\":\"2026-03-27T15:00:21+00:00\",\"breadcrumb\":{\"@id\":\"https:\/\/www.mountainnews.com\/de\/advertising-partner-resources\/mobile-app-sponsorship\/#breadcrumb\"},\"inLanguage\":\"en-US\",\"potentialAction\":[{\"@type\":\"ReadAction\",\"target\":[\"https:\/\/www.mountainnews.com\/de\/advertising-partner-resources\/mobile-app-sponsorship\/\"]}]},{\"@type\":\"ImageObject\",\"inLanguage\":\"en-US\",\"@id\":\"https:\/\/www.mountainnews.com\/de\/advertising-partner-resources\/mobile-app-sponsorship\/#primaryimage\",\"url\":\"https:\/\/www.mountainnews.com\/de\/wp-content\/uploads\/sites\/2\/2026\/03\/DE-App-Sponsorship.png\",\"contentUrl\":\"https:\/\/www.mountainnews.com\/de\/wp-content\/uploads\/sites\/2\/2026\/03\/DE-App-Sponsorship.png\",\"width\":883,\"height\":507,\"caption\":\"App Sponsorship\"},{\"@type\":\"BreadcrumbList\",\"@id\":\"https:\/\/www.mountainnews.com\/de\/advertising-partner-resources\/mobile-app-sponsorship\/#breadcrumb\",\"itemListElement\":[{\"@type\":\"ListItem\",\"position\":1,\"name\":\"Home\",\"item\":\"https:\/\/www.mountainnews.com\/de\/\"},{\"@type\":\"ListItem\",\"position\":2,\"name\":\"Spezifikationen und Beispiele\",\"item\":\"https:\/\/www.mountainnews.com\/de\/advertising-partner-resources\/\"},{\"@type\":\"ListItem\",\"position\":3,\"name\":\"Mobile App Sponsorship\"}]},{\"@type\":\"WebSite\",\"@id\":\"https:\/\/www.mountainnews.com\/de\/#website\",\"url\":\"https:\/\/www.mountainnews.com\/de\/\",\"name\":\"Mountain News DE\",\"description\":\"\",\"potentialAction\":[{\"@type\":\"SearchAction\",\"target\":{\"@type\":\"EntryPoint\",\"urlTemplate\":\"https:\/\/www.mountainnews.com\/de\/?s={search_term_string}\"},\"query-input\":{\"@type\":\"PropertyValueSpecification\",\"valueRequired\":true,\"valueName\":\"search_term_string\"}}],\"inLanguage\":\"en-US\"}]}<\/script>\n<!-- \/ Yoast SEO plugin. -->","yoast_head_json":{"title":"Mobile App Sponsorship - Mountain News DE","robots":{"index":"noindex","follow":"follow","max-snippet":"max-snippet:-1","max-image-preview":"max-image-preview:large","max-video-preview":"max-video-preview:-1"},"og_locale":"en_US","og_type":"article","og_title":"Mobile App Sponsorship - Mountain News DE","og_description":"Produkt\u00fcbersicht Skiinfo bietet die weltweit am h\u00e4ufigsten heruntergeladene Ski- und Snowboardanwendung. Benutzer nutzen die App aktiv, um Schneeberichte zu vergleichen, Beitr\u00e4ge zu leisten und Berichte und Fotos aus erster Hand anzusehen, um Webcams und Wettervorhersagen zu \u00fcberpr\u00fcfen. \u200b Beispiele erfolgreicher Kampagnen aus der Vergangenheit Spezifikationen Custom Load Screen\u200b\u2022 Image \u2013 1290&#215;2786 (PNG), max Gr\u00f6\u00dfe 800","og_site_name":"Mountain News DE","article_modified_time":"2026-03-27T15:00:21+00:00","og_image":[{"url":"https:\/\/www.mountainnews.com\/de\/wp-content\/uploads\/sites\/2\/2026\/03\/DE-App-Sponsorship.png","type":"","width":"","height":""}],"twitter_card":"summary_large_image","twitter_misc":{"Est. reading time":"2 minutes"},"schema":{"@context":"https:\/\/schema.org","@graph":[{"@type":"WebPage","@id":"https:\/\/www.mountainnews.com\/de\/advertising-partner-resources\/mobile-app-sponsorship\/","url":"https:\/\/www.mountainnews.com\/de\/advertising-partner-resources\/mobile-app-sponsorship\/","name":"Mobile App Sponsorship - Mountain News DE","isPartOf":{"@id":"https:\/\/www.mountainnews.com\/de\/#website"},"primaryImageOfPage":{"@id":"https:\/\/www.mountainnews.com\/de\/advertising-partner-resources\/mobile-app-sponsorship\/#primaryimage"},"image":{"@id":"https:\/\/www.mountainnews.com\/de\/advertising-partner-resources\/mobile-app-sponsorship\/#primaryimage"},"thumbnailUrl":"https:\/\/www.mountainnews.com\/de\/wp-content\/uploads\/sites\/2\/2026\/03\/DE-App-Sponsorship.png","datePublished":"2026-03-06T17:02:24+00:00","dateModified":"2026-03-27T15:00:21+00:00","breadcrumb":{"@id":"https:\/\/www.mountainnews.com\/de\/advertising-partner-resources\/mobile-app-sponsorship\/#breadcrumb"},"inLanguage":"en-US","potentialAction":[{"@type":"ReadAction","target":["https:\/\/www.mountainnews.com\/de\/advertising-partner-resources\/mobile-app-sponsorship\/"]}]},{"@type":"ImageObject","inLanguage":"en-US","@id":"https:\/\/www.mountainnews.com\/de\/advertising-partner-resources\/mobile-app-sponsorship\/#primaryimage","url":"https:\/\/www.mountainnews.com\/de\/wp-content\/uploads\/sites\/2\/2026\/03\/DE-App-Sponsorship.png","contentUrl":"https:\/\/www.mountainnews.com\/de\/wp-content\/uploads\/sites\/2\/2026\/03\/DE-App-Sponsorship.png","width":883,"height":507,"caption":"App Sponsorship"},{"@type":"BreadcrumbList","@id":"https:\/\/www.mountainnews.com\/de\/advertising-partner-resources\/mobile-app-sponsorship\/#breadcrumb","itemListElement":[{"@type":"ListItem","position":1,"name":"Home","item":"https:\/\/www.mountainnews.com\/de\/"},{"@type":"ListItem","position":2,"name":"Spezifikationen und Beispiele","item":"https:\/\/www.mountainnews.com\/de\/advertising-partner-resources\/"},{"@type":"ListItem","position":3,"name":"Mobile App Sponsorship"}]},{"@type":"WebSite","@id":"https:\/\/www.mountainnews.com\/de\/#website","url":"https:\/\/www.mountainnews.com\/de\/","name":"Mountain News DE","description":"","potentialAction":[{"@type":"SearchAction","target":{"@type":"EntryPoint","urlTemplate":"https:\/\/www.mountainnews.com\/de\/?s={search_term_string}"},"query-input":{"@type":"PropertyValueSpecification","valueRequired":true,"valueName":"search_term_string"}}],"inLanguage":"en-US"}]}},"_links":{"self":[{"href":"https:\/\/www.mountainnews.com\/de\/wp-json\/wp\/v2\/pages\/104","targetHints":{"allow":["GET"]}}],"collection":[{"href":"https:\/\/www.mountainnews.com\/de\/wp-json\/wp\/v2\/pages"}],"about":[{"href":"https:\/\/www.mountainnews.com\/de\/wp-json\/wp\/v2\/types\/page"}],"author":[{"embeddable":true,"href":"https:\/\/www.mountainnews.com\/de\/wp-json\/wp\/v2\/users\/2"}],"replies":[{"embeddable":true,"href":"https:\/\/www.mountainnews.com\/de\/wp-json\/wp\/v2\/comments?post=104"}],"version-history":[{"count":0,"href":"https:\/\/www.mountainnews.com\/de\/wp-json\/wp\/v2\/pages\/104\/revisions"}],"up":[{"embeddable":true,"href":"https:\/\/www.mountainnews.com\/de\/wp-json\/wp\/v2\/pages\/27"}],"wp:attachment":[{"href":"https:\/\/www.mountainnews.com\/de\/wp-json\/wp\/v2\/media?parent=104"}],"curies":[{"name":"wp","href":"https:\/\/api.w.org\/{rel}","templated":true}]}}